{"id":31041,"date":"2026-04-19T15:23:16","date_gmt":"2026-04-19T12:23:16","guid":{"rendered":"https:\/\/motorock.eu\/product\/akupuhur-lxt-2\/"},"modified":"2026-04-19T15:31:51","modified_gmt":"2026-04-19T12:31:51","slug":"akupuhur-lxt-2","status":"publish","type":"product","link":"https:\/\/motorock.eu\/et\/toode\/akupuhur-lxt-2\/","title":{"rendered":"Akupuhur LXT\u00ae"},"content":{"rendered":"<p>Kompaktne ja kerge 18 V akupuhur, 3 erineva kiirusega. Ideaalne \u00fche k\u00e4ega t\u00f6\u00f6tamiseks. <\/p>\n<p>Suurem \u00f5hukogus v\u00f5rreldes eelmise mudeliga, et puhumise efektiivsus oleks suurem. Ideaalne langenud lehtede puhastamiseks k\u00f5nniteelt, rohust ja hekist v\u00f5i muust kergest prahist. 18 V LXT\u00ae 6.0Ah aku abil saate keskmise kiirusega kuni 60 minutit t\u00f6\u00f6aega. Parim valik elamurajoonides ja avalikes ruumides. Z - seeria: tarnitakse ilma akuta ja laadimisseadmeta.    <\/p>\n<p>Akutoitega puhur, millel on standardvarustuses nii pikk puhumisotsik kui ka l\u00fchike otsik, millega saab t\u00e4ispuhutud esemeid t\u00fchjaks lasta. Eriti mitmek\u00fclgne puhur, mille abil saab n\u00e4iteks t\u00e4is puhuda sup-surfi laudu ja neid ka kiirelt vaakumini t\u00fchjendada. Samuti ka koduste puhumist\u00f6\u00f6de tarvis nagu n\u00e4iteks terrassilaudade vahelt tekkinud prahti v\u00e4lja puhuda.Autopesu j\u00e4rgselt kiirelt autolt veepiisad kuivaks puhuda. T\u00f6\u00f6koja tingimustes ideaalne abiline saepuru ja teiste tekkinud prahi ning ka filtrite puhtaks tegemiseks. Erinevate otsikute vahetamine sujub lihtsalt ja kiirelt, pakkudes rohkeid kasutusv\u00f5imalusi. L\u00fchikest t\u00fchjendusotsikut kasutades saab t\u00e4ispuhutuid esemeid nagu sup-surfilaudu, madratsid jne kiirelt uuesti t\u00fchjaks lasta. Puhuri kaal on aku ja otsikutega koos vaid 1,6-2,1 kg.        <\/p>\n<h3>Eelised<\/h3>\n<p>Aku kaitses\u00fcsteem l\u00fclitab automaatselt voolu v\u00e4lja, kui aku tase on madal<br \/>Muudetav kiirus.<\/p>\n<p><\/p>\n<h3>Tehnilised andmed<\/h3>\n<p>Pinge LXT;1<br \/>Aku nominaalpinge;18 v<br \/>Akukeemia ;Li-ion<br \/>P\u00f6\u00f6retearv;0 - 18000 min-\u00b9<br \/>Maks. \u00f5hu kiirus;68 m\/sec<br \/>Puhumisj\u00f5ud;2,5 N<br \/>Maks. voolukiirus;0 - 3,2 m\u00b3\/min<br \/>Pidev kasutamine, 18 V \/ 3 Ah aku;80 \/ 30 \/ 12 min<br \/>Pidev kasutamine, 18 V \/ 5 Ah aku;130 \/ 50 \/ 21 min<br \/>Heliv\u00f5imsuse tase (<sub>LWA<\/sub>);92,4 dB(A)<br \/>Toote kaal;1,1 kg<br \/>Helir\u00f5hu tase (<sub>LpA<\/sub>);82,5 dB(A)<br \/>M\u00e4\u00e4ramatu m\u00fcra (K faktor);2,8 dB(A)<br \/>Toote kaal koos akuga;1,6 - 2,1 kg<br \/>Toote m\u00f5\u00f5dud (P x L x K);861 x 156 x 210 mm<br \/>Vibratsioonitase, ilma koormuseta t\u00f6\u00f6tamisel;\u2264 2,5 m\/sec\u00b2<br \/>M\u00e4\u00e4ramatu m\u00fcra (K faktor), ilma koormuseta t\u00f6\u00f6tamisel;1,5 m\/sec\u00b2  <\/p>\n","protected":false},"excerpt":{"rendered":"<p>18V - 68 m \/ s - 3,2m\u00b3 \/ min<\/p>\n","protected":false},"featured_media":30923,"template":"","meta":{"_acf_changed":false},"product_cat":[1205],"product_tag":[],"class_list":{"0":"post-31041","1":"product","2":"type-product","3":"status-publish","4":"has-post-thumbnail","6":"product_cat-tooriistad-ja-hooldus","7":"pa_brand-makita","9":"first","10":"instock","11":"taxable","12":"shipping-taxable","13":"purchasable","14":"product-type-simple","swatches":"rey-swatches","show_selected":""},"acf":[],"yoast_head":"<!-- This site is optimized with the Yoast SEO plugin v27.4 - https:\/\/yoast.com\/product\/yoast-seo-wordpress\/ -->\n<title>Akupuhur LXT\u00ae | Motorock<\/title>\n<meta name=\"robots\" content=\"index, follow, max-snippet:-1, max-image-preview:large, max-video-preview:-1\" \/>\n<link rel=\"canonical\" href=\"https:\/\/motorock.eu\/et\/toode\/akupuhur-lxt-2\/\" \/>\n<meta property=\"og:locale\" content=\"et_EE\" \/>\n<meta property=\"og:type\" content=\"article\" \/>\n<meta property=\"og:title\" content=\"Akupuhur LXT\u00ae | Motorock\" \/>\n<meta property=\"og:description\" content=\"18V - 68 m \/ s - 3,2m\u00b3 \/ min\" \/>\n<meta property=\"og:url\" content=\"https:\/\/motorock.eu\/et\/toode\/akupuhur-lxt-2\/\" \/>\n<meta property=\"og:site_name\" content=\"Motorock\" \/>\n<meta property=\"article:modified_time\" content=\"2026-04-19T12:31:51+00:00\" \/>\n<meta property=\"og:image\" content=\"https:\/\/motorock.eu\/wp-content\/uploads\/2025\/09\/Motorock-og-image-min.jpg\" \/>\n\t<meta property=\"og:image:width\" content=\"1200\" \/>\n\t<meta property=\"og:image:height\" content=\"675\" \/>\n\t<meta property=\"og:image:type\" content=\"image\/jpeg\" \/>\n<meta name=\"twitter:card\" content=\"summary_large_image\" \/>\n<meta name=\"twitter:label1\" content=\"Est. reading time\" \/>\n\t<meta name=\"twitter:data1\" content=\"1 minut\" \/>\n<script type=\"application\/ld+json\" class=\"yoast-schema-graph\">{\"@context\":\"https:\\\/\\\/schema.org\",\"@graph\":[{\"@type\":\"WebPage\",\"@id\":\"https:\\\/\\\/motorock.eu\\\/et\\\/toode\\\/akupuhur-lxt-2\\\/\",\"url\":\"https:\\\/\\\/motorock.eu\\\/et\\\/toode\\\/akupuhur-lxt-2\\\/\",\"name\":\"Akupuhur LXT\u00ae | Motorock\",\"isPartOf\":{\"@id\":\"https:\\\/\\\/motorock.eu\\\/et\\\/#website\"},\"primaryImageOfPage\":{\"@id\":\"https:\\\/\\\/motorock.eu\\\/et\\\/toode\\\/akupuhur-lxt-2\\\/#primaryimage\"},\"image\":{\"@id\":\"https:\\\/\\\/motorock.eu\\\/et\\\/toode\\\/akupuhur-lxt-2\\\/#primaryimage\"},\"thumbnailUrl\":\"https:\\\/\\\/motorock.eu\\\/wp-content\\\/uploads\\\/2026\\\/04\\\/DUB186ZX1_C2L0.jpg\",\"datePublished\":\"2026-04-19T12:23:16+00:00\",\"dateModified\":\"2026-04-19T12:31:51+00:00\",\"breadcrumb\":{\"@id\":\"https:\\\/\\\/motorock.eu\\\/et\\\/toode\\\/akupuhur-lxt-2\\\/#breadcrumb\"},\"inLanguage\":\"et\",\"potentialAction\":[{\"@type\":\"ReadAction\",\"target\":[\"https:\\\/\\\/motorock.eu\\\/et\\\/toode\\\/akupuhur-lxt-2\\\/\"]}]},{\"@type\":\"ImageObject\",\"inLanguage\":\"et\",\"@id\":\"https:\\\/\\\/motorock.eu\\\/et\\\/toode\\\/akupuhur-lxt-2\\\/#primaryimage\",\"url\":\"https:\\\/\\\/motorock.eu\\\/wp-content\\\/uploads\\\/2026\\\/04\\\/DUB186ZX1_C2L0.jpg\",\"contentUrl\":\"https:\\\/\\\/motorock.eu\\\/wp-content\\\/uploads\\\/2026\\\/04\\\/DUB186ZX1_C2L0.jpg\",\"width\":1000,\"height\":340},{\"@type\":\"BreadcrumbList\",\"@id\":\"https:\\\/\\\/motorock.eu\\\/et\\\/toode\\\/akupuhur-lxt-2\\\/#breadcrumb\",\"itemListElement\":[{\"@type\":\"ListItem\",\"position\":1,\"name\":\"Koduleht\",\"item\":\"https:\\\/\\\/motorock.eu\\\/et\\\/pealeht\\\/\"},{\"@type\":\"ListItem\",\"position\":2,\"name\":\"Pood\",\"item\":\"https:\\\/\\\/motorock.eu\\\/et\\\/pood\\\/\"},{\"@type\":\"ListItem\",\"position\":3,\"name\":\"Akupuhur LXT\u00ae\"}]},{\"@type\":\"WebSite\",\"@id\":\"https:\\\/\\\/motorock.eu\\\/et\\\/#website\",\"url\":\"https:\\\/\\\/motorock.eu\\\/et\\\/\",\"name\":\"Motorock\",\"description\":\"Sinu elustiil, sinu teekond!\",\"publisher\":{\"@id\":\"https:\\\/\\\/motorock.eu\\\/et\\\/#organization\"},\"potentialAction\":[{\"@type\":\"SearchAction\",\"target\":{\"@type\":\"EntryPoint\",\"urlTemplate\":\"https:\\\/\\\/motorock.eu\\\/et\\\/?s={search_term_string}\"},\"query-input\":{\"@type\":\"PropertyValueSpecification\",\"valueRequired\":true,\"valueName\":\"search_term_string\"}}],\"inLanguage\":\"et\"},{\"@type\":\"Organization\",\"@id\":\"https:\\\/\\\/motorock.eu\\\/et\\\/#organization\",\"name\":\"Motorock\",\"url\":\"https:\\\/\\\/motorock.eu\\\/et\\\/\",\"logo\":{\"@type\":\"ImageObject\",\"inLanguage\":\"et\",\"@id\":\"https:\\\/\\\/motorock.eu\\\/et\\\/#\\\/schema\\\/logo\\\/image\\\/\",\"url\":\"https:\\\/\\\/motorock.eu\\\/wp-content\\\/uploads\\\/2025\\\/05\\\/Group.png\",\"contentUrl\":\"https:\\\/\\\/motorock.eu\\\/wp-content\\\/uploads\\\/2025\\\/05\\\/Group.png\",\"width\":2185,\"height\":677,\"caption\":\"Motorock\"},\"image\":{\"@id\":\"https:\\\/\\\/motorock.eu\\\/et\\\/#\\\/schema\\\/logo\\\/image\\\/\"}}]}<\/script>\n<!-- \/ Yoast SEO plugin. -->","yoast_head_json":{"title":"Akupuhur LXT\u00ae | Motorock","robots":{"index":"index","follow":"follow","max-snippet":"max-snippet:-1","max-image-preview":"max-image-preview:large","max-video-preview":"max-video-preview:-1"},"canonical":"https:\/\/motorock.eu\/et\/toode\/akupuhur-lxt-2\/","og_locale":"et_EE","og_type":"article","og_title":"Akupuhur LXT\u00ae | Motorock","og_description":"18V - 68 m \/ s - 3,2m\u00b3 \/ min","og_url":"https:\/\/motorock.eu\/et\/toode\/akupuhur-lxt-2\/","og_site_name":"Motorock","article_modified_time":"2026-04-19T12:31:51+00:00","og_image":[{"width":1200,"height":675,"url":"https:\/\/motorock.eu\/wp-content\/uploads\/2025\/09\/Motorock-og-image-min.jpg","type":"image\/jpeg"}],"twitter_card":"summary_large_image","twitter_misc":{"Est. reading time":"1 minut"},"schema":{"@context":"https:\/\/schema.org","@graph":[{"@type":"WebPage","@id":"https:\/\/motorock.eu\/et\/toode\/akupuhur-lxt-2\/","url":"https:\/\/motorock.eu\/et\/toode\/akupuhur-lxt-2\/","name":"Akupuhur LXT\u00ae | Motorock","isPartOf":{"@id":"https:\/\/motorock.eu\/et\/#website"},"primaryImageOfPage":{"@id":"https:\/\/motorock.eu\/et\/toode\/akupuhur-lxt-2\/#primaryimage"},"image":{"@id":"https:\/\/motorock.eu\/et\/toode\/akupuhur-lxt-2\/#primaryimage"},"thumbnailUrl":"https:\/\/motorock.eu\/wp-content\/uploads\/2026\/04\/DUB186ZX1_C2L0.jpg","datePublished":"2026-04-19T12:23:16+00:00","dateModified":"2026-04-19T12:31:51+00:00","breadcrumb":{"@id":"https:\/\/motorock.eu\/et\/toode\/akupuhur-lxt-2\/#breadcrumb"},"inLanguage":"et","potentialAction":[{"@type":"ReadAction","target":["https:\/\/motorock.eu\/et\/toode\/akupuhur-lxt-2\/"]}]},{"@type":"ImageObject","inLanguage":"et","@id":"https:\/\/motorock.eu\/et\/toode\/akupuhur-lxt-2\/#primaryimage","url":"https:\/\/motorock.eu\/wp-content\/uploads\/2026\/04\/DUB186ZX1_C2L0.jpg","contentUrl":"https:\/\/motorock.eu\/wp-content\/uploads\/2026\/04\/DUB186ZX1_C2L0.jpg","width":1000,"height":340},{"@type":"BreadcrumbList","@id":"https:\/\/motorock.eu\/et\/toode\/akupuhur-lxt-2\/#breadcrumb","itemListElement":[{"@type":"ListItem","position":1,"name":"Koduleht","item":"https:\/\/motorock.eu\/et\/pealeht\/"},{"@type":"ListItem","position":2,"name":"Pood","item":"https:\/\/motorock.eu\/et\/pood\/"},{"@type":"ListItem","position":3,"name":"Akupuhur LXT\u00ae"}]},{"@type":"WebSite","@id":"https:\/\/motorock.eu\/et\/#website","url":"https:\/\/motorock.eu\/et\/","name":"Motorock","description":"Sinu elustiil, sinu teekond!","publisher":{"@id":"https:\/\/motorock.eu\/et\/#organization"},"potentialAction":[{"@type":"SearchAction","target":{"@type":"EntryPoint","urlTemplate":"https:\/\/motorock.eu\/et\/?s={search_term_string}"},"query-input":{"@type":"PropertyValueSpecification","valueRequired":true,"valueName":"search_term_string"}}],"inLanguage":"et"},{"@type":"Organization","@id":"https:\/\/motorock.eu\/et\/#organization","name":"Motorock","url":"https:\/\/motorock.eu\/et\/","logo":{"@type":"ImageObject","inLanguage":"et","@id":"https:\/\/motorock.eu\/et\/#\/schema\/logo\/image\/","url":"https:\/\/motorock.eu\/wp-content\/uploads\/2025\/05\/Group.png","contentUrl":"https:\/\/motorock.eu\/wp-content\/uploads\/2025\/05\/Group.png","width":2185,"height":677,"caption":"Motorock"},"image":{"@id":"https:\/\/motorock.eu\/et\/#\/schema\/logo\/image\/"}}]}},"_links":{"self":[{"href":"https:\/\/motorock.eu\/et\/wp-json\/wp\/v2\/product\/31041","targetHints":{"allow":["GET"]}}],"collection":[{"href":"https:\/\/motorock.eu\/et\/wp-json\/wp\/v2\/product"}],"about":[{"href":"https:\/\/motorock.eu\/et\/wp-json\/wp\/v2\/types\/product"}],"wp:featuredmedia":[{"embeddable":true,"href":"https:\/\/motorock.eu\/et\/wp-json\/wp\/v2\/media\/30923"}],"wp:attachment":[{"href":"https:\/\/motorock.eu\/et\/wp-json\/wp\/v2\/media?parent=31041"}],"wp:term":[{"taxonomy":"product_cat","embeddable":true,"href":"https:\/\/motorock.eu\/et\/wp-json\/wp\/v2\/product_cat?post=31041"},{"taxonomy":"product_tag","embeddable":true,"href":"https:\/\/motorock.eu\/et\/wp-json\/wp\/v2\/product_tag?post=31041"}],"curies":[{"name":"wp","href":"https:\/\/api.w.org\/{rel}","templated":true}]}}