{"id":31040,"date":"2026-04-19T15:23:21","date_gmt":"2026-04-19T12:23:21","guid":{"rendered":"https:\/\/motorock.eu\/product\/akunarre-1-4-ja-3-8-padrunitele-lxt\/"},"modified":"2026-04-19T15:31:50","modified_gmt":"2026-04-19T12:31:50","slug":"akunarre-1-4-ja-3-8-padrunitele-lxt","status":"publish","type":"product","link":"https:\/\/motorock.eu\/et\/toode\/akunarre-1-4-ja-3-8-padrunitele-lxt\/","title":{"rendered":"Akunarre 1\/4&#8243; ja 3\/8&#8243; padrunitele LXT\u00ae"},"content":{"rendered":"<p>V\u00e4ga t\u00f5hus ja kompaktne LXT\u00ae seeria akunarrev\u00f5ti<\/p>\n<p>Akunarrev\u00f5ti sobib h\u00e4sti n\u00e4iteks garaa\u017eit\u00f6\u00f6deks. Kasutusmugavuse tagavad 47,5 Nm suurune kinnitusmoment ja v\u00f5imalus kasutada komplekti kuuluvaid 6,35 mm ja 9,5 mm padruniliideseid. Lisamugavuse pakub erksa valgusega LED t\u00f6\u00f6v\u00e4ljavalgusti. Aku ja laadijata mudel - tarnitakse ilma akuta ja laadimisseadmeta.     <\/p>\n<p>Makita uus LXT\u00ae 18V Akunarrev\u00f5ti on m\u00f5eldud erinevate t\u00f6\u00f6de ja <br \/>toimingute tegemiseks t\u00f6\u00f6kodades ja garaa\u017eides. <br \/>Kerge ja t\u00f5hus akunarrev\u00f5ti on varustatud LED t\u00f6\u00f6v\u00e4ljavalgustiga, <br \/>mille eel- ja viitevalgustus annab parema n\u00e4htavuse. T\u00f6id h\u00f5lbustab <br \/>p\u00f6\u00f6rlemissuuna (kinni\/lahti) l\u00fclitushoob. Lisaks on akunarrev\u00f5tmel <br \/>elektrooniline pidur ja aku kaitsefunktsioon, mis koos tagavad kasutamisel k\u00f5rge ohutuse.<br \/>V\u00f5imas 18V LXT\u00ae aku aitab muud ka keerukad \u00fclesanded h\u00f5lpsasti t\u00e4idetavaks.  <\/p>\n<p><\/p>\n<h3>Eelised<\/h3>\n<p>Aku kaitses\u00fcsteem l\u00fclitab automaatselt voolu v\u00e4lja, kui aku tase on madal<br \/>Elektriline pidur suurendamaks t\u00f6\u00f6tamise ohutust<br \/>Extreme Protection Technology (XPT), mis on loodud suurema tolmu- ja veekindluse tagamiseks rasketes t\u00f6\u00f6tingimustes.<br \/>Sisseehitatud LED-valgusti j\u00e4relh\u00f5\u00f5gumisfunktsiooniga valgustab t\u00f6\u00f6ala<\/p>\n<p><\/p>\n<h3>Tehnilised andmed<\/h3>\n<p>Pinge LXT;1<br \/>Aku nominaalpinge;18 v<br \/>Akukeemia ;Li-ion<br \/>P\u00f6\u00f6retearv;0 - 800 min-\u00b9<br \/> Maks. p\u00f6\u00f6rdemoment kinnitamisel (k\u00f5va\/pehme);47,5 Nm<br \/>Standardse poldi pingutusv\u00f5ime;M5 - M12<br \/>K\u00f5rgpingutuspoldi pingutusv\u00f5ime;M5 - M10<br \/>Tarvikukinnitus;3\/8, 1\/4 \"<br \/>Toote kaal;0,85 kg<br \/>Helir\u00f5hu tase (<sub>LpA<\/sub>);77 dB(A)<br \/>M\u00e4\u00e4ramatu m\u00fcra (K faktor);3 dB(A)<br \/>Toote kaal koos akuga;1,2 - 1,6 kg<br \/>Toote m\u00f5\u00f5dud (P x L x K);369 x 79 x 87 mm<br \/>Vibratsioonitase (3 teljel);2,5 m\/sec\u00b2<br \/>M\u00e4\u00e4ramatu vibratsioon (K faktor);1,5 m\/sec\u00b2 <\/p>\n","protected":false},"excerpt":{"rendered":"<p>18V - 3\/8&#8243; \/ 1\/4&#8243; - 47,5 Nm<\/p>\n","protected":false},"featured_media":30946,"template":"","meta":{"_acf_changed":false},"product_cat":[1205],"product_tag":[],"class_list":{"0":"post-31040","1":"product","2":"type-product","3":"status-publish","4":"has-post-thumbnail","6":"product_cat-tooriistad-ja-hooldus","7":"pa_brand-makita","9":"first","10":"instock","11":"taxable","12":"shipping-taxable","13":"purchasable","14":"product-type-simple","swatches":"rey-swatches","show_selected":""},"acf":[],"yoast_head":"<!-- This site is optimized with the Yoast SEO plugin v27.4 - https:\/\/yoast.com\/product\/yoast-seo-wordpress\/ -->\n<title>Akunarre 1\/4&quot; ja 3\/8&quot; padrunitele LXT\u00ae | Motorock<\/title>\n<meta name=\"robots\" content=\"index, follow, max-snippet:-1, max-image-preview:large, max-video-preview:-1\" \/>\n<link rel=\"canonical\" href=\"https:\/\/motorock.eu\/et\/toode\/akunarre-1-4-ja-3-8-padrunitele-lxt\/\" \/>\n<meta property=\"og:locale\" content=\"et_EE\" \/>\n<meta property=\"og:type\" content=\"article\" \/>\n<meta property=\"og:title\" content=\"Akunarre 1\/4&quot; ja 3\/8&quot; padrunitele LXT\u00ae | Motorock\" \/>\n<meta property=\"og:description\" content=\"18V - 3\/8&quot; \/ 1\/4&quot; - 47,5 Nm\" \/>\n<meta property=\"og:url\" content=\"https:\/\/motorock.eu\/et\/toode\/akunarre-1-4-ja-3-8-padrunitele-lxt\/\" \/>\n<meta property=\"og:site_name\" content=\"Motorock\" \/>\n<meta property=\"article:modified_time\" content=\"2026-04-19T12:31:50+00:00\" \/>\n<meta property=\"og:image\" content=\"https:\/\/motorock.eu\/wp-content\/uploads\/2025\/09\/Motorock-og-image-min.jpg\" \/>\n\t<meta property=\"og:image:width\" content=\"1200\" \/>\n\t<meta property=\"og:image:height\" content=\"675\" \/>\n\t<meta property=\"og:image:type\" content=\"image\/jpeg\" \/>\n<meta name=\"twitter:card\" content=\"summary_large_image\" \/>\n<meta name=\"twitter:label1\" content=\"Est. reading time\" \/>\n\t<meta name=\"twitter:data1\" content=\"1 minut\" \/>\n<script type=\"application\/ld+json\" class=\"yoast-schema-graph\">{\"@context\":\"https:\\\/\\\/schema.org\",\"@graph\":[{\"@type\":\"WebPage\",\"@id\":\"https:\\\/\\\/motorock.eu\\\/et\\\/toode\\\/akunarre-1-4-ja-3-8-padrunitele-lxt\\\/\",\"url\":\"https:\\\/\\\/motorock.eu\\\/et\\\/toode\\\/akunarre-1-4-ja-3-8-padrunitele-lxt\\\/\",\"name\":\"Akunarre 1\\\/4\\\" ja 3\\\/8\\\" padrunitele LXT\u00ae | Motorock\",\"isPartOf\":{\"@id\":\"https:\\\/\\\/motorock.eu\\\/et\\\/#website\"},\"primaryImageOfPage\":{\"@id\":\"https:\\\/\\\/motorock.eu\\\/et\\\/toode\\\/akunarre-1-4-ja-3-8-padrunitele-lxt\\\/#primaryimage\"},\"image\":{\"@id\":\"https:\\\/\\\/motorock.eu\\\/et\\\/toode\\\/akunarre-1-4-ja-3-8-padrunitele-lxt\\\/#primaryimage\"},\"thumbnailUrl\":\"https:\\\/\\\/motorock.eu\\\/wp-content\\\/uploads\\\/2026\\\/04\\\/DWR180Z_C2L0.jpg\",\"datePublished\":\"2026-04-19T12:23:21+00:00\",\"dateModified\":\"2026-04-19T12:31:50+00:00\",\"breadcrumb\":{\"@id\":\"https:\\\/\\\/motorock.eu\\\/et\\\/toode\\\/akunarre-1-4-ja-3-8-padrunitele-lxt\\\/#breadcrumb\"},\"inLanguage\":\"et\",\"potentialAction\":[{\"@type\":\"ReadAction\",\"target\":[\"https:\\\/\\\/motorock.eu\\\/et\\\/toode\\\/akunarre-1-4-ja-3-8-padrunitele-lxt\\\/\"]}]},{\"@type\":\"ImageObject\",\"inLanguage\":\"et\",\"@id\":\"https:\\\/\\\/motorock.eu\\\/et\\\/toode\\\/akunarre-1-4-ja-3-8-padrunitele-lxt\\\/#primaryimage\",\"url\":\"https:\\\/\\\/motorock.eu\\\/wp-content\\\/uploads\\\/2026\\\/04\\\/DWR180Z_C2L0.jpg\",\"contentUrl\":\"https:\\\/\\\/motorock.eu\\\/wp-content\\\/uploads\\\/2026\\\/04\\\/DWR180Z_C2L0.jpg\",\"width\":1000,\"height\":538},{\"@type\":\"BreadcrumbList\",\"@id\":\"https:\\\/\\\/motorock.eu\\\/et\\\/toode\\\/akunarre-1-4-ja-3-8-padrunitele-lxt\\\/#breadcrumb\",\"itemListElement\":[{\"@type\":\"ListItem\",\"position\":1,\"name\":\"Koduleht\",\"item\":\"https:\\\/\\\/motorock.eu\\\/et\\\/pealeht\\\/\"},{\"@type\":\"ListItem\",\"position\":2,\"name\":\"Pood\",\"item\":\"https:\\\/\\\/motorock.eu\\\/et\\\/pood\\\/\"},{\"@type\":\"ListItem\",\"position\":3,\"name\":\"Akunarre 1\\\/4&#8243; ja 3\\\/8&#8243; padrunitele LXT\u00ae\"}]},{\"@type\":\"WebSite\",\"@id\":\"https:\\\/\\\/motorock.eu\\\/et\\\/#website\",\"url\":\"https:\\\/\\\/motorock.eu\\\/et\\\/\",\"name\":\"Motorock\",\"description\":\"Sinu elustiil, sinu teekond!\",\"publisher\":{\"@id\":\"https:\\\/\\\/motorock.eu\\\/et\\\/#organization\"},\"potentialAction\":[{\"@type\":\"SearchAction\",\"target\":{\"@type\":\"EntryPoint\",\"urlTemplate\":\"https:\\\/\\\/motorock.eu\\\/et\\\/?s={search_term_string}\"},\"query-input\":{\"@type\":\"PropertyValueSpecification\",\"valueRequired\":true,\"valueName\":\"search_term_string\"}}],\"inLanguage\":\"et\"},{\"@type\":\"Organization\",\"@id\":\"https:\\\/\\\/motorock.eu\\\/et\\\/#organization\",\"name\":\"Motorock\",\"url\":\"https:\\\/\\\/motorock.eu\\\/et\\\/\",\"logo\":{\"@type\":\"ImageObject\",\"inLanguage\":\"et\",\"@id\":\"https:\\\/\\\/motorock.eu\\\/et\\\/#\\\/schema\\\/logo\\\/image\\\/\",\"url\":\"https:\\\/\\\/motorock.eu\\\/wp-content\\\/uploads\\\/2025\\\/05\\\/Group.png\",\"contentUrl\":\"https:\\\/\\\/motorock.eu\\\/wp-content\\\/uploads\\\/2025\\\/05\\\/Group.png\",\"width\":2185,\"height\":677,\"caption\":\"Motorock\"},\"image\":{\"@id\":\"https:\\\/\\\/motorock.eu\\\/et\\\/#\\\/schema\\\/logo\\\/image\\\/\"}}]}<\/script>\n<!-- \/ Yoast SEO plugin. -->","yoast_head_json":{"title":"Akunarre 1\/4\" ja 3\/8\" padrunitele LXT\u00ae | Motorock","robots":{"index":"index","follow":"follow","max-snippet":"max-snippet:-1","max-image-preview":"max-image-preview:large","max-video-preview":"max-video-preview:-1"},"canonical":"https:\/\/motorock.eu\/et\/toode\/akunarre-1-4-ja-3-8-padrunitele-lxt\/","og_locale":"et_EE","og_type":"article","og_title":"Akunarre 1\/4\" ja 3\/8\" padrunitele LXT\u00ae | Motorock","og_description":"18V - 3\/8\" \/ 1\/4\" - 47,5 Nm","og_url":"https:\/\/motorock.eu\/et\/toode\/akunarre-1-4-ja-3-8-padrunitele-lxt\/","og_site_name":"Motorock","article_modified_time":"2026-04-19T12:31:50+00:00","og_image":[{"width":1200,"height":675,"url":"https:\/\/motorock.eu\/wp-content\/uploads\/2025\/09\/Motorock-og-image-min.jpg","type":"image\/jpeg"}],"twitter_card":"summary_large_image","twitter_misc":{"Est. reading time":"1 minut"},"schema":{"@context":"https:\/\/schema.org","@graph":[{"@type":"WebPage","@id":"https:\/\/motorock.eu\/et\/toode\/akunarre-1-4-ja-3-8-padrunitele-lxt\/","url":"https:\/\/motorock.eu\/et\/toode\/akunarre-1-4-ja-3-8-padrunitele-lxt\/","name":"Akunarre 1\/4\" ja 3\/8\" padrunitele LXT\u00ae | Motorock","isPartOf":{"@id":"https:\/\/motorock.eu\/et\/#website"},"primaryImageOfPage":{"@id":"https:\/\/motorock.eu\/et\/toode\/akunarre-1-4-ja-3-8-padrunitele-lxt\/#primaryimage"},"image":{"@id":"https:\/\/motorock.eu\/et\/toode\/akunarre-1-4-ja-3-8-padrunitele-lxt\/#primaryimage"},"thumbnailUrl":"https:\/\/motorock.eu\/wp-content\/uploads\/2026\/04\/DWR180Z_C2L0.jpg","datePublished":"2026-04-19T12:23:21+00:00","dateModified":"2026-04-19T12:31:50+00:00","breadcrumb":{"@id":"https:\/\/motorock.eu\/et\/toode\/akunarre-1-4-ja-3-8-padrunitele-lxt\/#breadcrumb"},"inLanguage":"et","potentialAction":[{"@type":"ReadAction","target":["https:\/\/motorock.eu\/et\/toode\/akunarre-1-4-ja-3-8-padrunitele-lxt\/"]}]},{"@type":"ImageObject","inLanguage":"et","@id":"https:\/\/motorock.eu\/et\/toode\/akunarre-1-4-ja-3-8-padrunitele-lxt\/#primaryimage","url":"https:\/\/motorock.eu\/wp-content\/uploads\/2026\/04\/DWR180Z_C2L0.jpg","contentUrl":"https:\/\/motorock.eu\/wp-content\/uploads\/2026\/04\/DWR180Z_C2L0.jpg","width":1000,"height":538},{"@type":"BreadcrumbList","@id":"https:\/\/motorock.eu\/et\/toode\/akunarre-1-4-ja-3-8-padrunitele-lxt\/#breadcrumb","itemListElement":[{"@type":"ListItem","position":1,"name":"Koduleht","item":"https:\/\/motorock.eu\/et\/pealeht\/"},{"@type":"ListItem","position":2,"name":"Pood","item":"https:\/\/motorock.eu\/et\/pood\/"},{"@type":"ListItem","position":3,"name":"Akunarre 1\/4&#8243; ja 3\/8&#8243; padrunitele LXT\u00ae"}]},{"@type":"WebSite","@id":"https:\/\/motorock.eu\/et\/#website","url":"https:\/\/motorock.eu\/et\/","name":"Motorock","description":"Sinu elustiil, sinu teekond!","publisher":{"@id":"https:\/\/motorock.eu\/et\/#organization"},"potentialAction":[{"@type":"SearchAction","target":{"@type":"EntryPoint","urlTemplate":"https:\/\/motorock.eu\/et\/?s={search_term_string}"},"query-input":{"@type":"PropertyValueSpecification","valueRequired":true,"valueName":"search_term_string"}}],"inLanguage":"et"},{"@type":"Organization","@id":"https:\/\/motorock.eu\/et\/#organization","name":"Motorock","url":"https:\/\/motorock.eu\/et\/","logo":{"@type":"ImageObject","inLanguage":"et","@id":"https:\/\/motorock.eu\/et\/#\/schema\/logo\/image\/","url":"https:\/\/motorock.eu\/wp-content\/uploads\/2025\/05\/Group.png","contentUrl":"https:\/\/motorock.eu\/wp-content\/uploads\/2025\/05\/Group.png","width":2185,"height":677,"caption":"Motorock"},"image":{"@id":"https:\/\/motorock.eu\/et\/#\/schema\/logo\/image\/"}}]}},"_links":{"self":[{"href":"https:\/\/motorock.eu\/et\/wp-json\/wp\/v2\/product\/31040","targetHints":{"allow":["GET"]}}],"collection":[{"href":"https:\/\/motorock.eu\/et\/wp-json\/wp\/v2\/product"}],"about":[{"href":"https:\/\/motorock.eu\/et\/wp-json\/wp\/v2\/types\/product"}],"wp:featuredmedia":[{"embeddable":true,"href":"https:\/\/motorock.eu\/et\/wp-json\/wp\/v2\/media\/30946"}],"wp:attachment":[{"href":"https:\/\/motorock.eu\/et\/wp-json\/wp\/v2\/media?parent=31040"}],"wp:term":[{"taxonomy":"product_cat","embeddable":true,"href":"https:\/\/motorock.eu\/et\/wp-json\/wp\/v2\/product_cat?post=31040"},{"taxonomy":"product_tag","embeddable":true,"href":"https:\/\/motorock.eu\/et\/wp-json\/wp\/v2\/product_tag?post=31040"}],"curies":[{"name":"wp","href":"https:\/\/api.w.org\/{rel}","templated":true}]}}