{"id":31039,"date":"2026-04-19T15:23:28","date_gmt":"2026-04-19T12:23:28","guid":{"rendered":"https:\/\/motorock.eu\/product\/bluetooth-kolar-lxt-xgt\/"},"modified":"2026-04-19T15:31:50","modified_gmt":"2026-04-19T12:31:50","slug":"bluetooth-kolar-lxt-xgt","status":"publish","type":"product","link":"https:\/\/motorock.eu\/et\/toode\/bluetooth-kolar-lxt-xgt\/","title":{"rendered":"Bluetooth k\u00f5lar LXT\u00ae \/ XGT\u00ae"},"content":{"rendered":"<p>Kompaktne ja v\u00f5imas Bluetooth akuk\u00f5lar, mis sobib nii t\u00f6\u00f6le kui ka meelelahutuseks  <\/p>\n<p>Kompaktne Bluetooth-k\u00f5lar suure helitugevuse ja v\u00f5imsa bassiga. T\u00f6\u00f6tab LXT\u00ae ja XGT\u00ae akudega ning vahelduvvooluga. Varustatud sisseehitatud mikrofoniv\u00f5imendi ja mikrofoni sisendpesaga, A-t\u00fc\u00fcpi USB-pesaga ning praktilise nutitelefoni alusega.    <\/p>\n<p>\"Makita Bluetooth akuk\u00f5lar MR014G pakub enneolematut helitugevust ja helikvaliteeti. Massiivne 127 mm bassik\u00f5lar tagab t\u00f5eliselt v\u00f5imsa bassi. Vaatamata muljetavaldavale heliv\u00f5imekusele on k\u00f5lar kerge ja h\u00f5lpsasti kaasaskantav, olles ideaalne nii ehitusplatsile kui ka \u00fcritustele. Ilma akuta kaalub seade vaid 3,8 kg. S\u00f5ltuvalt keskkonnatingimustest on Bluetooth-\u00fchenduse maksimaalne ulatus kuni 100 meetrit.<br \/>K\u00f5lar t\u00f6\u00f6tab nii LXT\u00ae\/XGT\u00ae akude kui ka vahelduvvooluga. Seadmel on sisseehitatud mikrofoniv\u00f5imendi ja mikrofoni sisendpesa, v\u00f5imaldades vajadusel ka heliv\u00f5imenduse funktsiooni. Reguleeritava nurgaga k\u00e4epide toimib ka nutitelefoni alusena. K\u00f5laril on v\u00e4rviline LCD-ekraan koos helendavate juhtnuppude ja olekuekraaniga, dekoratiivne LED-valgusriba, mida saab kasutada kas pideva valgusallikana v\u00f5i muusika r\u00fctmis vilkuva efektina. Lisaks on seadmel USB A-t\u00fc\u00fcpi pesa, millega saab laadida nutiseadmeid. T\u00e4nu IP65 kaitseklassile on MR014G vastupidav nii tolmule kui ka niiskusele, v\u00f5imaldades turvalist kasutamist ka v\u00e4litingimustes. K\u00f5larit saab siduda kuni 10 seadmega, kui vaja toetavad samu Bluetooth-koodekeid. Seade \u00fchildub Qualcomm\u00ae aptX\u2122, Qualcomm\u00ae aptX\u2122 HD, AAC ja SBC koodekitega, tagades kvaliteetse heli voogedastuse.\"           <\/p>\n<p><\/p>\n<h3>Tehnilised andmed<\/h3>\n<p>Aku nominaalpinge;14,4 \/ 18 \/ 40 v<br \/>Pinge LXT;1<br \/>Pinge XGT;1<br \/>Rahvusvaheline kaitseklass (IP);IP65<br \/>Bluetooth;1<br \/>Akukeemia ;Li-ion<br \/>K\u00f5lari v\u00e4ljundv\u00f5imsus 18V;20W<br \/>USB-pesa;USB-A<br \/>Pidev kasutamine, 18V \/ 3 Ah aku;16 h<br \/>Pidev kasutamine, 18V \/ 4 Ah aku;23 h<br \/>Pidev kasutamine, 18 V \/ 5 Ah aku;30 h<br \/>Pidev kasutamine, 18V \/ 6 Ah aku;36 h<br \/>Pidev kasutamine XGT\u00ae 40Vmax \/ 2,0 Ah;15 h<br \/>Pidev kasutamine, XGT\u00ae \/ 4,0 Ah aku;32 h<br \/>Toote kaal;3,8 kg<br \/>Toote kaal koos akuga;3,8 - 4,8 kg<br \/>;4,8 kg<br \/>Toote m\u00f5\u00f5dud (P x L x K);243 x 236 x 205 mm<\/p>\n","protected":false},"excerpt":{"rendered":"<p>14,4V - 40Vmax<\/p>\n","protected":false},"featured_media":30979,"template":"","meta":{"_acf_changed":false},"product_cat":[1205],"product_tag":[],"class_list":{"0":"post-31039","1":"product","2":"type-product","3":"status-publish","4":"has-post-thumbnail","6":"product_cat-tooriistad-ja-hooldus","7":"pa_brand-makita","9":"first","10":"instock","11":"taxable","12":"shipping-taxable","13":"purchasable","14":"product-type-simple","swatches":"rey-swatches","show_selected":""},"acf":[],"yoast_head":"<!-- This site is optimized with the Yoast SEO plugin v27.4 - https:\/\/yoast.com\/product\/yoast-seo-wordpress\/ -->\n<title>Bluetooth k\u00f5lar LXT\u00ae \/ XGT\u00ae | Motorock<\/title>\n<meta name=\"robots\" content=\"index, follow, max-snippet:-1, max-image-preview:large, max-video-preview:-1\" \/>\n<link rel=\"canonical\" href=\"https:\/\/motorock.eu\/et\/toode\/bluetooth-kolar-lxt-xgt\/\" \/>\n<meta property=\"og:locale\" content=\"et_EE\" \/>\n<meta property=\"og:type\" content=\"article\" \/>\n<meta property=\"og:title\" content=\"Bluetooth k\u00f5lar LXT\u00ae \/ XGT\u00ae | Motorock\" \/>\n<meta property=\"og:description\" content=\"14,4V - 40Vmax\" \/>\n<meta property=\"og:url\" content=\"https:\/\/motorock.eu\/et\/toode\/bluetooth-kolar-lxt-xgt\/\" \/>\n<meta property=\"og:site_name\" content=\"Motorock\" \/>\n<meta property=\"article:modified_time\" content=\"2026-04-19T12:31:50+00:00\" \/>\n<meta property=\"og:image\" content=\"https:\/\/motorock.eu\/wp-content\/uploads\/2025\/09\/Motorock-og-image-min.jpg\" \/>\n\t<meta property=\"og:image:width\" content=\"1200\" \/>\n\t<meta property=\"og:image:height\" content=\"675\" \/>\n\t<meta property=\"og:image:type\" content=\"image\/jpeg\" \/>\n<meta name=\"twitter:card\" content=\"summary_large_image\" \/>\n<meta name=\"twitter:label1\" content=\"Est. reading time\" \/>\n\t<meta name=\"twitter:data1\" content=\"1 minut\" \/>\n<script type=\"application\/ld+json\" class=\"yoast-schema-graph\">{\"@context\":\"https:\\\/\\\/schema.org\",\"@graph\":[{\"@type\":\"WebPage\",\"@id\":\"https:\\\/\\\/motorock.eu\\\/et\\\/toode\\\/bluetooth-kolar-lxt-xgt\\\/\",\"url\":\"https:\\\/\\\/motorock.eu\\\/et\\\/toode\\\/bluetooth-kolar-lxt-xgt\\\/\",\"name\":\"Bluetooth k\u00f5lar LXT\u00ae \\\/ XGT\u00ae | Motorock\",\"isPartOf\":{\"@id\":\"https:\\\/\\\/motorock.eu\\\/et\\\/#website\"},\"primaryImageOfPage\":{\"@id\":\"https:\\\/\\\/motorock.eu\\\/et\\\/toode\\\/bluetooth-kolar-lxt-xgt\\\/#primaryimage\"},\"image\":{\"@id\":\"https:\\\/\\\/motorock.eu\\\/et\\\/toode\\\/bluetooth-kolar-lxt-xgt\\\/#primaryimage\"},\"thumbnailUrl\":\"https:\\\/\\\/motorock.eu\\\/wp-content\\\/uploads\\\/2026\\\/04\\\/MR014G_C2L0.jpg\",\"datePublished\":\"2026-04-19T12:23:28+00:00\",\"dateModified\":\"2026-04-19T12:31:50+00:00\",\"breadcrumb\":{\"@id\":\"https:\\\/\\\/motorock.eu\\\/et\\\/toode\\\/bluetooth-kolar-lxt-xgt\\\/#breadcrumb\"},\"inLanguage\":\"et\",\"potentialAction\":[{\"@type\":\"ReadAction\",\"target\":[\"https:\\\/\\\/motorock.eu\\\/et\\\/toode\\\/bluetooth-kolar-lxt-xgt\\\/\"]}]},{\"@type\":\"ImageObject\",\"inLanguage\":\"et\",\"@id\":\"https:\\\/\\\/motorock.eu\\\/et\\\/toode\\\/bluetooth-kolar-lxt-xgt\\\/#primaryimage\",\"url\":\"https:\\\/\\\/motorock.eu\\\/wp-content\\\/uploads\\\/2026\\\/04\\\/MR014G_C2L0.jpg\",\"contentUrl\":\"https:\\\/\\\/motorock.eu\\\/wp-content\\\/uploads\\\/2026\\\/04\\\/MR014G_C2L0.jpg\",\"width\":936,\"height\":1000},{\"@type\":\"BreadcrumbList\",\"@id\":\"https:\\\/\\\/motorock.eu\\\/et\\\/toode\\\/bluetooth-kolar-lxt-xgt\\\/#breadcrumb\",\"itemListElement\":[{\"@type\":\"ListItem\",\"position\":1,\"name\":\"Koduleht\",\"item\":\"https:\\\/\\\/motorock.eu\\\/et\\\/pealeht\\\/\"},{\"@type\":\"ListItem\",\"position\":2,\"name\":\"Pood\",\"item\":\"https:\\\/\\\/motorock.eu\\\/et\\\/pood\\\/\"},{\"@type\":\"ListItem\",\"position\":3,\"name\":\"Bluetooth k\u00f5lar LXT\u00ae \\\/ XGT\u00ae\"}]},{\"@type\":\"WebSite\",\"@id\":\"https:\\\/\\\/motorock.eu\\\/et\\\/#website\",\"url\":\"https:\\\/\\\/motorock.eu\\\/et\\\/\",\"name\":\"Motorock\",\"description\":\"Sinu elustiil, sinu teekond!\",\"publisher\":{\"@id\":\"https:\\\/\\\/motorock.eu\\\/et\\\/#organization\"},\"potentialAction\":[{\"@type\":\"SearchAction\",\"target\":{\"@type\":\"EntryPoint\",\"urlTemplate\":\"https:\\\/\\\/motorock.eu\\\/et\\\/?s={search_term_string}\"},\"query-input\":{\"@type\":\"PropertyValueSpecification\",\"valueRequired\":true,\"valueName\":\"search_term_string\"}}],\"inLanguage\":\"et\"},{\"@type\":\"Organization\",\"@id\":\"https:\\\/\\\/motorock.eu\\\/et\\\/#organization\",\"name\":\"Motorock\",\"url\":\"https:\\\/\\\/motorock.eu\\\/et\\\/\",\"logo\":{\"@type\":\"ImageObject\",\"inLanguage\":\"et\",\"@id\":\"https:\\\/\\\/motorock.eu\\\/et\\\/#\\\/schema\\\/logo\\\/image\\\/\",\"url\":\"https:\\\/\\\/motorock.eu\\\/wp-content\\\/uploads\\\/2025\\\/05\\\/Group.png\",\"contentUrl\":\"https:\\\/\\\/motorock.eu\\\/wp-content\\\/uploads\\\/2025\\\/05\\\/Group.png\",\"width\":2185,\"height\":677,\"caption\":\"Motorock\"},\"image\":{\"@id\":\"https:\\\/\\\/motorock.eu\\\/et\\\/#\\\/schema\\\/logo\\\/image\\\/\"}}]}<\/script>\n<!-- \/ Yoast SEO plugin. -->","yoast_head_json":{"title":"Bluetooth k\u00f5lar LXT\u00ae \/ XGT\u00ae | Motorock","robots":{"index":"index","follow":"follow","max-snippet":"max-snippet:-1","max-image-preview":"max-image-preview:large","max-video-preview":"max-video-preview:-1"},"canonical":"https:\/\/motorock.eu\/et\/toode\/bluetooth-kolar-lxt-xgt\/","og_locale":"et_EE","og_type":"article","og_title":"Bluetooth k\u00f5lar LXT\u00ae \/ XGT\u00ae | Motorock","og_description":"14,4V - 40Vmax","og_url":"https:\/\/motorock.eu\/et\/toode\/bluetooth-kolar-lxt-xgt\/","og_site_name":"Motorock","article_modified_time":"2026-04-19T12:31:50+00:00","og_image":[{"width":1200,"height":675,"url":"https:\/\/motorock.eu\/wp-content\/uploads\/2025\/09\/Motorock-og-image-min.jpg","type":"image\/jpeg"}],"twitter_card":"summary_large_image","twitter_misc":{"Est. reading time":"1 minut"},"schema":{"@context":"https:\/\/schema.org","@graph":[{"@type":"WebPage","@id":"https:\/\/motorock.eu\/et\/toode\/bluetooth-kolar-lxt-xgt\/","url":"https:\/\/motorock.eu\/et\/toode\/bluetooth-kolar-lxt-xgt\/","name":"Bluetooth k\u00f5lar LXT\u00ae \/ XGT\u00ae | Motorock","isPartOf":{"@id":"https:\/\/motorock.eu\/et\/#website"},"primaryImageOfPage":{"@id":"https:\/\/motorock.eu\/et\/toode\/bluetooth-kolar-lxt-xgt\/#primaryimage"},"image":{"@id":"https:\/\/motorock.eu\/et\/toode\/bluetooth-kolar-lxt-xgt\/#primaryimage"},"thumbnailUrl":"https:\/\/motorock.eu\/wp-content\/uploads\/2026\/04\/MR014G_C2L0.jpg","datePublished":"2026-04-19T12:23:28+00:00","dateModified":"2026-04-19T12:31:50+00:00","breadcrumb":{"@id":"https:\/\/motorock.eu\/et\/toode\/bluetooth-kolar-lxt-xgt\/#breadcrumb"},"inLanguage":"et","potentialAction":[{"@type":"ReadAction","target":["https:\/\/motorock.eu\/et\/toode\/bluetooth-kolar-lxt-xgt\/"]}]},{"@type":"ImageObject","inLanguage":"et","@id":"https:\/\/motorock.eu\/et\/toode\/bluetooth-kolar-lxt-xgt\/#primaryimage","url":"https:\/\/motorock.eu\/wp-content\/uploads\/2026\/04\/MR014G_C2L0.jpg","contentUrl":"https:\/\/motorock.eu\/wp-content\/uploads\/2026\/04\/MR014G_C2L0.jpg","width":936,"height":1000},{"@type":"BreadcrumbList","@id":"https:\/\/motorock.eu\/et\/toode\/bluetooth-kolar-lxt-xgt\/#breadcrumb","itemListElement":[{"@type":"ListItem","position":1,"name":"Koduleht","item":"https:\/\/motorock.eu\/et\/pealeht\/"},{"@type":"ListItem","position":2,"name":"Pood","item":"https:\/\/motorock.eu\/et\/pood\/"},{"@type":"ListItem","position":3,"name":"Bluetooth k\u00f5lar LXT\u00ae \/ XGT\u00ae"}]},{"@type":"WebSite","@id":"https:\/\/motorock.eu\/et\/#website","url":"https:\/\/motorock.eu\/et\/","name":"Motorock","description":"Sinu elustiil, sinu teekond!","publisher":{"@id":"https:\/\/motorock.eu\/et\/#organization"},"potentialAction":[{"@type":"SearchAction","target":{"@type":"EntryPoint","urlTemplate":"https:\/\/motorock.eu\/et\/?s={search_term_string}"},"query-input":{"@type":"PropertyValueSpecification","valueRequired":true,"valueName":"search_term_string"}}],"inLanguage":"et"},{"@type":"Organization","@id":"https:\/\/motorock.eu\/et\/#organization","name":"Motorock","url":"https:\/\/motorock.eu\/et\/","logo":{"@type":"ImageObject","inLanguage":"et","@id":"https:\/\/motorock.eu\/et\/#\/schema\/logo\/image\/","url":"https:\/\/motorock.eu\/wp-content\/uploads\/2025\/05\/Group.png","contentUrl":"https:\/\/motorock.eu\/wp-content\/uploads\/2025\/05\/Group.png","width":2185,"height":677,"caption":"Motorock"},"image":{"@id":"https:\/\/motorock.eu\/et\/#\/schema\/logo\/image\/"}}]}},"_links":{"self":[{"href":"https:\/\/motorock.eu\/et\/wp-json\/wp\/v2\/product\/31039","targetHints":{"allow":["GET"]}}],"collection":[{"href":"https:\/\/motorock.eu\/et\/wp-json\/wp\/v2\/product"}],"about":[{"href":"https:\/\/motorock.eu\/et\/wp-json\/wp\/v2\/types\/product"}],"wp:featuredmedia":[{"embeddable":true,"href":"https:\/\/motorock.eu\/et\/wp-json\/wp\/v2\/media\/30979"}],"wp:attachment":[{"href":"https:\/\/motorock.eu\/et\/wp-json\/wp\/v2\/media?parent=31039"}],"wp:term":[{"taxonomy":"product_cat","embeddable":true,"href":"https:\/\/motorock.eu\/et\/wp-json\/wp\/v2\/product_cat?post=31039"},{"taxonomy":"product_tag","embeddable":true,"href":"https:\/\/motorock.eu\/et\/wp-json\/wp\/v2\/product_tag?post=31039"}],"curies":[{"name":"wp","href":"https:\/\/api.w.org\/{rel}","templated":true}]}}