{"id":31038,"date":"2026-04-19T15:20:14","date_gmt":"2026-04-19T12:20:14","guid":{"rendered":"https:\/\/motorock.eu\/product\/powerpack-lxt\/"},"modified":"2026-04-19T15:31:51","modified_gmt":"2026-04-19T12:31:51","slug":"powerpack-lxt","status":"publish","type":"product","link":"https:\/\/motorock.eu\/et\/toode\/powerpack-lxt\/","title":{"rendered":"Powerpack LXT\u00ae"},"content":{"rendered":"<p>Komplektis LXT\u00ae 5,0 Ah aku ja kiirlaadija.<\/p>\n<p>Praktiline LXT\u00ae 18V max powerpack sisaldab \u00fchte 5,0 Ah Li-ion akut ja kiirlaadijat. Aku on varustatud laadimistaseme n\u00e4idikuga. 5,0 Ah aku laadimisaeg 45 minutit.  <\/p>\n<h3>Eelised<\/h3>\n<p>Aku kaitses\u00fcsteem kaitseb akut \u00fclekoormuse, \u00fclet\u00fchjenemise ja \u00fclekuumenemise eest<\/p>\n<p><\/p>\n<h3>Tehnilised andmed<\/h3>\n<p>S\u00fcsteem;LXT 18V\/36V<br \/>T\u00f6\u00f6riistakategooria;Akud, laadijad, toitepakid ja adapterid<br \/>Keskmine laadimisaeg;45 min<br \/>Aku nominaalpinge;18 v<br \/>Pinge LXT;1<br \/>Toote m\u00f5\u00f5dud (P x L x K);156 x 190 x 84 mm<br \/>Akukeemia ;Li-ion<br \/>Komplekti kuuluvate akude arv;1<br \/>Aku mahtuvus;5,0 Ah<br \/>Energiav\u00f5imsus;90 Wh<br \/>Toote kaal;0,75 kg<\/p>\n","protected":false},"excerpt":{"rendered":"<p>LXT\u00ae - 18V max - Li-ion<\/p>\n","protected":false},"featured_media":30119,"template":"","meta":{"_acf_changed":false},"product_cat":[1205],"product_tag":[],"class_list":{"0":"post-31038","1":"product","2":"type-product","3":"status-publish","4":"has-post-thumbnail","6":"product_cat-tooriistad-ja-hooldus","7":"pa_brand-makita","9":"first","10":"instock","11":"taxable","12":"shipping-taxable","13":"purchasable","14":"product-type-simple","swatches":"rey-swatches","show_selected":""},"acf":[],"yoast_head":"<!-- This site is optimized with the Yoast SEO plugin v27.4 - https:\/\/yoast.com\/product\/yoast-seo-wordpress\/ -->\n<title>Powerpack LXT\u00ae | Motorock<\/title>\n<meta name=\"robots\" content=\"index, follow, max-snippet:-1, max-image-preview:large, max-video-preview:-1\" \/>\n<link rel=\"canonical\" href=\"https:\/\/motorock.eu\/et\/toode\/powerpack-lxt\/\" \/>\n<meta property=\"og:locale\" content=\"et_EE\" \/>\n<meta property=\"og:type\" content=\"article\" \/>\n<meta property=\"og:title\" content=\"Powerpack LXT\u00ae | Motorock\" \/>\n<meta property=\"og:description\" content=\"LXT\u00ae - 18V max - Li-ion\" \/>\n<meta property=\"og:url\" content=\"https:\/\/motorock.eu\/et\/toode\/powerpack-lxt\/\" \/>\n<meta property=\"og:site_name\" content=\"Motorock\" \/>\n<meta property=\"article:modified_time\" content=\"2026-04-19T12:31:51+00:00\" \/>\n<meta property=\"og:image\" content=\"https:\/\/motorock.eu\/wp-content\/uploads\/2025\/09\/Motorock-og-image-min.jpg\" \/>\n\t<meta property=\"og:image:width\" content=\"1200\" \/>\n\t<meta property=\"og:image:height\" content=\"675\" \/>\n\t<meta property=\"og:image:type\" content=\"image\/jpeg\" \/>\n<meta name=\"twitter:card\" content=\"summary_large_image\" \/>\n<script type=\"application\/ld+json\" class=\"yoast-schema-graph\">{\"@context\":\"https:\\\/\\\/schema.org\",\"@graph\":[{\"@type\":\"WebPage\",\"@id\":\"https:\\\/\\\/motorock.eu\\\/et\\\/toode\\\/powerpack-lxt\\\/\",\"url\":\"https:\\\/\\\/motorock.eu\\\/et\\\/toode\\\/powerpack-lxt\\\/\",\"name\":\"Powerpack LXT\u00ae | Motorock\",\"isPartOf\":{\"@id\":\"https:\\\/\\\/motorock.eu\\\/et\\\/#website\"},\"primaryImageOfPage\":{\"@id\":\"https:\\\/\\\/motorock.eu\\\/et\\\/toode\\\/powerpack-lxt\\\/#primaryimage\"},\"image\":{\"@id\":\"https:\\\/\\\/motorock.eu\\\/et\\\/toode\\\/powerpack-lxt\\\/#primaryimage\"},\"thumbnailUrl\":\"https:\\\/\\\/motorock.eu\\\/wp-content\\\/uploads\\\/2026\\\/04\\\/191B51-7_C2L0.jpg\",\"datePublished\":\"2026-04-19T12:20:14+00:00\",\"dateModified\":\"2026-04-19T12:31:51+00:00\",\"breadcrumb\":{\"@id\":\"https:\\\/\\\/motorock.eu\\\/et\\\/toode\\\/powerpack-lxt\\\/#breadcrumb\"},\"inLanguage\":\"et\",\"potentialAction\":[{\"@type\":\"ReadAction\",\"target\":[\"https:\\\/\\\/motorock.eu\\\/et\\\/toode\\\/powerpack-lxt\\\/\"]}]},{\"@type\":\"ImageObject\",\"inLanguage\":\"et\",\"@id\":\"https:\\\/\\\/motorock.eu\\\/et\\\/toode\\\/powerpack-lxt\\\/#primaryimage\",\"url\":\"https:\\\/\\\/motorock.eu\\\/wp-content\\\/uploads\\\/2026\\\/04\\\/191B51-7_C2L0.jpg\",\"contentUrl\":\"https:\\\/\\\/motorock.eu\\\/wp-content\\\/uploads\\\/2026\\\/04\\\/191B51-7_C2L0.jpg\",\"width\":1000,\"height\":617},{\"@type\":\"BreadcrumbList\",\"@id\":\"https:\\\/\\\/motorock.eu\\\/et\\\/toode\\\/powerpack-lxt\\\/#breadcrumb\",\"itemListElement\":[{\"@type\":\"ListItem\",\"position\":1,\"name\":\"Koduleht\",\"item\":\"https:\\\/\\\/motorock.eu\\\/et\\\/pealeht\\\/\"},{\"@type\":\"ListItem\",\"position\":2,\"name\":\"Pood\",\"item\":\"https:\\\/\\\/motorock.eu\\\/et\\\/pood\\\/\"},{\"@type\":\"ListItem\",\"position\":3,\"name\":\"Powerpack LXT\u00ae\"}]},{\"@type\":\"WebSite\",\"@id\":\"https:\\\/\\\/motorock.eu\\\/et\\\/#website\",\"url\":\"https:\\\/\\\/motorock.eu\\\/et\\\/\",\"name\":\"Motorock\",\"description\":\"Sinu elustiil, sinu teekond!\",\"publisher\":{\"@id\":\"https:\\\/\\\/motorock.eu\\\/et\\\/#organization\"},\"potentialAction\":[{\"@type\":\"SearchAction\",\"target\":{\"@type\":\"EntryPoint\",\"urlTemplate\":\"https:\\\/\\\/motorock.eu\\\/et\\\/?s={search_term_string}\"},\"query-input\":{\"@type\":\"PropertyValueSpecification\",\"valueRequired\":true,\"valueName\":\"search_term_string\"}}],\"inLanguage\":\"et\"},{\"@type\":\"Organization\",\"@id\":\"https:\\\/\\\/motorock.eu\\\/et\\\/#organization\",\"name\":\"Motorock\",\"url\":\"https:\\\/\\\/motorock.eu\\\/et\\\/\",\"logo\":{\"@type\":\"ImageObject\",\"inLanguage\":\"et\",\"@id\":\"https:\\\/\\\/motorock.eu\\\/et\\\/#\\\/schema\\\/logo\\\/image\\\/\",\"url\":\"https:\\\/\\\/motorock.eu\\\/wp-content\\\/uploads\\\/2025\\\/05\\\/Group.png\",\"contentUrl\":\"https:\\\/\\\/motorock.eu\\\/wp-content\\\/uploads\\\/2025\\\/05\\\/Group.png\",\"width\":2185,\"height\":677,\"caption\":\"Motorock\"},\"image\":{\"@id\":\"https:\\\/\\\/motorock.eu\\\/et\\\/#\\\/schema\\\/logo\\\/image\\\/\"}}]}<\/script>\n<!-- \/ Yoast SEO plugin. -->","yoast_head_json":{"title":"Powerpack LXT\u00ae | Motorock","robots":{"index":"index","follow":"follow","max-snippet":"max-snippet:-1","max-image-preview":"max-image-preview:large","max-video-preview":"max-video-preview:-1"},"canonical":"https:\/\/motorock.eu\/et\/toode\/powerpack-lxt\/","og_locale":"et_EE","og_type":"article","og_title":"Powerpack LXT\u00ae | Motorock","og_description":"LXT\u00ae - 18V max - Li-ion","og_url":"https:\/\/motorock.eu\/et\/toode\/powerpack-lxt\/","og_site_name":"Motorock","article_modified_time":"2026-04-19T12:31:51+00:00","og_image":[{"width":1200,"height":675,"url":"https:\/\/motorock.eu\/wp-content\/uploads\/2025\/09\/Motorock-og-image-min.jpg","type":"image\/jpeg"}],"twitter_card":"summary_large_image","schema":{"@context":"https:\/\/schema.org","@graph":[{"@type":"WebPage","@id":"https:\/\/motorock.eu\/et\/toode\/powerpack-lxt\/","url":"https:\/\/motorock.eu\/et\/toode\/powerpack-lxt\/","name":"Powerpack LXT\u00ae | Motorock","isPartOf":{"@id":"https:\/\/motorock.eu\/et\/#website"},"primaryImageOfPage":{"@id":"https:\/\/motorock.eu\/et\/toode\/powerpack-lxt\/#primaryimage"},"image":{"@id":"https:\/\/motorock.eu\/et\/toode\/powerpack-lxt\/#primaryimage"},"thumbnailUrl":"https:\/\/motorock.eu\/wp-content\/uploads\/2026\/04\/191B51-7_C2L0.jpg","datePublished":"2026-04-19T12:20:14+00:00","dateModified":"2026-04-19T12:31:51+00:00","breadcrumb":{"@id":"https:\/\/motorock.eu\/et\/toode\/powerpack-lxt\/#breadcrumb"},"inLanguage":"et","potentialAction":[{"@type":"ReadAction","target":["https:\/\/motorock.eu\/et\/toode\/powerpack-lxt\/"]}]},{"@type":"ImageObject","inLanguage":"et","@id":"https:\/\/motorock.eu\/et\/toode\/powerpack-lxt\/#primaryimage","url":"https:\/\/motorock.eu\/wp-content\/uploads\/2026\/04\/191B51-7_C2L0.jpg","contentUrl":"https:\/\/motorock.eu\/wp-content\/uploads\/2026\/04\/191B51-7_C2L0.jpg","width":1000,"height":617},{"@type":"BreadcrumbList","@id":"https:\/\/motorock.eu\/et\/toode\/powerpack-lxt\/#breadcrumb","itemListElement":[{"@type":"ListItem","position":1,"name":"Koduleht","item":"https:\/\/motorock.eu\/et\/pealeht\/"},{"@type":"ListItem","position":2,"name":"Pood","item":"https:\/\/motorock.eu\/et\/pood\/"},{"@type":"ListItem","position":3,"name":"Powerpack LXT\u00ae"}]},{"@type":"WebSite","@id":"https:\/\/motorock.eu\/et\/#website","url":"https:\/\/motorock.eu\/et\/","name":"Motorock","description":"Sinu elustiil, sinu teekond!","publisher":{"@id":"https:\/\/motorock.eu\/et\/#organization"},"potentialAction":[{"@type":"SearchAction","target":{"@type":"EntryPoint","urlTemplate":"https:\/\/motorock.eu\/et\/?s={search_term_string}"},"query-input":{"@type":"PropertyValueSpecification","valueRequired":true,"valueName":"search_term_string"}}],"inLanguage":"et"},{"@type":"Organization","@id":"https:\/\/motorock.eu\/et\/#organization","name":"Motorock","url":"https:\/\/motorock.eu\/et\/","logo":{"@type":"ImageObject","inLanguage":"et","@id":"https:\/\/motorock.eu\/et\/#\/schema\/logo\/image\/","url":"https:\/\/motorock.eu\/wp-content\/uploads\/2025\/05\/Group.png","contentUrl":"https:\/\/motorock.eu\/wp-content\/uploads\/2025\/05\/Group.png","width":2185,"height":677,"caption":"Motorock"},"image":{"@id":"https:\/\/motorock.eu\/et\/#\/schema\/logo\/image\/"}}]}},"_links":{"self":[{"href":"https:\/\/motorock.eu\/et\/wp-json\/wp\/v2\/product\/31038","targetHints":{"allow":["GET"]}}],"collection":[{"href":"https:\/\/motorock.eu\/et\/wp-json\/wp\/v2\/product"}],"about":[{"href":"https:\/\/motorock.eu\/et\/wp-json\/wp\/v2\/types\/product"}],"wp:featuredmedia":[{"embeddable":true,"href":"https:\/\/motorock.eu\/et\/wp-json\/wp\/v2\/media\/30119"}],"wp:attachment":[{"href":"https:\/\/motorock.eu\/et\/wp-json\/wp\/v2\/media?parent=31038"}],"wp:term":[{"taxonomy":"product_cat","embeddable":true,"href":"https:\/\/motorock.eu\/et\/wp-json\/wp\/v2\/product_cat?post=31038"},{"taxonomy":"product_tag","embeddable":true,"href":"https:\/\/motorock.eu\/et\/wp-json\/wp\/v2\/product_tag?post=31038"}],"curies":[{"name":"wp","href":"https:\/\/api.w.org\/{rel}","templated":true}]}}