{"id":31036,"date":"2026-04-19T15:20:24","date_gmt":"2026-04-19T12:20:24","guid":{"rendered":"https:\/\/motorock.eu\/product\/aku-adapter-18v%e2%86%92usb-2x\/"},"modified":"2026-04-19T15:31:50","modified_gmt":"2026-04-19T12:31:50","slug":"aku-adapter-18v%e2%86%92usb-2x","status":"publish","type":"product","link":"https:\/\/motorock.eu\/et\/toode\/aku-adapter-18v%e2%86%92usb-2x\/","title":{"rendered":"Aku adapter 18V\u2192USB (2X)"},"content":{"rendered":"<p>Muuda oma Makita aku akupangaks. Lae mugavalt oma telefoni v\u00f5i nutiseadet adapteri k\u00fcljes asuvast USB pesast. USB pesade v\u00e4ljundv\u00f5imsus on 2,1A, mis on sobilik ka uuemate nutiseadmete laadimiseks.  <\/p>\n<h3>Eelised<\/h3>\n<p>Aku kaitses\u00fcsteem kaitseb akut \u00fclekoormuse, \u00fclet\u00fchjenemise ja \u00fclekuumenemise eest<br \/>Lihtsasti kasutatav r\u00f5hul\u00fcliti ON\/OFF t\u00fc\u00fcpi, r\u00f5huregulaator ja kaks manomeetrit<br \/>Vasakpoolne tagatasku Li-ion aku jaoks koos akuhoidikuga. V\u00f6\u00f6klamber akuhoidiku kinnitamiseks p\u00fcksirihma k\u00fclge. <\/p>\n<p><\/p>\n<h3>Tehnilised andmed<\/h3>\n<p>T\u00f6\u00f6riistakategooria;Akud, laadijad, toitepakid ja adapterid<br \/>Aku nominaalpinge;14,4 \/ 18 v<br \/>Pinge LXT;1<br \/>Akukeemia ;Li-ion<br \/>Toote m\u00f5\u00f5dud (P x L x K);102 x 72 x 43 mm<br \/>USB-pesa;USB-A (x2)<br \/>Toote kaal;0,18 kg<br \/>Kogus pakendis;1<\/p>\n","protected":false},"excerpt":{"rendered":"<p>Muuda oma Makita aku akupangaks. Lae mugavalt oma telefoni v\u00f5i nutiseadet adapteri k\u00fcljes asuvast USB pesast. USB pesade v\u00e4ljundv\u00f5imsus on 2,1A, mis on sobilik ka uuemate nutiseadmete laadimiseks. Eelised Aku kaitses\u00fcsteem kaitseb akut \u00fclekoormuse, \u00fclet\u00fchjenemise ja \u00fclekuumenemise eestLihtsasti kasutatav r\u00f5hul\u00fcliti ON\/OFF t\u00fc\u00fcpi, r\u00f5huregulaator ja kaks manomeetritVasakpoolne tagatasku Li-ion aku jaoks koos akuhoidikuga. V\u00f6\u00f6klamber akuhoidiku kinnitamiseks [&hellip;]<\/p>\n","protected":false},"featured_media":30157,"template":"","meta":{"_acf_changed":false},"product_cat":[1205],"product_tag":[],"class_list":{"0":"post-31036","1":"product","2":"type-product","3":"status-publish","4":"has-post-thumbnail","6":"product_cat-tooriistad-ja-hooldus","7":"pa_brand-makita","9":"first","10":"instock","11":"taxable","12":"shipping-taxable","13":"purchasable","14":"product-type-simple","swatches":"rey-swatches","show_selected":""},"acf":[],"yoast_head":"<!-- This site is optimized with the Yoast SEO plugin v27.4 - https:\/\/yoast.com\/product\/yoast-seo-wordpress\/ -->\n<title>Aku adapter 18V\u2192USB (2X) | Motorock<\/title>\n<meta name=\"robots\" content=\"index, follow, max-snippet:-1, max-image-preview:large, max-video-preview:-1\" \/>\n<link rel=\"canonical\" href=\"https:\/\/motorock.eu\/et\/toode\/aku-adapter-18v%e2%86%92usb-2x\/\" \/>\n<meta property=\"og:locale\" content=\"et_EE\" \/>\n<meta property=\"og:type\" content=\"article\" \/>\n<meta property=\"og:title\" content=\"Aku adapter 18V\u2192USB (2X) | Motorock\" \/>\n<meta property=\"og:description\" content=\"Muuda oma Makita aku akupangaks. Lae mugavalt oma telefoni v\u00f5i nutiseadet adapteri k\u00fcljes asuvast USB pesast. USB pesade v\u00e4ljundv\u00f5imsus on 2,1A, mis on sobilik ka uuemate nutiseadmete laadimiseks. Eelised Aku kaitses\u00fcsteem kaitseb akut \u00fclekoormuse, \u00fclet\u00fchjenemise ja \u00fclekuumenemise eestLihtsasti kasutatav r\u00f5hul\u00fcliti ON\/OFF t\u00fc\u00fcpi, r\u00f5huregulaator ja kaks manomeetritVasakpoolne tagatasku Li-ion aku jaoks koos akuhoidikuga. V\u00f6\u00f6klamber akuhoidiku kinnitamiseks [&hellip;]\" \/>\n<meta property=\"og:url\" content=\"https:\/\/motorock.eu\/et\/toode\/aku-adapter-18v%e2%86%92usb-2x\/\" \/>\n<meta property=\"og:site_name\" content=\"Motorock\" \/>\n<meta property=\"article:modified_time\" content=\"2026-04-19T12:31:50+00:00\" \/>\n<meta property=\"og:image\" content=\"https:\/\/motorock.eu\/wp-content\/uploads\/2025\/09\/Motorock-og-image-min.jpg\" \/>\n\t<meta property=\"og:image:width\" content=\"1200\" \/>\n\t<meta property=\"og:image:height\" content=\"675\" \/>\n\t<meta property=\"og:image:type\" content=\"image\/jpeg\" \/>\n<meta name=\"twitter:card\" content=\"summary_large_image\" \/>\n<script type=\"application\/ld+json\" class=\"yoast-schema-graph\">{\"@context\":\"https:\\\/\\\/schema.org\",\"@graph\":[{\"@type\":\"WebPage\",\"@id\":\"https:\\\/\\\/motorock.eu\\\/et\\\/toode\\\/aku-adapter-18v%e2%86%92usb-2x\\\/\",\"url\":\"https:\\\/\\\/motorock.eu\\\/et\\\/toode\\\/aku-adapter-18v%e2%86%92usb-2x\\\/\",\"name\":\"Aku adapter 18V\u2192USB (2X) | Motorock\",\"isPartOf\":{\"@id\":\"https:\\\/\\\/motorock.eu\\\/et\\\/#website\"},\"primaryImageOfPage\":{\"@id\":\"https:\\\/\\\/motorock.eu\\\/et\\\/toode\\\/aku-adapter-18v%e2%86%92usb-2x\\\/#primaryimage\"},\"image\":{\"@id\":\"https:\\\/\\\/motorock.eu\\\/et\\\/toode\\\/aku-adapter-18v%e2%86%92usb-2x\\\/#primaryimage\"},\"thumbnailUrl\":\"https:\\\/\\\/motorock.eu\\\/wp-content\\\/uploads\\\/2026\\\/04\\\/ADP05_C2L0.jpg\",\"datePublished\":\"2026-04-19T12:20:24+00:00\",\"dateModified\":\"2026-04-19T12:31:50+00:00\",\"breadcrumb\":{\"@id\":\"https:\\\/\\\/motorock.eu\\\/et\\\/toode\\\/aku-adapter-18v%e2%86%92usb-2x\\\/#breadcrumb\"},\"inLanguage\":\"et\",\"potentialAction\":[{\"@type\":\"ReadAction\",\"target\":[\"https:\\\/\\\/motorock.eu\\\/et\\\/toode\\\/aku-adapter-18v%e2%86%92usb-2x\\\/\"]}]},{\"@type\":\"ImageObject\",\"inLanguage\":\"et\",\"@id\":\"https:\\\/\\\/motorock.eu\\\/et\\\/toode\\\/aku-adapter-18v%e2%86%92usb-2x\\\/#primaryimage\",\"url\":\"https:\\\/\\\/motorock.eu\\\/wp-content\\\/uploads\\\/2026\\\/04\\\/ADP05_C2L0.jpg\",\"contentUrl\":\"https:\\\/\\\/motorock.eu\\\/wp-content\\\/uploads\\\/2026\\\/04\\\/ADP05_C2L0.jpg\",\"width\":1000,\"height\":894},{\"@type\":\"BreadcrumbList\",\"@id\":\"https:\\\/\\\/motorock.eu\\\/et\\\/toode\\\/aku-adapter-18v%e2%86%92usb-2x\\\/#breadcrumb\",\"itemListElement\":[{\"@type\":\"ListItem\",\"position\":1,\"name\":\"Koduleht\",\"item\":\"https:\\\/\\\/motorock.eu\\\/et\\\/pealeht\\\/\"},{\"@type\":\"ListItem\",\"position\":2,\"name\":\"Pood\",\"item\":\"https:\\\/\\\/motorock.eu\\\/et\\\/pood\\\/\"},{\"@type\":\"ListItem\",\"position\":3,\"name\":\"Aku adapter 18V\u2192USB (2X)\"}]},{\"@type\":\"WebSite\",\"@id\":\"https:\\\/\\\/motorock.eu\\\/et\\\/#website\",\"url\":\"https:\\\/\\\/motorock.eu\\\/et\\\/\",\"name\":\"Motorock\",\"description\":\"Sinu elustiil, sinu teekond!\",\"publisher\":{\"@id\":\"https:\\\/\\\/motorock.eu\\\/et\\\/#organization\"},\"potentialAction\":[{\"@type\":\"SearchAction\",\"target\":{\"@type\":\"EntryPoint\",\"urlTemplate\":\"https:\\\/\\\/motorock.eu\\\/et\\\/?s={search_term_string}\"},\"query-input\":{\"@type\":\"PropertyValueSpecification\",\"valueRequired\":true,\"valueName\":\"search_term_string\"}}],\"inLanguage\":\"et\"},{\"@type\":\"Organization\",\"@id\":\"https:\\\/\\\/motorock.eu\\\/et\\\/#organization\",\"name\":\"Motorock\",\"url\":\"https:\\\/\\\/motorock.eu\\\/et\\\/\",\"logo\":{\"@type\":\"ImageObject\",\"inLanguage\":\"et\",\"@id\":\"https:\\\/\\\/motorock.eu\\\/et\\\/#\\\/schema\\\/logo\\\/image\\\/\",\"url\":\"https:\\\/\\\/motorock.eu\\\/wp-content\\\/uploads\\\/2025\\\/05\\\/Group.png\",\"contentUrl\":\"https:\\\/\\\/motorock.eu\\\/wp-content\\\/uploads\\\/2025\\\/05\\\/Group.png\",\"width\":2185,\"height\":677,\"caption\":\"Motorock\"},\"image\":{\"@id\":\"https:\\\/\\\/motorock.eu\\\/et\\\/#\\\/schema\\\/logo\\\/image\\\/\"}}]}<\/script>\n<!-- \/ Yoast SEO plugin. -->","yoast_head_json":{"title":"Aku adapter 18V\u2192USB (2X) | Motorock","robots":{"index":"index","follow":"follow","max-snippet":"max-snippet:-1","max-image-preview":"max-image-preview:large","max-video-preview":"max-video-preview:-1"},"canonical":"https:\/\/motorock.eu\/et\/toode\/aku-adapter-18v%e2%86%92usb-2x\/","og_locale":"et_EE","og_type":"article","og_title":"Aku adapter 18V\u2192USB (2X) | Motorock","og_description":"Muuda oma Makita aku akupangaks. Lae mugavalt oma telefoni v\u00f5i nutiseadet adapteri k\u00fcljes asuvast USB pesast. USB pesade v\u00e4ljundv\u00f5imsus on 2,1A, mis on sobilik ka uuemate nutiseadmete laadimiseks. Eelised Aku kaitses\u00fcsteem kaitseb akut \u00fclekoormuse, \u00fclet\u00fchjenemise ja \u00fclekuumenemise eestLihtsasti kasutatav r\u00f5hul\u00fcliti ON\/OFF t\u00fc\u00fcpi, r\u00f5huregulaator ja kaks manomeetritVasakpoolne tagatasku Li-ion aku jaoks koos akuhoidikuga. V\u00f6\u00f6klamber akuhoidiku kinnitamiseks [&hellip;]","og_url":"https:\/\/motorock.eu\/et\/toode\/aku-adapter-18v%e2%86%92usb-2x\/","og_site_name":"Motorock","article_modified_time":"2026-04-19T12:31:50+00:00","og_image":[{"width":1200,"height":675,"url":"https:\/\/motorock.eu\/wp-content\/uploads\/2025\/09\/Motorock-og-image-min.jpg","type":"image\/jpeg"}],"twitter_card":"summary_large_image","schema":{"@context":"https:\/\/schema.org","@graph":[{"@type":"WebPage","@id":"https:\/\/motorock.eu\/et\/toode\/aku-adapter-18v%e2%86%92usb-2x\/","url":"https:\/\/motorock.eu\/et\/toode\/aku-adapter-18v%e2%86%92usb-2x\/","name":"Aku adapter 18V\u2192USB (2X) | Motorock","isPartOf":{"@id":"https:\/\/motorock.eu\/et\/#website"},"primaryImageOfPage":{"@id":"https:\/\/motorock.eu\/et\/toode\/aku-adapter-18v%e2%86%92usb-2x\/#primaryimage"},"image":{"@id":"https:\/\/motorock.eu\/et\/toode\/aku-adapter-18v%e2%86%92usb-2x\/#primaryimage"},"thumbnailUrl":"https:\/\/motorock.eu\/wp-content\/uploads\/2026\/04\/ADP05_C2L0.jpg","datePublished":"2026-04-19T12:20:24+00:00","dateModified":"2026-04-19T12:31:50+00:00","breadcrumb":{"@id":"https:\/\/motorock.eu\/et\/toode\/aku-adapter-18v%e2%86%92usb-2x\/#breadcrumb"},"inLanguage":"et","potentialAction":[{"@type":"ReadAction","target":["https:\/\/motorock.eu\/et\/toode\/aku-adapter-18v%e2%86%92usb-2x\/"]}]},{"@type":"ImageObject","inLanguage":"et","@id":"https:\/\/motorock.eu\/et\/toode\/aku-adapter-18v%e2%86%92usb-2x\/#primaryimage","url":"https:\/\/motorock.eu\/wp-content\/uploads\/2026\/04\/ADP05_C2L0.jpg","contentUrl":"https:\/\/motorock.eu\/wp-content\/uploads\/2026\/04\/ADP05_C2L0.jpg","width":1000,"height":894},{"@type":"BreadcrumbList","@id":"https:\/\/motorock.eu\/et\/toode\/aku-adapter-18v%e2%86%92usb-2x\/#breadcrumb","itemListElement":[{"@type":"ListItem","position":1,"name":"Koduleht","item":"https:\/\/motorock.eu\/et\/pealeht\/"},{"@type":"ListItem","position":2,"name":"Pood","item":"https:\/\/motorock.eu\/et\/pood\/"},{"@type":"ListItem","position":3,"name":"Aku adapter 18V\u2192USB (2X)"}]},{"@type":"WebSite","@id":"https:\/\/motorock.eu\/et\/#website","url":"https:\/\/motorock.eu\/et\/","name":"Motorock","description":"Sinu elustiil, sinu teekond!","publisher":{"@id":"https:\/\/motorock.eu\/et\/#organization"},"potentialAction":[{"@type":"SearchAction","target":{"@type":"EntryPoint","urlTemplate":"https:\/\/motorock.eu\/et\/?s={search_term_string}"},"query-input":{"@type":"PropertyValueSpecification","valueRequired":true,"valueName":"search_term_string"}}],"inLanguage":"et"},{"@type":"Organization","@id":"https:\/\/motorock.eu\/et\/#organization","name":"Motorock","url":"https:\/\/motorock.eu\/et\/","logo":{"@type":"ImageObject","inLanguage":"et","@id":"https:\/\/motorock.eu\/et\/#\/schema\/logo\/image\/","url":"https:\/\/motorock.eu\/wp-content\/uploads\/2025\/05\/Group.png","contentUrl":"https:\/\/motorock.eu\/wp-content\/uploads\/2025\/05\/Group.png","width":2185,"height":677,"caption":"Motorock"},"image":{"@id":"https:\/\/motorock.eu\/et\/#\/schema\/logo\/image\/"}}]}},"_links":{"self":[{"href":"https:\/\/motorock.eu\/et\/wp-json\/wp\/v2\/product\/31036","targetHints":{"allow":["GET"]}}],"collection":[{"href":"https:\/\/motorock.eu\/et\/wp-json\/wp\/v2\/product"}],"about":[{"href":"https:\/\/motorock.eu\/et\/wp-json\/wp\/v2\/types\/product"}],"wp:featuredmedia":[{"embeddable":true,"href":"https:\/\/motorock.eu\/et\/wp-json\/wp\/v2\/media\/30157"}],"wp:attachment":[{"href":"https:\/\/motorock.eu\/et\/wp-json\/wp\/v2\/media?parent=31036"}],"wp:term":[{"taxonomy":"product_cat","embeddable":true,"href":"https:\/\/motorock.eu\/et\/wp-json\/wp\/v2\/product_cat?post=31036"},{"taxonomy":"product_tag","embeddable":true,"href":"https:\/\/motorock.eu\/et\/wp-json\/wp\/v2\/product_tag?post=31036"}],"curies":[{"name":"wp","href":"https:\/\/api.w.org\/{rel}","templated":true}]}}