{"id":31035,"date":"2026-04-19T15:20:32","date_gmt":"2026-04-19T12:20:32","guid":{"rendered":"https:\/\/motorock.eu\/product\/akupuhur-lxt\/"},"modified":"2026-04-19T15:31:50","modified_gmt":"2026-04-19T12:31:50","slug":"akupuhur-lxt","status":"publish","type":"product","link":"https:\/\/motorock.eu\/et\/toode\/akupuhur-lxt\/","title":{"rendered":"Akupuhur LXT\u00ae"},"content":{"rendered":"<p>Kompaktne ja kerge akupuhur  <\/p>\n<p>Mugav abivahend t\u00f6\u00f6riistade, puuraukude, filtrite jms puhastamiseks. Kaasas 5 erinevat otsikut. DAS180 saab kasutada ka t\u00e4ispuhutavate m\u00e4nguasjade, sisekummide, m\u00e4ngubasseinide ja muu t\u00e4ispuhumiseks v\u00f5i t\u00fchjendamiseks. Akupuhuril on LED-t\u00f6\u00f6tuli eel- ja j\u00e4relh\u00f5\u00f5gumisfunktsiooniga. Aku ja laadija m\u00fc\u00fcakse eraldi.      <\/p>\n<h3>Eelised<\/h3>\n<p>4-astmeline \u00f5huhulga valik vastavalt vajadusele<br \/>Aku kaitses\u00fcsteem l\u00fclitab automaatselt voolu v\u00e4lja, kui aku tase on madal<br \/>Kauakestev ja hooldusvaba harjavaba mootor<br \/>P\u00e4\u00e4stikust reguleeritavad p\u00f6\u00f6rded<\/p>\n<p><\/p>\n<h3>Tehnilised andmed<\/h3>\n<p>Pinge LXT;1<br \/>Aku nominaalpinge;18 v<br \/>Harjateta mootor;1<br \/>Maks. \u00f5hu kiirus;200 m\/sec<br \/>Puhumisj\u00f5ud;1,1 \/ 1,7 \/ 2,3 \/ 2,8 N<br \/>Maks. voolukiirus;0,6 \/ 0,8 \/ 1,0 \/ 1,1 m\u00b3\/min<br \/>Pidev kasutamine, 18V \/ 6 Ah aku;55 \/ 30 \/ 20 \/ 15 min<br \/>Heliv\u00f5imsuse tase (<sub>LWA<\/sub>);90 dB(A)<br \/>Helir\u00f5hu tase (<sub>LpA<\/sub>);82 dB(A)<br \/>M\u00e4\u00e4ramatu m\u00fcra (K faktor);3 dB(A)<br \/>Toote kaal koos akuga;1,2 - 1,7 kg<br \/>Toote m\u00f5\u00f5dud (P x L x K);179 x 92 x 297 mm<br \/>Akukeemia ;Li-ion<br \/>Maks.alar\u00f5hk;103 mbar<br \/>Maks. r\u00f5hk;0,297 bar<br \/>Taask\u00e4ivitumist takistav funktsioon (NVR l\u00fcliti);1<br \/>Vibratsioonitase, ilma koormuseta;\u2264 2,5 m\/sec\u00b2<br \/>M\u00e4\u00e4ramatu m\u00fcra (K faktor), ilma koormuseta;1,5 m\/sec\u00b2   <\/p>\n","protected":false},"excerpt":{"rendered":"<p>18V - 200 m\/s - 1,1 m\u00b3\/min<\/p>\n","protected":false},"featured_media":30186,"template":"","meta":{"_acf_changed":false},"product_cat":[1205],"product_tag":[],"class_list":{"0":"post-31035","1":"product","2":"type-product","3":"status-publish","4":"has-post-thumbnail","6":"product_cat-tooriistad-ja-hooldus","7":"pa_brand-makita","9":"first","10":"instock","11":"taxable","12":"shipping-taxable","13":"purchasable","14":"product-type-simple","swatches":"rey-swatches","show_selected":""},"acf":[],"yoast_head":"<!-- This site is optimized with the Yoast SEO plugin v27.4 - https:\/\/yoast.com\/product\/yoast-seo-wordpress\/ -->\n<title>Akupuhur LXT\u00ae | Motorock<\/title>\n<meta name=\"robots\" content=\"index, follow, max-snippet:-1, max-image-preview:large, max-video-preview:-1\" \/>\n<link rel=\"canonical\" href=\"https:\/\/motorock.eu\/et\/toode\/akupuhur-lxt\/\" \/>\n<meta property=\"og:locale\" content=\"et_EE\" \/>\n<meta property=\"og:type\" content=\"article\" \/>\n<meta property=\"og:title\" content=\"Akupuhur LXT\u00ae | Motorock\" \/>\n<meta property=\"og:description\" content=\"18V - 200 m\/s - 1,1 m\u00b3\/min\" \/>\n<meta property=\"og:url\" content=\"https:\/\/motorock.eu\/et\/toode\/akupuhur-lxt\/\" \/>\n<meta property=\"og:site_name\" content=\"Motorock\" \/>\n<meta property=\"article:modified_time\" content=\"2026-04-19T12:31:50+00:00\" \/>\n<meta property=\"og:image\" content=\"https:\/\/motorock.eu\/wp-content\/uploads\/2025\/09\/Motorock-og-image-min.jpg\" \/>\n\t<meta property=\"og:image:width\" content=\"1200\" \/>\n\t<meta property=\"og:image:height\" content=\"675\" \/>\n\t<meta property=\"og:image:type\" content=\"image\/jpeg\" \/>\n<meta name=\"twitter:card\" content=\"summary_large_image\" \/>\n<meta name=\"twitter:label1\" content=\"Est. reading time\" \/>\n\t<meta name=\"twitter:data1\" content=\"1 minut\" \/>\n<script type=\"application\/ld+json\" class=\"yoast-schema-graph\">{\"@context\":\"https:\\\/\\\/schema.org\",\"@graph\":[{\"@type\":\"WebPage\",\"@id\":\"https:\\\/\\\/motorock.eu\\\/et\\\/toode\\\/akupuhur-lxt\\\/\",\"url\":\"https:\\\/\\\/motorock.eu\\\/et\\\/toode\\\/akupuhur-lxt\\\/\",\"name\":\"Akupuhur LXT\u00ae | Motorock\",\"isPartOf\":{\"@id\":\"https:\\\/\\\/motorock.eu\\\/et\\\/#website\"},\"primaryImageOfPage\":{\"@id\":\"https:\\\/\\\/motorock.eu\\\/et\\\/toode\\\/akupuhur-lxt\\\/#primaryimage\"},\"image\":{\"@id\":\"https:\\\/\\\/motorock.eu\\\/et\\\/toode\\\/akupuhur-lxt\\\/#primaryimage\"},\"thumbnailUrl\":\"https:\\\/\\\/motorock.eu\\\/wp-content\\\/uploads\\\/2026\\\/04\\\/DAS180_C2L0.jpg\",\"datePublished\":\"2026-04-19T12:20:32+00:00\",\"dateModified\":\"2026-04-19T12:31:50+00:00\",\"breadcrumb\":{\"@id\":\"https:\\\/\\\/motorock.eu\\\/et\\\/toode\\\/akupuhur-lxt\\\/#breadcrumb\"},\"inLanguage\":\"et\",\"potentialAction\":[{\"@type\":\"ReadAction\",\"target\":[\"https:\\\/\\\/motorock.eu\\\/et\\\/toode\\\/akupuhur-lxt\\\/\"]}]},{\"@type\":\"ImageObject\",\"inLanguage\":\"et\",\"@id\":\"https:\\\/\\\/motorock.eu\\\/et\\\/toode\\\/akupuhur-lxt\\\/#primaryimage\",\"url\":\"https:\\\/\\\/motorock.eu\\\/wp-content\\\/uploads\\\/2026\\\/04\\\/DAS180_C2L0.jpg\",\"contentUrl\":\"https:\\\/\\\/motorock.eu\\\/wp-content\\\/uploads\\\/2026\\\/04\\\/DAS180_C2L0.jpg\",\"width\":587,\"height\":1000},{\"@type\":\"BreadcrumbList\",\"@id\":\"https:\\\/\\\/motorock.eu\\\/et\\\/toode\\\/akupuhur-lxt\\\/#breadcrumb\",\"itemListElement\":[{\"@type\":\"ListItem\",\"position\":1,\"name\":\"Koduleht\",\"item\":\"https:\\\/\\\/motorock.eu\\\/et\\\/pealeht\\\/\"},{\"@type\":\"ListItem\",\"position\":2,\"name\":\"Pood\",\"item\":\"https:\\\/\\\/motorock.eu\\\/et\\\/pood\\\/\"},{\"@type\":\"ListItem\",\"position\":3,\"name\":\"Akupuhur LXT\u00ae\"}]},{\"@type\":\"WebSite\",\"@id\":\"https:\\\/\\\/motorock.eu\\\/et\\\/#website\",\"url\":\"https:\\\/\\\/motorock.eu\\\/et\\\/\",\"name\":\"Motorock\",\"description\":\"Sinu elustiil, sinu teekond!\",\"publisher\":{\"@id\":\"https:\\\/\\\/motorock.eu\\\/et\\\/#organization\"},\"potentialAction\":[{\"@type\":\"SearchAction\",\"target\":{\"@type\":\"EntryPoint\",\"urlTemplate\":\"https:\\\/\\\/motorock.eu\\\/et\\\/?s={search_term_string}\"},\"query-input\":{\"@type\":\"PropertyValueSpecification\",\"valueRequired\":true,\"valueName\":\"search_term_string\"}}],\"inLanguage\":\"et\"},{\"@type\":\"Organization\",\"@id\":\"https:\\\/\\\/motorock.eu\\\/et\\\/#organization\",\"name\":\"Motorock\",\"url\":\"https:\\\/\\\/motorock.eu\\\/et\\\/\",\"logo\":{\"@type\":\"ImageObject\",\"inLanguage\":\"et\",\"@id\":\"https:\\\/\\\/motorock.eu\\\/et\\\/#\\\/schema\\\/logo\\\/image\\\/\",\"url\":\"https:\\\/\\\/motorock.eu\\\/wp-content\\\/uploads\\\/2025\\\/05\\\/Group.png\",\"contentUrl\":\"https:\\\/\\\/motorock.eu\\\/wp-content\\\/uploads\\\/2025\\\/05\\\/Group.png\",\"width\":2185,\"height\":677,\"caption\":\"Motorock\"},\"image\":{\"@id\":\"https:\\\/\\\/motorock.eu\\\/et\\\/#\\\/schema\\\/logo\\\/image\\\/\"}}]}<\/script>\n<!-- \/ Yoast SEO plugin. -->","yoast_head_json":{"title":"Akupuhur LXT\u00ae | Motorock","robots":{"index":"index","follow":"follow","max-snippet":"max-snippet:-1","max-image-preview":"max-image-preview:large","max-video-preview":"max-video-preview:-1"},"canonical":"https:\/\/motorock.eu\/et\/toode\/akupuhur-lxt\/","og_locale":"et_EE","og_type":"article","og_title":"Akupuhur LXT\u00ae | Motorock","og_description":"18V - 200 m\/s - 1,1 m\u00b3\/min","og_url":"https:\/\/motorock.eu\/et\/toode\/akupuhur-lxt\/","og_site_name":"Motorock","article_modified_time":"2026-04-19T12:31:50+00:00","og_image":[{"width":1200,"height":675,"url":"https:\/\/motorock.eu\/wp-content\/uploads\/2025\/09\/Motorock-og-image-min.jpg","type":"image\/jpeg"}],"twitter_card":"summary_large_image","twitter_misc":{"Est. reading time":"1 minut"},"schema":{"@context":"https:\/\/schema.org","@graph":[{"@type":"WebPage","@id":"https:\/\/motorock.eu\/et\/toode\/akupuhur-lxt\/","url":"https:\/\/motorock.eu\/et\/toode\/akupuhur-lxt\/","name":"Akupuhur LXT\u00ae | Motorock","isPartOf":{"@id":"https:\/\/motorock.eu\/et\/#website"},"primaryImageOfPage":{"@id":"https:\/\/motorock.eu\/et\/toode\/akupuhur-lxt\/#primaryimage"},"image":{"@id":"https:\/\/motorock.eu\/et\/toode\/akupuhur-lxt\/#primaryimage"},"thumbnailUrl":"https:\/\/motorock.eu\/wp-content\/uploads\/2026\/04\/DAS180_C2L0.jpg","datePublished":"2026-04-19T12:20:32+00:00","dateModified":"2026-04-19T12:31:50+00:00","breadcrumb":{"@id":"https:\/\/motorock.eu\/et\/toode\/akupuhur-lxt\/#breadcrumb"},"inLanguage":"et","potentialAction":[{"@type":"ReadAction","target":["https:\/\/motorock.eu\/et\/toode\/akupuhur-lxt\/"]}]},{"@type":"ImageObject","inLanguage":"et","@id":"https:\/\/motorock.eu\/et\/toode\/akupuhur-lxt\/#primaryimage","url":"https:\/\/motorock.eu\/wp-content\/uploads\/2026\/04\/DAS180_C2L0.jpg","contentUrl":"https:\/\/motorock.eu\/wp-content\/uploads\/2026\/04\/DAS180_C2L0.jpg","width":587,"height":1000},{"@type":"BreadcrumbList","@id":"https:\/\/motorock.eu\/et\/toode\/akupuhur-lxt\/#breadcrumb","itemListElement":[{"@type":"ListItem","position":1,"name":"Koduleht","item":"https:\/\/motorock.eu\/et\/pealeht\/"},{"@type":"ListItem","position":2,"name":"Pood","item":"https:\/\/motorock.eu\/et\/pood\/"},{"@type":"ListItem","position":3,"name":"Akupuhur LXT\u00ae"}]},{"@type":"WebSite","@id":"https:\/\/motorock.eu\/et\/#website","url":"https:\/\/motorock.eu\/et\/","name":"Motorock","description":"Sinu elustiil, sinu teekond!","publisher":{"@id":"https:\/\/motorock.eu\/et\/#organization"},"potentialAction":[{"@type":"SearchAction","target":{"@type":"EntryPoint","urlTemplate":"https:\/\/motorock.eu\/et\/?s={search_term_string}"},"query-input":{"@type":"PropertyValueSpecification","valueRequired":true,"valueName":"search_term_string"}}],"inLanguage":"et"},{"@type":"Organization","@id":"https:\/\/motorock.eu\/et\/#organization","name":"Motorock","url":"https:\/\/motorock.eu\/et\/","logo":{"@type":"ImageObject","inLanguage":"et","@id":"https:\/\/motorock.eu\/et\/#\/schema\/logo\/image\/","url":"https:\/\/motorock.eu\/wp-content\/uploads\/2025\/05\/Group.png","contentUrl":"https:\/\/motorock.eu\/wp-content\/uploads\/2025\/05\/Group.png","width":2185,"height":677,"caption":"Motorock"},"image":{"@id":"https:\/\/motorock.eu\/et\/#\/schema\/logo\/image\/"}}]}},"_links":{"self":[{"href":"https:\/\/motorock.eu\/et\/wp-json\/wp\/v2\/product\/31035","targetHints":{"allow":["GET"]}}],"collection":[{"href":"https:\/\/motorock.eu\/et\/wp-json\/wp\/v2\/product"}],"about":[{"href":"https:\/\/motorock.eu\/et\/wp-json\/wp\/v2\/types\/product"}],"wp:featuredmedia":[{"embeddable":true,"href":"https:\/\/motorock.eu\/et\/wp-json\/wp\/v2\/media\/30186"}],"wp:attachment":[{"href":"https:\/\/motorock.eu\/et\/wp-json\/wp\/v2\/media?parent=31035"}],"wp:term":[{"taxonomy":"product_cat","embeddable":true,"href":"https:\/\/motorock.eu\/et\/wp-json\/wp\/v2\/product_cat?post=31035"},{"taxonomy":"product_tag","embeddable":true,"href":"https:\/\/motorock.eu\/et\/wp-json\/wp\/v2\/product_tag?post=31035"}],"curies":[{"name":"wp","href":"https:\/\/api.w.org\/{rel}","templated":true}]}}