{"id":31030,"date":"2026-04-19T15:20:53","date_gmt":"2026-04-19T12:20:53","guid":{"rendered":"https:\/\/motorock.eu\/product\/akukruvikeeraja\/"},"modified":"2026-04-19T15:31:50","modified_gmt":"2026-04-19T12:31:50","slug":"akukruvikeeraja","status":"publish","type":"product","link":"https:\/\/motorock.eu\/et\/toode\/akukruvikeeraja\/","title":{"rendered":"Akukruvikeeraja"},"content":{"rendered":"<p>Kompaktne 1\/4&#8243; sisekuuskant kiirpadrun<\/p>\n<p>Kasutatav nii sirge kui p\u00fcstoli kujulisena. 21 t\u00e4pset pingutusmomendi asendit (alates 0,3 - 3,0Nm). Auto-stop sidur - mootor peatub automaatselt peale m\u00e4\u00e4ratud momendi saavutamist.  <\/p>\n<h3>Eelised<\/h3>\n<p>Aku kaitses\u00fcsteem l\u00fclitab automaatselt voolu v\u00e4lja, kui aku tase on madal<br \/>Autostop 5-12Nm<br \/>Ideaalne kitsastes ruumides ja herne kohal t\u00f6\u00f6tamiseks<br \/>K\u00e4epideme kummist kate tagab kindla t\u00f6\u00f6haarde<br \/>Kompaktne 1\/4 \" sisekuuskant kiirpadrun<br \/>LED-valgus valgustamaks t\u00f6\u00f6kohta<\/p>\n<p><\/p>\n<h3>Tehnilised andmed<\/h3>\n<p>Aku nominaalpinge;7,2 v<br \/>Akukeemia ;Li-ion<br \/>P\u00f6\u00f6retearv;0 - 200 \/ 0 - 650 min-\u00b9<br \/> Maks. p\u00f6\u00f6rdemoment kinnitamisel (k\u00f5va\/pehme);5,6 \/ 3,6 Nm<br \/>Siduri astmed;21<br \/>Maks. p\u00f6\u00f6rdemoment;11 Nm<br \/>Maks. l\u00e4bim\u00f5\u00f5t terases;5 mm<br \/>Maks. l\u00e4bim\u00f5\u00f5t puidus;6 mm<br \/>Maks. l\u00e4bim\u00f5\u00f5t puidus (Tigu bit);6 mm<br \/>Maks. l\u00e4bim\u00f5\u00f5t puidus (Isetoiteots);12 mm<br \/>Spindel;1\/4 \"<br \/>Helir\u00f5hu tase (<sub>LpA<\/sub>);\u2264 70 dB(A)<br \/>M\u00e4\u00e4ramatu m\u00fcra (K faktor);3 dB(A)<br \/>Toote kaal koos akuga;0,54 kg<br \/>Toote m\u00f5\u00f5dud (P x L x K);115 x 125 x 64 mm<br \/>M\u00f5\u00f5dud kokkupakitult;218 x 44 x 142 mm<br \/>Vibratsioonitase, metalli puurimisel;\u2264 2,5 m\/sec\u00b2<br \/>M\u00e4\u00e4ramatu m\u00fcra (K faktor), metalli puurimisel;1,5 m\/sec\u00b2      <\/p>\n","protected":false},"excerpt":{"rendered":"<p>7,2V Li-ion<\/p>\n","protected":false},"featured_media":30283,"template":"","meta":{"_acf_changed":false},"product_cat":[1205],"product_tag":[],"class_list":{"0":"post-31030","1":"product","2":"type-product","3":"status-publish","4":"has-post-thumbnail","6":"product_cat-tooriistad-ja-hooldus","7":"pa_brand-makita","9":"first","10":"instock","11":"taxable","12":"shipping-taxable","13":"purchasable","14":"product-type-simple","swatches":"rey-swatches","show_selected":""},"acf":[],"yoast_head":"<!-- This site is optimized with the Yoast SEO plugin v27.4 - https:\/\/yoast.com\/product\/yoast-seo-wordpress\/ -->\n<title>Akukruvikeeraja | Motorock<\/title>\n<meta name=\"robots\" content=\"index, follow, max-snippet:-1, max-image-preview:large, max-video-preview:-1\" \/>\n<link rel=\"canonical\" href=\"https:\/\/motorock.eu\/et\/toode\/akukruvikeeraja\/\" \/>\n<meta property=\"og:locale\" content=\"et_EE\" \/>\n<meta property=\"og:type\" content=\"article\" \/>\n<meta property=\"og:title\" content=\"Akukruvikeeraja | Motorock\" \/>\n<meta property=\"og:description\" content=\"7,2V Li-ion\" \/>\n<meta property=\"og:url\" content=\"https:\/\/motorock.eu\/et\/toode\/akukruvikeeraja\/\" \/>\n<meta property=\"og:site_name\" content=\"Motorock\" \/>\n<meta property=\"article:modified_time\" content=\"2026-04-19T12:31:50+00:00\" \/>\n<meta property=\"og:image\" content=\"https:\/\/motorock.eu\/wp-content\/uploads\/2025\/09\/Motorock-og-image-min.jpg\" \/>\n\t<meta property=\"og:image:width\" content=\"1200\" \/>\n\t<meta property=\"og:image:height\" content=\"675\" \/>\n\t<meta property=\"og:image:type\" content=\"image\/jpeg\" \/>\n<meta name=\"twitter:card\" content=\"summary_large_image\" \/>\n<meta name=\"twitter:label1\" content=\"Est. reading time\" \/>\n\t<meta name=\"twitter:data1\" content=\"1 minut\" \/>\n<script type=\"application\/ld+json\" class=\"yoast-schema-graph\">{\"@context\":\"https:\\\/\\\/schema.org\",\"@graph\":[{\"@type\":\"WebPage\",\"@id\":\"https:\\\/\\\/motorock.eu\\\/et\\\/toode\\\/akukruvikeeraja\\\/\",\"url\":\"https:\\\/\\\/motorock.eu\\\/et\\\/toode\\\/akukruvikeeraja\\\/\",\"name\":\"Akukruvikeeraja | Motorock\",\"isPartOf\":{\"@id\":\"https:\\\/\\\/motorock.eu\\\/et\\\/#website\"},\"primaryImageOfPage\":{\"@id\":\"https:\\\/\\\/motorock.eu\\\/et\\\/toode\\\/akukruvikeeraja\\\/#primaryimage\"},\"image\":{\"@id\":\"https:\\\/\\\/motorock.eu\\\/et\\\/toode\\\/akukruvikeeraja\\\/#primaryimage\"},\"thumbnailUrl\":\"https:\\\/\\\/motorock.eu\\\/wp-content\\\/uploads\\\/2026\\\/04\\\/DF012DSJ_C2L0.jpg\",\"datePublished\":\"2026-04-19T12:20:53+00:00\",\"dateModified\":\"2026-04-19T12:31:50+00:00\",\"breadcrumb\":{\"@id\":\"https:\\\/\\\/motorock.eu\\\/et\\\/toode\\\/akukruvikeeraja\\\/#breadcrumb\"},\"inLanguage\":\"et\",\"potentialAction\":[{\"@type\":\"ReadAction\",\"target\":[\"https:\\\/\\\/motorock.eu\\\/et\\\/toode\\\/akukruvikeeraja\\\/\"]}]},{\"@type\":\"ImageObject\",\"inLanguage\":\"et\",\"@id\":\"https:\\\/\\\/motorock.eu\\\/et\\\/toode\\\/akukruvikeeraja\\\/#primaryimage\",\"url\":\"https:\\\/\\\/motorock.eu\\\/wp-content\\\/uploads\\\/2026\\\/04\\\/DF012DSJ_C2L0.jpg\",\"contentUrl\":\"https:\\\/\\\/motorock.eu\\\/wp-content\\\/uploads\\\/2026\\\/04\\\/DF012DSJ_C2L0.jpg\",\"width\":1000,\"height\":772},{\"@type\":\"BreadcrumbList\",\"@id\":\"https:\\\/\\\/motorock.eu\\\/et\\\/toode\\\/akukruvikeeraja\\\/#breadcrumb\",\"itemListElement\":[{\"@type\":\"ListItem\",\"position\":1,\"name\":\"Koduleht\",\"item\":\"https:\\\/\\\/motorock.eu\\\/et\\\/pealeht\\\/\"},{\"@type\":\"ListItem\",\"position\":2,\"name\":\"Pood\",\"item\":\"https:\\\/\\\/motorock.eu\\\/et\\\/pood\\\/\"},{\"@type\":\"ListItem\",\"position\":3,\"name\":\"Akukruvikeeraja\"}]},{\"@type\":\"WebSite\",\"@id\":\"https:\\\/\\\/motorock.eu\\\/et\\\/#website\",\"url\":\"https:\\\/\\\/motorock.eu\\\/et\\\/\",\"name\":\"Motorock\",\"description\":\"Sinu elustiil, sinu teekond!\",\"publisher\":{\"@id\":\"https:\\\/\\\/motorock.eu\\\/et\\\/#organization\"},\"potentialAction\":[{\"@type\":\"SearchAction\",\"target\":{\"@type\":\"EntryPoint\",\"urlTemplate\":\"https:\\\/\\\/motorock.eu\\\/et\\\/?s={search_term_string}\"},\"query-input\":{\"@type\":\"PropertyValueSpecification\",\"valueRequired\":true,\"valueName\":\"search_term_string\"}}],\"inLanguage\":\"et\"},{\"@type\":\"Organization\",\"@id\":\"https:\\\/\\\/motorock.eu\\\/et\\\/#organization\",\"name\":\"Motorock\",\"url\":\"https:\\\/\\\/motorock.eu\\\/et\\\/\",\"logo\":{\"@type\":\"ImageObject\",\"inLanguage\":\"et\",\"@id\":\"https:\\\/\\\/motorock.eu\\\/et\\\/#\\\/schema\\\/logo\\\/image\\\/\",\"url\":\"https:\\\/\\\/motorock.eu\\\/wp-content\\\/uploads\\\/2025\\\/05\\\/Group.png\",\"contentUrl\":\"https:\\\/\\\/motorock.eu\\\/wp-content\\\/uploads\\\/2025\\\/05\\\/Group.png\",\"width\":2185,\"height\":677,\"caption\":\"Motorock\"},\"image\":{\"@id\":\"https:\\\/\\\/motorock.eu\\\/et\\\/#\\\/schema\\\/logo\\\/image\\\/\"}}]}<\/script>\n<!-- \/ Yoast SEO plugin. -->","yoast_head_json":{"title":"Akukruvikeeraja | Motorock","robots":{"index":"index","follow":"follow","max-snippet":"max-snippet:-1","max-image-preview":"max-image-preview:large","max-video-preview":"max-video-preview:-1"},"canonical":"https:\/\/motorock.eu\/et\/toode\/akukruvikeeraja\/","og_locale":"et_EE","og_type":"article","og_title":"Akukruvikeeraja | Motorock","og_description":"7,2V Li-ion","og_url":"https:\/\/motorock.eu\/et\/toode\/akukruvikeeraja\/","og_site_name":"Motorock","article_modified_time":"2026-04-19T12:31:50+00:00","og_image":[{"width":1200,"height":675,"url":"https:\/\/motorock.eu\/wp-content\/uploads\/2025\/09\/Motorock-og-image-min.jpg","type":"image\/jpeg"}],"twitter_card":"summary_large_image","twitter_misc":{"Est. reading time":"1 minut"},"schema":{"@context":"https:\/\/schema.org","@graph":[{"@type":"WebPage","@id":"https:\/\/motorock.eu\/et\/toode\/akukruvikeeraja\/","url":"https:\/\/motorock.eu\/et\/toode\/akukruvikeeraja\/","name":"Akukruvikeeraja | Motorock","isPartOf":{"@id":"https:\/\/motorock.eu\/et\/#website"},"primaryImageOfPage":{"@id":"https:\/\/motorock.eu\/et\/toode\/akukruvikeeraja\/#primaryimage"},"image":{"@id":"https:\/\/motorock.eu\/et\/toode\/akukruvikeeraja\/#primaryimage"},"thumbnailUrl":"https:\/\/motorock.eu\/wp-content\/uploads\/2026\/04\/DF012DSJ_C2L0.jpg","datePublished":"2026-04-19T12:20:53+00:00","dateModified":"2026-04-19T12:31:50+00:00","breadcrumb":{"@id":"https:\/\/motorock.eu\/et\/toode\/akukruvikeeraja\/#breadcrumb"},"inLanguage":"et","potentialAction":[{"@type":"ReadAction","target":["https:\/\/motorock.eu\/et\/toode\/akukruvikeeraja\/"]}]},{"@type":"ImageObject","inLanguage":"et","@id":"https:\/\/motorock.eu\/et\/toode\/akukruvikeeraja\/#primaryimage","url":"https:\/\/motorock.eu\/wp-content\/uploads\/2026\/04\/DF012DSJ_C2L0.jpg","contentUrl":"https:\/\/motorock.eu\/wp-content\/uploads\/2026\/04\/DF012DSJ_C2L0.jpg","width":1000,"height":772},{"@type":"BreadcrumbList","@id":"https:\/\/motorock.eu\/et\/toode\/akukruvikeeraja\/#breadcrumb","itemListElement":[{"@type":"ListItem","position":1,"name":"Koduleht","item":"https:\/\/motorock.eu\/et\/pealeht\/"},{"@type":"ListItem","position":2,"name":"Pood","item":"https:\/\/motorock.eu\/et\/pood\/"},{"@type":"ListItem","position":3,"name":"Akukruvikeeraja"}]},{"@type":"WebSite","@id":"https:\/\/motorock.eu\/et\/#website","url":"https:\/\/motorock.eu\/et\/","name":"Motorock","description":"Sinu elustiil, sinu teekond!","publisher":{"@id":"https:\/\/motorock.eu\/et\/#organization"},"potentialAction":[{"@type":"SearchAction","target":{"@type":"EntryPoint","urlTemplate":"https:\/\/motorock.eu\/et\/?s={search_term_string}"},"query-input":{"@type":"PropertyValueSpecification","valueRequired":true,"valueName":"search_term_string"}}],"inLanguage":"et"},{"@type":"Organization","@id":"https:\/\/motorock.eu\/et\/#organization","name":"Motorock","url":"https:\/\/motorock.eu\/et\/","logo":{"@type":"ImageObject","inLanguage":"et","@id":"https:\/\/motorock.eu\/et\/#\/schema\/logo\/image\/","url":"https:\/\/motorock.eu\/wp-content\/uploads\/2025\/05\/Group.png","contentUrl":"https:\/\/motorock.eu\/wp-content\/uploads\/2025\/05\/Group.png","width":2185,"height":677,"caption":"Motorock"},"image":{"@id":"https:\/\/motorock.eu\/et\/#\/schema\/logo\/image\/"}}]}},"_links":{"self":[{"href":"https:\/\/motorock.eu\/et\/wp-json\/wp\/v2\/product\/31030","targetHints":{"allow":["GET"]}}],"collection":[{"href":"https:\/\/motorock.eu\/et\/wp-json\/wp\/v2\/product"}],"about":[{"href":"https:\/\/motorock.eu\/et\/wp-json\/wp\/v2\/types\/product"}],"wp:featuredmedia":[{"embeddable":true,"href":"https:\/\/motorock.eu\/et\/wp-json\/wp\/v2\/media\/30283"}],"wp:attachment":[{"href":"https:\/\/motorock.eu\/et\/wp-json\/wp\/v2\/media?parent=31030"}],"wp:term":[{"taxonomy":"product_cat","embeddable":true,"href":"https:\/\/motorock.eu\/et\/wp-json\/wp\/v2\/product_cat?post=31030"},{"taxonomy":"product_tag","embeddable":true,"href":"https:\/\/motorock.eu\/et\/wp-json\/wp\/v2\/product_tag?post=31030"}],"curies":[{"name":"wp","href":"https:\/\/api.w.org\/{rel}","templated":true}]}}