{"id":31026,"date":"2026-04-19T15:21:10","date_gmt":"2026-04-19T12:21:10","guid":{"rendered":"https:\/\/motorock.eu\/product\/akusurvepesur-lxt\/"},"modified":"2026-04-19T15:31:51","modified_gmt":"2026-04-19T12:31:51","slug":"akusurvepesur-lxt","status":"publish","type":"product","link":"https:\/\/motorock.eu\/et\/toode\/akusurvepesur-lxt\/","title":{"rendered":"Akusurvepesur LXT\u00ae"},"content":{"rendered":"<p>Lihtsasti k\u00e4sitsetav p\u00fcstolikujuline 18V LXT\u00ae survepesur, mis sobib kergemateks puhastust\u00f6\u00f6deks nii t\u00f6\u00f6platsidel kui ka kodumajapidamistes.  <\/p>\n<p>Kergekaaluline ja lihtsalt k\u00e4sitsetav LXT\u00ae survepesur on ideaalne igap\u00e4evaste puhast\u00f6\u00f6de teostamiseks. N\u00e4iteks nagu autode, automattide, jalgrataste ja teiste vahe- v\u00f5i sisetingimustes olevate esemete pesemiseks. Samuti ka taimede kastmiseks. Normaalr\u00f5hk 20-24 bar on piisav surve kergemateks t\u00f6\u00f6deks. Pesuril on kaks t\u00f6\u00f6re\u017eiimi: k\u00f5rge ja madal. Pesuri otsikul on 5 erinevat puhastusre\u017eiimi muudmise valikut. Komplektis on iset\u00e4ituv imuvoolik. Aku ja laadija ei kuulu komplekti.         <\/p>\n<p>18V LXT\u00ae akusurvepesur DHW180 sobib ideaalselt nii t\u00f6\u00f6platsidele kui ka koduseks kasutamiseks. Kompaktne ja kerge kaaluga p\u00fcstolikujuline survepesur on lihtsasti k\u00e4sitsetav samas piisava survega, et edukalt kergemaid puhastust\u00f6id teostada.   <br \/>Surve 20-24 bar on piisav igap\u00e4evat\u00f6\u00f6deks, tagades alati puhtad pinnad. T\u00f6\u00f6 veevoolu kiirus on 2,5 L\/min. Kompaktne disain annab eelise suurem\u00f5\u00f5duliste k\u00f5rgsurvepesurite ees, pakkudes paremat transporditavust ja hoiustamist.    <\/p>\n<p>Veeimemisfunktsioon v\u00f5imaldab vooliku otse \u00fchendada veereservuaariga, tehes seadme ideaalseks kasutamiseks kohtades, kus veev\u00f5rk pole h\u00f5lpsasti k\u00e4ttesaadav. Maksimaalne imemisk\u00f5rgus on 2 meetrit ja minimaalne veetase v\u00f5ib olla ka vaid 25 mm, mist\u00f5ttu on survepesuril laialdane kasutusulatus. <\/p>\n<p>DHW180-l on kaks v\u00f5imsusre\u017eiimi, mille vahel saab valida vastavalt teostatava t\u00f6\u00f6 iseloomule. K\u00f5rge re\u017eiim sobib erinevateks puhastust\u00f6\u00f6deks, madal re\u017eiim sobib kasutusotstarbeks, mis vajavad madalamat veesurvet. N\u00e4iteks nagu taimede kerge kastmine. Innovatiivse 5-\u00fches otsiku abil saab puhastusre\u017eiime mugavalt vahetada, keerates otsikupea soovitud seadistusele.   <\/p>\n<p>Sisseehitatud aku laetuse indikaator annab m\u00e4rku, kui aku tase on madal v\u00f5i aku on t\u00fchi, aidates planeerida t\u00f6\u00f6aega ja v\u00e4ltida t\u00f6\u00f6 katkestusi. Seade on veekindel ja \u00fchildub XPT s\u00fcsteemiga. <\/p>\n<p><\/p>\n<h3>Eelised<\/h3>\n<p>Extreme Protection Technology (XPT), mis on loodud suurema tolmu- ja veekindluse tagamiseks rasketes t\u00f6\u00f6tingimustes.<br \/>Kaks v\u00f5imsusre\u017eiimi. (k\u00f5rge\/madal)<br \/>Kompaktselt hoiustatav.<br \/>Isevoolav t\u00f6\u00f6 veemahutist on v\u00f5imalik, \u00fchendades kaasasoleva vooliku t\u00f6\u00f6riistaga<br \/>Suurep\u00e4rane transporditavus. <\/p>\n<p><\/p>\n<h3>Tehnilised andmed<\/h3>\n<p>Pinge LXT;1<br \/>Aku nominaalpinge;18 v<br \/>Akukeemia ;Li-ion<br \/>Maks. sisendvee temperatuur;40 \u00b0C<br \/>Imemiss\u00fcgavus;2 m<br \/>Maks. r\u00f5hk;24 bar<br \/>T\u00f6\u00f6r\u00f5hk;8 - 24 bar<br \/>Maks. sisendr\u00f5hk;5 bar<br \/>Pidev kasutamine, 18 V \/ 3 Ah aku;18 \/ 50 min<br \/>Pidev kasutamine, 18 V \/ 5 Ah aku;30 \/ 83 min<br \/>Toote kaal;2,0 kg<br \/>Toote kaal koos akuga;2,3 - 2,7 kg<br \/>Toote m\u00f5\u00f5dud (P x L x K);419 - 888 x 99 x 239 mm<br \/>Vooliku pikkus;6 m<br \/>Maks. voolukiirus;5,3 l\/min    <\/p>\n","protected":false},"excerpt":{"rendered":"<p>18V - 24 baari<\/p>\n","protected":false},"featured_media":30357,"template":"","meta":{"_acf_changed":false},"product_cat":[1205],"product_tag":[],"class_list":{"0":"post-31026","1":"product","2":"type-product","3":"status-publish","4":"has-post-thumbnail","6":"product_cat-tooriistad-ja-hooldus","7":"pa_brand-makita","9":"first","10":"instock","11":"taxable","12":"shipping-taxable","13":"purchasable","14":"product-type-simple","swatches":"rey-swatches","show_selected":""},"acf":[],"yoast_head":"<!-- This site is optimized with the Yoast SEO plugin v27.4 - https:\/\/yoast.com\/product\/yoast-seo-wordpress\/ -->\n<title>Akusurvepesur LXT\u00ae | Motorock<\/title>\n<meta name=\"robots\" content=\"index, follow, max-snippet:-1, max-image-preview:large, max-video-preview:-1\" \/>\n<link rel=\"canonical\" href=\"https:\/\/motorock.eu\/et\/toode\/akusurvepesur-lxt\/\" \/>\n<meta property=\"og:locale\" content=\"et_EE\" \/>\n<meta property=\"og:type\" content=\"article\" \/>\n<meta property=\"og:title\" content=\"Akusurvepesur LXT\u00ae | Motorock\" \/>\n<meta property=\"og:description\" content=\"18V - 24 baari\" \/>\n<meta property=\"og:url\" content=\"https:\/\/motorock.eu\/et\/toode\/akusurvepesur-lxt\/\" \/>\n<meta property=\"og:site_name\" content=\"Motorock\" \/>\n<meta property=\"article:modified_time\" content=\"2026-04-19T12:31:51+00:00\" \/>\n<meta property=\"og:image\" content=\"https:\/\/motorock.eu\/wp-content\/uploads\/2025\/09\/Motorock-og-image-min.jpg\" \/>\n\t<meta property=\"og:image:width\" content=\"1200\" \/>\n\t<meta property=\"og:image:height\" content=\"675\" \/>\n\t<meta property=\"og:image:type\" content=\"image\/jpeg\" \/>\n<meta name=\"twitter:card\" content=\"summary_large_image\" \/>\n<meta name=\"twitter:label1\" content=\"Est. reading time\" \/>\n\t<meta name=\"twitter:data1\" content=\"2 minutit\" \/>\n<script type=\"application\/ld+json\" class=\"yoast-schema-graph\">{\"@context\":\"https:\\\/\\\/schema.org\",\"@graph\":[{\"@type\":\"WebPage\",\"@id\":\"https:\\\/\\\/motorock.eu\\\/et\\\/toode\\\/akusurvepesur-lxt\\\/\",\"url\":\"https:\\\/\\\/motorock.eu\\\/et\\\/toode\\\/akusurvepesur-lxt\\\/\",\"name\":\"Akusurvepesur LXT\u00ae | Motorock\",\"isPartOf\":{\"@id\":\"https:\\\/\\\/motorock.eu\\\/et\\\/#website\"},\"primaryImageOfPage\":{\"@id\":\"https:\\\/\\\/motorock.eu\\\/et\\\/toode\\\/akusurvepesur-lxt\\\/#primaryimage\"},\"image\":{\"@id\":\"https:\\\/\\\/motorock.eu\\\/et\\\/toode\\\/akusurvepesur-lxt\\\/#primaryimage\"},\"thumbnailUrl\":\"https:\\\/\\\/motorock.eu\\\/wp-content\\\/uploads\\\/2026\\\/04\\\/DHW180Z_C2L0.jpg\",\"datePublished\":\"2026-04-19T12:21:10+00:00\",\"dateModified\":\"2026-04-19T12:31:51+00:00\",\"breadcrumb\":{\"@id\":\"https:\\\/\\\/motorock.eu\\\/et\\\/toode\\\/akusurvepesur-lxt\\\/#breadcrumb\"},\"inLanguage\":\"et\",\"potentialAction\":[{\"@type\":\"ReadAction\",\"target\":[\"https:\\\/\\\/motorock.eu\\\/et\\\/toode\\\/akusurvepesur-lxt\\\/\"]}]},{\"@type\":\"ImageObject\",\"inLanguage\":\"et\",\"@id\":\"https:\\\/\\\/motorock.eu\\\/et\\\/toode\\\/akusurvepesur-lxt\\\/#primaryimage\",\"url\":\"https:\\\/\\\/motorock.eu\\\/wp-content\\\/uploads\\\/2026\\\/04\\\/DHW180Z_C2L0.jpg\",\"contentUrl\":\"https:\\\/\\\/motorock.eu\\\/wp-content\\\/uploads\\\/2026\\\/04\\\/DHW180Z_C2L0.jpg\",\"width\":1000,\"height\":360},{\"@type\":\"BreadcrumbList\",\"@id\":\"https:\\\/\\\/motorock.eu\\\/et\\\/toode\\\/akusurvepesur-lxt\\\/#breadcrumb\",\"itemListElement\":[{\"@type\":\"ListItem\",\"position\":1,\"name\":\"Koduleht\",\"item\":\"https:\\\/\\\/motorock.eu\\\/et\\\/pealeht\\\/\"},{\"@type\":\"ListItem\",\"position\":2,\"name\":\"Pood\",\"item\":\"https:\\\/\\\/motorock.eu\\\/et\\\/pood\\\/\"},{\"@type\":\"ListItem\",\"position\":3,\"name\":\"Akusurvepesur LXT\u00ae\"}]},{\"@type\":\"WebSite\",\"@id\":\"https:\\\/\\\/motorock.eu\\\/et\\\/#website\",\"url\":\"https:\\\/\\\/motorock.eu\\\/et\\\/\",\"name\":\"Motorock\",\"description\":\"Sinu elustiil, sinu teekond!\",\"publisher\":{\"@id\":\"https:\\\/\\\/motorock.eu\\\/et\\\/#organization\"},\"potentialAction\":[{\"@type\":\"SearchAction\",\"target\":{\"@type\":\"EntryPoint\",\"urlTemplate\":\"https:\\\/\\\/motorock.eu\\\/et\\\/?s={search_term_string}\"},\"query-input\":{\"@type\":\"PropertyValueSpecification\",\"valueRequired\":true,\"valueName\":\"search_term_string\"}}],\"inLanguage\":\"et\"},{\"@type\":\"Organization\",\"@id\":\"https:\\\/\\\/motorock.eu\\\/et\\\/#organization\",\"name\":\"Motorock\",\"url\":\"https:\\\/\\\/motorock.eu\\\/et\\\/\",\"logo\":{\"@type\":\"ImageObject\",\"inLanguage\":\"et\",\"@id\":\"https:\\\/\\\/motorock.eu\\\/et\\\/#\\\/schema\\\/logo\\\/image\\\/\",\"url\":\"https:\\\/\\\/motorock.eu\\\/wp-content\\\/uploads\\\/2025\\\/05\\\/Group.png\",\"contentUrl\":\"https:\\\/\\\/motorock.eu\\\/wp-content\\\/uploads\\\/2025\\\/05\\\/Group.png\",\"width\":2185,\"height\":677,\"caption\":\"Motorock\"},\"image\":{\"@id\":\"https:\\\/\\\/motorock.eu\\\/et\\\/#\\\/schema\\\/logo\\\/image\\\/\"}}]}<\/script>\n<!-- \/ Yoast SEO plugin. -->","yoast_head_json":{"title":"Akusurvepesur LXT\u00ae | Motorock","robots":{"index":"index","follow":"follow","max-snippet":"max-snippet:-1","max-image-preview":"max-image-preview:large","max-video-preview":"max-video-preview:-1"},"canonical":"https:\/\/motorock.eu\/et\/toode\/akusurvepesur-lxt\/","og_locale":"et_EE","og_type":"article","og_title":"Akusurvepesur LXT\u00ae | Motorock","og_description":"18V - 24 baari","og_url":"https:\/\/motorock.eu\/et\/toode\/akusurvepesur-lxt\/","og_site_name":"Motorock","article_modified_time":"2026-04-19T12:31:51+00:00","og_image":[{"width":1200,"height":675,"url":"https:\/\/motorock.eu\/wp-content\/uploads\/2025\/09\/Motorock-og-image-min.jpg","type":"image\/jpeg"}],"twitter_card":"summary_large_image","twitter_misc":{"Est. reading time":"2 minutit"},"schema":{"@context":"https:\/\/schema.org","@graph":[{"@type":"WebPage","@id":"https:\/\/motorock.eu\/et\/toode\/akusurvepesur-lxt\/","url":"https:\/\/motorock.eu\/et\/toode\/akusurvepesur-lxt\/","name":"Akusurvepesur LXT\u00ae | Motorock","isPartOf":{"@id":"https:\/\/motorock.eu\/et\/#website"},"primaryImageOfPage":{"@id":"https:\/\/motorock.eu\/et\/toode\/akusurvepesur-lxt\/#primaryimage"},"image":{"@id":"https:\/\/motorock.eu\/et\/toode\/akusurvepesur-lxt\/#primaryimage"},"thumbnailUrl":"https:\/\/motorock.eu\/wp-content\/uploads\/2026\/04\/DHW180Z_C2L0.jpg","datePublished":"2026-04-19T12:21:10+00:00","dateModified":"2026-04-19T12:31:51+00:00","breadcrumb":{"@id":"https:\/\/motorock.eu\/et\/toode\/akusurvepesur-lxt\/#breadcrumb"},"inLanguage":"et","potentialAction":[{"@type":"ReadAction","target":["https:\/\/motorock.eu\/et\/toode\/akusurvepesur-lxt\/"]}]},{"@type":"ImageObject","inLanguage":"et","@id":"https:\/\/motorock.eu\/et\/toode\/akusurvepesur-lxt\/#primaryimage","url":"https:\/\/motorock.eu\/wp-content\/uploads\/2026\/04\/DHW180Z_C2L0.jpg","contentUrl":"https:\/\/motorock.eu\/wp-content\/uploads\/2026\/04\/DHW180Z_C2L0.jpg","width":1000,"height":360},{"@type":"BreadcrumbList","@id":"https:\/\/motorock.eu\/et\/toode\/akusurvepesur-lxt\/#breadcrumb","itemListElement":[{"@type":"ListItem","position":1,"name":"Koduleht","item":"https:\/\/motorock.eu\/et\/pealeht\/"},{"@type":"ListItem","position":2,"name":"Pood","item":"https:\/\/motorock.eu\/et\/pood\/"},{"@type":"ListItem","position":3,"name":"Akusurvepesur LXT\u00ae"}]},{"@type":"WebSite","@id":"https:\/\/motorock.eu\/et\/#website","url":"https:\/\/motorock.eu\/et\/","name":"Motorock","description":"Sinu elustiil, sinu teekond!","publisher":{"@id":"https:\/\/motorock.eu\/et\/#organization"},"potentialAction":[{"@type":"SearchAction","target":{"@type":"EntryPoint","urlTemplate":"https:\/\/motorock.eu\/et\/?s={search_term_string}"},"query-input":{"@type":"PropertyValueSpecification","valueRequired":true,"valueName":"search_term_string"}}],"inLanguage":"et"},{"@type":"Organization","@id":"https:\/\/motorock.eu\/et\/#organization","name":"Motorock","url":"https:\/\/motorock.eu\/et\/","logo":{"@type":"ImageObject","inLanguage":"et","@id":"https:\/\/motorock.eu\/et\/#\/schema\/logo\/image\/","url":"https:\/\/motorock.eu\/wp-content\/uploads\/2025\/05\/Group.png","contentUrl":"https:\/\/motorock.eu\/wp-content\/uploads\/2025\/05\/Group.png","width":2185,"height":677,"caption":"Motorock"},"image":{"@id":"https:\/\/motorock.eu\/et\/#\/schema\/logo\/image\/"}}]}},"_links":{"self":[{"href":"https:\/\/motorock.eu\/et\/wp-json\/wp\/v2\/product\/31026","targetHints":{"allow":["GET"]}}],"collection":[{"href":"https:\/\/motorock.eu\/et\/wp-json\/wp\/v2\/product"}],"about":[{"href":"https:\/\/motorock.eu\/et\/wp-json\/wp\/v2\/types\/product"}],"wp:featuredmedia":[{"embeddable":true,"href":"https:\/\/motorock.eu\/et\/wp-json\/wp\/v2\/media\/30357"}],"wp:attachment":[{"href":"https:\/\/motorock.eu\/et\/wp-json\/wp\/v2\/media?parent=31026"}],"wp:term":[{"taxonomy":"product_cat","embeddable":true,"href":"https:\/\/motorock.eu\/et\/wp-json\/wp\/v2\/product_cat?post=31026"},{"taxonomy":"product_tag","embeddable":true,"href":"https:\/\/motorock.eu\/et\/wp-json\/wp\/v2\/product_tag?post=31026"}],"curies":[{"name":"wp","href":"https:\/\/api.w.org\/{rel}","templated":true}]}}