{"id":31025,"date":"2026-04-19T15:22:00","date_gmt":"2026-04-19T12:22:00","guid":{"rendered":"https:\/\/motorock.eu\/product\/lxt-18v-akupump\/"},"modified":"2026-04-19T15:31:50","modified_gmt":"2026-04-19T12:31:50","slug":"lxt-18v-akupump","status":"publish","type":"product","link":"https:\/\/motorock.eu\/et\/toode\/lxt-18v-akupump\/","title":{"rendered":"LXT\u00ae 18V Akupump"},"content":{"rendered":"<p>Akupump 18V, LXT\u00ae, Ilma akude ja laadijata!<\/p>\n<p>Uue DMP180 akupumba toiteallikaks on 18 V pingega LXT\u00ae Li-Ion aku, mis tagab 12Vmax akult t\u00f6\u00f6tava akupumbaga v\u00f5rreldes pikema t\u00f6\u00f6aja ja suurema \u00f5hutootlikuse. Akupump on m\u00f5eldud auto-, jalgratta- ja maanteerattarehvide, samuti erinevate sportpallide ja rannapallide kiireks pumpamiseks. Aku kestvuseks: kuni 9 autorehvi (suurus 215\/60 R16), 166 jalgrattarehvi (suurus 26 tolli), 142 jalgpallipalli (suurus 5). Komplektis kaasas erinevate ventiilide adapterid. Aku ega laadija ei kuulu komplekti    <\/p>\n<p>V\u00f5imas akupump, millega saab t\u00e4ita rohkearvuliselt autode- jalgrataste-, maanteerataste rehve ja erinevaid sport- ja rannapalle. Akupumba toiteallikaks on 18V pingega LXT\u00ae Li-Ion aku, mis tagab 12Vmax akult t\u00f6\u00f6tava akupumbaga v\u00f5rreldes pikema t\u00f6\u00f6aja ja suurema \u00f5hutootlikuse. Pump seiskub soovitud eelseadistatud r\u00f5hu saavutamisel automaatset. M\u00e4lufuntsioon talletab eelnevad parameetrid j\u00e4rgmise pumpamisesessiooni tarbeks. LED lamp v\u00f5imaldab lihtsamat kasutamist pimedates oludes. Mugavalt kaasaskantav ja kergekaaluline. Kompletis kaasas erinevate ventiilide adapterid. Aku ega laadija ei kuulu komplekti.       <\/p>\n<h3>Eelised<\/h3>\n<p>Aku kaitses\u00fcsteem kaitseb akut \u00fclekoormuse, \u00fclet\u00fchjenemise ja \u00fclekuumenemise eest<br \/>LED-t\u00f6\u00f6tuli lihtsaks kasutamiseks pimedas<br \/>Masin peatub automaatselt, kui eelseadistatud sihtr\u00f5hk on saavutatud<br \/>Termostaat kaitseb masinat \u00fclekuumenemise eest<\/p>\n<p><\/p>\n<h3>Tehnilised andmed<\/h3>\n<p>Aku nominaalpinge;18 v<br \/>Pinge LXT;1<br \/>Maks. voolukiirus;12 l\/min<br \/>Maks. r\u00f5hk;8,3 bar<br \/>Vooliku pikkus;0,65 m<br \/>Helir\u00f5hu tase (<sub>LpA<\/sub>);73 dB(A)<br \/>M\u00e4\u00e4ramatu m\u00fcra (K faktor);3 dB(A)<br \/>Vibratsioonitase (3 teljel);3,6 m\/sec\u00b2<br \/>M\u00e4\u00e4ramatu vibratsioon (K faktor);1,5 m\/sec\u00b2<br \/>Toote kaal koos akuga;1,4 - 1,7 kg<br \/>Toote m\u00f5\u00f5dud (P x L x K);266 x 80 x 174 mm<br \/>Akukeemia ;Li-ion  <\/p>\n","protected":false},"excerpt":{"rendered":"<p>LXT\u00ae 18V - 8,3 bar \/ 121 psi  <\/p>\n","protected":false},"featured_media":30588,"template":"","meta":{"_acf_changed":false},"product_cat":[1205],"product_tag":[],"class_list":{"0":"post-31025","1":"product","2":"type-product","3":"status-publish","4":"has-post-thumbnail","6":"product_cat-tooriistad-ja-hooldus","7":"pa_brand-makita","9":"first","10":"instock","11":"taxable","12":"shipping-taxable","13":"purchasable","14":"product-type-simple","swatches":"rey-swatches","show_selected":""},"acf":[],"yoast_head":"<!-- This site is optimized with the Yoast SEO plugin v27.4 - https:\/\/yoast.com\/product\/yoast-seo-wordpress\/ -->\n<title>LXT\u00ae 18V Akupump | Motorock<\/title>\n<meta name=\"robots\" content=\"index, follow, max-snippet:-1, max-image-preview:large, max-video-preview:-1\" \/>\n<link rel=\"canonical\" href=\"https:\/\/motorock.eu\/et\/toode\/lxt-18v-akupump\/\" \/>\n<meta property=\"og:locale\" content=\"et_EE\" \/>\n<meta property=\"og:type\" content=\"article\" \/>\n<meta property=\"og:title\" content=\"LXT\u00ae 18V Akupump | Motorock\" \/>\n<meta property=\"og:description\" content=\"LXT\u00ae 18V - 8,3 bar \/ 121 psi\" \/>\n<meta property=\"og:url\" content=\"https:\/\/motorock.eu\/et\/toode\/lxt-18v-akupump\/\" \/>\n<meta property=\"og:site_name\" content=\"Motorock\" \/>\n<meta property=\"article:modified_time\" content=\"2026-04-19T12:31:50+00:00\" \/>\n<meta property=\"og:image\" content=\"https:\/\/motorock.eu\/wp-content\/uploads\/2025\/09\/Motorock-og-image-min.jpg\" \/>\n\t<meta property=\"og:image:width\" content=\"1200\" \/>\n\t<meta property=\"og:image:height\" content=\"675\" \/>\n\t<meta property=\"og:image:type\" content=\"image\/jpeg\" \/>\n<meta name=\"twitter:card\" content=\"summary_large_image\" \/>\n<meta name=\"twitter:label1\" content=\"Est. reading time\" \/>\n\t<meta name=\"twitter:data1\" content=\"1 minut\" \/>\n<script type=\"application\/ld+json\" class=\"yoast-schema-graph\">{\"@context\":\"https:\\\/\\\/schema.org\",\"@graph\":[{\"@type\":\"WebPage\",\"@id\":\"https:\\\/\\\/motorock.eu\\\/et\\\/toode\\\/lxt-18v-akupump\\\/\",\"url\":\"https:\\\/\\\/motorock.eu\\\/et\\\/toode\\\/lxt-18v-akupump\\\/\",\"name\":\"LXT\u00ae 18V Akupump | Motorock\",\"isPartOf\":{\"@id\":\"https:\\\/\\\/motorock.eu\\\/et\\\/#website\"},\"primaryImageOfPage\":{\"@id\":\"https:\\\/\\\/motorock.eu\\\/et\\\/toode\\\/lxt-18v-akupump\\\/#primaryimage\"},\"image\":{\"@id\":\"https:\\\/\\\/motorock.eu\\\/et\\\/toode\\\/lxt-18v-akupump\\\/#primaryimage\"},\"thumbnailUrl\":\"https:\\\/\\\/motorock.eu\\\/wp-content\\\/uploads\\\/2026\\\/04\\\/DMP180_C2L0.jpg\",\"datePublished\":\"2026-04-19T12:22:00+00:00\",\"dateModified\":\"2026-04-19T12:31:50+00:00\",\"breadcrumb\":{\"@id\":\"https:\\\/\\\/motorock.eu\\\/et\\\/toode\\\/lxt-18v-akupump\\\/#breadcrumb\"},\"inLanguage\":\"et\",\"potentialAction\":[{\"@type\":\"ReadAction\",\"target\":[\"https:\\\/\\\/motorock.eu\\\/et\\\/toode\\\/lxt-18v-akupump\\\/\"]}]},{\"@type\":\"ImageObject\",\"inLanguage\":\"et\",\"@id\":\"https:\\\/\\\/motorock.eu\\\/et\\\/toode\\\/lxt-18v-akupump\\\/#primaryimage\",\"url\":\"https:\\\/\\\/motorock.eu\\\/wp-content\\\/uploads\\\/2026\\\/04\\\/DMP180_C2L0.jpg\",\"contentUrl\":\"https:\\\/\\\/motorock.eu\\\/wp-content\\\/uploads\\\/2026\\\/04\\\/DMP180_C2L0.jpg\",\"width\":1000,\"height\":627},{\"@type\":\"BreadcrumbList\",\"@id\":\"https:\\\/\\\/motorock.eu\\\/et\\\/toode\\\/lxt-18v-akupump\\\/#breadcrumb\",\"itemListElement\":[{\"@type\":\"ListItem\",\"position\":1,\"name\":\"Koduleht\",\"item\":\"https:\\\/\\\/motorock.eu\\\/et\\\/pealeht\\\/\"},{\"@type\":\"ListItem\",\"position\":2,\"name\":\"Pood\",\"item\":\"https:\\\/\\\/motorock.eu\\\/et\\\/pood\\\/\"},{\"@type\":\"ListItem\",\"position\":3,\"name\":\"LXT\u00ae 18V Akupump\"}]},{\"@type\":\"WebSite\",\"@id\":\"https:\\\/\\\/motorock.eu\\\/et\\\/#website\",\"url\":\"https:\\\/\\\/motorock.eu\\\/et\\\/\",\"name\":\"Motorock\",\"description\":\"Sinu elustiil, sinu teekond!\",\"publisher\":{\"@id\":\"https:\\\/\\\/motorock.eu\\\/et\\\/#organization\"},\"potentialAction\":[{\"@type\":\"SearchAction\",\"target\":{\"@type\":\"EntryPoint\",\"urlTemplate\":\"https:\\\/\\\/motorock.eu\\\/et\\\/?s={search_term_string}\"},\"query-input\":{\"@type\":\"PropertyValueSpecification\",\"valueRequired\":true,\"valueName\":\"search_term_string\"}}],\"inLanguage\":\"et\"},{\"@type\":\"Organization\",\"@id\":\"https:\\\/\\\/motorock.eu\\\/et\\\/#organization\",\"name\":\"Motorock\",\"url\":\"https:\\\/\\\/motorock.eu\\\/et\\\/\",\"logo\":{\"@type\":\"ImageObject\",\"inLanguage\":\"et\",\"@id\":\"https:\\\/\\\/motorock.eu\\\/et\\\/#\\\/schema\\\/logo\\\/image\\\/\",\"url\":\"https:\\\/\\\/motorock.eu\\\/wp-content\\\/uploads\\\/2025\\\/05\\\/Group.png\",\"contentUrl\":\"https:\\\/\\\/motorock.eu\\\/wp-content\\\/uploads\\\/2025\\\/05\\\/Group.png\",\"width\":2185,\"height\":677,\"caption\":\"Motorock\"},\"image\":{\"@id\":\"https:\\\/\\\/motorock.eu\\\/et\\\/#\\\/schema\\\/logo\\\/image\\\/\"}}]}<\/script>\n<!-- \/ Yoast SEO plugin. -->","yoast_head_json":{"title":"LXT\u00ae 18V Akupump | Motorock","robots":{"index":"index","follow":"follow","max-snippet":"max-snippet:-1","max-image-preview":"max-image-preview:large","max-video-preview":"max-video-preview:-1"},"canonical":"https:\/\/motorock.eu\/et\/toode\/lxt-18v-akupump\/","og_locale":"et_EE","og_type":"article","og_title":"LXT\u00ae 18V Akupump | Motorock","og_description":"LXT\u00ae 18V - 8,3 bar \/ 121 psi","og_url":"https:\/\/motorock.eu\/et\/toode\/lxt-18v-akupump\/","og_site_name":"Motorock","article_modified_time":"2026-04-19T12:31:50+00:00","og_image":[{"width":1200,"height":675,"url":"https:\/\/motorock.eu\/wp-content\/uploads\/2025\/09\/Motorock-og-image-min.jpg","type":"image\/jpeg"}],"twitter_card":"summary_large_image","twitter_misc":{"Est. reading time":"1 minut"},"schema":{"@context":"https:\/\/schema.org","@graph":[{"@type":"WebPage","@id":"https:\/\/motorock.eu\/et\/toode\/lxt-18v-akupump\/","url":"https:\/\/motorock.eu\/et\/toode\/lxt-18v-akupump\/","name":"LXT\u00ae 18V Akupump | Motorock","isPartOf":{"@id":"https:\/\/motorock.eu\/et\/#website"},"primaryImageOfPage":{"@id":"https:\/\/motorock.eu\/et\/toode\/lxt-18v-akupump\/#primaryimage"},"image":{"@id":"https:\/\/motorock.eu\/et\/toode\/lxt-18v-akupump\/#primaryimage"},"thumbnailUrl":"https:\/\/motorock.eu\/wp-content\/uploads\/2026\/04\/DMP180_C2L0.jpg","datePublished":"2026-04-19T12:22:00+00:00","dateModified":"2026-04-19T12:31:50+00:00","breadcrumb":{"@id":"https:\/\/motorock.eu\/et\/toode\/lxt-18v-akupump\/#breadcrumb"},"inLanguage":"et","potentialAction":[{"@type":"ReadAction","target":["https:\/\/motorock.eu\/et\/toode\/lxt-18v-akupump\/"]}]},{"@type":"ImageObject","inLanguage":"et","@id":"https:\/\/motorock.eu\/et\/toode\/lxt-18v-akupump\/#primaryimage","url":"https:\/\/motorock.eu\/wp-content\/uploads\/2026\/04\/DMP180_C2L0.jpg","contentUrl":"https:\/\/motorock.eu\/wp-content\/uploads\/2026\/04\/DMP180_C2L0.jpg","width":1000,"height":627},{"@type":"BreadcrumbList","@id":"https:\/\/motorock.eu\/et\/toode\/lxt-18v-akupump\/#breadcrumb","itemListElement":[{"@type":"ListItem","position":1,"name":"Koduleht","item":"https:\/\/motorock.eu\/et\/pealeht\/"},{"@type":"ListItem","position":2,"name":"Pood","item":"https:\/\/motorock.eu\/et\/pood\/"},{"@type":"ListItem","position":3,"name":"LXT\u00ae 18V Akupump"}]},{"@type":"WebSite","@id":"https:\/\/motorock.eu\/et\/#website","url":"https:\/\/motorock.eu\/et\/","name":"Motorock","description":"Sinu elustiil, sinu teekond!","publisher":{"@id":"https:\/\/motorock.eu\/et\/#organization"},"potentialAction":[{"@type":"SearchAction","target":{"@type":"EntryPoint","urlTemplate":"https:\/\/motorock.eu\/et\/?s={search_term_string}"},"query-input":{"@type":"PropertyValueSpecification","valueRequired":true,"valueName":"search_term_string"}}],"inLanguage":"et"},{"@type":"Organization","@id":"https:\/\/motorock.eu\/et\/#organization","name":"Motorock","url":"https:\/\/motorock.eu\/et\/","logo":{"@type":"ImageObject","inLanguage":"et","@id":"https:\/\/motorock.eu\/et\/#\/schema\/logo\/image\/","url":"https:\/\/motorock.eu\/wp-content\/uploads\/2025\/05\/Group.png","contentUrl":"https:\/\/motorock.eu\/wp-content\/uploads\/2025\/05\/Group.png","width":2185,"height":677,"caption":"Motorock"},"image":{"@id":"https:\/\/motorock.eu\/et\/#\/schema\/logo\/image\/"}}]}},"_links":{"self":[{"href":"https:\/\/motorock.eu\/et\/wp-json\/wp\/v2\/product\/31025","targetHints":{"allow":["GET"]}}],"collection":[{"href":"https:\/\/motorock.eu\/et\/wp-json\/wp\/v2\/product"}],"about":[{"href":"https:\/\/motorock.eu\/et\/wp-json\/wp\/v2\/types\/product"}],"wp:featuredmedia":[{"embeddable":true,"href":"https:\/\/motorock.eu\/et\/wp-json\/wp\/v2\/media\/30588"}],"wp:attachment":[{"href":"https:\/\/motorock.eu\/et\/wp-json\/wp\/v2\/media?parent=31025"}],"wp:term":[{"taxonomy":"product_cat","embeddable":true,"href":"https:\/\/motorock.eu\/et\/wp-json\/wp\/v2\/product_cat?post=31025"},{"taxonomy":"product_tag","embeddable":true,"href":"https:\/\/motorock.eu\/et\/wp-json\/wp\/v2\/product_tag?post=31025"}],"curies":[{"name":"wp","href":"https:\/\/api.w.org\/{rel}","templated":true}]}}