{"id":31024,"date":"2026-04-19T15:22:11","date_gmt":"2026-04-19T12:22:11","guid":{"rendered":"https:\/\/motorock.eu\/product\/dmp181z-akupump-111bar-18v-lxt\/"},"modified":"2026-04-19T15:31:50","modified_gmt":"2026-04-19T12:31:50","slug":"dmp181z-akupump-111bar-18v-lxt","status":"publish","type":"product","link":"https:\/\/motorock.eu\/et\/toode\/dmp181z-akupump-111bar-18v-lxt\/","title":{"rendered":"DMP181Z Akupump 11,1bar , 18V LXT\u00ae"},"content":{"rendered":"<p>V\u00f5imas akupump sobib auto- ja rattarehvide jne. kiireks pumpamiseks. <\/p>\n<p>Akupump DMP181 p\u00f5hineb mudelile DMP180, kuid on k\u00f5rgema maksimaalse r\u00f5huga. Pump seiskub soovitud eelseadistatud r\u00f5hu saavutamisel automaatselt. Kompletis kaasas erinevate ventiilide adapterid, mis sobivad nt. pallide, rehvide jne. pumpamiseks. Aku ega laadija ei kuulu komplekti.       <\/p>\n<p>Akupump DMP181 on piisavalt v\u00f5imas suurte veoautode ja traktorite rehvide pumpamiseks. Kompletis kaasas erinevate ventiilide adapterid, mis lihtsustab rehvide, pallide ja rannam\u00e4nguasjade pumpamise. Akupumbal on adapterite hoiustamise koht. Automaatne v\u00e4ljal\u00fclitamise funktsioon hoiab \u00e4ra pumba juhusliku k\u00e4ivitumise transportimise ajal.T\u00e4nu nendele omadustele on mugav akupumpa igale poole kaasa v\u00f5tta.     <\/p>\n<h3>Eelised<\/h3>\n<p>3 t\u00e4itmisre\u017eiimi (suure kiirusega, v\u00e4ikese kiirusega v\u00f5i pallire\u017eiimid)<br \/>Aku kaitses\u00fcsteem kaitseb akut \u00fclekoormuse, \u00fclet\u00fchjenemise ja \u00fclekuumenemise eest<br \/>Digitaalne manomeeter, millele on lisatud mugavad funktsioonid<br \/>Enne v\u00e4lja l\u00fclitamist j\u00e4tab kompressor meelde viimase kasutatud sihtr\u00f5hu, uuesti sisse l\u00fclitades on n\u00e4ha automaatselt ees.<br \/>Ideaalne auto- ja jalgrattarehvide, spordipallide jms pumpamiseks<br \/>Komplektis on lisaks erinevaid adaptereid  <br \/>Masin peatub automaatselt, kui eelseadistatud sihtr\u00f5hk on saavutatud<br \/>\u00dcleliigse \u00f5hu saab v&#8217;lja lasta, vajutades ja hoides k\u00f5ik \u00f5hu v\u00e4lja laskmise nuppu<\/p>\n<p><\/p>\n<h3>Tehnilised andmed<\/h3>\n<p>Aku nominaalpinge;18 v<br \/>Pinge LXT;1<br \/>Maks. voolukiirus;22 l\/min<br \/>Maks. r\u00f5hk;11,1 bar<br \/>Vooliku pikkus;0,65 m<br \/>Helir\u00f5hu tase (<sub>LpA<\/sub>);73 dB(A)<br \/>M\u00e4\u00e4ramatu m\u00fcra (K faktor);3 dB(A)<br \/>Vibratsioonitase (3 teljel);3,6 m\/sec\u00b2<br \/>M\u00e4\u00e4ramatu vibratsioon (K faktor);1,5 m\/sec\u00b2<br \/>Toote kaal koos akuga;2,5 - 2,8 kg<br \/>Toote m\u00f5\u00f5dud (P x L x K);316 x 108 x 231 mm<br \/>Akukeemia ;Li-ion<br \/>Toote kaal;2,1 kg  <\/p>\n","protected":false},"excerpt":{"rendered":"<p>18V - 11,1 bar - 161 psi<\/p>\n","protected":false},"featured_media":30635,"template":"","meta":{"_acf_changed":false},"product_cat":[1205],"product_tag":[],"class_list":{"0":"post-31024","1":"product","2":"type-product","3":"status-publish","4":"has-post-thumbnail","6":"product_cat-tooriistad-ja-hooldus","7":"pa_brand-makita","9":"first","10":"instock","11":"taxable","12":"shipping-taxable","13":"purchasable","14":"product-type-simple","swatches":"rey-swatches","show_selected":""},"acf":[],"yoast_head":"<!-- This site is optimized with the Yoast SEO plugin v27.4 - https:\/\/yoast.com\/product\/yoast-seo-wordpress\/ -->\n<title>DMP181Z Akupump 11,1bar , 18V LXT\u00ae | Motorock<\/title>\n<meta name=\"robots\" content=\"index, follow, max-snippet:-1, max-image-preview:large, max-video-preview:-1\" \/>\n<link rel=\"canonical\" href=\"https:\/\/motorock.eu\/et\/toode\/dmp181z-akupump-111bar-18v-lxt\/\" \/>\n<meta property=\"og:locale\" content=\"et_EE\" \/>\n<meta property=\"og:type\" content=\"article\" \/>\n<meta property=\"og:title\" content=\"DMP181Z Akupump 11,1bar , 18V LXT\u00ae | Motorock\" \/>\n<meta property=\"og:description\" content=\"18V - 11,1 bar - 161 psi\" \/>\n<meta property=\"og:url\" content=\"https:\/\/motorock.eu\/et\/toode\/dmp181z-akupump-111bar-18v-lxt\/\" \/>\n<meta property=\"og:site_name\" content=\"Motorock\" \/>\n<meta property=\"article:modified_time\" content=\"2026-04-19T12:31:50+00:00\" \/>\n<meta property=\"og:image\" content=\"https:\/\/motorock.eu\/wp-content\/uploads\/2025\/09\/Motorock-og-image-min.jpg\" \/>\n\t<meta property=\"og:image:width\" content=\"1200\" \/>\n\t<meta property=\"og:image:height\" content=\"675\" \/>\n\t<meta property=\"og:image:type\" content=\"image\/jpeg\" \/>\n<meta name=\"twitter:card\" content=\"summary_large_image\" \/>\n<meta name=\"twitter:label1\" content=\"Est. reading time\" \/>\n\t<meta name=\"twitter:data1\" content=\"1 minut\" \/>\n<script type=\"application\/ld+json\" class=\"yoast-schema-graph\">{\"@context\":\"https:\\\/\\\/schema.org\",\"@graph\":[{\"@type\":\"WebPage\",\"@id\":\"https:\\\/\\\/motorock.eu\\\/et\\\/toode\\\/dmp181z-akupump-111bar-18v-lxt\\\/\",\"url\":\"https:\\\/\\\/motorock.eu\\\/et\\\/toode\\\/dmp181z-akupump-111bar-18v-lxt\\\/\",\"name\":\"DMP181Z Akupump 11,1bar , 18V LXT\u00ae | Motorock\",\"isPartOf\":{\"@id\":\"https:\\\/\\\/motorock.eu\\\/et\\\/#website\"},\"primaryImageOfPage\":{\"@id\":\"https:\\\/\\\/motorock.eu\\\/et\\\/toode\\\/dmp181z-akupump-111bar-18v-lxt\\\/#primaryimage\"},\"image\":{\"@id\":\"https:\\\/\\\/motorock.eu\\\/et\\\/toode\\\/dmp181z-akupump-111bar-18v-lxt\\\/#primaryimage\"},\"thumbnailUrl\":\"https:\\\/\\\/motorock.eu\\\/wp-content\\\/uploads\\\/2026\\\/04\\\/DMP181_C2L0.jpg\",\"datePublished\":\"2026-04-19T12:22:11+00:00\",\"dateModified\":\"2026-04-19T12:31:50+00:00\",\"breadcrumb\":{\"@id\":\"https:\\\/\\\/motorock.eu\\\/et\\\/toode\\\/dmp181z-akupump-111bar-18v-lxt\\\/#breadcrumb\"},\"inLanguage\":\"et\",\"potentialAction\":[{\"@type\":\"ReadAction\",\"target\":[\"https:\\\/\\\/motorock.eu\\\/et\\\/toode\\\/dmp181z-akupump-111bar-18v-lxt\\\/\"]}]},{\"@type\":\"ImageObject\",\"inLanguage\":\"et\",\"@id\":\"https:\\\/\\\/motorock.eu\\\/et\\\/toode\\\/dmp181z-akupump-111bar-18v-lxt\\\/#primaryimage\",\"url\":\"https:\\\/\\\/motorock.eu\\\/wp-content\\\/uploads\\\/2026\\\/04\\\/DMP181_C2L0.jpg\",\"contentUrl\":\"https:\\\/\\\/motorock.eu\\\/wp-content\\\/uploads\\\/2026\\\/04\\\/DMP181_C2L0.jpg\",\"width\":1000,\"height\":757},{\"@type\":\"BreadcrumbList\",\"@id\":\"https:\\\/\\\/motorock.eu\\\/et\\\/toode\\\/dmp181z-akupump-111bar-18v-lxt\\\/#breadcrumb\",\"itemListElement\":[{\"@type\":\"ListItem\",\"position\":1,\"name\":\"Koduleht\",\"item\":\"https:\\\/\\\/motorock.eu\\\/et\\\/pealeht\\\/\"},{\"@type\":\"ListItem\",\"position\":2,\"name\":\"Pood\",\"item\":\"https:\\\/\\\/motorock.eu\\\/et\\\/pood\\\/\"},{\"@type\":\"ListItem\",\"position\":3,\"name\":\"DMP181Z Akupump 11,1bar , 18V LXT\u00ae\"}]},{\"@type\":\"WebSite\",\"@id\":\"https:\\\/\\\/motorock.eu\\\/et\\\/#website\",\"url\":\"https:\\\/\\\/motorock.eu\\\/et\\\/\",\"name\":\"Motorock\",\"description\":\"Sinu elustiil, sinu teekond!\",\"publisher\":{\"@id\":\"https:\\\/\\\/motorock.eu\\\/et\\\/#organization\"},\"potentialAction\":[{\"@type\":\"SearchAction\",\"target\":{\"@type\":\"EntryPoint\",\"urlTemplate\":\"https:\\\/\\\/motorock.eu\\\/et\\\/?s={search_term_string}\"},\"query-input\":{\"@type\":\"PropertyValueSpecification\",\"valueRequired\":true,\"valueName\":\"search_term_string\"}}],\"inLanguage\":\"et\"},{\"@type\":\"Organization\",\"@id\":\"https:\\\/\\\/motorock.eu\\\/et\\\/#organization\",\"name\":\"Motorock\",\"url\":\"https:\\\/\\\/motorock.eu\\\/et\\\/\",\"logo\":{\"@type\":\"ImageObject\",\"inLanguage\":\"et\",\"@id\":\"https:\\\/\\\/motorock.eu\\\/et\\\/#\\\/schema\\\/logo\\\/image\\\/\",\"url\":\"https:\\\/\\\/motorock.eu\\\/wp-content\\\/uploads\\\/2025\\\/05\\\/Group.png\",\"contentUrl\":\"https:\\\/\\\/motorock.eu\\\/wp-content\\\/uploads\\\/2025\\\/05\\\/Group.png\",\"width\":2185,\"height\":677,\"caption\":\"Motorock\"},\"image\":{\"@id\":\"https:\\\/\\\/motorock.eu\\\/et\\\/#\\\/schema\\\/logo\\\/image\\\/\"}}]}<\/script>\n<!-- \/ Yoast SEO plugin. -->","yoast_head_json":{"title":"DMP181Z Akupump 11,1bar , 18V LXT\u00ae | Motorock","robots":{"index":"index","follow":"follow","max-snippet":"max-snippet:-1","max-image-preview":"max-image-preview:large","max-video-preview":"max-video-preview:-1"},"canonical":"https:\/\/motorock.eu\/et\/toode\/dmp181z-akupump-111bar-18v-lxt\/","og_locale":"et_EE","og_type":"article","og_title":"DMP181Z Akupump 11,1bar , 18V LXT\u00ae | Motorock","og_description":"18V - 11,1 bar - 161 psi","og_url":"https:\/\/motorock.eu\/et\/toode\/dmp181z-akupump-111bar-18v-lxt\/","og_site_name":"Motorock","article_modified_time":"2026-04-19T12:31:50+00:00","og_image":[{"width":1200,"height":675,"url":"https:\/\/motorock.eu\/wp-content\/uploads\/2025\/09\/Motorock-og-image-min.jpg","type":"image\/jpeg"}],"twitter_card":"summary_large_image","twitter_misc":{"Est. reading time":"1 minut"},"schema":{"@context":"https:\/\/schema.org","@graph":[{"@type":"WebPage","@id":"https:\/\/motorock.eu\/et\/toode\/dmp181z-akupump-111bar-18v-lxt\/","url":"https:\/\/motorock.eu\/et\/toode\/dmp181z-akupump-111bar-18v-lxt\/","name":"DMP181Z Akupump 11,1bar , 18V LXT\u00ae | Motorock","isPartOf":{"@id":"https:\/\/motorock.eu\/et\/#website"},"primaryImageOfPage":{"@id":"https:\/\/motorock.eu\/et\/toode\/dmp181z-akupump-111bar-18v-lxt\/#primaryimage"},"image":{"@id":"https:\/\/motorock.eu\/et\/toode\/dmp181z-akupump-111bar-18v-lxt\/#primaryimage"},"thumbnailUrl":"https:\/\/motorock.eu\/wp-content\/uploads\/2026\/04\/DMP181_C2L0.jpg","datePublished":"2026-04-19T12:22:11+00:00","dateModified":"2026-04-19T12:31:50+00:00","breadcrumb":{"@id":"https:\/\/motorock.eu\/et\/toode\/dmp181z-akupump-111bar-18v-lxt\/#breadcrumb"},"inLanguage":"et","potentialAction":[{"@type":"ReadAction","target":["https:\/\/motorock.eu\/et\/toode\/dmp181z-akupump-111bar-18v-lxt\/"]}]},{"@type":"ImageObject","inLanguage":"et","@id":"https:\/\/motorock.eu\/et\/toode\/dmp181z-akupump-111bar-18v-lxt\/#primaryimage","url":"https:\/\/motorock.eu\/wp-content\/uploads\/2026\/04\/DMP181_C2L0.jpg","contentUrl":"https:\/\/motorock.eu\/wp-content\/uploads\/2026\/04\/DMP181_C2L0.jpg","width":1000,"height":757},{"@type":"BreadcrumbList","@id":"https:\/\/motorock.eu\/et\/toode\/dmp181z-akupump-111bar-18v-lxt\/#breadcrumb","itemListElement":[{"@type":"ListItem","position":1,"name":"Koduleht","item":"https:\/\/motorock.eu\/et\/pealeht\/"},{"@type":"ListItem","position":2,"name":"Pood","item":"https:\/\/motorock.eu\/et\/pood\/"},{"@type":"ListItem","position":3,"name":"DMP181Z Akupump 11,1bar , 18V LXT\u00ae"}]},{"@type":"WebSite","@id":"https:\/\/motorock.eu\/et\/#website","url":"https:\/\/motorock.eu\/et\/","name":"Motorock","description":"Sinu elustiil, sinu teekond!","publisher":{"@id":"https:\/\/motorock.eu\/et\/#organization"},"potentialAction":[{"@type":"SearchAction","target":{"@type":"EntryPoint","urlTemplate":"https:\/\/motorock.eu\/et\/?s={search_term_string}"},"query-input":{"@type":"PropertyValueSpecification","valueRequired":true,"valueName":"search_term_string"}}],"inLanguage":"et"},{"@type":"Organization","@id":"https:\/\/motorock.eu\/et\/#organization","name":"Motorock","url":"https:\/\/motorock.eu\/et\/","logo":{"@type":"ImageObject","inLanguage":"et","@id":"https:\/\/motorock.eu\/et\/#\/schema\/logo\/image\/","url":"https:\/\/motorock.eu\/wp-content\/uploads\/2025\/05\/Group.png","contentUrl":"https:\/\/motorock.eu\/wp-content\/uploads\/2025\/05\/Group.png","width":2185,"height":677,"caption":"Motorock"},"image":{"@id":"https:\/\/motorock.eu\/et\/#\/schema\/logo\/image\/"}}]}},"_links":{"self":[{"href":"https:\/\/motorock.eu\/et\/wp-json\/wp\/v2\/product\/31024","targetHints":{"allow":["GET"]}}],"collection":[{"href":"https:\/\/motorock.eu\/et\/wp-json\/wp\/v2\/product"}],"about":[{"href":"https:\/\/motorock.eu\/et\/wp-json\/wp\/v2\/types\/product"}],"wp:featuredmedia":[{"embeddable":true,"href":"https:\/\/motorock.eu\/et\/wp-json\/wp\/v2\/media\/30635"}],"wp:attachment":[{"href":"https:\/\/motorock.eu\/et\/wp-json\/wp\/v2\/media?parent=31024"}],"wp:term":[{"taxonomy":"product_cat","embeddable":true,"href":"https:\/\/motorock.eu\/et\/wp-json\/wp\/v2\/product_cat?post=31024"},{"taxonomy":"product_tag","embeddable":true,"href":"https:\/\/motorock.eu\/et\/wp-json\/wp\/v2\/product_tag?post=31024"}],"curies":[{"name":"wp","href":"https:\/\/api.w.org\/{rel}","templated":true}]}}