{"id":31023,"date":"2026-04-19T15:22:18","date_gmt":"2026-04-19T12:22:18","guid":{"rendered":"https:\/\/motorock.eu\/product\/akutoitel-lxt-valgusti-raadio\/"},"modified":"2026-04-19T15:31:50","modified_gmt":"2026-04-19T12:31:50","slug":"akutoitel-lxt-valgusti-raadio","status":"publish","type":"product","link":"https:\/\/motorock.eu\/et\/toode\/akutoitel-lxt-valgusti-raadio\/","title":{"rendered":"Akutoitel LXT\u00ae valgusti\/raadio"},"content":{"rendered":"<p>Akutoitel multifunktsionaalne valgusti\/raadio  <\/p>\n<p>DMR056 on multifunktsionaalne latern \/ raadio laternaga (360\u02da valgus vihk), FM \/ AM \/ DAB-raadio, taskulamp ja Bluetooth-k\u00f5lar. Sellel on kaks heleduse ja kolm laterna valgustsooni seadet. DMR056 toiteallikaks on LXT\u00ae 14,4 V v\u00f5i 18 V aku. Laterna saab riputada rihma abil konksu k\u00fclge v\u00f5i asetada horisontaalsele pinnale nagu traditsioonilist laternat. Raadiol on digitaalne LCD ekraan, mist\u00f5ttu on vajalikku sagedust v\u00e4ga lihtne valida. Laterna kaitseraamid toimivad FM-raadioantennina. Raadiol on DAB+ funktsioon. 57 mm k\u00f5lar edastab rikkalikku ja selget heli. Bluetooth 5.0 \u00fchendus v\u00f5imaldab seadet k\u00f5larina kasutada. XPT tehnoloogia kaitseb lampi vee ja tolmu eest.           <\/p>\n<p>Latern\/raadio t\u00f6\u00f6tab BL1860B akuga 360\u02da valgus + raadio kuni 14 tundi ja ainult raadiore\u017eiimis kuni 53 tundi.<br \/>3-poolse valgustuse re\u017eiimis ulatub valgusvoog 190 lm-ni (115 lx) ja 4-poolse valgustuse re\u017eiimis - 260 lm (130 lx).<\/p>\n<p><\/p>\n<h3>Eelised<\/h3>\n<p>Aku laadimistaseme n\u00e4idik.<br \/>Kokkuklapitav riputuskonks<br \/>M\u00e4lufunktsioon - v\u00f5imalik salvestada kuni 9 raadiojaama  <br \/>USB v\u00e4ljund elektriseadmete laadimiseks<\/p>\n<p><\/p>\n<h3>Tehnilised andmed<\/h3>\n<p>Aku nominaalpinge;14,4 \/ 18 v<br \/>Pinge LXT;1<br \/>Sagedusvahemik FM;87,5 - 108 MHz<br \/>Valgusvoog (valgusv\u00f5imsus);310 \/ 95 Lumen<br \/>Valgustugevus;1000 \/ 145 \/ 55 lx<br \/>Sagedusvahemik DAB+;174,928 - 239,200 MHz<br \/>Bluetooth;1<br \/>Akukeemia ;Li-ion<br \/>K\u00f5lari v\u00e4ljundv\u00f5imsus 18V;3 W<br \/>V\u00e4rvitemperatuur;2500 \/ 3500 \/ 5000 K<br \/>USB-pesa;USB-A<br \/>Pidev kasutamine, 14,4V \/ 3 Ah aku;5 \/ 7 \/ 19 h<br \/>Pidev kasutamine, 18V \/ 3 Ah aku;8,5 \/ 16 \/ 24 h<br \/>Pidev kasutamine, 18 V \/ 5 Ah aku;16 \/ 30 \/ 44 h<br \/>Pidev kasutamine, 18V \/ 6 Ah aku;19 \/ 37 \/ 53 h<br \/>Toote kaal;0,98 kg<br \/>Toote kaal koos akuga;1,3 - 1,6 kg<br \/>Toote m\u00f5\u00f5dud (P x L x K);126 x 129 x 289 mm<\/p>\n","protected":false},"excerpt":{"rendered":"<p>14,4V \/ 18V - 1 000 lx - DAB\/DAB+<\/p>\n","protected":false},"featured_media":30662,"template":"","meta":{"_acf_changed":false},"product_cat":[1205],"product_tag":[],"class_list":{"0":"post-31023","1":"product","2":"type-product","3":"status-publish","4":"has-post-thumbnail","6":"product_cat-tooriistad-ja-hooldus","7":"pa_brand-makita","9":"first","10":"instock","11":"taxable","12":"shipping-taxable","13":"purchasable","14":"product-type-simple","swatches":"rey-swatches","show_selected":""},"acf":[],"yoast_head":"<!-- This site is optimized with the Yoast SEO plugin v27.4 - https:\/\/yoast.com\/product\/yoast-seo-wordpress\/ -->\n<title>Akutoitel LXT\u00ae valgusti\/raadio | Motorock<\/title>\n<meta name=\"robots\" content=\"index, follow, max-snippet:-1, max-image-preview:large, max-video-preview:-1\" \/>\n<link rel=\"canonical\" href=\"https:\/\/motorock.eu\/et\/toode\/akutoitel-lxt-valgusti-raadio\/\" \/>\n<meta property=\"og:locale\" content=\"et_EE\" \/>\n<meta property=\"og:type\" content=\"article\" \/>\n<meta property=\"og:title\" content=\"Akutoitel LXT\u00ae valgusti\/raadio | Motorock\" \/>\n<meta property=\"og:description\" content=\"14,4V \/ 18V - 1 000 lx - DAB\/DAB+\" \/>\n<meta property=\"og:url\" content=\"https:\/\/motorock.eu\/et\/toode\/akutoitel-lxt-valgusti-raadio\/\" \/>\n<meta property=\"og:site_name\" content=\"Motorock\" \/>\n<meta property=\"article:modified_time\" content=\"2026-04-19T12:31:50+00:00\" \/>\n<meta property=\"og:image\" content=\"https:\/\/motorock.eu\/wp-content\/uploads\/2025\/09\/Motorock-og-image-min.jpg\" \/>\n\t<meta property=\"og:image:width\" content=\"1200\" \/>\n\t<meta property=\"og:image:height\" content=\"675\" \/>\n\t<meta property=\"og:image:type\" content=\"image\/jpeg\" \/>\n<meta name=\"twitter:card\" content=\"summary_large_image\" \/>\n<meta name=\"twitter:label1\" content=\"Est. reading time\" \/>\n\t<meta name=\"twitter:data1\" content=\"1 minut\" \/>\n<script type=\"application\/ld+json\" class=\"yoast-schema-graph\">{\"@context\":\"https:\\\/\\\/schema.org\",\"@graph\":[{\"@type\":\"WebPage\",\"@id\":\"https:\\\/\\\/motorock.eu\\\/et\\\/toode\\\/akutoitel-lxt-valgusti-raadio\\\/\",\"url\":\"https:\\\/\\\/motorock.eu\\\/et\\\/toode\\\/akutoitel-lxt-valgusti-raadio\\\/\",\"name\":\"Akutoitel LXT\u00ae valgusti\\\/raadio | Motorock\",\"isPartOf\":{\"@id\":\"https:\\\/\\\/motorock.eu\\\/et\\\/#website\"},\"primaryImageOfPage\":{\"@id\":\"https:\\\/\\\/motorock.eu\\\/et\\\/toode\\\/akutoitel-lxt-valgusti-raadio\\\/#primaryimage\"},\"image\":{\"@id\":\"https:\\\/\\\/motorock.eu\\\/et\\\/toode\\\/akutoitel-lxt-valgusti-raadio\\\/#primaryimage\"},\"thumbnailUrl\":\"https:\\\/\\\/motorock.eu\\\/wp-content\\\/uploads\\\/2026\\\/04\\\/DMR056_C2L0.jpg\",\"datePublished\":\"2026-04-19T12:22:18+00:00\",\"dateModified\":\"2026-04-19T12:31:50+00:00\",\"breadcrumb\":{\"@id\":\"https:\\\/\\\/motorock.eu\\\/et\\\/toode\\\/akutoitel-lxt-valgusti-raadio\\\/#breadcrumb\"},\"inLanguage\":\"et\",\"potentialAction\":[{\"@type\":\"ReadAction\",\"target\":[\"https:\\\/\\\/motorock.eu\\\/et\\\/toode\\\/akutoitel-lxt-valgusti-raadio\\\/\"]}]},{\"@type\":\"ImageObject\",\"inLanguage\":\"et\",\"@id\":\"https:\\\/\\\/motorock.eu\\\/et\\\/toode\\\/akutoitel-lxt-valgusti-raadio\\\/#primaryimage\",\"url\":\"https:\\\/\\\/motorock.eu\\\/wp-content\\\/uploads\\\/2026\\\/04\\\/DMR056_C2L0.jpg\",\"contentUrl\":\"https:\\\/\\\/motorock.eu\\\/wp-content\\\/uploads\\\/2026\\\/04\\\/DMR056_C2L0.jpg\",\"width\":660,\"height\":1000},{\"@type\":\"BreadcrumbList\",\"@id\":\"https:\\\/\\\/motorock.eu\\\/et\\\/toode\\\/akutoitel-lxt-valgusti-raadio\\\/#breadcrumb\",\"itemListElement\":[{\"@type\":\"ListItem\",\"position\":1,\"name\":\"Koduleht\",\"item\":\"https:\\\/\\\/motorock.eu\\\/et\\\/pealeht\\\/\"},{\"@type\":\"ListItem\",\"position\":2,\"name\":\"Pood\",\"item\":\"https:\\\/\\\/motorock.eu\\\/et\\\/pood\\\/\"},{\"@type\":\"ListItem\",\"position\":3,\"name\":\"Akutoitel LXT\u00ae valgusti\\\/raadio\"}]},{\"@type\":\"WebSite\",\"@id\":\"https:\\\/\\\/motorock.eu\\\/et\\\/#website\",\"url\":\"https:\\\/\\\/motorock.eu\\\/et\\\/\",\"name\":\"Motorock\",\"description\":\"Sinu elustiil, sinu teekond!\",\"publisher\":{\"@id\":\"https:\\\/\\\/motorock.eu\\\/et\\\/#organization\"},\"potentialAction\":[{\"@type\":\"SearchAction\",\"target\":{\"@type\":\"EntryPoint\",\"urlTemplate\":\"https:\\\/\\\/motorock.eu\\\/et\\\/?s={search_term_string}\"},\"query-input\":{\"@type\":\"PropertyValueSpecification\",\"valueRequired\":true,\"valueName\":\"search_term_string\"}}],\"inLanguage\":\"et\"},{\"@type\":\"Organization\",\"@id\":\"https:\\\/\\\/motorock.eu\\\/et\\\/#organization\",\"name\":\"Motorock\",\"url\":\"https:\\\/\\\/motorock.eu\\\/et\\\/\",\"logo\":{\"@type\":\"ImageObject\",\"inLanguage\":\"et\",\"@id\":\"https:\\\/\\\/motorock.eu\\\/et\\\/#\\\/schema\\\/logo\\\/image\\\/\",\"url\":\"https:\\\/\\\/motorock.eu\\\/wp-content\\\/uploads\\\/2025\\\/05\\\/Group.png\",\"contentUrl\":\"https:\\\/\\\/motorock.eu\\\/wp-content\\\/uploads\\\/2025\\\/05\\\/Group.png\",\"width\":2185,\"height\":677,\"caption\":\"Motorock\"},\"image\":{\"@id\":\"https:\\\/\\\/motorock.eu\\\/et\\\/#\\\/schema\\\/logo\\\/image\\\/\"}}]}<\/script>\n<!-- \/ Yoast SEO plugin. -->","yoast_head_json":{"title":"Akutoitel LXT\u00ae valgusti\/raadio | Motorock","robots":{"index":"index","follow":"follow","max-snippet":"max-snippet:-1","max-image-preview":"max-image-preview:large","max-video-preview":"max-video-preview:-1"},"canonical":"https:\/\/motorock.eu\/et\/toode\/akutoitel-lxt-valgusti-raadio\/","og_locale":"et_EE","og_type":"article","og_title":"Akutoitel LXT\u00ae valgusti\/raadio | Motorock","og_description":"14,4V \/ 18V - 1 000 lx - DAB\/DAB+","og_url":"https:\/\/motorock.eu\/et\/toode\/akutoitel-lxt-valgusti-raadio\/","og_site_name":"Motorock","article_modified_time":"2026-04-19T12:31:50+00:00","og_image":[{"width":1200,"height":675,"url":"https:\/\/motorock.eu\/wp-content\/uploads\/2025\/09\/Motorock-og-image-min.jpg","type":"image\/jpeg"}],"twitter_card":"summary_large_image","twitter_misc":{"Est. reading time":"1 minut"},"schema":{"@context":"https:\/\/schema.org","@graph":[{"@type":"WebPage","@id":"https:\/\/motorock.eu\/et\/toode\/akutoitel-lxt-valgusti-raadio\/","url":"https:\/\/motorock.eu\/et\/toode\/akutoitel-lxt-valgusti-raadio\/","name":"Akutoitel LXT\u00ae valgusti\/raadio | Motorock","isPartOf":{"@id":"https:\/\/motorock.eu\/et\/#website"},"primaryImageOfPage":{"@id":"https:\/\/motorock.eu\/et\/toode\/akutoitel-lxt-valgusti-raadio\/#primaryimage"},"image":{"@id":"https:\/\/motorock.eu\/et\/toode\/akutoitel-lxt-valgusti-raadio\/#primaryimage"},"thumbnailUrl":"https:\/\/motorock.eu\/wp-content\/uploads\/2026\/04\/DMR056_C2L0.jpg","datePublished":"2026-04-19T12:22:18+00:00","dateModified":"2026-04-19T12:31:50+00:00","breadcrumb":{"@id":"https:\/\/motorock.eu\/et\/toode\/akutoitel-lxt-valgusti-raadio\/#breadcrumb"},"inLanguage":"et","potentialAction":[{"@type":"ReadAction","target":["https:\/\/motorock.eu\/et\/toode\/akutoitel-lxt-valgusti-raadio\/"]}]},{"@type":"ImageObject","inLanguage":"et","@id":"https:\/\/motorock.eu\/et\/toode\/akutoitel-lxt-valgusti-raadio\/#primaryimage","url":"https:\/\/motorock.eu\/wp-content\/uploads\/2026\/04\/DMR056_C2L0.jpg","contentUrl":"https:\/\/motorock.eu\/wp-content\/uploads\/2026\/04\/DMR056_C2L0.jpg","width":660,"height":1000},{"@type":"BreadcrumbList","@id":"https:\/\/motorock.eu\/et\/toode\/akutoitel-lxt-valgusti-raadio\/#breadcrumb","itemListElement":[{"@type":"ListItem","position":1,"name":"Koduleht","item":"https:\/\/motorock.eu\/et\/pealeht\/"},{"@type":"ListItem","position":2,"name":"Pood","item":"https:\/\/motorock.eu\/et\/pood\/"},{"@type":"ListItem","position":3,"name":"Akutoitel LXT\u00ae valgusti\/raadio"}]},{"@type":"WebSite","@id":"https:\/\/motorock.eu\/et\/#website","url":"https:\/\/motorock.eu\/et\/","name":"Motorock","description":"Sinu elustiil, sinu teekond!","publisher":{"@id":"https:\/\/motorock.eu\/et\/#organization"},"potentialAction":[{"@type":"SearchAction","target":{"@type":"EntryPoint","urlTemplate":"https:\/\/motorock.eu\/et\/?s={search_term_string}"},"query-input":{"@type":"PropertyValueSpecification","valueRequired":true,"valueName":"search_term_string"}}],"inLanguage":"et"},{"@type":"Organization","@id":"https:\/\/motorock.eu\/et\/#organization","name":"Motorock","url":"https:\/\/motorock.eu\/et\/","logo":{"@type":"ImageObject","inLanguage":"et","@id":"https:\/\/motorock.eu\/et\/#\/schema\/logo\/image\/","url":"https:\/\/motorock.eu\/wp-content\/uploads\/2025\/05\/Group.png","contentUrl":"https:\/\/motorock.eu\/wp-content\/uploads\/2025\/05\/Group.png","width":2185,"height":677,"caption":"Motorock"},"image":{"@id":"https:\/\/motorock.eu\/et\/#\/schema\/logo\/image\/"}}]}},"_links":{"self":[{"href":"https:\/\/motorock.eu\/et\/wp-json\/wp\/v2\/product\/31023","targetHints":{"allow":["GET"]}}],"collection":[{"href":"https:\/\/motorock.eu\/et\/wp-json\/wp\/v2\/product"}],"about":[{"href":"https:\/\/motorock.eu\/et\/wp-json\/wp\/v2\/types\/product"}],"wp:featuredmedia":[{"embeddable":true,"href":"https:\/\/motorock.eu\/et\/wp-json\/wp\/v2\/media\/30662"}],"wp:attachment":[{"href":"https:\/\/motorock.eu\/et\/wp-json\/wp\/v2\/media?parent=31023"}],"wp:term":[{"taxonomy":"product_cat","embeddable":true,"href":"https:\/\/motorock.eu\/et\/wp-json\/wp\/v2\/product_cat?post=31023"},{"taxonomy":"product_tag","embeddable":true,"href":"https:\/\/motorock.eu\/et\/wp-json\/wp\/v2\/product_tag?post=31023"}],"curies":[{"name":"wp","href":"https:\/\/api.w.org\/{rel}","templated":true}]}}