{"id":31022,"date":"2026-04-19T15:22:22","date_gmt":"2026-04-19T12:22:22","guid":{"rendered":"https:\/\/motorock.eu\/product\/aku-poleerija-lxt\/"},"modified":"2026-04-19T15:31:50","modified_gmt":"2026-04-19T12:31:50","slug":"aku-poleerija-lxt","status":"publish","type":"product","link":"https:\/\/motorock.eu\/et\/toode\/aku-poleerija-lxt\/","title":{"rendered":"Aku poleerija LXT\u00ae"},"content":{"rendered":"<p>V\u00f5imas ja kompaktne akulihvija-poleerija LXT\u00ae<\/p>\n<p>Akulihvija-poleerija DPV300 sobib erinevate t\u00f6\u00f6de tegemiseks. Lihtne k\u00e4sitleda ja v\u00f5imaldab ka suurel koormustel pikalt ja pidevalt t\u00f6\u00f6tamist. Professionaalse tulemuse tagamiseks elektrooniline kiirusekontroll, mis hoiab p\u00f6\u00f6rlemiskiiruse \u00fchtlasena ka erinevate koormuste juures. Ainult seade, ilma aku ja laadijata.   <\/p>\n<p>Uus Makita DP300 on kaalult kerge akulihvija-poleerija mille abil ka k\u00f5ige keerukamad t\u00f6\u00f6d muutuvad lihtsamaks. XPT (eXtreme Protection Tehnology) kaitses\u00fcsteem hoiab tolmu ja veepiisad paremini eemal, mis lubab t\u00f6\u00f6d teha ka rasketes vaheoludes.<br \/>Taask\u00e4ivitumise vastane kaitse teeb kasutamise turvalisemaks. Tolmukaitse minimeerib sisemusse p\u00e4\u00e4sevat tolmukogust. Harjavaba mootor on optimaalne pikalt kestvate t\u00f6\u00f6de jaoks.<br \/>V\u00f5imas LXT\u00ae aku annab kasutaja k\u00e4sutusse t\u00f6\u00f6de l\u00f5puleviimiseks vajaliku energiavaru!   <\/p>\n<h3>Eelised<\/h3>\n<p>Aku kaitses\u00fcsteem l\u00fclitab automaatselt voolu v\u00e4lja, kui aku tase on madal<br \/>Extreme Protection Technology (XPT), mis on loodud suurema tolmu- ja veekindluse tagamiseks rasketes t\u00f6\u00f6tingimustes.<br \/>Kauakestev ja hooldusvaba harjavaba mootor<br \/>Muudetav kiirus.<br \/>Taask\u00e4ivitamiskaitse v\u00e4hendab juhusliku k\u00e4ivitumise v\u00f5imalikkust<\/p>\n<p><\/p>\n<h3>Tehnilised andmed<\/h3>\n<p>Harjateta mootor;1<br \/>Pinge LXT;1<br \/>Aku nominaalpinge;18 v<br \/>P\u00f6\u00f6retearv;0 - 2 800 \/ 9 500 min-\u00b9<br \/>Spindlikeere;5\/16 x 24UNF  <br \/>Lihvimisketta l\u00e4bim\u00f5\u00f5t;50 \/ 80 mm<br \/>Helir\u00f5hu tase (L <sub>pA<\/sub>);73 dB(A)<br \/>M\u00e4\u00e4ramatu m\u00fcra (K faktor);3 dB(A)<br \/>Vibratsioonitase (3 teljel), poleerimisel;\u2264 2,5 m\/sec\u00b2<br \/>M\u00e4\u00e4ramatu vibratsioon (K faktor);1,5 m\/sec\u00b2<br \/>Toote kaal koos akuga;1,3 - 1,6 kg<br \/>Toote m\u00f5\u00f5dud (P x L x K);160 x 79 x 256 mm<br \/>Akukeemia ;Li-ion<br \/>Vibratsioonitase, lihvkettaga lihvides;\u2264 2,5 m\/sec\u00b2<br \/>M\u00e4\u00e4ramatu m\u00fcra (K faktor), lihvkettaga livides;1,5 m\/sec\u00b2<\/p>\n","protected":false},"excerpt":{"rendered":"<p>18V - 50 \/ 80 mm - 0 - 2 800 \/ 9 500 min\u02c9\u00b9<\/p>\n","protected":false},"featured_media":30683,"template":"","meta":{"_acf_changed":false},"product_cat":[1205],"product_tag":[],"class_list":{"0":"post-31022","1":"product","2":"type-product","3":"status-publish","4":"has-post-thumbnail","6":"product_cat-tooriistad-ja-hooldus","7":"pa_brand-makita","9":"first","10":"instock","11":"taxable","12":"shipping-taxable","13":"purchasable","14":"product-type-simple","swatches":"rey-swatches","show_selected":""},"acf":[],"yoast_head":"<!-- This site is optimized with the Yoast SEO plugin v27.4 - https:\/\/yoast.com\/product\/yoast-seo-wordpress\/ -->\n<title>Aku poleerija LXT\u00ae | Motorock<\/title>\n<meta name=\"robots\" content=\"index, follow, max-snippet:-1, max-image-preview:large, max-video-preview:-1\" \/>\n<link rel=\"canonical\" href=\"https:\/\/motorock.eu\/et\/toode\/aku-poleerija-lxt\/\" \/>\n<meta property=\"og:locale\" content=\"et_EE\" \/>\n<meta property=\"og:type\" content=\"article\" \/>\n<meta property=\"og:title\" content=\"Aku poleerija LXT\u00ae | Motorock\" \/>\n<meta property=\"og:description\" content=\"18V - 50 \/ 80 mm - 0 - 2 800 \/ 9 500 min\u02c9\u00b9\" \/>\n<meta property=\"og:url\" content=\"https:\/\/motorock.eu\/et\/toode\/aku-poleerija-lxt\/\" \/>\n<meta property=\"og:site_name\" content=\"Motorock\" \/>\n<meta property=\"article:modified_time\" content=\"2026-04-19T12:31:50+00:00\" \/>\n<meta property=\"og:image\" content=\"https:\/\/motorock.eu\/wp-content\/uploads\/2025\/09\/Motorock-og-image-min.jpg\" \/>\n\t<meta property=\"og:image:width\" content=\"1200\" \/>\n\t<meta property=\"og:image:height\" content=\"675\" \/>\n\t<meta property=\"og:image:type\" content=\"image\/jpeg\" \/>\n<meta name=\"twitter:card\" content=\"summary_large_image\" \/>\n<meta name=\"twitter:label1\" content=\"Est. reading time\" \/>\n\t<meta name=\"twitter:data1\" content=\"1 minut\" \/>\n<script type=\"application\/ld+json\" class=\"yoast-schema-graph\">{\"@context\":\"https:\\\/\\\/schema.org\",\"@graph\":[{\"@type\":\"WebPage\",\"@id\":\"https:\\\/\\\/motorock.eu\\\/et\\\/toode\\\/aku-poleerija-lxt\\\/\",\"url\":\"https:\\\/\\\/motorock.eu\\\/et\\\/toode\\\/aku-poleerija-lxt\\\/\",\"name\":\"Aku poleerija LXT\u00ae | Motorock\",\"isPartOf\":{\"@id\":\"https:\\\/\\\/motorock.eu\\\/et\\\/#website\"},\"primaryImageOfPage\":{\"@id\":\"https:\\\/\\\/motorock.eu\\\/et\\\/toode\\\/aku-poleerija-lxt\\\/#primaryimage\"},\"image\":{\"@id\":\"https:\\\/\\\/motorock.eu\\\/et\\\/toode\\\/aku-poleerija-lxt\\\/#primaryimage\"},\"thumbnailUrl\":\"https:\\\/\\\/motorock.eu\\\/wp-content\\\/uploads\\\/2026\\\/04\\\/DPV300_C2L0.jpg\",\"datePublished\":\"2026-04-19T12:22:22+00:00\",\"dateModified\":\"2026-04-19T12:31:50+00:00\",\"breadcrumb\":{\"@id\":\"https:\\\/\\\/motorock.eu\\\/et\\\/toode\\\/aku-poleerija-lxt\\\/#breadcrumb\"},\"inLanguage\":\"et\",\"potentialAction\":[{\"@type\":\"ReadAction\",\"target\":[\"https:\\\/\\\/motorock.eu\\\/et\\\/toode\\\/aku-poleerija-lxt\\\/\"]}]},{\"@type\":\"ImageObject\",\"inLanguage\":\"et\",\"@id\":\"https:\\\/\\\/motorock.eu\\\/et\\\/toode\\\/aku-poleerija-lxt\\\/#primaryimage\",\"url\":\"https:\\\/\\\/motorock.eu\\\/wp-content\\\/uploads\\\/2026\\\/04\\\/DPV300_C2L0.jpg\",\"contentUrl\":\"https:\\\/\\\/motorock.eu\\\/wp-content\\\/uploads\\\/2026\\\/04\\\/DPV300_C2L0.jpg\",\"width\":564,\"height\":1000},{\"@type\":\"BreadcrumbList\",\"@id\":\"https:\\\/\\\/motorock.eu\\\/et\\\/toode\\\/aku-poleerija-lxt\\\/#breadcrumb\",\"itemListElement\":[{\"@type\":\"ListItem\",\"position\":1,\"name\":\"Koduleht\",\"item\":\"https:\\\/\\\/motorock.eu\\\/et\\\/pealeht\\\/\"},{\"@type\":\"ListItem\",\"position\":2,\"name\":\"Pood\",\"item\":\"https:\\\/\\\/motorock.eu\\\/et\\\/pood\\\/\"},{\"@type\":\"ListItem\",\"position\":3,\"name\":\"Aku poleerija LXT\u00ae\"}]},{\"@type\":\"WebSite\",\"@id\":\"https:\\\/\\\/motorock.eu\\\/et\\\/#website\",\"url\":\"https:\\\/\\\/motorock.eu\\\/et\\\/\",\"name\":\"Motorock\",\"description\":\"Sinu elustiil, sinu teekond!\",\"publisher\":{\"@id\":\"https:\\\/\\\/motorock.eu\\\/et\\\/#organization\"},\"potentialAction\":[{\"@type\":\"SearchAction\",\"target\":{\"@type\":\"EntryPoint\",\"urlTemplate\":\"https:\\\/\\\/motorock.eu\\\/et\\\/?s={search_term_string}\"},\"query-input\":{\"@type\":\"PropertyValueSpecification\",\"valueRequired\":true,\"valueName\":\"search_term_string\"}}],\"inLanguage\":\"et\"},{\"@type\":\"Organization\",\"@id\":\"https:\\\/\\\/motorock.eu\\\/et\\\/#organization\",\"name\":\"Motorock\",\"url\":\"https:\\\/\\\/motorock.eu\\\/et\\\/\",\"logo\":{\"@type\":\"ImageObject\",\"inLanguage\":\"et\",\"@id\":\"https:\\\/\\\/motorock.eu\\\/et\\\/#\\\/schema\\\/logo\\\/image\\\/\",\"url\":\"https:\\\/\\\/motorock.eu\\\/wp-content\\\/uploads\\\/2025\\\/05\\\/Group.png\",\"contentUrl\":\"https:\\\/\\\/motorock.eu\\\/wp-content\\\/uploads\\\/2025\\\/05\\\/Group.png\",\"width\":2185,\"height\":677,\"caption\":\"Motorock\"},\"image\":{\"@id\":\"https:\\\/\\\/motorock.eu\\\/et\\\/#\\\/schema\\\/logo\\\/image\\\/\"}}]}<\/script>\n<!-- \/ Yoast SEO plugin. -->","yoast_head_json":{"title":"Aku poleerija LXT\u00ae | Motorock","robots":{"index":"index","follow":"follow","max-snippet":"max-snippet:-1","max-image-preview":"max-image-preview:large","max-video-preview":"max-video-preview:-1"},"canonical":"https:\/\/motorock.eu\/et\/toode\/aku-poleerija-lxt\/","og_locale":"et_EE","og_type":"article","og_title":"Aku poleerija LXT\u00ae | Motorock","og_description":"18V - 50 \/ 80 mm - 0 - 2 800 \/ 9 500 min\u02c9\u00b9","og_url":"https:\/\/motorock.eu\/et\/toode\/aku-poleerija-lxt\/","og_site_name":"Motorock","article_modified_time":"2026-04-19T12:31:50+00:00","og_image":[{"width":1200,"height":675,"url":"https:\/\/motorock.eu\/wp-content\/uploads\/2025\/09\/Motorock-og-image-min.jpg","type":"image\/jpeg"}],"twitter_card":"summary_large_image","twitter_misc":{"Est. reading time":"1 minut"},"schema":{"@context":"https:\/\/schema.org","@graph":[{"@type":"WebPage","@id":"https:\/\/motorock.eu\/et\/toode\/aku-poleerija-lxt\/","url":"https:\/\/motorock.eu\/et\/toode\/aku-poleerija-lxt\/","name":"Aku poleerija LXT\u00ae | Motorock","isPartOf":{"@id":"https:\/\/motorock.eu\/et\/#website"},"primaryImageOfPage":{"@id":"https:\/\/motorock.eu\/et\/toode\/aku-poleerija-lxt\/#primaryimage"},"image":{"@id":"https:\/\/motorock.eu\/et\/toode\/aku-poleerija-lxt\/#primaryimage"},"thumbnailUrl":"https:\/\/motorock.eu\/wp-content\/uploads\/2026\/04\/DPV300_C2L0.jpg","datePublished":"2026-04-19T12:22:22+00:00","dateModified":"2026-04-19T12:31:50+00:00","breadcrumb":{"@id":"https:\/\/motorock.eu\/et\/toode\/aku-poleerija-lxt\/#breadcrumb"},"inLanguage":"et","potentialAction":[{"@type":"ReadAction","target":["https:\/\/motorock.eu\/et\/toode\/aku-poleerija-lxt\/"]}]},{"@type":"ImageObject","inLanguage":"et","@id":"https:\/\/motorock.eu\/et\/toode\/aku-poleerija-lxt\/#primaryimage","url":"https:\/\/motorock.eu\/wp-content\/uploads\/2026\/04\/DPV300_C2L0.jpg","contentUrl":"https:\/\/motorock.eu\/wp-content\/uploads\/2026\/04\/DPV300_C2L0.jpg","width":564,"height":1000},{"@type":"BreadcrumbList","@id":"https:\/\/motorock.eu\/et\/toode\/aku-poleerija-lxt\/#breadcrumb","itemListElement":[{"@type":"ListItem","position":1,"name":"Koduleht","item":"https:\/\/motorock.eu\/et\/pealeht\/"},{"@type":"ListItem","position":2,"name":"Pood","item":"https:\/\/motorock.eu\/et\/pood\/"},{"@type":"ListItem","position":3,"name":"Aku poleerija LXT\u00ae"}]},{"@type":"WebSite","@id":"https:\/\/motorock.eu\/et\/#website","url":"https:\/\/motorock.eu\/et\/","name":"Motorock","description":"Sinu elustiil, sinu teekond!","publisher":{"@id":"https:\/\/motorock.eu\/et\/#organization"},"potentialAction":[{"@type":"SearchAction","target":{"@type":"EntryPoint","urlTemplate":"https:\/\/motorock.eu\/et\/?s={search_term_string}"},"query-input":{"@type":"PropertyValueSpecification","valueRequired":true,"valueName":"search_term_string"}}],"inLanguage":"et"},{"@type":"Organization","@id":"https:\/\/motorock.eu\/et\/#organization","name":"Motorock","url":"https:\/\/motorock.eu\/et\/","logo":{"@type":"ImageObject","inLanguage":"et","@id":"https:\/\/motorock.eu\/et\/#\/schema\/logo\/image\/","url":"https:\/\/motorock.eu\/wp-content\/uploads\/2025\/05\/Group.png","contentUrl":"https:\/\/motorock.eu\/wp-content\/uploads\/2025\/05\/Group.png","width":2185,"height":677,"caption":"Motorock"},"image":{"@id":"https:\/\/motorock.eu\/et\/#\/schema\/logo\/image\/"}}]}},"_links":{"self":[{"href":"https:\/\/motorock.eu\/et\/wp-json\/wp\/v2\/product\/31022","targetHints":{"allow":["GET"]}}],"collection":[{"href":"https:\/\/motorock.eu\/et\/wp-json\/wp\/v2\/product"}],"about":[{"href":"https:\/\/motorock.eu\/et\/wp-json\/wp\/v2\/types\/product"}],"wp:featuredmedia":[{"embeddable":true,"href":"https:\/\/motorock.eu\/et\/wp-json\/wp\/v2\/media\/30683"}],"wp:attachment":[{"href":"https:\/\/motorock.eu\/et\/wp-json\/wp\/v2\/media?parent=31022"}],"wp:term":[{"taxonomy":"product_cat","embeddable":true,"href":"https:\/\/motorock.eu\/et\/wp-json\/wp\/v2\/product_cat?post=31022"},{"taxonomy":"product_tag","embeddable":true,"href":"https:\/\/motorock.eu\/et\/wp-json\/wp\/v2\/product_tag?post=31022"}],"curies":[{"name":"wp","href":"https:\/\/api.w.org\/{rel}","templated":true}]}}