{"id":31020,"date":"2026-04-19T15:22:29","date_gmt":"2026-04-19T12:22:29","guid":{"rendered":"https:\/\/motorock.eu\/product\/akulookkruvikeeraja-lxt-18v\/"},"modified":"2026-04-19T15:31:50","modified_gmt":"2026-04-19T12:31:50","slug":"akulookkruvikeeraja-lxt-18v","status":"publish","type":"product","link":"https:\/\/motorock.eu\/et\/toode\/akulookkruvikeeraja-lxt-18v\/","title":{"rendered":"Akul\u00f6\u00f6kkruvikeeraja LXT\u00ae, 18V"},"content":{"rendered":"<p>Kompaktne harjavaba mootoriga akul\u00f6\u00f6kkruvikeeraja, kolme seadistatava kiiruse ja \"A-re\u017eiimi\" lisafunktsiooniga.  <\/p>\n<p>\"Komapktne ja kerge akul\u00f6\u00f6kkruvikeeraja 1\/4&#8243;\" kuuskant padruniga. Maks. pingutusmoment 140 Nm. 3- t\u00f6\u00f6funktsiooni \"\"A-mode\"\" lisafunktsioon \/ tugev funktsioon \/ pehme funktsioon, erinevateks paigaldust\u00f6\u00f6deks. Mugav LED-valgustus. Ilma aku ja laadijata!\"  <\/p>\n<p>\"DTD157 on ideaalne t\u00f6\u00f6riist t\u00f6\u00f6tamaks kitsastes oludes. V\u00e4ga ergonoomiline ja h\u00e4sti tasakaalus t\u00f6\u00f6riist kruvide keeramiseks. Suurem tolmu- ja pritsmekindlus - XPT (Extreme Protection <br \/>Technology). Tagab parema niiskus- ja tolmukindluse rasketes tingimustes. A-funktsioon tagab parema ja t\u00e4psema kruvi kinnitamise - kruvi kinnitamise algfaasis on p\u00f6\u00f6rded madalamad, et tagada kruvi fikseerimise t\u00e4psus ja seej\u00e4rel t\u00f5usevad p\u00f6\u00f6rded ja l\u00f6\u00f6gisagedus , et tagada kruvi kinnitamise kiirus. \"  <\/p>\n<p><\/p>\n<h3>Eelised<\/h3>\n<p>Aku kaitses\u00fcsteem l\u00fclitab automaatselt voolu v\u00e4lja, kui aku tase on madal<br \/>Elektrooniliselt juhitud harjavaba mootor, tagamaks optimaalne aku energiakasutus ja pikem t\u00f6\u00f6aeg<br \/>Extreme Protection Technology (XPT), mis on loodud suurema tolmu- ja veekindluse tagamiseks rasketes t\u00f6\u00f6tingimustes.<br \/>LED-valgus valgustamaks t\u00f6\u00f6kohta<br \/>V\u00f5nkumisvastane otsakute struktuur - kahte kuullaagrit kasutatakse alasi turvaliseks hoidmiseks, et v\u00e4hendada otsaku v\u00f5nkumist<\/p>\n<p><\/p>\n<h3>Tehnilised andmed<\/h3>\n<p>Pinge LXT;1<br \/>Aku nominaalpinge;18 v<br \/>Akukeemia ;Li-ion<br \/>P\u00f6\u00f6retearv;0 - 1300 \/ 3000 min-\u00b9<br \/>Maks. pingutusmoment;140 Nm <br \/>Standardse poldi pingutusv\u00f5ime;M5 - M14<br \/>Masinkruvi;M4 - M8<br \/>K\u00f5rgpingutuspoldi pingutusv\u00f5ime;M5 - M12<br \/>L\u00f6\u00f6gisagedus;0 - 2000 \/ 4100 min-\u00b9<br \/>Spindel;1\/4 \"<br \/>Heliv\u00f5imsuse tase (L <sub>WA<\/sub>);106 dB(A)<br \/>Toote kaal;0,80 kg<br \/>Helir\u00f5hu tase (L <sub>pA<\/sub>);98 dB(A)<br \/>M\u00e4\u00e4ramatu m\u00fcra (K faktor);3 dB(A)<br \/>Toote kaal koos akuga;1,2 - 1,5 kg<br \/>Toote m\u00f5\u00f5dud (P x L x K);133 x 81 x 232 mm<br \/>Vibratsioonitase, kasutates t\u00f6\u00f6riista maksimaalsel v\u00f5imsusel;11,5 m\/sec\u00b2<br \/>M\u00e4\u00e4ramatu m\u00fcra (K faktor), kasutates t\u00f6\u00f6riista maksimaalsel v\u00f5imsusel;1,5 m\/sec\u00b2<br \/>Harjateta mootor;1<\/p>\n","protected":false},"excerpt":{"rendered":"<p>18V - 1\/4&#8243; - 140 Nm - 0 - 3 000 min-\u00b9<\/p>\n","protected":false},"featured_media":30712,"template":"","meta":{"_acf_changed":false},"product_cat":[1205],"product_tag":[],"class_list":{"0":"post-31020","1":"product","2":"type-product","3":"status-publish","4":"has-post-thumbnail","6":"product_cat-tooriistad-ja-hooldus","7":"pa_brand-makita","9":"first","10":"instock","11":"taxable","12":"shipping-taxable","13":"purchasable","14":"product-type-simple","swatches":"rey-swatches","show_selected":""},"acf":[],"yoast_head":"<!-- This site is optimized with the Yoast SEO plugin v27.4 - https:\/\/yoast.com\/product\/yoast-seo-wordpress\/ -->\n<title>Akul\u00f6\u00f6kkruvikeeraja LXT\u00ae, 18V | Motorock<\/title>\n<meta name=\"robots\" content=\"index, follow, max-snippet:-1, max-image-preview:large, max-video-preview:-1\" \/>\n<link rel=\"canonical\" href=\"https:\/\/motorock.eu\/et\/toode\/akulookkruvikeeraja-lxt-18v\/\" \/>\n<meta property=\"og:locale\" content=\"et_EE\" \/>\n<meta property=\"og:type\" content=\"article\" \/>\n<meta property=\"og:title\" content=\"Akul\u00f6\u00f6kkruvikeeraja LXT\u00ae, 18V | Motorock\" \/>\n<meta property=\"og:description\" content=\"18V - 1\/4&quot; - 140 Nm - 0 - 3 000 min-\u00b9\" \/>\n<meta property=\"og:url\" content=\"https:\/\/motorock.eu\/et\/toode\/akulookkruvikeeraja-lxt-18v\/\" \/>\n<meta property=\"og:site_name\" content=\"Motorock\" \/>\n<meta property=\"article:modified_time\" content=\"2026-04-19T12:31:50+00:00\" \/>\n<meta property=\"og:image\" content=\"https:\/\/motorock.eu\/wp-content\/uploads\/2025\/09\/Motorock-og-image-min.jpg\" \/>\n\t<meta property=\"og:image:width\" content=\"1200\" \/>\n\t<meta property=\"og:image:height\" content=\"675\" \/>\n\t<meta property=\"og:image:type\" content=\"image\/jpeg\" \/>\n<meta name=\"twitter:card\" content=\"summary_large_image\" \/>\n<meta name=\"twitter:label1\" content=\"Est. reading time\" \/>\n\t<meta name=\"twitter:data1\" content=\"1 minut\" \/>\n<script type=\"application\/ld+json\" class=\"yoast-schema-graph\">{\"@context\":\"https:\\\/\\\/schema.org\",\"@graph\":[{\"@type\":\"WebPage\",\"@id\":\"https:\\\/\\\/motorock.eu\\\/et\\\/toode\\\/akulookkruvikeeraja-lxt-18v\\\/\",\"url\":\"https:\\\/\\\/motorock.eu\\\/et\\\/toode\\\/akulookkruvikeeraja-lxt-18v\\\/\",\"name\":\"Akul\u00f6\u00f6kkruvikeeraja LXT\u00ae, 18V | Motorock\",\"isPartOf\":{\"@id\":\"https:\\\/\\\/motorock.eu\\\/et\\\/#website\"},\"primaryImageOfPage\":{\"@id\":\"https:\\\/\\\/motorock.eu\\\/et\\\/toode\\\/akulookkruvikeeraja-lxt-18v\\\/#primaryimage\"},\"image\":{\"@id\":\"https:\\\/\\\/motorock.eu\\\/et\\\/toode\\\/akulookkruvikeeraja-lxt-18v\\\/#primaryimage\"},\"thumbnailUrl\":\"https:\\\/\\\/motorock.eu\\\/wp-content\\\/uploads\\\/2026\\\/04\\\/DTD157Z_C2L0.jpg\",\"datePublished\":\"2026-04-19T12:22:29+00:00\",\"dateModified\":\"2026-04-19T12:31:50+00:00\",\"breadcrumb\":{\"@id\":\"https:\\\/\\\/motorock.eu\\\/et\\\/toode\\\/akulookkruvikeeraja-lxt-18v\\\/#breadcrumb\"},\"inLanguage\":\"et\",\"potentialAction\":[{\"@type\":\"ReadAction\",\"target\":[\"https:\\\/\\\/motorock.eu\\\/et\\\/toode\\\/akulookkruvikeeraja-lxt-18v\\\/\"]}]},{\"@type\":\"ImageObject\",\"inLanguage\":\"et\",\"@id\":\"https:\\\/\\\/motorock.eu\\\/et\\\/toode\\\/akulookkruvikeeraja-lxt-18v\\\/#primaryimage\",\"url\":\"https:\\\/\\\/motorock.eu\\\/wp-content\\\/uploads\\\/2026\\\/04\\\/DTD157Z_C2L0.jpg\",\"contentUrl\":\"https:\\\/\\\/motorock.eu\\\/wp-content\\\/uploads\\\/2026\\\/04\\\/DTD157Z_C2L0.jpg\",\"width\":539,\"height\":1000},{\"@type\":\"BreadcrumbList\",\"@id\":\"https:\\\/\\\/motorock.eu\\\/et\\\/toode\\\/akulookkruvikeeraja-lxt-18v\\\/#breadcrumb\",\"itemListElement\":[{\"@type\":\"ListItem\",\"position\":1,\"name\":\"Koduleht\",\"item\":\"https:\\\/\\\/motorock.eu\\\/et\\\/pealeht\\\/\"},{\"@type\":\"ListItem\",\"position\":2,\"name\":\"Pood\",\"item\":\"https:\\\/\\\/motorock.eu\\\/et\\\/pood\\\/\"},{\"@type\":\"ListItem\",\"position\":3,\"name\":\"Akul\u00f6\u00f6kkruvikeeraja LXT\u00ae, 18V\"}]},{\"@type\":\"WebSite\",\"@id\":\"https:\\\/\\\/motorock.eu\\\/et\\\/#website\",\"url\":\"https:\\\/\\\/motorock.eu\\\/et\\\/\",\"name\":\"Motorock\",\"description\":\"Sinu elustiil, sinu teekond!\",\"publisher\":{\"@id\":\"https:\\\/\\\/motorock.eu\\\/et\\\/#organization\"},\"potentialAction\":[{\"@type\":\"SearchAction\",\"target\":{\"@type\":\"EntryPoint\",\"urlTemplate\":\"https:\\\/\\\/motorock.eu\\\/et\\\/?s={search_term_string}\"},\"query-input\":{\"@type\":\"PropertyValueSpecification\",\"valueRequired\":true,\"valueName\":\"search_term_string\"}}],\"inLanguage\":\"et\"},{\"@type\":\"Organization\",\"@id\":\"https:\\\/\\\/motorock.eu\\\/et\\\/#organization\",\"name\":\"Motorock\",\"url\":\"https:\\\/\\\/motorock.eu\\\/et\\\/\",\"logo\":{\"@type\":\"ImageObject\",\"inLanguage\":\"et\",\"@id\":\"https:\\\/\\\/motorock.eu\\\/et\\\/#\\\/schema\\\/logo\\\/image\\\/\",\"url\":\"https:\\\/\\\/motorock.eu\\\/wp-content\\\/uploads\\\/2025\\\/05\\\/Group.png\",\"contentUrl\":\"https:\\\/\\\/motorock.eu\\\/wp-content\\\/uploads\\\/2025\\\/05\\\/Group.png\",\"width\":2185,\"height\":677,\"caption\":\"Motorock\"},\"image\":{\"@id\":\"https:\\\/\\\/motorock.eu\\\/et\\\/#\\\/schema\\\/logo\\\/image\\\/\"}}]}<\/script>\n<!-- \/ Yoast SEO plugin. -->","yoast_head_json":{"title":"Akul\u00f6\u00f6kkruvikeeraja LXT\u00ae, 18V | Motorock","robots":{"index":"index","follow":"follow","max-snippet":"max-snippet:-1","max-image-preview":"max-image-preview:large","max-video-preview":"max-video-preview:-1"},"canonical":"https:\/\/motorock.eu\/et\/toode\/akulookkruvikeeraja-lxt-18v\/","og_locale":"et_EE","og_type":"article","og_title":"Akul\u00f6\u00f6kkruvikeeraja LXT\u00ae, 18V | Motorock","og_description":"18V - 1\/4\" - 140 Nm - 0 - 3 000 min-\u00b9","og_url":"https:\/\/motorock.eu\/et\/toode\/akulookkruvikeeraja-lxt-18v\/","og_site_name":"Motorock","article_modified_time":"2026-04-19T12:31:50+00:00","og_image":[{"width":1200,"height":675,"url":"https:\/\/motorock.eu\/wp-content\/uploads\/2025\/09\/Motorock-og-image-min.jpg","type":"image\/jpeg"}],"twitter_card":"summary_large_image","twitter_misc":{"Est. reading time":"1 minut"},"schema":{"@context":"https:\/\/schema.org","@graph":[{"@type":"WebPage","@id":"https:\/\/motorock.eu\/et\/toode\/akulookkruvikeeraja-lxt-18v\/","url":"https:\/\/motorock.eu\/et\/toode\/akulookkruvikeeraja-lxt-18v\/","name":"Akul\u00f6\u00f6kkruvikeeraja LXT\u00ae, 18V | Motorock","isPartOf":{"@id":"https:\/\/motorock.eu\/et\/#website"},"primaryImageOfPage":{"@id":"https:\/\/motorock.eu\/et\/toode\/akulookkruvikeeraja-lxt-18v\/#primaryimage"},"image":{"@id":"https:\/\/motorock.eu\/et\/toode\/akulookkruvikeeraja-lxt-18v\/#primaryimage"},"thumbnailUrl":"https:\/\/motorock.eu\/wp-content\/uploads\/2026\/04\/DTD157Z_C2L0.jpg","datePublished":"2026-04-19T12:22:29+00:00","dateModified":"2026-04-19T12:31:50+00:00","breadcrumb":{"@id":"https:\/\/motorock.eu\/et\/toode\/akulookkruvikeeraja-lxt-18v\/#breadcrumb"},"inLanguage":"et","potentialAction":[{"@type":"ReadAction","target":["https:\/\/motorock.eu\/et\/toode\/akulookkruvikeeraja-lxt-18v\/"]}]},{"@type":"ImageObject","inLanguage":"et","@id":"https:\/\/motorock.eu\/et\/toode\/akulookkruvikeeraja-lxt-18v\/#primaryimage","url":"https:\/\/motorock.eu\/wp-content\/uploads\/2026\/04\/DTD157Z_C2L0.jpg","contentUrl":"https:\/\/motorock.eu\/wp-content\/uploads\/2026\/04\/DTD157Z_C2L0.jpg","width":539,"height":1000},{"@type":"BreadcrumbList","@id":"https:\/\/motorock.eu\/et\/toode\/akulookkruvikeeraja-lxt-18v\/#breadcrumb","itemListElement":[{"@type":"ListItem","position":1,"name":"Koduleht","item":"https:\/\/motorock.eu\/et\/pealeht\/"},{"@type":"ListItem","position":2,"name":"Pood","item":"https:\/\/motorock.eu\/et\/pood\/"},{"@type":"ListItem","position":3,"name":"Akul\u00f6\u00f6kkruvikeeraja LXT\u00ae, 18V"}]},{"@type":"WebSite","@id":"https:\/\/motorock.eu\/et\/#website","url":"https:\/\/motorock.eu\/et\/","name":"Motorock","description":"Sinu elustiil, sinu teekond!","publisher":{"@id":"https:\/\/motorock.eu\/et\/#organization"},"potentialAction":[{"@type":"SearchAction","target":{"@type":"EntryPoint","urlTemplate":"https:\/\/motorock.eu\/et\/?s={search_term_string}"},"query-input":{"@type":"PropertyValueSpecification","valueRequired":true,"valueName":"search_term_string"}}],"inLanguage":"et"},{"@type":"Organization","@id":"https:\/\/motorock.eu\/et\/#organization","name":"Motorock","url":"https:\/\/motorock.eu\/et\/","logo":{"@type":"ImageObject","inLanguage":"et","@id":"https:\/\/motorock.eu\/et\/#\/schema\/logo\/image\/","url":"https:\/\/motorock.eu\/wp-content\/uploads\/2025\/05\/Group.png","contentUrl":"https:\/\/motorock.eu\/wp-content\/uploads\/2025\/05\/Group.png","width":2185,"height":677,"caption":"Motorock"},"image":{"@id":"https:\/\/motorock.eu\/et\/#\/schema\/logo\/image\/"}}]}},"_links":{"self":[{"href":"https:\/\/motorock.eu\/et\/wp-json\/wp\/v2\/product\/31020","targetHints":{"allow":["GET"]}}],"collection":[{"href":"https:\/\/motorock.eu\/et\/wp-json\/wp\/v2\/product"}],"about":[{"href":"https:\/\/motorock.eu\/et\/wp-json\/wp\/v2\/types\/product"}],"wp:featuredmedia":[{"embeddable":true,"href":"https:\/\/motorock.eu\/et\/wp-json\/wp\/v2\/media\/30712"}],"wp:attachment":[{"href":"https:\/\/motorock.eu\/et\/wp-json\/wp\/v2\/media?parent=31020"}],"wp:term":[{"taxonomy":"product_cat","embeddable":true,"href":"https:\/\/motorock.eu\/et\/wp-json\/wp\/v2\/product_cat?post=31020"},{"taxonomy":"product_tag","embeddable":true,"href":"https:\/\/motorock.eu\/et\/wp-json\/wp\/v2\/product_tag?post=31020"}],"curies":[{"name":"wp","href":"https:\/\/api.w.org\/{rel}","templated":true}]}}