{"id":31019,"date":"2026-04-19T15:22:52","date_gmt":"2026-04-19T12:22:52","guid":{"rendered":"https:\/\/motorock.eu\/product\/akulooknurkmutrikeeraja\/"},"modified":"2026-04-19T15:31:50","modified_gmt":"2026-04-19T12:31:50","slug":"akulooknurkmutrikeeraja","status":"publish","type":"product","link":"https:\/\/motorock.eu\/et\/toode\/akulooknurkmutrikeeraja\/","title":{"rendered":"Akul\u00f6\u00f6knurkmutrikeeraja"},"content":{"rendered":"<p>Kompaktne, mahub t\u00f6\u00f6tama kitsastes kohtades. Nurgam\u00f5\u00f5t vaid 53 mm <\/p>\n<p>Pikk l\u00fcliti v\u00f5imaldab pea t\u00f6\u00f6asendit.<br \/>Nurga m\u00f5\u00f5t vaid 53mm.<br \/>K\u00e4epideme kummikate tagab kindla haarde.<br \/>LED lamp valgustab t\u00f6\u00f6koha.<\/p>\n<p><\/p>\n<h3>Eelised<\/h3>\n<p>Aku kaitses\u00fcsteem l\u00fclitab automaatselt voolu v\u00e4lja, kui aku tase on madal<br \/>Ideaalne kitsastes ruumides ja herne kohal t\u00f6\u00f6tamiseks<br \/>K\u00e4epideme kummist kate tagab kindla t\u00f6\u00f6haarde<br \/>Kompaktne 1\/4 \" sisekuuskant kiirpadrun<br \/>LED-valgus valgustamaks t\u00f6\u00f6kohta<\/p>\n<p><\/p>\n<h3>Tehnilised andmed<\/h3>\n<p>Pinge LXT;1<br \/>Aku nominaalpinge;18 v<br \/>Akukeemia ;Li-ion<br \/>P\u00f6\u00f6retearv;0 - 2000 min-\u00b9<br \/>Maks. pingutusmoment;60 Nm<br \/>Standardse poldi pingutusv\u00f5ime;M4 - M12<br \/>Masinkruvi;M4 - M8<br \/>K\u00f5rgpingutuspoldi pingutusv\u00f5ime;M4 - M8<br \/>L\u00f6\u00f6gisagedus;0 - 3000 min-\u00b9<br \/>Tarvikukinnitus;3\/8 \"<br \/>Heliv\u00f5imsuse tase (<sub>LWA<\/sub>);99 dB(A)<br \/>Helir\u00f5hu tase (<sub>LpA<\/sub>);91 dB(A)<br \/>M\u00e4\u00e4ramatu m\u00fcra (K faktor);3 dB(A)<br \/>Toote kaal koos akuga;1,4 - 2,0 kg<br \/>Toote m\u00f5\u00f5dud (P x L x K);387 x 78 x 116 mm<br \/>Nurgam\u00f5\u00f5t;53 mm<br \/>Vibratsioonitase, kasutates t\u00f6\u00f6riista maksimaalsel v\u00f5imsusel;16,5 m\/sek\u00b2<br \/>M\u00e4\u00e4ramatu m\u00fcra (K faktor), kasutates t\u00f6\u00f6riista maksimaalsel v\u00f5imsusel;2,0 m\/sek\u00b2 <\/p>\n","protected":false},"excerpt":{"rendered":"<p>18V Li-ion ilma aku ja laadijata<\/p>\n","protected":false},"featured_media":30819,"template":"","meta":{"_acf_changed":false},"product_cat":[1205],"product_tag":[],"class_list":{"0":"post-31019","1":"product","2":"type-product","3":"status-publish","4":"has-post-thumbnail","6":"product_cat-tooriistad-ja-hooldus","7":"pa_brand-makita","9":"first","10":"instock","11":"taxable","12":"shipping-taxable","13":"purchasable","14":"product-type-simple","swatches":"rey-swatches","show_selected":""},"acf":[],"yoast_head":"<!-- This site is optimized with the Yoast SEO plugin v27.4 - https:\/\/yoast.com\/product\/yoast-seo-wordpress\/ -->\n<title>Akul\u00f6\u00f6knurkmutrikeeraja | Motorock<\/title>\n<meta name=\"robots\" content=\"index, follow, max-snippet:-1, max-image-preview:large, max-video-preview:-1\" \/>\n<link rel=\"canonical\" href=\"https:\/\/motorock.eu\/et\/toode\/akulooknurkmutrikeeraja\/\" \/>\n<meta property=\"og:locale\" content=\"et_EE\" \/>\n<meta property=\"og:type\" content=\"article\" \/>\n<meta property=\"og:title\" content=\"Akul\u00f6\u00f6knurkmutrikeeraja | Motorock\" \/>\n<meta property=\"og:description\" content=\"18V Li-ion ilma aku ja laadijata\" \/>\n<meta property=\"og:url\" content=\"https:\/\/motorock.eu\/et\/toode\/akulooknurkmutrikeeraja\/\" \/>\n<meta property=\"og:site_name\" content=\"Motorock\" \/>\n<meta property=\"article:modified_time\" content=\"2026-04-19T12:31:50+00:00\" \/>\n<meta property=\"og:image\" content=\"https:\/\/motorock.eu\/wp-content\/uploads\/2025\/09\/Motorock-og-image-min.jpg\" \/>\n\t<meta property=\"og:image:width\" content=\"1200\" \/>\n\t<meta property=\"og:image:height\" content=\"675\" \/>\n\t<meta property=\"og:image:type\" content=\"image\/jpeg\" \/>\n<meta name=\"twitter:card\" content=\"summary_large_image\" \/>\n<meta name=\"twitter:label1\" content=\"Est. reading time\" \/>\n\t<meta name=\"twitter:data1\" content=\"1 minut\" \/>\n<script type=\"application\/ld+json\" class=\"yoast-schema-graph\">{\"@context\":\"https:\\\/\\\/schema.org\",\"@graph\":[{\"@type\":\"WebPage\",\"@id\":\"https:\\\/\\\/motorock.eu\\\/et\\\/toode\\\/akulooknurkmutrikeeraja\\\/\",\"url\":\"https:\\\/\\\/motorock.eu\\\/et\\\/toode\\\/akulooknurkmutrikeeraja\\\/\",\"name\":\"Akul\u00f6\u00f6knurkmutrikeeraja | Motorock\",\"isPartOf\":{\"@id\":\"https:\\\/\\\/motorock.eu\\\/et\\\/#website\"},\"primaryImageOfPage\":{\"@id\":\"https:\\\/\\\/motorock.eu\\\/et\\\/toode\\\/akulooknurkmutrikeeraja\\\/#primaryimage\"},\"image\":{\"@id\":\"https:\\\/\\\/motorock.eu\\\/et\\\/toode\\\/akulooknurkmutrikeeraja\\\/#primaryimage\"},\"thumbnailUrl\":\"https:\\\/\\\/motorock.eu\\\/wp-content\\\/uploads\\\/2026\\\/04\\\/DTL063Z_C2L0.jpg\",\"datePublished\":\"2026-04-19T12:22:52+00:00\",\"dateModified\":\"2026-04-19T12:31:50+00:00\",\"breadcrumb\":{\"@id\":\"https:\\\/\\\/motorock.eu\\\/et\\\/toode\\\/akulooknurkmutrikeeraja\\\/#breadcrumb\"},\"inLanguage\":\"et\",\"potentialAction\":[{\"@type\":\"ReadAction\",\"target\":[\"https:\\\/\\\/motorock.eu\\\/et\\\/toode\\\/akulooknurkmutrikeeraja\\\/\"]}]},{\"@type\":\"ImageObject\",\"inLanguage\":\"et\",\"@id\":\"https:\\\/\\\/motorock.eu\\\/et\\\/toode\\\/akulooknurkmutrikeeraja\\\/#primaryimage\",\"url\":\"https:\\\/\\\/motorock.eu\\\/wp-content\\\/uploads\\\/2026\\\/04\\\/DTL063Z_C2L0.jpg\",\"contentUrl\":\"https:\\\/\\\/motorock.eu\\\/wp-content\\\/uploads\\\/2026\\\/04\\\/DTL063Z_C2L0.jpg\",\"width\":1000,\"height\":440},{\"@type\":\"BreadcrumbList\",\"@id\":\"https:\\\/\\\/motorock.eu\\\/et\\\/toode\\\/akulooknurkmutrikeeraja\\\/#breadcrumb\",\"itemListElement\":[{\"@type\":\"ListItem\",\"position\":1,\"name\":\"Koduleht\",\"item\":\"https:\\\/\\\/motorock.eu\\\/et\\\/pealeht\\\/\"},{\"@type\":\"ListItem\",\"position\":2,\"name\":\"Pood\",\"item\":\"https:\\\/\\\/motorock.eu\\\/et\\\/pood\\\/\"},{\"@type\":\"ListItem\",\"position\":3,\"name\":\"Akul\u00f6\u00f6knurkmutrikeeraja\"}]},{\"@type\":\"WebSite\",\"@id\":\"https:\\\/\\\/motorock.eu\\\/et\\\/#website\",\"url\":\"https:\\\/\\\/motorock.eu\\\/et\\\/\",\"name\":\"Motorock\",\"description\":\"Sinu elustiil, sinu teekond!\",\"publisher\":{\"@id\":\"https:\\\/\\\/motorock.eu\\\/et\\\/#organization\"},\"potentialAction\":[{\"@type\":\"SearchAction\",\"target\":{\"@type\":\"EntryPoint\",\"urlTemplate\":\"https:\\\/\\\/motorock.eu\\\/et\\\/?s={search_term_string}\"},\"query-input\":{\"@type\":\"PropertyValueSpecification\",\"valueRequired\":true,\"valueName\":\"search_term_string\"}}],\"inLanguage\":\"et\"},{\"@type\":\"Organization\",\"@id\":\"https:\\\/\\\/motorock.eu\\\/et\\\/#organization\",\"name\":\"Motorock\",\"url\":\"https:\\\/\\\/motorock.eu\\\/et\\\/\",\"logo\":{\"@type\":\"ImageObject\",\"inLanguage\":\"et\",\"@id\":\"https:\\\/\\\/motorock.eu\\\/et\\\/#\\\/schema\\\/logo\\\/image\\\/\",\"url\":\"https:\\\/\\\/motorock.eu\\\/wp-content\\\/uploads\\\/2025\\\/05\\\/Group.png\",\"contentUrl\":\"https:\\\/\\\/motorock.eu\\\/wp-content\\\/uploads\\\/2025\\\/05\\\/Group.png\",\"width\":2185,\"height\":677,\"caption\":\"Motorock\"},\"image\":{\"@id\":\"https:\\\/\\\/motorock.eu\\\/et\\\/#\\\/schema\\\/logo\\\/image\\\/\"}}]}<\/script>\n<!-- \/ Yoast SEO plugin. -->","yoast_head_json":{"title":"Akul\u00f6\u00f6knurkmutrikeeraja | Motorock","robots":{"index":"index","follow":"follow","max-snippet":"max-snippet:-1","max-image-preview":"max-image-preview:large","max-video-preview":"max-video-preview:-1"},"canonical":"https:\/\/motorock.eu\/et\/toode\/akulooknurkmutrikeeraja\/","og_locale":"et_EE","og_type":"article","og_title":"Akul\u00f6\u00f6knurkmutrikeeraja | Motorock","og_description":"18V Li-ion ilma aku ja laadijata","og_url":"https:\/\/motorock.eu\/et\/toode\/akulooknurkmutrikeeraja\/","og_site_name":"Motorock","article_modified_time":"2026-04-19T12:31:50+00:00","og_image":[{"width":1200,"height":675,"url":"https:\/\/motorock.eu\/wp-content\/uploads\/2025\/09\/Motorock-og-image-min.jpg","type":"image\/jpeg"}],"twitter_card":"summary_large_image","twitter_misc":{"Est. reading time":"1 minut"},"schema":{"@context":"https:\/\/schema.org","@graph":[{"@type":"WebPage","@id":"https:\/\/motorock.eu\/et\/toode\/akulooknurkmutrikeeraja\/","url":"https:\/\/motorock.eu\/et\/toode\/akulooknurkmutrikeeraja\/","name":"Akul\u00f6\u00f6knurkmutrikeeraja | Motorock","isPartOf":{"@id":"https:\/\/motorock.eu\/et\/#website"},"primaryImageOfPage":{"@id":"https:\/\/motorock.eu\/et\/toode\/akulooknurkmutrikeeraja\/#primaryimage"},"image":{"@id":"https:\/\/motorock.eu\/et\/toode\/akulooknurkmutrikeeraja\/#primaryimage"},"thumbnailUrl":"https:\/\/motorock.eu\/wp-content\/uploads\/2026\/04\/DTL063Z_C2L0.jpg","datePublished":"2026-04-19T12:22:52+00:00","dateModified":"2026-04-19T12:31:50+00:00","breadcrumb":{"@id":"https:\/\/motorock.eu\/et\/toode\/akulooknurkmutrikeeraja\/#breadcrumb"},"inLanguage":"et","potentialAction":[{"@type":"ReadAction","target":["https:\/\/motorock.eu\/et\/toode\/akulooknurkmutrikeeraja\/"]}]},{"@type":"ImageObject","inLanguage":"et","@id":"https:\/\/motorock.eu\/et\/toode\/akulooknurkmutrikeeraja\/#primaryimage","url":"https:\/\/motorock.eu\/wp-content\/uploads\/2026\/04\/DTL063Z_C2L0.jpg","contentUrl":"https:\/\/motorock.eu\/wp-content\/uploads\/2026\/04\/DTL063Z_C2L0.jpg","width":1000,"height":440},{"@type":"BreadcrumbList","@id":"https:\/\/motorock.eu\/et\/toode\/akulooknurkmutrikeeraja\/#breadcrumb","itemListElement":[{"@type":"ListItem","position":1,"name":"Koduleht","item":"https:\/\/motorock.eu\/et\/pealeht\/"},{"@type":"ListItem","position":2,"name":"Pood","item":"https:\/\/motorock.eu\/et\/pood\/"},{"@type":"ListItem","position":3,"name":"Akul\u00f6\u00f6knurkmutrikeeraja"}]},{"@type":"WebSite","@id":"https:\/\/motorock.eu\/et\/#website","url":"https:\/\/motorock.eu\/et\/","name":"Motorock","description":"Sinu elustiil, sinu teekond!","publisher":{"@id":"https:\/\/motorock.eu\/et\/#organization"},"potentialAction":[{"@type":"SearchAction","target":{"@type":"EntryPoint","urlTemplate":"https:\/\/motorock.eu\/et\/?s={search_term_string}"},"query-input":{"@type":"PropertyValueSpecification","valueRequired":true,"valueName":"search_term_string"}}],"inLanguage":"et"},{"@type":"Organization","@id":"https:\/\/motorock.eu\/et\/#organization","name":"Motorock","url":"https:\/\/motorock.eu\/et\/","logo":{"@type":"ImageObject","inLanguage":"et","@id":"https:\/\/motorock.eu\/et\/#\/schema\/logo\/image\/","url":"https:\/\/motorock.eu\/wp-content\/uploads\/2025\/05\/Group.png","contentUrl":"https:\/\/motorock.eu\/wp-content\/uploads\/2025\/05\/Group.png","width":2185,"height":677,"caption":"Motorock"},"image":{"@id":"https:\/\/motorock.eu\/et\/#\/schema\/logo\/image\/"}}]}},"_links":{"self":[{"href":"https:\/\/motorock.eu\/et\/wp-json\/wp\/v2\/product\/31019","targetHints":{"allow":["GET"]}}],"collection":[{"href":"https:\/\/motorock.eu\/et\/wp-json\/wp\/v2\/product"}],"about":[{"href":"https:\/\/motorock.eu\/et\/wp-json\/wp\/v2\/types\/product"}],"wp:featuredmedia":[{"embeddable":true,"href":"https:\/\/motorock.eu\/et\/wp-json\/wp\/v2\/media\/30819"}],"wp:attachment":[{"href":"https:\/\/motorock.eu\/et\/wp-json\/wp\/v2\/media?parent=31019"}],"wp:term":[{"taxonomy":"product_cat","embeddable":true,"href":"https:\/\/motorock.eu\/et\/wp-json\/wp\/v2\/product_cat?post=31019"},{"taxonomy":"product_tag","embeddable":true,"href":"https:\/\/motorock.eu\/et\/wp-json\/wp\/v2\/product_tag?post=31019"}],"curies":[{"name":"wp","href":"https:\/\/api.w.org\/{rel}","templated":true}]}}