{"id":31018,"date":"2026-04-19T15:22:56","date_gmt":"2026-04-19T12:22:56","guid":{"rendered":"https:\/\/motorock.eu\/product\/akuuniversaaltooriist\/"},"modified":"2026-04-19T15:31:50","modified_gmt":"2026-04-19T12:31:50","slug":"akuuniversaaltooriist","status":"publish","type":"product","link":"https:\/\/motorock.eu\/et\/toode\/akuuniversaaltooriist\/","title":{"rendered":"Akuuniversaalt\u00f6\u00f6riist"},"content":{"rendered":"<p>Akuuniversaalt\u00f6\u00f6riist mis on suurep\u00e4rane abiline erinevateks l\u00f5ikamisteks, lihvimisteks, vuugipuhastamiseks ja paljuks muuks. Uus ja v\u00f5imas harjavaba mootor tagab suure v\u00f5nkeulatuse ja v\u00f5nkekiiruse - lausa 3,6\u00b0 ja 10000 - 20000 min-\u00b9. <\/p>\n<p>Suurep\u00e4raselt k\u00e4tte sobiv 18V LXT\u00ae akuuniversaalt\u00f6\u00f6riist on asendamatuks abiliseks ehitus- v\u00f5i renoveerimist\u00f6\u00f6del. Aidates erinevate l\u00f5ikamis, lihvimis, vuugipuhastamis ja paljude muude t\u00f6\u00f6dega. Sobib STARLOCK, STARLOCK PLUS, STARLOCK MAX kinnitusega tarvikutega. Varustatud tarvikute t\u00f6\u00f6riistavaba lukustuss\u00fcsteemiga. Maksimaalne v\u00f5nkekiirus on reguleeritav vahemikus 10 000 - 20 000 v\u00f5nget minutis. Ainult akuuniversaalt\u00f6\u00f6riist, ilma aku ja laadijata.       <\/p>\n<h3>Eelised<\/h3>\n<p>Aku kaitses\u00fcsteem l\u00fclitab automaatselt voolu v\u00e4lja, kui aku tase on madal<br \/>AVT - ainulaadne uue tehnoloogia vibratsioonisummutus<br \/>K\u00e4epideme kummist kate tagab kindla t\u00f6\u00f6haarde<br \/>Kiiruse reguleerimine v\u00f5imaldab kasutajal kohandada kiirust vastavalt olukorrale, et saavutada suurem mitmek\u00fclgsus.<br \/>Sobib kinnitustega STARLOCK, STARLOCK PLUS, STARLOCK MAX<br \/>Sujuv k\u00e4ivitus aitab t\u00f6\u00f6riista t\u00f6\u00f6le panemisel saavutada suurema kontrolli ja parema t\u00e4psuse<br \/>Taask\u00e4ivitamiskaitse v\u00e4hendab juhusliku k\u00e4ivitumise v\u00f5imalikkust<\/p>\n<p><\/p>\n<h3>Tehnilised andmed<\/h3>\n<p>Pinge LXT;1<br \/>Aku nominaalpinge;18 v<br \/>Akukeemia ;Li-ion<br \/>P\u00f6\u00f6retearv;10000 - 20000 min-\u00b9<br \/>V\u00f5nkenurk;2 x 1,8 \u00ba<br \/>Lihvimispaberi suurus (delta);93 x 93 x 93 mm<br \/>Helir\u00f5hu tase (L <sub>pA<\/sub>);72 - 79 dB(A)<br \/>M\u00e4\u00e4ramatu m\u00fcra (K faktor);3 dB(A)<br \/>Toote kaal koos akuga;1,7 - 2,0 kg<br \/>Vibratsioonitase, lihvimisel;\u2264 2,5 m\/sec\u00b2<br \/>M\u00e4\u00e4ramatu m\u00fcra (K faktor), lihvimisel;1,5 m\/sec\u00b2<br \/>Toote m\u00f5\u00f5dud (P x L x K);332 x 95 x 125 mm<br \/>Vibratsioonitase, l\u00f5igates uputus saekettaga;\u2264 2,5 m\/sec\u00b2<br \/>M\u00e4\u00e4ramatu m\u00fcra (K faktor), l\u00f5igates ruputus saeteraga;1,5 m\/sec\u00b2<br \/>Vibratsioonitase, l\u00f5igates universaalse saekettaga;\u2264 2,5 m\/sec\u00b2<br \/>M\u00e4\u00e4ramatu m\u00fcra (K faktor), l\u00f5igates universaalse saekettaga;1,5 m\/sec\u00b2<br \/>Vibratsioonitase, piikides v\u00f5i meiseldades;\u2264 2,5 m\/sec\u00b2<br \/>M\u00e4\u00e4ramatu m\u00fcra (K faktor), piikides v\u00f5i meiseldades;1,5 m\/sec\u00b2<br \/>Plastikkohver;1<br \/>Harjateta mootor;1<\/p>\n","protected":false},"excerpt":{"rendered":"<p>18V - 3,6\u00b0 - 10 000 - 20 000 min-\u00b9<\/p>\n","protected":false},"featured_media":30836,"template":"","meta":{"_acf_changed":false},"product_cat":[1205],"product_tag":[],"class_list":{"0":"post-31018","1":"product","2":"type-product","3":"status-publish","4":"has-post-thumbnail","6":"product_cat-tooriistad-ja-hooldus","7":"pa_brand-makita","9":"first","10":"instock","11":"taxable","12":"shipping-taxable","13":"purchasable","14":"product-type-simple","swatches":"rey-swatches","show_selected":""},"acf":[],"yoast_head":"<!-- This site is optimized with the Yoast SEO plugin v27.4 - https:\/\/yoast.com\/product\/yoast-seo-wordpress\/ -->\n<title>Akuuniversaalt\u00f6\u00f6riist | Motorock<\/title>\n<meta name=\"robots\" content=\"index, follow, max-snippet:-1, max-image-preview:large, max-video-preview:-1\" \/>\n<link rel=\"canonical\" href=\"https:\/\/motorock.eu\/et\/toode\/akuuniversaaltooriist\/\" \/>\n<meta property=\"og:locale\" content=\"et_EE\" \/>\n<meta property=\"og:type\" content=\"article\" \/>\n<meta property=\"og:title\" content=\"Akuuniversaalt\u00f6\u00f6riist | Motorock\" \/>\n<meta property=\"og:description\" content=\"18V - 3,6\u00b0 - 10 000 - 20 000 min-\u00b9\" \/>\n<meta property=\"og:url\" content=\"https:\/\/motorock.eu\/et\/toode\/akuuniversaaltooriist\/\" \/>\n<meta property=\"og:site_name\" content=\"Motorock\" \/>\n<meta property=\"article:modified_time\" content=\"2026-04-19T12:31:50+00:00\" \/>\n<meta property=\"og:image\" content=\"https:\/\/motorock.eu\/wp-content\/uploads\/2025\/09\/Motorock-og-image-min.jpg\" \/>\n\t<meta property=\"og:image:width\" content=\"1200\" \/>\n\t<meta property=\"og:image:height\" content=\"675\" \/>\n\t<meta property=\"og:image:type\" content=\"image\/jpeg\" \/>\n<meta name=\"twitter:card\" content=\"summary_large_image\" \/>\n<meta name=\"twitter:label1\" content=\"Est. reading time\" \/>\n\t<meta name=\"twitter:data1\" content=\"1 minut\" \/>\n<script type=\"application\/ld+json\" class=\"yoast-schema-graph\">{\"@context\":\"https:\\\/\\\/schema.org\",\"@graph\":[{\"@type\":\"WebPage\",\"@id\":\"https:\\\/\\\/motorock.eu\\\/et\\\/toode\\\/akuuniversaaltooriist\\\/\",\"url\":\"https:\\\/\\\/motorock.eu\\\/et\\\/toode\\\/akuuniversaaltooriist\\\/\",\"name\":\"Akuuniversaalt\u00f6\u00f6riist | Motorock\",\"isPartOf\":{\"@id\":\"https:\\\/\\\/motorock.eu\\\/et\\\/#website\"},\"primaryImageOfPage\":{\"@id\":\"https:\\\/\\\/motorock.eu\\\/et\\\/toode\\\/akuuniversaaltooriist\\\/#primaryimage\"},\"image\":{\"@id\":\"https:\\\/\\\/motorock.eu\\\/et\\\/toode\\\/akuuniversaaltooriist\\\/#primaryimage\"},\"thumbnailUrl\":\"https:\\\/\\\/motorock.eu\\\/wp-content\\\/uploads\\\/2026\\\/04\\\/DTM52Z_C2L0.jpg\",\"datePublished\":\"2026-04-19T12:22:56+00:00\",\"dateModified\":\"2026-04-19T12:31:50+00:00\",\"breadcrumb\":{\"@id\":\"https:\\\/\\\/motorock.eu\\\/et\\\/toode\\\/akuuniversaaltooriist\\\/#breadcrumb\"},\"inLanguage\":\"et\",\"potentialAction\":[{\"@type\":\"ReadAction\",\"target\":[\"https:\\\/\\\/motorock.eu\\\/et\\\/toode\\\/akuuniversaaltooriist\\\/\"]}]},{\"@type\":\"ImageObject\",\"inLanguage\":\"et\",\"@id\":\"https:\\\/\\\/motorock.eu\\\/et\\\/toode\\\/akuuniversaaltooriist\\\/#primaryimage\",\"url\":\"https:\\\/\\\/motorock.eu\\\/wp-content\\\/uploads\\\/2026\\\/04\\\/DTM52Z_C2L0.jpg\",\"contentUrl\":\"https:\\\/\\\/motorock.eu\\\/wp-content\\\/uploads\\\/2026\\\/04\\\/DTM52Z_C2L0.jpg\",\"width\":1000,\"height\":733},{\"@type\":\"BreadcrumbList\",\"@id\":\"https:\\\/\\\/motorock.eu\\\/et\\\/toode\\\/akuuniversaaltooriist\\\/#breadcrumb\",\"itemListElement\":[{\"@type\":\"ListItem\",\"position\":1,\"name\":\"Koduleht\",\"item\":\"https:\\\/\\\/motorock.eu\\\/et\\\/pealeht\\\/\"},{\"@type\":\"ListItem\",\"position\":2,\"name\":\"Pood\",\"item\":\"https:\\\/\\\/motorock.eu\\\/et\\\/pood\\\/\"},{\"@type\":\"ListItem\",\"position\":3,\"name\":\"Akuuniversaalt\u00f6\u00f6riist\"}]},{\"@type\":\"WebSite\",\"@id\":\"https:\\\/\\\/motorock.eu\\\/et\\\/#website\",\"url\":\"https:\\\/\\\/motorock.eu\\\/et\\\/\",\"name\":\"Motorock\",\"description\":\"Sinu elustiil, sinu teekond!\",\"publisher\":{\"@id\":\"https:\\\/\\\/motorock.eu\\\/et\\\/#organization\"},\"potentialAction\":[{\"@type\":\"SearchAction\",\"target\":{\"@type\":\"EntryPoint\",\"urlTemplate\":\"https:\\\/\\\/motorock.eu\\\/et\\\/?s={search_term_string}\"},\"query-input\":{\"@type\":\"PropertyValueSpecification\",\"valueRequired\":true,\"valueName\":\"search_term_string\"}}],\"inLanguage\":\"et\"},{\"@type\":\"Organization\",\"@id\":\"https:\\\/\\\/motorock.eu\\\/et\\\/#organization\",\"name\":\"Motorock\",\"url\":\"https:\\\/\\\/motorock.eu\\\/et\\\/\",\"logo\":{\"@type\":\"ImageObject\",\"inLanguage\":\"et\",\"@id\":\"https:\\\/\\\/motorock.eu\\\/et\\\/#\\\/schema\\\/logo\\\/image\\\/\",\"url\":\"https:\\\/\\\/motorock.eu\\\/wp-content\\\/uploads\\\/2025\\\/05\\\/Group.png\",\"contentUrl\":\"https:\\\/\\\/motorock.eu\\\/wp-content\\\/uploads\\\/2025\\\/05\\\/Group.png\",\"width\":2185,\"height\":677,\"caption\":\"Motorock\"},\"image\":{\"@id\":\"https:\\\/\\\/motorock.eu\\\/et\\\/#\\\/schema\\\/logo\\\/image\\\/\"}}]}<\/script>\n<!-- \/ Yoast SEO plugin. -->","yoast_head_json":{"title":"Akuuniversaalt\u00f6\u00f6riist | Motorock","robots":{"index":"index","follow":"follow","max-snippet":"max-snippet:-1","max-image-preview":"max-image-preview:large","max-video-preview":"max-video-preview:-1"},"canonical":"https:\/\/motorock.eu\/et\/toode\/akuuniversaaltooriist\/","og_locale":"et_EE","og_type":"article","og_title":"Akuuniversaalt\u00f6\u00f6riist | Motorock","og_description":"18V - 3,6\u00b0 - 10 000 - 20 000 min-\u00b9","og_url":"https:\/\/motorock.eu\/et\/toode\/akuuniversaaltooriist\/","og_site_name":"Motorock","article_modified_time":"2026-04-19T12:31:50+00:00","og_image":[{"width":1200,"height":675,"url":"https:\/\/motorock.eu\/wp-content\/uploads\/2025\/09\/Motorock-og-image-min.jpg","type":"image\/jpeg"}],"twitter_card":"summary_large_image","twitter_misc":{"Est. reading time":"1 minut"},"schema":{"@context":"https:\/\/schema.org","@graph":[{"@type":"WebPage","@id":"https:\/\/motorock.eu\/et\/toode\/akuuniversaaltooriist\/","url":"https:\/\/motorock.eu\/et\/toode\/akuuniversaaltooriist\/","name":"Akuuniversaalt\u00f6\u00f6riist | Motorock","isPartOf":{"@id":"https:\/\/motorock.eu\/et\/#website"},"primaryImageOfPage":{"@id":"https:\/\/motorock.eu\/et\/toode\/akuuniversaaltooriist\/#primaryimage"},"image":{"@id":"https:\/\/motorock.eu\/et\/toode\/akuuniversaaltooriist\/#primaryimage"},"thumbnailUrl":"https:\/\/motorock.eu\/wp-content\/uploads\/2026\/04\/DTM52Z_C2L0.jpg","datePublished":"2026-04-19T12:22:56+00:00","dateModified":"2026-04-19T12:31:50+00:00","breadcrumb":{"@id":"https:\/\/motorock.eu\/et\/toode\/akuuniversaaltooriist\/#breadcrumb"},"inLanguage":"et","potentialAction":[{"@type":"ReadAction","target":["https:\/\/motorock.eu\/et\/toode\/akuuniversaaltooriist\/"]}]},{"@type":"ImageObject","inLanguage":"et","@id":"https:\/\/motorock.eu\/et\/toode\/akuuniversaaltooriist\/#primaryimage","url":"https:\/\/motorock.eu\/wp-content\/uploads\/2026\/04\/DTM52Z_C2L0.jpg","contentUrl":"https:\/\/motorock.eu\/wp-content\/uploads\/2026\/04\/DTM52Z_C2L0.jpg","width":1000,"height":733},{"@type":"BreadcrumbList","@id":"https:\/\/motorock.eu\/et\/toode\/akuuniversaaltooriist\/#breadcrumb","itemListElement":[{"@type":"ListItem","position":1,"name":"Koduleht","item":"https:\/\/motorock.eu\/et\/pealeht\/"},{"@type":"ListItem","position":2,"name":"Pood","item":"https:\/\/motorock.eu\/et\/pood\/"},{"@type":"ListItem","position":3,"name":"Akuuniversaalt\u00f6\u00f6riist"}]},{"@type":"WebSite","@id":"https:\/\/motorock.eu\/et\/#website","url":"https:\/\/motorock.eu\/et\/","name":"Motorock","description":"Sinu elustiil, sinu teekond!","publisher":{"@id":"https:\/\/motorock.eu\/et\/#organization"},"potentialAction":[{"@type":"SearchAction","target":{"@type":"EntryPoint","urlTemplate":"https:\/\/motorock.eu\/et\/?s={search_term_string}"},"query-input":{"@type":"PropertyValueSpecification","valueRequired":true,"valueName":"search_term_string"}}],"inLanguage":"et"},{"@type":"Organization","@id":"https:\/\/motorock.eu\/et\/#organization","name":"Motorock","url":"https:\/\/motorock.eu\/et\/","logo":{"@type":"ImageObject","inLanguage":"et","@id":"https:\/\/motorock.eu\/et\/#\/schema\/logo\/image\/","url":"https:\/\/motorock.eu\/wp-content\/uploads\/2025\/05\/Group.png","contentUrl":"https:\/\/motorock.eu\/wp-content\/uploads\/2025\/05\/Group.png","width":2185,"height":677,"caption":"Motorock"},"image":{"@id":"https:\/\/motorock.eu\/et\/#\/schema\/logo\/image\/"}}]}},"_links":{"self":[{"href":"https:\/\/motorock.eu\/et\/wp-json\/wp\/v2\/product\/31018","targetHints":{"allow":["GET"]}}],"collection":[{"href":"https:\/\/motorock.eu\/et\/wp-json\/wp\/v2\/product"}],"about":[{"href":"https:\/\/motorock.eu\/et\/wp-json\/wp\/v2\/types\/product"}],"wp:featuredmedia":[{"embeddable":true,"href":"https:\/\/motorock.eu\/et\/wp-json\/wp\/v2\/media\/30836"}],"wp:attachment":[{"href":"https:\/\/motorock.eu\/et\/wp-json\/wp\/v2\/media?parent=31018"}],"wp:term":[{"taxonomy":"product_cat","embeddable":true,"href":"https:\/\/motorock.eu\/et\/wp-json\/wp\/v2\/product_cat?post=31018"},{"taxonomy":"product_tag","embeddable":true,"href":"https:\/\/motorock.eu\/et\/wp-json\/wp\/v2\/product_tag?post=31018"}],"curies":[{"name":"wp","href":"https:\/\/api.w.org\/{rel}","templated":true}]}}