{"id":31017,"date":"2026-04-19T15:22:37","date_gmt":"2026-04-19T12:22:37","guid":{"rendered":"https:\/\/motorock.eu\/product\/akulookkruvikeeraja-18v-lxt\/"},"modified":"2026-04-19T15:31:50","modified_gmt":"2026-04-19T12:31:50","slug":"akulookkruvikeeraja-18v-lxt","status":"publish","type":"product","link":"https:\/\/motorock.eu\/et\/toode\/akulookkruvikeeraja-18v-lxt\/","title":{"rendered":"Akul\u00f6\u00f6kkruvikeeraja 18V LXT \u00ae"},"content":{"rendered":"<p>Kompaktne akul\u00f6\u00f6kkruvikeeraja kinnitusmomendiga kuni 180 Nm.  <\/p>\n<p>V\u00f5imas ja kompaktne, harjavaba mootoriga l\u00f6\u00f6kkruvikeeraja. T\u00f6\u00f6riista pikkus vaid 111 mm. Maksimaalne kinnitusmoment kuni 180 Nm. Nelja t\u00f6\u00f6re\u017eiimiga juhtpaneel v\u00f5imaldab mugavalt reguleerida nii l\u00f6\u00f6gij\u00f5udu kui ka p\u00f6\u00f6retearvu. T\u00f6\u00f6koha valgustamiseks on t\u00f6\u00f6riistal t\u00f5hus ringikujuline LED t\u00f6\u00f6tuli. XPT (Extreme Protection) tehnoloogia tagab suurema tolmu- ja pritsmekindluse. Ainult t\u00f6\u00f6riist, aku ja laadija ei kuulu komplekti.        <\/p>\n<p>Makita harjavaba mootoriga l\u00f6\u00f6kkruvikeeraja DTD173 on \u00e4\u00e4rmiselt kompaktne. T\u00f6\u00f6riist pakub maksimaalset kinnitusmomenti kuni 180 Nm. Uuenduslikult on l\u00f6\u00f6kkruvikeeraja juhtpaneel viidud t\u00f6\u00f6riista tagaosale. H\u00e4sti n\u00e4htav nelja t\u00f6\u00f6re\u017eiimiga juhtpaneel v\u00f5imaldab mugavalt reguleerida nii l\u00f6\u00f6gij\u00f5udu kui ka p\u00f6\u00f6retearvu.    . L\u00f6\u00f6gij\u00f5u tasemeid saab reguleerida ka re\u017eiimi kiirvahetamise nupust, mis asub t\u00f6\u00f6riista p\u00e4\u00e4stiku kohal.<br \/>Juhtpaneelilt saab valida mitmesuguseid abifunktsioone. N\u00e4iteks re\u017eiim, kus t\u00f6\u00f6riist alustab t\u00f6\u00f6d t\u00e4iskiirusel kuid kruvi metalli sisenemisel tuvastab t\u00f6\u00f6riist vastupanu suurenemise ja aeglustab p\u00f6\u00f6retearvu. Vt funktsioon v\u00f5imaldab kruvi l\u00f5plikku kinnitamist sujuvamalt ja t\u00e4psemalt juhtida. Vastavalt materjali tugevusele on kinnitamiseks valida kahe erineva seadistuse vahel.     <\/p>\n<p><\/p>\n<h3>Eelised<\/h3>\n<p>Elektriline pidur suurendamaks t\u00f6\u00f6tamise ohutust<br \/>Kergesti hoitav kere.<br \/>Madal raskuskese ja suur esik\u00e4epide tagab kasutusmugavuse.<br \/>V\u00f5nkumisvastane otsakute struktuur - kahte kuullaagrit kasutatakse alasi turvaliseks hoidmiseks, et v\u00e4hendada otsaku v\u00f5nkumist<\/p>\n<p><\/p>\n<h3>Tehnilised andmed<\/h3>\n<p>Pinge LXT;1<br \/>Aku nominaalpinge;18 v<br \/>Akukeemia ;Li-ion<br \/>P\u00f6\u00f6retearv;0 - 1100 \/ 2100 \/ 3200 \/ 3600 min-\u00b9<br \/>Maks. pingutusmoment;20 \/ 50 \/ 170 \/ 180 Nm <br \/>Standardse poldi pingutusv\u00f5ime;M5 - M16<br \/>Masinkruvi;M4 - M8<br \/>K\u00f5rgpingutuspoldi pingutusv\u00f5ime;M5 - M14<br \/>L\u00f6\u00f6gisagedus;0 - 1100 \/ 2600 \/ 3600 \/ 3800 min-\u00b9<br \/>Spindel;1\/4 \"<br \/>Heliv\u00f5imsuse tase (L <sub>WA<\/sub>);108 dB(A)<br \/>Toote kaal;0,85 kg<br \/>Helir\u00f5hu tase (L <sub>pA<\/sub>);100 dB(A)<br \/>M\u00e4\u00e4ramatu m\u00fcra (K faktor);3 dB(A)<br \/>Toote kaal koos akuga;1,2 - 1,5 kg<br \/>Toote m\u00f5\u00f5dud (P x L x K);111 x 81 x 234 mm<br \/>Vibratsioonitase, kasutates t\u00f6\u00f6riista maksimaalsel v\u00f5imsusel;12,9 m\/sec\u00b2<br \/>M\u00e4\u00e4ramatu m\u00fcra (K faktor), kasutates t\u00f6\u00f6riista maksimaalsel v\u00f5imsusel;1,5 m\/sec\u00b2<br \/>Harjateta mootor;1<\/p>\n","protected":false},"excerpt":{"rendered":"<p>18V - 1\/4&#8243; - 180 Nm - 0 - 3 600 min-\u00b9<\/p>\n","protected":false},"featured_media":30747,"template":"","meta":{"_acf_changed":false},"product_cat":[1205],"product_tag":[],"class_list":{"0":"post-31017","1":"product","2":"type-product","3":"status-publish","4":"has-post-thumbnail","6":"product_cat-tooriistad-ja-hooldus","7":"pa_brand-makita","9":"first","10":"instock","11":"taxable","12":"shipping-taxable","13":"purchasable","14":"product-type-simple","swatches":"rey-swatches","show_selected":""},"acf":[],"yoast_head":"<!-- This site is optimized with the Yoast SEO plugin v27.4 - https:\/\/yoast.com\/product\/yoast-seo-wordpress\/ -->\n<title>Akul\u00f6\u00f6kkruvikeeraja 18V LXT \u00ae | Motorock<\/title>\n<meta name=\"robots\" content=\"index, follow, max-snippet:-1, max-image-preview:large, max-video-preview:-1\" \/>\n<link rel=\"canonical\" href=\"https:\/\/motorock.eu\/et\/toode\/akulookkruvikeeraja-18v-lxt\/\" \/>\n<meta property=\"og:locale\" content=\"et_EE\" \/>\n<meta property=\"og:type\" content=\"article\" \/>\n<meta property=\"og:title\" content=\"Akul\u00f6\u00f6kkruvikeeraja 18V LXT \u00ae | Motorock\" \/>\n<meta property=\"og:description\" content=\"18V - 1\/4&quot; - 180 Nm - 0 - 3 600 min-\u00b9\" \/>\n<meta property=\"og:url\" content=\"https:\/\/motorock.eu\/et\/toode\/akulookkruvikeeraja-18v-lxt\/\" \/>\n<meta property=\"og:site_name\" content=\"Motorock\" \/>\n<meta property=\"article:modified_time\" content=\"2026-04-19T12:31:50+00:00\" \/>\n<meta property=\"og:image\" content=\"https:\/\/motorock.eu\/wp-content\/uploads\/2025\/09\/Motorock-og-image-min.jpg\" \/>\n\t<meta property=\"og:image:width\" content=\"1200\" \/>\n\t<meta property=\"og:image:height\" content=\"675\" \/>\n\t<meta property=\"og:image:type\" content=\"image\/jpeg\" \/>\n<meta name=\"twitter:card\" content=\"summary_large_image\" \/>\n<meta name=\"twitter:label1\" content=\"Est. reading time\" \/>\n\t<meta name=\"twitter:data1\" content=\"2 minutit\" \/>\n<script type=\"application\/ld+json\" class=\"yoast-schema-graph\">{\"@context\":\"https:\\\/\\\/schema.org\",\"@graph\":[{\"@type\":\"WebPage\",\"@id\":\"https:\\\/\\\/motorock.eu\\\/et\\\/toode\\\/akulookkruvikeeraja-18v-lxt\\\/\",\"url\":\"https:\\\/\\\/motorock.eu\\\/et\\\/toode\\\/akulookkruvikeeraja-18v-lxt\\\/\",\"name\":\"Akul\u00f6\u00f6kkruvikeeraja 18V LXT \u00ae | Motorock\",\"isPartOf\":{\"@id\":\"https:\\\/\\\/motorock.eu\\\/et\\\/#website\"},\"primaryImageOfPage\":{\"@id\":\"https:\\\/\\\/motorock.eu\\\/et\\\/toode\\\/akulookkruvikeeraja-18v-lxt\\\/#primaryimage\"},\"image\":{\"@id\":\"https:\\\/\\\/motorock.eu\\\/et\\\/toode\\\/akulookkruvikeeraja-18v-lxt\\\/#primaryimage\"},\"thumbnailUrl\":\"https:\\\/\\\/motorock.eu\\\/wp-content\\\/uploads\\\/2026\\\/04\\\/DTD173Z_C2L0.jpg\",\"datePublished\":\"2026-04-19T12:22:37+00:00\",\"dateModified\":\"2026-04-19T12:31:50+00:00\",\"breadcrumb\":{\"@id\":\"https:\\\/\\\/motorock.eu\\\/et\\\/toode\\\/akulookkruvikeeraja-18v-lxt\\\/#breadcrumb\"},\"inLanguage\":\"et\",\"potentialAction\":[{\"@type\":\"ReadAction\",\"target\":[\"https:\\\/\\\/motorock.eu\\\/et\\\/toode\\\/akulookkruvikeeraja-18v-lxt\\\/\"]}]},{\"@type\":\"ImageObject\",\"inLanguage\":\"et\",\"@id\":\"https:\\\/\\\/motorock.eu\\\/et\\\/toode\\\/akulookkruvikeeraja-18v-lxt\\\/#primaryimage\",\"url\":\"https:\\\/\\\/motorock.eu\\\/wp-content\\\/uploads\\\/2026\\\/04\\\/DTD173Z_C2L0.jpg\",\"contentUrl\":\"https:\\\/\\\/motorock.eu\\\/wp-content\\\/uploads\\\/2026\\\/04\\\/DTD173Z_C2L0.jpg\",\"width\":519,\"height\":1000},{\"@type\":\"BreadcrumbList\",\"@id\":\"https:\\\/\\\/motorock.eu\\\/et\\\/toode\\\/akulookkruvikeeraja-18v-lxt\\\/#breadcrumb\",\"itemListElement\":[{\"@type\":\"ListItem\",\"position\":1,\"name\":\"Koduleht\",\"item\":\"https:\\\/\\\/motorock.eu\\\/et\\\/pealeht\\\/\"},{\"@type\":\"ListItem\",\"position\":2,\"name\":\"Pood\",\"item\":\"https:\\\/\\\/motorock.eu\\\/et\\\/pood\\\/\"},{\"@type\":\"ListItem\",\"position\":3,\"name\":\"Akul\u00f6\u00f6kkruvikeeraja 18V LXT \u00ae\"}]},{\"@type\":\"WebSite\",\"@id\":\"https:\\\/\\\/motorock.eu\\\/et\\\/#website\",\"url\":\"https:\\\/\\\/motorock.eu\\\/et\\\/\",\"name\":\"Motorock\",\"description\":\"Sinu elustiil, sinu teekond!\",\"publisher\":{\"@id\":\"https:\\\/\\\/motorock.eu\\\/et\\\/#organization\"},\"potentialAction\":[{\"@type\":\"SearchAction\",\"target\":{\"@type\":\"EntryPoint\",\"urlTemplate\":\"https:\\\/\\\/motorock.eu\\\/et\\\/?s={search_term_string}\"},\"query-input\":{\"@type\":\"PropertyValueSpecification\",\"valueRequired\":true,\"valueName\":\"search_term_string\"}}],\"inLanguage\":\"et\"},{\"@type\":\"Organization\",\"@id\":\"https:\\\/\\\/motorock.eu\\\/et\\\/#organization\",\"name\":\"Motorock\",\"url\":\"https:\\\/\\\/motorock.eu\\\/et\\\/\",\"logo\":{\"@type\":\"ImageObject\",\"inLanguage\":\"et\",\"@id\":\"https:\\\/\\\/motorock.eu\\\/et\\\/#\\\/schema\\\/logo\\\/image\\\/\",\"url\":\"https:\\\/\\\/motorock.eu\\\/wp-content\\\/uploads\\\/2025\\\/05\\\/Group.png\",\"contentUrl\":\"https:\\\/\\\/motorock.eu\\\/wp-content\\\/uploads\\\/2025\\\/05\\\/Group.png\",\"width\":2185,\"height\":677,\"caption\":\"Motorock\"},\"image\":{\"@id\":\"https:\\\/\\\/motorock.eu\\\/et\\\/#\\\/schema\\\/logo\\\/image\\\/\"}}]}<\/script>\n<!-- \/ Yoast SEO plugin. -->","yoast_head_json":{"title":"Akul\u00f6\u00f6kkruvikeeraja 18V LXT \u00ae | Motorock","robots":{"index":"index","follow":"follow","max-snippet":"max-snippet:-1","max-image-preview":"max-image-preview:large","max-video-preview":"max-video-preview:-1"},"canonical":"https:\/\/motorock.eu\/et\/toode\/akulookkruvikeeraja-18v-lxt\/","og_locale":"et_EE","og_type":"article","og_title":"Akul\u00f6\u00f6kkruvikeeraja 18V LXT \u00ae | Motorock","og_description":"18V - 1\/4\" - 180 Nm - 0 - 3 600 min-\u00b9","og_url":"https:\/\/motorock.eu\/et\/toode\/akulookkruvikeeraja-18v-lxt\/","og_site_name":"Motorock","article_modified_time":"2026-04-19T12:31:50+00:00","og_image":[{"width":1200,"height":675,"url":"https:\/\/motorock.eu\/wp-content\/uploads\/2025\/09\/Motorock-og-image-min.jpg","type":"image\/jpeg"}],"twitter_card":"summary_large_image","twitter_misc":{"Est. reading time":"2 minutit"},"schema":{"@context":"https:\/\/schema.org","@graph":[{"@type":"WebPage","@id":"https:\/\/motorock.eu\/et\/toode\/akulookkruvikeeraja-18v-lxt\/","url":"https:\/\/motorock.eu\/et\/toode\/akulookkruvikeeraja-18v-lxt\/","name":"Akul\u00f6\u00f6kkruvikeeraja 18V LXT \u00ae | Motorock","isPartOf":{"@id":"https:\/\/motorock.eu\/et\/#website"},"primaryImageOfPage":{"@id":"https:\/\/motorock.eu\/et\/toode\/akulookkruvikeeraja-18v-lxt\/#primaryimage"},"image":{"@id":"https:\/\/motorock.eu\/et\/toode\/akulookkruvikeeraja-18v-lxt\/#primaryimage"},"thumbnailUrl":"https:\/\/motorock.eu\/wp-content\/uploads\/2026\/04\/DTD173Z_C2L0.jpg","datePublished":"2026-04-19T12:22:37+00:00","dateModified":"2026-04-19T12:31:50+00:00","breadcrumb":{"@id":"https:\/\/motorock.eu\/et\/toode\/akulookkruvikeeraja-18v-lxt\/#breadcrumb"},"inLanguage":"et","potentialAction":[{"@type":"ReadAction","target":["https:\/\/motorock.eu\/et\/toode\/akulookkruvikeeraja-18v-lxt\/"]}]},{"@type":"ImageObject","inLanguage":"et","@id":"https:\/\/motorock.eu\/et\/toode\/akulookkruvikeeraja-18v-lxt\/#primaryimage","url":"https:\/\/motorock.eu\/wp-content\/uploads\/2026\/04\/DTD173Z_C2L0.jpg","contentUrl":"https:\/\/motorock.eu\/wp-content\/uploads\/2026\/04\/DTD173Z_C2L0.jpg","width":519,"height":1000},{"@type":"BreadcrumbList","@id":"https:\/\/motorock.eu\/et\/toode\/akulookkruvikeeraja-18v-lxt\/#breadcrumb","itemListElement":[{"@type":"ListItem","position":1,"name":"Koduleht","item":"https:\/\/motorock.eu\/et\/pealeht\/"},{"@type":"ListItem","position":2,"name":"Pood","item":"https:\/\/motorock.eu\/et\/pood\/"},{"@type":"ListItem","position":3,"name":"Akul\u00f6\u00f6kkruvikeeraja 18V LXT \u00ae"}]},{"@type":"WebSite","@id":"https:\/\/motorock.eu\/et\/#website","url":"https:\/\/motorock.eu\/et\/","name":"Motorock","description":"Sinu elustiil, sinu teekond!","publisher":{"@id":"https:\/\/motorock.eu\/et\/#organization"},"potentialAction":[{"@type":"SearchAction","target":{"@type":"EntryPoint","urlTemplate":"https:\/\/motorock.eu\/et\/?s={search_term_string}"},"query-input":{"@type":"PropertyValueSpecification","valueRequired":true,"valueName":"search_term_string"}}],"inLanguage":"et"},{"@type":"Organization","@id":"https:\/\/motorock.eu\/et\/#organization","name":"Motorock","url":"https:\/\/motorock.eu\/et\/","logo":{"@type":"ImageObject","inLanguage":"et","@id":"https:\/\/motorock.eu\/et\/#\/schema\/logo\/image\/","url":"https:\/\/motorock.eu\/wp-content\/uploads\/2025\/05\/Group.png","contentUrl":"https:\/\/motorock.eu\/wp-content\/uploads\/2025\/05\/Group.png","width":2185,"height":677,"caption":"Motorock"},"image":{"@id":"https:\/\/motorock.eu\/et\/#\/schema\/logo\/image\/"}}]}},"_links":{"self":[{"href":"https:\/\/motorock.eu\/et\/wp-json\/wp\/v2\/product\/31017","targetHints":{"allow":["GET"]}}],"collection":[{"href":"https:\/\/motorock.eu\/et\/wp-json\/wp\/v2\/product"}],"about":[{"href":"https:\/\/motorock.eu\/et\/wp-json\/wp\/v2\/types\/product"}],"wp:featuredmedia":[{"embeddable":true,"href":"https:\/\/motorock.eu\/et\/wp-json\/wp\/v2\/media\/30747"}],"wp:attachment":[{"href":"https:\/\/motorock.eu\/et\/wp-json\/wp\/v2\/media?parent=31017"}],"wp:term":[{"taxonomy":"product_cat","embeddable":true,"href":"https:\/\/motorock.eu\/et\/wp-json\/wp\/v2\/product_cat?post=31017"},{"taxonomy":"product_tag","embeddable":true,"href":"https:\/\/motorock.eu\/et\/wp-json\/wp\/v2\/product_tag?post=31017"}],"curies":[{"name":"wp","href":"https:\/\/api.w.org\/{rel}","templated":true}]}}