{"id":31016,"date":"2026-04-19T15:23:05","date_gmt":"2026-04-19T12:23:05","guid":{"rendered":"https:\/\/motorock.eu\/product\/akulookmutrikeeraja-lxt\/"},"modified":"2026-04-19T15:31:50","modified_gmt":"2026-04-19T12:31:50","slug":"akulookmutrikeeraja-lxt","status":"publish","type":"product","link":"https:\/\/motorock.eu\/et\/toode\/akulookmutrikeeraja-lxt\/","title":{"rendered":"Akul\u00f6\u00f6kmutrikeeraja, LXT\u00ae"},"content":{"rendered":"<p>V\u00f5imas kuid kompaktne akul\u00f6\u00f6kmutrikeeraja pingutusmomendiga kuni 330 Nm  <\/p>\n<p>\u00c4\u00e4rmiselt kompaktne, t\u00f5husa harjavaba mootoriga ja kolme v\u00f5msusastmega akul\u00f6\u00f6kmutrikeeraja. Padrunit saab kinnitada tihvtilukustusega. <\/p>\n<p>\"DTW301 on vastupidav, kompaktne ja v\u00f5imas harjavaba mootoriga akul\u00f6\u00f6kmutrikeeraja, mille maksimaalne p\u00f6\u00f6rdemoment on kuni 330 Nm. T\u00f6\u00f6riist on varustatud 1\/2&#8243;\" tarvikukinnitusega, tarviku kinnituspesa on fikseeritud h\u00f5\u00f5rdr\u00f5ngaga. T\u00f6\u00f6riista kogupikkus on vaid 144 mm, mis teeb selle k\u00e4sitsemise kitsamates kohtades h\u00f5lpsaks. Makita XPT tehnoloogia kaitseb t\u00f6\u00f6riista t\u00f5husalt vee ja tolmu eest, sobides ideaalselt nii erinevateks t\u00f6\u00f6stuslikeks rakendusteks kui ka rehvide vahetamiseks. T\u00f6\u00f6alale pakub lisavalgust sisseehitatud LED tuli.     <br \/>T\u00f6\u00f6riistal on 4 erinevat v\u00f5imsuse seadistust 330\/210\/160\/100 Nm, mille seast sobivaim pingutusmoment valida. Maksimaalne avamismoment 580 Nm.   <br \/>T\u00f6\u00f6riist varustatud Auto-Stop ja t\u00e4iskiiruse re\u017eiimi funktsioonidega. T\u00f6\u00f6riistal on 3 edaspidi- ja 3 tagurpidi Auto-Stop funktsiooni, t\u00e4nu millele on poltide kontrollitud kinnitamine ja lahtiv\u00f5tmine lihtne. T\u00e4iskiiruse re\u017eiimis suurendab t\u00f6\u00f6riist p\u00f6\u00f6rlemiskiiruse maksimumini, isegi kui p\u00e4\u00e4stikl\u00fclitit tavap\u00e4raselt l\u00f5puni alla ei vajutata. Sisseehitatud LED-tuli valgustab t\u00f6\u00f6piirkonda. Standardvarustuses oleva konksuga saab masina mugavalt n\u00e4iteks tellingute, p\u00fcksirihma v\u00f5i v\u00f6\u00f6tasku k\u00fclge riputada.\"    <\/p>\n<h3>Eelised<\/h3>\n<p>Aku kaitses\u00fcsteem l\u00fclitab automaatselt voolu v\u00e4lja, kui aku tase on madal<br \/>Extreme Protection Technology (XPT), mis on loodud suurema tolmu- ja veekindluse tagamiseks rasketes t\u00f6\u00f6tingimustes.<br \/>Harjadeta hooldusvaba mootor - kergem, v\u00e4iksem, pikem t\u00f6\u00f6aeg, v\u00f5imsam ja kiirem.<br \/>K\u00e4epideme kitsas kuju tagab mugava k\u00e4sitsemise.<br \/>Kolm erinevat re\u017eiimi automaatseks seiskumiseks nii kinni- kui ka lahtikeeramisel<br \/>V\u00e4ga kompaktne suurus t\u00e4nu ilma s\u00fcsiharjadeta mootorile.<\/p>\n<p><\/p>\n<h3>Tehnilised andmed<\/h3>\n<p>Pinge LXT;1<br \/>Aku nominaalpinge;18 v<br \/>Akukeemia ;Li-ion<br \/>P\u00f6\u00f6retearv;0 - 1000 \/ 1800 \/ 2600 \/ 3200 min-\u00b9<br \/>Maks. pingutusmoment;100 \/ 160 \/ 210 \/ 330 Nm<br \/>Max. avamismoment ;580 Nm<br \/>Standardse poldi pingutusv\u00f5ime;M10 - M20<br \/>K\u00f5rgpingutuspoldi pingutusv\u00f5ime;M10 - M16<br \/>L\u00f6\u00f6gisagedus;0 - 1800 \/ 2600 \/ 3400 \/ 4000 min-\u00b9<br \/>Tarvikukinnitus;1\/2 \"<br \/>Heliv\u00f5imsuse tase (<sub>LWA<\/sub>);108 dB(A)<br \/>Helir\u00f5hu tase (<sub>LpA<\/sub>);100 dB(A)<br \/>Toote kaal;1,2 kg<br \/>M\u00e4\u00e4ramatu m\u00fcra (K faktor);3 dB(A)<br \/>Toote kaal koos akuga;1,5 - 1,8 kg<br \/>Toote m\u00f5\u00f5dud (P x L x K);144 x 81 x 246 mm<br \/>Vibratsioonitase, kasutates t\u00f6\u00f6riista maksimaalsel v\u00f5imsusel;12,5 m\/sec\u00b2<br \/>M\u00e4\u00e4ramatu m\u00fcra (K faktor), kasutates t\u00f6\u00f6riista maksimaalsel v\u00f5imsusel;1,5 m\/sec\u00b2<br \/>Harjateta mootor;1  <\/p>\n","protected":false},"excerpt":{"rendered":"<p>18V - 1\/2&#8243; - 330 Nm - 0 - 3 200 min-\u00b9<\/p>\n","protected":false},"featured_media":30873,"template":"","meta":{"_acf_changed":false},"product_cat":[1205],"product_tag":[],"class_list":{"0":"post-31016","1":"product","2":"type-product","3":"status-publish","4":"has-post-thumbnail","6":"product_cat-tooriistad-ja-hooldus","7":"pa_brand-makita","9":"first","10":"instock","11":"taxable","12":"shipping-taxable","13":"purchasable","14":"product-type-simple","swatches":"rey-swatches","show_selected":""},"acf":[],"yoast_head":"<!-- This site is optimized with the Yoast SEO plugin v27.4 - https:\/\/yoast.com\/product\/yoast-seo-wordpress\/ -->\n<title>Akul\u00f6\u00f6kmutrikeeraja, LXT\u00ae | Motorock<\/title>\n<meta name=\"robots\" content=\"index, follow, max-snippet:-1, max-image-preview:large, max-video-preview:-1\" \/>\n<link rel=\"canonical\" href=\"https:\/\/motorock.eu\/et\/toode\/akulookmutrikeeraja-lxt\/\" \/>\n<meta property=\"og:locale\" content=\"et_EE\" \/>\n<meta property=\"og:type\" content=\"article\" \/>\n<meta property=\"og:title\" content=\"Akul\u00f6\u00f6kmutrikeeraja, LXT\u00ae | Motorock\" \/>\n<meta property=\"og:description\" content=\"18V - 1\/2&quot; - 330 Nm - 0 - 3 200 min-\u00b9\" \/>\n<meta property=\"og:url\" content=\"https:\/\/motorock.eu\/et\/toode\/akulookmutrikeeraja-lxt\/\" \/>\n<meta property=\"og:site_name\" content=\"Motorock\" \/>\n<meta property=\"article:modified_time\" content=\"2026-04-19T12:31:50+00:00\" \/>\n<meta property=\"og:image\" content=\"https:\/\/motorock.eu\/wp-content\/uploads\/2025\/09\/Motorock-og-image-min.jpg\" \/>\n\t<meta property=\"og:image:width\" content=\"1200\" \/>\n\t<meta property=\"og:image:height\" content=\"675\" \/>\n\t<meta property=\"og:image:type\" content=\"image\/jpeg\" \/>\n<meta name=\"twitter:card\" content=\"summary_large_image\" \/>\n<meta name=\"twitter:label1\" content=\"Est. reading time\" \/>\n\t<meta name=\"twitter:data1\" content=\"2 minutit\" \/>\n<script type=\"application\/ld+json\" class=\"yoast-schema-graph\">{\"@context\":\"https:\\\/\\\/schema.org\",\"@graph\":[{\"@type\":\"WebPage\",\"@id\":\"https:\\\/\\\/motorock.eu\\\/et\\\/toode\\\/akulookmutrikeeraja-lxt\\\/\",\"url\":\"https:\\\/\\\/motorock.eu\\\/et\\\/toode\\\/akulookmutrikeeraja-lxt\\\/\",\"name\":\"Akul\u00f6\u00f6kmutrikeeraja, LXT\u00ae | Motorock\",\"isPartOf\":{\"@id\":\"https:\\\/\\\/motorock.eu\\\/et\\\/#website\"},\"primaryImageOfPage\":{\"@id\":\"https:\\\/\\\/motorock.eu\\\/et\\\/toode\\\/akulookmutrikeeraja-lxt\\\/#primaryimage\"},\"image\":{\"@id\":\"https:\\\/\\\/motorock.eu\\\/et\\\/toode\\\/akulookmutrikeeraja-lxt\\\/#primaryimage\"},\"thumbnailUrl\":\"https:\\\/\\\/motorock.eu\\\/wp-content\\\/uploads\\\/2026\\\/04\\\/DTW301Z_C2L0.jpg\",\"datePublished\":\"2026-04-19T12:23:05+00:00\",\"dateModified\":\"2026-04-19T12:31:50+00:00\",\"breadcrumb\":{\"@id\":\"https:\\\/\\\/motorock.eu\\\/et\\\/toode\\\/akulookmutrikeeraja-lxt\\\/#breadcrumb\"},\"inLanguage\":\"et\",\"potentialAction\":[{\"@type\":\"ReadAction\",\"target\":[\"https:\\\/\\\/motorock.eu\\\/et\\\/toode\\\/akulookmutrikeeraja-lxt\\\/\"]}]},{\"@type\":\"ImageObject\",\"inLanguage\":\"et\",\"@id\":\"https:\\\/\\\/motorock.eu\\\/et\\\/toode\\\/akulookmutrikeeraja-lxt\\\/#primaryimage\",\"url\":\"https:\\\/\\\/motorock.eu\\\/wp-content\\\/uploads\\\/2026\\\/04\\\/DTW301Z_C2L0.jpg\",\"contentUrl\":\"https:\\\/\\\/motorock.eu\\\/wp-content\\\/uploads\\\/2026\\\/04\\\/DTW301Z_C2L0.jpg\",\"width\":524,\"height\":1000},{\"@type\":\"BreadcrumbList\",\"@id\":\"https:\\\/\\\/motorock.eu\\\/et\\\/toode\\\/akulookmutrikeeraja-lxt\\\/#breadcrumb\",\"itemListElement\":[{\"@type\":\"ListItem\",\"position\":1,\"name\":\"Koduleht\",\"item\":\"https:\\\/\\\/motorock.eu\\\/et\\\/pealeht\\\/\"},{\"@type\":\"ListItem\",\"position\":2,\"name\":\"Pood\",\"item\":\"https:\\\/\\\/motorock.eu\\\/et\\\/pood\\\/\"},{\"@type\":\"ListItem\",\"position\":3,\"name\":\"Akul\u00f6\u00f6kmutrikeeraja, LXT\u00ae\"}]},{\"@type\":\"WebSite\",\"@id\":\"https:\\\/\\\/motorock.eu\\\/et\\\/#website\",\"url\":\"https:\\\/\\\/motorock.eu\\\/et\\\/\",\"name\":\"Motorock\",\"description\":\"Sinu elustiil, sinu teekond!\",\"publisher\":{\"@id\":\"https:\\\/\\\/motorock.eu\\\/et\\\/#organization\"},\"potentialAction\":[{\"@type\":\"SearchAction\",\"target\":{\"@type\":\"EntryPoint\",\"urlTemplate\":\"https:\\\/\\\/motorock.eu\\\/et\\\/?s={search_term_string}\"},\"query-input\":{\"@type\":\"PropertyValueSpecification\",\"valueRequired\":true,\"valueName\":\"search_term_string\"}}],\"inLanguage\":\"et\"},{\"@type\":\"Organization\",\"@id\":\"https:\\\/\\\/motorock.eu\\\/et\\\/#organization\",\"name\":\"Motorock\",\"url\":\"https:\\\/\\\/motorock.eu\\\/et\\\/\",\"logo\":{\"@type\":\"ImageObject\",\"inLanguage\":\"et\",\"@id\":\"https:\\\/\\\/motorock.eu\\\/et\\\/#\\\/schema\\\/logo\\\/image\\\/\",\"url\":\"https:\\\/\\\/motorock.eu\\\/wp-content\\\/uploads\\\/2025\\\/05\\\/Group.png\",\"contentUrl\":\"https:\\\/\\\/motorock.eu\\\/wp-content\\\/uploads\\\/2025\\\/05\\\/Group.png\",\"width\":2185,\"height\":677,\"caption\":\"Motorock\"},\"image\":{\"@id\":\"https:\\\/\\\/motorock.eu\\\/et\\\/#\\\/schema\\\/logo\\\/image\\\/\"}}]}<\/script>\n<!-- \/ Yoast SEO plugin. -->","yoast_head_json":{"title":"Akul\u00f6\u00f6kmutrikeeraja, LXT\u00ae | Motorock","robots":{"index":"index","follow":"follow","max-snippet":"max-snippet:-1","max-image-preview":"max-image-preview:large","max-video-preview":"max-video-preview:-1"},"canonical":"https:\/\/motorock.eu\/et\/toode\/akulookmutrikeeraja-lxt\/","og_locale":"et_EE","og_type":"article","og_title":"Akul\u00f6\u00f6kmutrikeeraja, LXT\u00ae | Motorock","og_description":"18V - 1\/2\" - 330 Nm - 0 - 3 200 min-\u00b9","og_url":"https:\/\/motorock.eu\/et\/toode\/akulookmutrikeeraja-lxt\/","og_site_name":"Motorock","article_modified_time":"2026-04-19T12:31:50+00:00","og_image":[{"width":1200,"height":675,"url":"https:\/\/motorock.eu\/wp-content\/uploads\/2025\/09\/Motorock-og-image-min.jpg","type":"image\/jpeg"}],"twitter_card":"summary_large_image","twitter_misc":{"Est. reading time":"2 minutit"},"schema":{"@context":"https:\/\/schema.org","@graph":[{"@type":"WebPage","@id":"https:\/\/motorock.eu\/et\/toode\/akulookmutrikeeraja-lxt\/","url":"https:\/\/motorock.eu\/et\/toode\/akulookmutrikeeraja-lxt\/","name":"Akul\u00f6\u00f6kmutrikeeraja, LXT\u00ae | Motorock","isPartOf":{"@id":"https:\/\/motorock.eu\/et\/#website"},"primaryImageOfPage":{"@id":"https:\/\/motorock.eu\/et\/toode\/akulookmutrikeeraja-lxt\/#primaryimage"},"image":{"@id":"https:\/\/motorock.eu\/et\/toode\/akulookmutrikeeraja-lxt\/#primaryimage"},"thumbnailUrl":"https:\/\/motorock.eu\/wp-content\/uploads\/2026\/04\/DTW301Z_C2L0.jpg","datePublished":"2026-04-19T12:23:05+00:00","dateModified":"2026-04-19T12:31:50+00:00","breadcrumb":{"@id":"https:\/\/motorock.eu\/et\/toode\/akulookmutrikeeraja-lxt\/#breadcrumb"},"inLanguage":"et","potentialAction":[{"@type":"ReadAction","target":["https:\/\/motorock.eu\/et\/toode\/akulookmutrikeeraja-lxt\/"]}]},{"@type":"ImageObject","inLanguage":"et","@id":"https:\/\/motorock.eu\/et\/toode\/akulookmutrikeeraja-lxt\/#primaryimage","url":"https:\/\/motorock.eu\/wp-content\/uploads\/2026\/04\/DTW301Z_C2L0.jpg","contentUrl":"https:\/\/motorock.eu\/wp-content\/uploads\/2026\/04\/DTW301Z_C2L0.jpg","width":524,"height":1000},{"@type":"BreadcrumbList","@id":"https:\/\/motorock.eu\/et\/toode\/akulookmutrikeeraja-lxt\/#breadcrumb","itemListElement":[{"@type":"ListItem","position":1,"name":"Koduleht","item":"https:\/\/motorock.eu\/et\/pealeht\/"},{"@type":"ListItem","position":2,"name":"Pood","item":"https:\/\/motorock.eu\/et\/pood\/"},{"@type":"ListItem","position":3,"name":"Akul\u00f6\u00f6kmutrikeeraja, LXT\u00ae"}]},{"@type":"WebSite","@id":"https:\/\/motorock.eu\/et\/#website","url":"https:\/\/motorock.eu\/et\/","name":"Motorock","description":"Sinu elustiil, sinu teekond!","publisher":{"@id":"https:\/\/motorock.eu\/et\/#organization"},"potentialAction":[{"@type":"SearchAction","target":{"@type":"EntryPoint","urlTemplate":"https:\/\/motorock.eu\/et\/?s={search_term_string}"},"query-input":{"@type":"PropertyValueSpecification","valueRequired":true,"valueName":"search_term_string"}}],"inLanguage":"et"},{"@type":"Organization","@id":"https:\/\/motorock.eu\/et\/#organization","name":"Motorock","url":"https:\/\/motorock.eu\/et\/","logo":{"@type":"ImageObject","inLanguage":"et","@id":"https:\/\/motorock.eu\/et\/#\/schema\/logo\/image\/","url":"https:\/\/motorock.eu\/wp-content\/uploads\/2025\/05\/Group.png","contentUrl":"https:\/\/motorock.eu\/wp-content\/uploads\/2025\/05\/Group.png","width":2185,"height":677,"caption":"Motorock"},"image":{"@id":"https:\/\/motorock.eu\/et\/#\/schema\/logo\/image\/"}}]}},"_links":{"self":[{"href":"https:\/\/motorock.eu\/et\/wp-json\/wp\/v2\/product\/31016","targetHints":{"allow":["GET"]}}],"collection":[{"href":"https:\/\/motorock.eu\/et\/wp-json\/wp\/v2\/product"}],"about":[{"href":"https:\/\/motorock.eu\/et\/wp-json\/wp\/v2\/types\/product"}],"wp:featuredmedia":[{"embeddable":true,"href":"https:\/\/motorock.eu\/et\/wp-json\/wp\/v2\/media\/30873"}],"wp:attachment":[{"href":"https:\/\/motorock.eu\/et\/wp-json\/wp\/v2\/media?parent=31016"}],"wp:term":[{"taxonomy":"product_cat","embeddable":true,"href":"https:\/\/motorock.eu\/et\/wp-json\/wp\/v2\/product_cat?post=31016"},{"taxonomy":"product_tag","embeddable":true,"href":"https:\/\/motorock.eu\/et\/wp-json\/wp\/v2\/product_tag?post=31016"}],"curies":[{"name":"wp","href":"https:\/\/api.w.org\/{rel}","templated":true}]}}