{"id":30116,"date":"2026-04-19T15:15:36","date_gmt":"2026-04-19T12:15:36","guid":{"rendered":"https:\/\/motorock.eu\/product\/47-osaline-otsakute-kmpl\/"},"modified":"2026-04-19T15:31:51","modified_gmt":"2026-04-19T12:31:51","slug":"47-osaline-otsakute-kmpl","status":"publish","type":"product","link":"https:\/\/motorock.eu\/et\/toode\/47-osaline-otsakute-kmpl\/","title":{"rendered":"47- OSALINE OTSAKUTE KMPL."},"content":{"rendered":"<p>Kruvikeeraja otsakute ja padrunite komplekt kruvikeerajatele. Komplektis on 38 kruvikeeraja otsakut, 7 padrunit, 1 otsakuhoidik ja 1 narre. Kokku 47 -osaline komplekt, plastkarbis.  <\/p>\n<p>Komplektis on kruviotsakud pikkusega 25 mm (2 x PH1, 2 x PH2, 2 x PH3, 2 x PZ1, 2 x PZ2, 2 x PZ3, 2 x SL4.5, 2 x SL5.5, 2 x SL6.5, 2 x T10, 2 x T15, 2 x T20, 2 x T25, 2 x T30, T40, SQ2, SQ2.5, SQ3, 2 x SQ4, 2 x SQ5, 2 x SQ6), 7 mutrikeeraja otsakut l\u00e4bim\u00f5\u00f5duga 5-11 mm, 1 otsakuhoidik ja 1 narrega kruvikeeraja.  <\/p>\n<h3>Tehnilised andmed<\/h3>\n<p>Kogus pakendis;47<\/p>\n","protected":false},"excerpt":{"rendered":"<p>Kruvikeeraja otsakute ja padrunite komplekt kruvikeerajatele. Komplektis on 38 kruvikeeraja otsakut, 7 padrunit, 1 otsakuhoidik ja 1 narre. Kokku 47 -osaline komplekt, plastkarbis. Komplektis on kruviotsakud pikkusega 25 mm (2 x PH1, 2 x PH2, 2 x PH3, 2 x PZ1, 2 x PZ2, 2 x PZ3, 2 x SL4.5, 2 x SL5.5, 2 x [&hellip;]<\/p>\n","protected":false},"featured_media":29904,"template":"","meta":{"_acf_changed":false},"product_cat":[1205],"product_tag":[],"class_list":{"0":"post-30116","1":"product","2":"type-product","3":"status-publish","4":"has-post-thumbnail","6":"product_cat-tooriistad-ja-hooldus","7":"pa_brand-makita","9":"first","10":"instock","11":"taxable","12":"shipping-taxable","13":"purchasable","14":"product-type-simple","swatches":"rey-swatches","show_selected":""},"acf":[],"yoast_head":"<!-- This site is optimized with the Yoast SEO plugin v27.4 - https:\/\/yoast.com\/product\/yoast-seo-wordpress\/ -->\n<title>47- OSALINE OTSAKUTE KMPL. | Motorock<\/title>\n<meta name=\"robots\" content=\"index, follow, max-snippet:-1, max-image-preview:large, max-video-preview:-1\" \/>\n<link rel=\"canonical\" href=\"https:\/\/motorock.eu\/et\/toode\/47-osaline-otsakute-kmpl\/\" \/>\n<meta property=\"og:locale\" content=\"et_EE\" \/>\n<meta property=\"og:type\" content=\"article\" \/>\n<meta property=\"og:title\" content=\"47- OSALINE OTSAKUTE KMPL. | Motorock\" \/>\n<meta property=\"og:description\" content=\"Kruvikeeraja otsakute ja padrunite komplekt kruvikeerajatele. Komplektis on 38 kruvikeeraja otsakut, 7 padrunit, 1 otsakuhoidik ja 1 narre. Kokku 47 -osaline komplekt, plastkarbis. Komplektis on kruviotsakud pikkusega 25 mm (2 x PH1, 2 x PH2, 2 x PH3, 2 x PZ1, 2 x PZ2, 2 x PZ3, 2 x SL4.5, 2 x SL5.5, 2 x [&hellip;]\" \/>\n<meta property=\"og:url\" content=\"https:\/\/motorock.eu\/et\/toode\/47-osaline-otsakute-kmpl\/\" \/>\n<meta property=\"og:site_name\" content=\"Motorock\" \/>\n<meta property=\"article:modified_time\" content=\"2026-04-19T12:31:51+00:00\" \/>\n<meta property=\"og:image\" content=\"https:\/\/motorock.eu\/wp-content\/uploads\/2025\/09\/Motorock-og-image-min.jpg\" \/>\n\t<meta property=\"og:image:width\" content=\"1200\" \/>\n\t<meta property=\"og:image:height\" content=\"675\" \/>\n\t<meta property=\"og:image:type\" content=\"image\/jpeg\" \/>\n<meta name=\"twitter:card\" content=\"summary_large_image\" \/>\n<script type=\"application\/ld+json\" class=\"yoast-schema-graph\">{\"@context\":\"https:\\\/\\\/schema.org\",\"@graph\":[{\"@type\":\"WebPage\",\"@id\":\"https:\\\/\\\/motorock.eu\\\/et\\\/toode\\\/47-osaline-otsakute-kmpl\\\/\",\"url\":\"https:\\\/\\\/motorock.eu\\\/et\\\/toode\\\/47-osaline-otsakute-kmpl\\\/\",\"name\":\"47- OSALINE OTSAKUTE KMPL. | Motorock\",\"isPartOf\":{\"@id\":\"https:\\\/\\\/motorock.eu\\\/et\\\/#website\"},\"primaryImageOfPage\":{\"@id\":\"https:\\\/\\\/motorock.eu\\\/et\\\/toode\\\/47-osaline-otsakute-kmpl\\\/#primaryimage\"},\"image\":{\"@id\":\"https:\\\/\\\/motorock.eu\\\/et\\\/toode\\\/47-osaline-otsakute-kmpl\\\/#primaryimage\"},\"thumbnailUrl\":\"https:\\\/\\\/motorock.eu\\\/wp-content\\\/uploads\\\/2026\\\/04\\\/B-36170_C1C0-1.jpg\",\"datePublished\":\"2026-04-19T12:15:36+00:00\",\"dateModified\":\"2026-04-19T12:31:51+00:00\",\"breadcrumb\":{\"@id\":\"https:\\\/\\\/motorock.eu\\\/et\\\/toode\\\/47-osaline-otsakute-kmpl\\\/#breadcrumb\"},\"inLanguage\":\"et\",\"potentialAction\":[{\"@type\":\"ReadAction\",\"target\":[\"https:\\\/\\\/motorock.eu\\\/et\\\/toode\\\/47-osaline-otsakute-kmpl\\\/\"]}]},{\"@type\":\"ImageObject\",\"inLanguage\":\"et\",\"@id\":\"https:\\\/\\\/motorock.eu\\\/et\\\/toode\\\/47-osaline-otsakute-kmpl\\\/#primaryimage\",\"url\":\"https:\\\/\\\/motorock.eu\\\/wp-content\\\/uploads\\\/2026\\\/04\\\/B-36170_C1C0-1.jpg\",\"contentUrl\":\"https:\\\/\\\/motorock.eu\\\/wp-content\\\/uploads\\\/2026\\\/04\\\/B-36170_C1C0-1.jpg\",\"width\":1000,\"height\":935},{\"@type\":\"BreadcrumbList\",\"@id\":\"https:\\\/\\\/motorock.eu\\\/et\\\/toode\\\/47-osaline-otsakute-kmpl\\\/#breadcrumb\",\"itemListElement\":[{\"@type\":\"ListItem\",\"position\":1,\"name\":\"Koduleht\",\"item\":\"https:\\\/\\\/motorock.eu\\\/et\\\/pealeht\\\/\"},{\"@type\":\"ListItem\",\"position\":2,\"name\":\"Pood\",\"item\":\"https:\\\/\\\/motorock.eu\\\/et\\\/pood\\\/\"},{\"@type\":\"ListItem\",\"position\":3,\"name\":\"47- OSALINE OTSAKUTE KMPL.\"}]},{\"@type\":\"WebSite\",\"@id\":\"https:\\\/\\\/motorock.eu\\\/et\\\/#website\",\"url\":\"https:\\\/\\\/motorock.eu\\\/et\\\/\",\"name\":\"Motorock\",\"description\":\"Sinu elustiil, sinu teekond!\",\"publisher\":{\"@id\":\"https:\\\/\\\/motorock.eu\\\/et\\\/#organization\"},\"potentialAction\":[{\"@type\":\"SearchAction\",\"target\":{\"@type\":\"EntryPoint\",\"urlTemplate\":\"https:\\\/\\\/motorock.eu\\\/et\\\/?s={search_term_string}\"},\"query-input\":{\"@type\":\"PropertyValueSpecification\",\"valueRequired\":true,\"valueName\":\"search_term_string\"}}],\"inLanguage\":\"et\"},{\"@type\":\"Organization\",\"@id\":\"https:\\\/\\\/motorock.eu\\\/et\\\/#organization\",\"name\":\"Motorock\",\"url\":\"https:\\\/\\\/motorock.eu\\\/et\\\/\",\"logo\":{\"@type\":\"ImageObject\",\"inLanguage\":\"et\",\"@id\":\"https:\\\/\\\/motorock.eu\\\/et\\\/#\\\/schema\\\/logo\\\/image\\\/\",\"url\":\"https:\\\/\\\/motorock.eu\\\/wp-content\\\/uploads\\\/2025\\\/05\\\/Group.png\",\"contentUrl\":\"https:\\\/\\\/motorock.eu\\\/wp-content\\\/uploads\\\/2025\\\/05\\\/Group.png\",\"width\":2185,\"height\":677,\"caption\":\"Motorock\"},\"image\":{\"@id\":\"https:\\\/\\\/motorock.eu\\\/et\\\/#\\\/schema\\\/logo\\\/image\\\/\"}}]}<\/script>\n<!-- \/ Yoast SEO plugin. -->","yoast_head_json":{"title":"47- OSALINE OTSAKUTE KMPL. | Motorock","robots":{"index":"index","follow":"follow","max-snippet":"max-snippet:-1","max-image-preview":"max-image-preview:large","max-video-preview":"max-video-preview:-1"},"canonical":"https:\/\/motorock.eu\/et\/toode\/47-osaline-otsakute-kmpl\/","og_locale":"et_EE","og_type":"article","og_title":"47- OSALINE OTSAKUTE KMPL. | Motorock","og_description":"Kruvikeeraja otsakute ja padrunite komplekt kruvikeerajatele. Komplektis on 38 kruvikeeraja otsakut, 7 padrunit, 1 otsakuhoidik ja 1 narre. Kokku 47 -osaline komplekt, plastkarbis. Komplektis on kruviotsakud pikkusega 25 mm (2 x PH1, 2 x PH2, 2 x PH3, 2 x PZ1, 2 x PZ2, 2 x PZ3, 2 x SL4.5, 2 x SL5.5, 2 x [&hellip;]","og_url":"https:\/\/motorock.eu\/et\/toode\/47-osaline-otsakute-kmpl\/","og_site_name":"Motorock","article_modified_time":"2026-04-19T12:31:51+00:00","og_image":[{"width":1200,"height":675,"url":"https:\/\/motorock.eu\/wp-content\/uploads\/2025\/09\/Motorock-og-image-min.jpg","type":"image\/jpeg"}],"twitter_card":"summary_large_image","schema":{"@context":"https:\/\/schema.org","@graph":[{"@type":"WebPage","@id":"https:\/\/motorock.eu\/et\/toode\/47-osaline-otsakute-kmpl\/","url":"https:\/\/motorock.eu\/et\/toode\/47-osaline-otsakute-kmpl\/","name":"47- OSALINE OTSAKUTE KMPL. | Motorock","isPartOf":{"@id":"https:\/\/motorock.eu\/et\/#website"},"primaryImageOfPage":{"@id":"https:\/\/motorock.eu\/et\/toode\/47-osaline-otsakute-kmpl\/#primaryimage"},"image":{"@id":"https:\/\/motorock.eu\/et\/toode\/47-osaline-otsakute-kmpl\/#primaryimage"},"thumbnailUrl":"https:\/\/motorock.eu\/wp-content\/uploads\/2026\/04\/B-36170_C1C0-1.jpg","datePublished":"2026-04-19T12:15:36+00:00","dateModified":"2026-04-19T12:31:51+00:00","breadcrumb":{"@id":"https:\/\/motorock.eu\/et\/toode\/47-osaline-otsakute-kmpl\/#breadcrumb"},"inLanguage":"et","potentialAction":[{"@type":"ReadAction","target":["https:\/\/motorock.eu\/et\/toode\/47-osaline-otsakute-kmpl\/"]}]},{"@type":"ImageObject","inLanguage":"et","@id":"https:\/\/motorock.eu\/et\/toode\/47-osaline-otsakute-kmpl\/#primaryimage","url":"https:\/\/motorock.eu\/wp-content\/uploads\/2026\/04\/B-36170_C1C0-1.jpg","contentUrl":"https:\/\/motorock.eu\/wp-content\/uploads\/2026\/04\/B-36170_C1C0-1.jpg","width":1000,"height":935},{"@type":"BreadcrumbList","@id":"https:\/\/motorock.eu\/et\/toode\/47-osaline-otsakute-kmpl\/#breadcrumb","itemListElement":[{"@type":"ListItem","position":1,"name":"Koduleht","item":"https:\/\/motorock.eu\/et\/pealeht\/"},{"@type":"ListItem","position":2,"name":"Pood","item":"https:\/\/motorock.eu\/et\/pood\/"},{"@type":"ListItem","position":3,"name":"47- OSALINE OTSAKUTE KMPL."}]},{"@type":"WebSite","@id":"https:\/\/motorock.eu\/et\/#website","url":"https:\/\/motorock.eu\/et\/","name":"Motorock","description":"Sinu elustiil, sinu teekond!","publisher":{"@id":"https:\/\/motorock.eu\/et\/#organization"},"potentialAction":[{"@type":"SearchAction","target":{"@type":"EntryPoint","urlTemplate":"https:\/\/motorock.eu\/et\/?s={search_term_string}"},"query-input":{"@type":"PropertyValueSpecification","valueRequired":true,"valueName":"search_term_string"}}],"inLanguage":"et"},{"@type":"Organization","@id":"https:\/\/motorock.eu\/et\/#organization","name":"Motorock","url":"https:\/\/motorock.eu\/et\/","logo":{"@type":"ImageObject","inLanguage":"et","@id":"https:\/\/motorock.eu\/et\/#\/schema\/logo\/image\/","url":"https:\/\/motorock.eu\/wp-content\/uploads\/2025\/05\/Group.png","contentUrl":"https:\/\/motorock.eu\/wp-content\/uploads\/2025\/05\/Group.png","width":2185,"height":677,"caption":"Motorock"},"image":{"@id":"https:\/\/motorock.eu\/et\/#\/schema\/logo\/image\/"}}]}},"_links":{"self":[{"href":"https:\/\/motorock.eu\/et\/wp-json\/wp\/v2\/product\/30116","targetHints":{"allow":["GET"]}}],"collection":[{"href":"https:\/\/motorock.eu\/et\/wp-json\/wp\/v2\/product"}],"about":[{"href":"https:\/\/motorock.eu\/et\/wp-json\/wp\/v2\/types\/product"}],"wp:featuredmedia":[{"embeddable":true,"href":"https:\/\/motorock.eu\/et\/wp-json\/wp\/v2\/media\/29904"}],"wp:attachment":[{"href":"https:\/\/motorock.eu\/et\/wp-json\/wp\/v2\/media?parent=30116"}],"wp:term":[{"taxonomy":"product_cat","embeddable":true,"href":"https:\/\/motorock.eu\/et\/wp-json\/wp\/v2\/product_cat?post=30116"},{"taxonomy":"product_tag","embeddable":true,"href":"https:\/\/motorock.eu\/et\/wp-json\/wp\/v2\/product_tag?post=30116"}],"curies":[{"name":"wp","href":"https:\/\/api.w.org\/{rel}","templated":true}]}}