{"id":30115,"date":"2026-04-19T15:15:38","date_gmt":"2026-04-19T12:15:38","guid":{"rendered":"https:\/\/motorock.eu\/product\/sds-plus-puuride-kmpl-5x110-6x110-6x160-8x110-8x160-10x160-12x160\/"},"modified":"2026-04-19T15:31:51","modified_gmt":"2026-04-19T12:31:51","slug":"sds-plus-puuride-kmpl-5x110-6x110-6x160-8x110-8x160-10x160-12x160","status":"publish","type":"product","link":"https:\/\/motorock.eu\/et\/toode\/sds-plus-puuride-kmpl-5x110-6x110-6x160-8x110-8x160-10x160-12x160\/","title":{"rendered":"SDS-PLUS PUURIDE KMPL. 5&#215;110, 6&#215;110, 6&#215;160, 8&#215;110, 8&#215;160, 10&#215;160, 12&#215;160)"},"content":{"rendered":"<p>SDS-PLUS kinnitusega puuride komplekt betoonit\u00f6\u00f6deks. Puuri kahe l\u00f5iketeraga ots v\u00f5imaldab puurida kiiresti. Volframkarbiidist ots lisab j\u00f5udlust. Puuride \u00fcldpikkus on 110-160 mm, t\u00f6\u00f6pikkus 50-100 mm ning l\u00e4bim\u00f5\u00f5t 5-12 mm. Komplektis on 5 puuri, plastkarbis.    <\/p>\n<p>SDS-PLUS kinnitusega puurid. Puuri tsentreeriv kahe l\u00f5iketeraga ots aitab t\u00e4pselt alustada. Vastupidavad sooned eemaldavad tolmu, tehes puurimise sujuvaks ja kiireks. T\u00e4nu volframkarbiidist otsale taluvad puurid k\u00f5rgemaid temperatuure ja p\u00fcsivad kauem teravad.   <\/p>\n<h3>Tehnilised andmed<\/h3>\n<p>L\u00e4bim\u00f5\u00f5t (D);5,0 \/ 6,0 \/ 8,0 \/ 10,0 \/ 12,0 mm<br \/>Kogupikkus;110 \/ 160 mm<br \/>T\u00f6\u00f6pikkus;50 \/ 100 mm<br \/>Kogus pakendis;7<\/p>\n","protected":false},"excerpt":{"rendered":"<p>SDS-PLUS kinnitusega puuride komplekt betoonit\u00f6\u00f6deks. Puuri kahe l\u00f5iketeraga ots v\u00f5imaldab puurida kiiresti. Volframkarbiidist ots lisab j\u00f5udlust. Puuride \u00fcldpikkus on 110-160 mm, t\u00f6\u00f6pikkus 50-100 mm ning l\u00e4bim\u00f5\u00f5t 5-12 mm. Komplektis on 5 puuri, plastkarbis. SDS-PLUS kinnitusega puurid. Puuri tsentreeriv kahe l\u00f5iketeraga ots aitab t\u00e4pselt alustada. Vastupidavad sooned eemaldavad tolmu, tehes puurimise sujuvaks ja kiireks. T\u00e4nu volframkarbiidist [&hellip;]<\/p>\n","protected":false},"featured_media":29911,"template":"","meta":{"_acf_changed":false},"product_cat":[1205],"product_tag":[],"class_list":{"0":"post-30115","1":"product","2":"type-product","3":"status-publish","4":"has-post-thumbnail","6":"product_cat-tooriistad-ja-hooldus","7":"pa_brand-makita","9":"first","10":"instock","11":"taxable","12":"shipping-taxable","13":"purchasable","14":"product-type-simple","swatches":"rey-swatches","show_selected":""},"acf":[],"yoast_head":"<!-- This site is optimized with the Yoast SEO plugin v27.4 - https:\/\/yoast.com\/product\/yoast-seo-wordpress\/ -->\n<title>SDS-PLUS PUURIDE KMPL. 5x110, 6x110, 6x160, 8x110, 8x160, 10x160, 12x160) | Motorock<\/title>\n<meta name=\"robots\" content=\"index, follow, max-snippet:-1, max-image-preview:large, max-video-preview:-1\" \/>\n<link rel=\"canonical\" href=\"https:\/\/motorock.eu\/et\/toode\/sds-plus-puuride-kmpl-5x110-6x110-6x160-8x110-8x160-10x160-12x160\/\" \/>\n<meta property=\"og:locale\" content=\"et_EE\" \/>\n<meta property=\"og:type\" content=\"article\" \/>\n<meta property=\"og:title\" content=\"SDS-PLUS PUURIDE KMPL. 5x110, 6x110, 6x160, 8x110, 8x160, 10x160, 12x160) | Motorock\" \/>\n<meta property=\"og:description\" content=\"SDS-PLUS kinnitusega puuride komplekt betoonit\u00f6\u00f6deks. Puuri kahe l\u00f5iketeraga ots v\u00f5imaldab puurida kiiresti. Volframkarbiidist ots lisab j\u00f5udlust. Puuride \u00fcldpikkus on 110-160 mm, t\u00f6\u00f6pikkus 50-100 mm ning l\u00e4bim\u00f5\u00f5t 5-12 mm. Komplektis on 5 puuri, plastkarbis. SDS-PLUS kinnitusega puurid. Puuri tsentreeriv kahe l\u00f5iketeraga ots aitab t\u00e4pselt alustada. Vastupidavad sooned eemaldavad tolmu, tehes puurimise sujuvaks ja kiireks. T\u00e4nu volframkarbiidist [&hellip;]\" \/>\n<meta property=\"og:url\" content=\"https:\/\/motorock.eu\/et\/toode\/sds-plus-puuride-kmpl-5x110-6x110-6x160-8x110-8x160-10x160-12x160\/\" \/>\n<meta property=\"og:site_name\" content=\"Motorock\" \/>\n<meta property=\"article:modified_time\" content=\"2026-04-19T12:31:51+00:00\" \/>\n<meta property=\"og:image\" content=\"https:\/\/motorock.eu\/wp-content\/uploads\/2025\/09\/Motorock-og-image-min.jpg\" \/>\n\t<meta property=\"og:image:width\" content=\"1200\" \/>\n\t<meta property=\"og:image:height\" content=\"675\" \/>\n\t<meta property=\"og:image:type\" content=\"image\/jpeg\" \/>\n<meta name=\"twitter:card\" content=\"summary_large_image\" \/>\n<script type=\"application\/ld+json\" class=\"yoast-schema-graph\">{\"@context\":\"https:\\\/\\\/schema.org\",\"@graph\":[{\"@type\":\"WebPage\",\"@id\":\"https:\\\/\\\/motorock.eu\\\/et\\\/toode\\\/sds-plus-puuride-kmpl-5x110-6x110-6x160-8x110-8x160-10x160-12x160\\\/\",\"url\":\"https:\\\/\\\/motorock.eu\\\/et\\\/toode\\\/sds-plus-puuride-kmpl-5x110-6x110-6x160-8x110-8x160-10x160-12x160\\\/\",\"name\":\"SDS-PLUS PUURIDE KMPL. 5x110, 6x110, 6x160, 8x110, 8x160, 10x160, 12x160) | Motorock\",\"isPartOf\":{\"@id\":\"https:\\\/\\\/motorock.eu\\\/et\\\/#website\"},\"primaryImageOfPage\":{\"@id\":\"https:\\\/\\\/motorock.eu\\\/et\\\/toode\\\/sds-plus-puuride-kmpl-5x110-6x110-6x160-8x110-8x160-10x160-12x160\\\/#primaryimage\"},\"image\":{\"@id\":\"https:\\\/\\\/motorock.eu\\\/et\\\/toode\\\/sds-plus-puuride-kmpl-5x110-6x110-6x160-8x110-8x160-10x160-12x160\\\/#primaryimage\"},\"thumbnailUrl\":\"https:\\\/\\\/motorock.eu\\\/wp-content\\\/uploads\\\/2026\\\/04\\\/B-49046_C1C0-1.jpg\",\"datePublished\":\"2026-04-19T12:15:38+00:00\",\"dateModified\":\"2026-04-19T12:31:51+00:00\",\"breadcrumb\":{\"@id\":\"https:\\\/\\\/motorock.eu\\\/et\\\/toode\\\/sds-plus-puuride-kmpl-5x110-6x110-6x160-8x110-8x160-10x160-12x160\\\/#breadcrumb\"},\"inLanguage\":\"et\",\"potentialAction\":[{\"@type\":\"ReadAction\",\"target\":[\"https:\\\/\\\/motorock.eu\\\/et\\\/toode\\\/sds-plus-puuride-kmpl-5x110-6x110-6x160-8x110-8x160-10x160-12x160\\\/\"]}]},{\"@type\":\"ImageObject\",\"inLanguage\":\"et\",\"@id\":\"https:\\\/\\\/motorock.eu\\\/et\\\/toode\\\/sds-plus-puuride-kmpl-5x110-6x110-6x160-8x110-8x160-10x160-12x160\\\/#primaryimage\",\"url\":\"https:\\\/\\\/motorock.eu\\\/wp-content\\\/uploads\\\/2026\\\/04\\\/B-49046_C1C0-1.jpg\",\"contentUrl\":\"https:\\\/\\\/motorock.eu\\\/wp-content\\\/uploads\\\/2026\\\/04\\\/B-49046_C1C0-1.jpg\",\"width\":433,\"height\":1000},{\"@type\":\"BreadcrumbList\",\"@id\":\"https:\\\/\\\/motorock.eu\\\/et\\\/toode\\\/sds-plus-puuride-kmpl-5x110-6x110-6x160-8x110-8x160-10x160-12x160\\\/#breadcrumb\",\"itemListElement\":[{\"@type\":\"ListItem\",\"position\":1,\"name\":\"Koduleht\",\"item\":\"https:\\\/\\\/motorock.eu\\\/et\\\/pealeht\\\/\"},{\"@type\":\"ListItem\",\"position\":2,\"name\":\"Pood\",\"item\":\"https:\\\/\\\/motorock.eu\\\/et\\\/pood\\\/\"},{\"@type\":\"ListItem\",\"position\":3,\"name\":\"SDS-PLUS PUURIDE KMPL. 5&#215;110, 6&#215;110, 6&#215;160, 8&#215;110, 8&#215;160, 10&#215;160, 12&#215;160)\"}]},{\"@type\":\"WebSite\",\"@id\":\"https:\\\/\\\/motorock.eu\\\/et\\\/#website\",\"url\":\"https:\\\/\\\/motorock.eu\\\/et\\\/\",\"name\":\"Motorock\",\"description\":\"Sinu elustiil, sinu teekond!\",\"publisher\":{\"@id\":\"https:\\\/\\\/motorock.eu\\\/et\\\/#organization\"},\"potentialAction\":[{\"@type\":\"SearchAction\",\"target\":{\"@type\":\"EntryPoint\",\"urlTemplate\":\"https:\\\/\\\/motorock.eu\\\/et\\\/?s={search_term_string}\"},\"query-input\":{\"@type\":\"PropertyValueSpecification\",\"valueRequired\":true,\"valueName\":\"search_term_string\"}}],\"inLanguage\":\"et\"},{\"@type\":\"Organization\",\"@id\":\"https:\\\/\\\/motorock.eu\\\/et\\\/#organization\",\"name\":\"Motorock\",\"url\":\"https:\\\/\\\/motorock.eu\\\/et\\\/\",\"logo\":{\"@type\":\"ImageObject\",\"inLanguage\":\"et\",\"@id\":\"https:\\\/\\\/motorock.eu\\\/et\\\/#\\\/schema\\\/logo\\\/image\\\/\",\"url\":\"https:\\\/\\\/motorock.eu\\\/wp-content\\\/uploads\\\/2025\\\/05\\\/Group.png\",\"contentUrl\":\"https:\\\/\\\/motorock.eu\\\/wp-content\\\/uploads\\\/2025\\\/05\\\/Group.png\",\"width\":2185,\"height\":677,\"caption\":\"Motorock\"},\"image\":{\"@id\":\"https:\\\/\\\/motorock.eu\\\/et\\\/#\\\/schema\\\/logo\\\/image\\\/\"}}]}<\/script>\n<!-- \/ Yoast SEO plugin. -->","yoast_head_json":{"title":"SDS-PLUS PUURIDE KMPL. 5x110, 6x110, 6x160, 8x110, 8x160, 10x160, 12x160) | Motorock","robots":{"index":"index","follow":"follow","max-snippet":"max-snippet:-1","max-image-preview":"max-image-preview:large","max-video-preview":"max-video-preview:-1"},"canonical":"https:\/\/motorock.eu\/et\/toode\/sds-plus-puuride-kmpl-5x110-6x110-6x160-8x110-8x160-10x160-12x160\/","og_locale":"et_EE","og_type":"article","og_title":"SDS-PLUS PUURIDE KMPL. 5x110, 6x110, 6x160, 8x110, 8x160, 10x160, 12x160) | Motorock","og_description":"SDS-PLUS kinnitusega puuride komplekt betoonit\u00f6\u00f6deks. Puuri kahe l\u00f5iketeraga ots v\u00f5imaldab puurida kiiresti. Volframkarbiidist ots lisab j\u00f5udlust. Puuride \u00fcldpikkus on 110-160 mm, t\u00f6\u00f6pikkus 50-100 mm ning l\u00e4bim\u00f5\u00f5t 5-12 mm. Komplektis on 5 puuri, plastkarbis. SDS-PLUS kinnitusega puurid. Puuri tsentreeriv kahe l\u00f5iketeraga ots aitab t\u00e4pselt alustada. Vastupidavad sooned eemaldavad tolmu, tehes puurimise sujuvaks ja kiireks. T\u00e4nu volframkarbiidist [&hellip;]","og_url":"https:\/\/motorock.eu\/et\/toode\/sds-plus-puuride-kmpl-5x110-6x110-6x160-8x110-8x160-10x160-12x160\/","og_site_name":"Motorock","article_modified_time":"2026-04-19T12:31:51+00:00","og_image":[{"width":1200,"height":675,"url":"https:\/\/motorock.eu\/wp-content\/uploads\/2025\/09\/Motorock-og-image-min.jpg","type":"image\/jpeg"}],"twitter_card":"summary_large_image","schema":{"@context":"https:\/\/schema.org","@graph":[{"@type":"WebPage","@id":"https:\/\/motorock.eu\/et\/toode\/sds-plus-puuride-kmpl-5x110-6x110-6x160-8x110-8x160-10x160-12x160\/","url":"https:\/\/motorock.eu\/et\/toode\/sds-plus-puuride-kmpl-5x110-6x110-6x160-8x110-8x160-10x160-12x160\/","name":"SDS-PLUS PUURIDE KMPL. 5x110, 6x110, 6x160, 8x110, 8x160, 10x160, 12x160) | Motorock","isPartOf":{"@id":"https:\/\/motorock.eu\/et\/#website"},"primaryImageOfPage":{"@id":"https:\/\/motorock.eu\/et\/toode\/sds-plus-puuride-kmpl-5x110-6x110-6x160-8x110-8x160-10x160-12x160\/#primaryimage"},"image":{"@id":"https:\/\/motorock.eu\/et\/toode\/sds-plus-puuride-kmpl-5x110-6x110-6x160-8x110-8x160-10x160-12x160\/#primaryimage"},"thumbnailUrl":"https:\/\/motorock.eu\/wp-content\/uploads\/2026\/04\/B-49046_C1C0-1.jpg","datePublished":"2026-04-19T12:15:38+00:00","dateModified":"2026-04-19T12:31:51+00:00","breadcrumb":{"@id":"https:\/\/motorock.eu\/et\/toode\/sds-plus-puuride-kmpl-5x110-6x110-6x160-8x110-8x160-10x160-12x160\/#breadcrumb"},"inLanguage":"et","potentialAction":[{"@type":"ReadAction","target":["https:\/\/motorock.eu\/et\/toode\/sds-plus-puuride-kmpl-5x110-6x110-6x160-8x110-8x160-10x160-12x160\/"]}]},{"@type":"ImageObject","inLanguage":"et","@id":"https:\/\/motorock.eu\/et\/toode\/sds-plus-puuride-kmpl-5x110-6x110-6x160-8x110-8x160-10x160-12x160\/#primaryimage","url":"https:\/\/motorock.eu\/wp-content\/uploads\/2026\/04\/B-49046_C1C0-1.jpg","contentUrl":"https:\/\/motorock.eu\/wp-content\/uploads\/2026\/04\/B-49046_C1C0-1.jpg","width":433,"height":1000},{"@type":"BreadcrumbList","@id":"https:\/\/motorock.eu\/et\/toode\/sds-plus-puuride-kmpl-5x110-6x110-6x160-8x110-8x160-10x160-12x160\/#breadcrumb","itemListElement":[{"@type":"ListItem","position":1,"name":"Koduleht","item":"https:\/\/motorock.eu\/et\/pealeht\/"},{"@type":"ListItem","position":2,"name":"Pood","item":"https:\/\/motorock.eu\/et\/pood\/"},{"@type":"ListItem","position":3,"name":"SDS-PLUS PUURIDE KMPL. 5&#215;110, 6&#215;110, 6&#215;160, 8&#215;110, 8&#215;160, 10&#215;160, 12&#215;160)"}]},{"@type":"WebSite","@id":"https:\/\/motorock.eu\/et\/#website","url":"https:\/\/motorock.eu\/et\/","name":"Motorock","description":"Sinu elustiil, sinu teekond!","publisher":{"@id":"https:\/\/motorock.eu\/et\/#organization"},"potentialAction":[{"@type":"SearchAction","target":{"@type":"EntryPoint","urlTemplate":"https:\/\/motorock.eu\/et\/?s={search_term_string}"},"query-input":{"@type":"PropertyValueSpecification","valueRequired":true,"valueName":"search_term_string"}}],"inLanguage":"et"},{"@type":"Organization","@id":"https:\/\/motorock.eu\/et\/#organization","name":"Motorock","url":"https:\/\/motorock.eu\/et\/","logo":{"@type":"ImageObject","inLanguage":"et","@id":"https:\/\/motorock.eu\/et\/#\/schema\/logo\/image\/","url":"https:\/\/motorock.eu\/wp-content\/uploads\/2025\/05\/Group.png","contentUrl":"https:\/\/motorock.eu\/wp-content\/uploads\/2025\/05\/Group.png","width":2185,"height":677,"caption":"Motorock"},"image":{"@id":"https:\/\/motorock.eu\/et\/#\/schema\/logo\/image\/"}}]}},"_links":{"self":[{"href":"https:\/\/motorock.eu\/et\/wp-json\/wp\/v2\/product\/30115","targetHints":{"allow":["GET"]}}],"collection":[{"href":"https:\/\/motorock.eu\/et\/wp-json\/wp\/v2\/product"}],"about":[{"href":"https:\/\/motorock.eu\/et\/wp-json\/wp\/v2\/types\/product"}],"wp:featuredmedia":[{"embeddable":true,"href":"https:\/\/motorock.eu\/et\/wp-json\/wp\/v2\/media\/29911"}],"wp:attachment":[{"href":"https:\/\/motorock.eu\/et\/wp-json\/wp\/v2\/media?parent=30115"}],"wp:term":[{"taxonomy":"product_cat","embeddable":true,"href":"https:\/\/motorock.eu\/et\/wp-json\/wp\/v2\/product_cat?post=30115"},{"taxonomy":"product_tag","embeddable":true,"href":"https:\/\/motorock.eu\/et\/wp-json\/wp\/v2\/product_tag?post=30115"}],"curies":[{"name":"wp","href":"https:\/\/api.w.org\/{rel}","templated":true}]}}