{"id":30113,"date":"2026-04-19T15:15:42","date_gmt":"2026-04-19T12:15:42","guid":{"rendered":"https:\/\/motorock.eu\/product\/multitool-segment-saetera-85mm\/"},"modified":"2026-04-19T15:31:52","modified_gmt":"2026-04-19T12:31:52","slug":"multitool-segment-saetera-85mm","status":"publish","type":"product","link":"https:\/\/motorock.eu\/et\/toode\/multitool-segment-saetera-85mm\/","title":{"rendered":"MULTITOOL SEGMENT SAETERA 85mm"},"content":{"rendered":"<p>TMA045; BIM, SL, Puidule ja Metallile  <\/p>\n<p>STARLOCK-kinnitusega universaalt\u00f6\u00f6riista saetera on m\u00f5eldud spetsiaalselt selliste materjalide nagu alumiiniumi, puidu, epoksiidi ja kuivkrohvplaadi saagimiseks. Bimetallist (BiM) tera laius on 85 mm. Teral on 18 hammast tolli kohta (TPI). Pakendis on 1 tera.   <\/p>\n<p>STARLOCK-kinnitusega universaalt\u00f6\u00f6riista saetera. Sobib ka STARLOCK PLUS ja STARLOCK MAX -kinnitusega universaalt\u00f6\u00f6riistadele. STARLOCK on kiire, \u00fche kl\u00f5psatusega terakinnitus. STARLOCK-terad on v\u00e4rvikoodiga, mis teeb nende eristamise lihtsaks. Tera on detailide m\u00f5\u00f5tul\u00f5ikamiseks. Valmistatud bimetallist (BiM). Materja talub painutamist ning l\u00f5ikab k\u00f5vu materjale, ilma et terahambad n\u00fcrineksid. Sobib k\u00f5vade materjalide l\u00f5ikamiseks.       <\/p>\n<h3>Tehnilised andmed<\/h3>\n<p>Laius;85 mm<br \/>Tera t\u00fc\u00fcp;BiM<br \/>Hambaid tolli kohta;18<br \/>Kogus pakendis;1<\/p>\n","protected":false},"excerpt":{"rendered":"<p>TMA045; BIM, SL, Puidule ja Metallile STARLOCK-kinnitusega universaalt\u00f6\u00f6riista saetera on m\u00f5eldud spetsiaalselt selliste materjalide nagu alumiiniumi, puidu, epoksiidi ja kuivkrohvplaadi saagimiseks. Bimetallist (BiM) tera laius on 85 mm. Teral on 18 hammast tolli kohta (TPI). Pakendis on 1 tera. STARLOCK-kinnitusega universaalt\u00f6\u00f6riista saetera. Sobib ka STARLOCK PLUS ja STARLOCK MAX -kinnitusega universaalt\u00f6\u00f6riistadele. STARLOCK on kiire, \u00fche [&hellip;]<\/p>\n","protected":false},"featured_media":29927,"template":"","meta":{"_acf_changed":false},"product_cat":[1205],"product_tag":[],"class_list":{"0":"post-30113","1":"product","2":"type-product","3":"status-publish","4":"has-post-thumbnail","6":"product_cat-tooriistad-ja-hooldus","7":"pa_brand-makita","9":"first","10":"instock","11":"taxable","12":"shipping-taxable","13":"purchasable","14":"product-type-simple","swatches":"rey-swatches","show_selected":""},"acf":[],"yoast_head":"<!-- This site is optimized with the Yoast SEO plugin v27.4 - https:\/\/yoast.com\/product\/yoast-seo-wordpress\/ -->\n<title>MULTITOOL SEGMENT SAETERA 85mm | Motorock<\/title>\n<meta name=\"robots\" content=\"index, follow, max-snippet:-1, max-image-preview:large, max-video-preview:-1\" \/>\n<link rel=\"canonical\" href=\"https:\/\/motorock.eu\/et\/toode\/multitool-segment-saetera-85mm\/\" \/>\n<meta property=\"og:locale\" content=\"et_EE\" \/>\n<meta property=\"og:type\" content=\"article\" \/>\n<meta property=\"og:title\" content=\"MULTITOOL SEGMENT SAETERA 85mm | Motorock\" \/>\n<meta property=\"og:description\" content=\"TMA045; BIM, SL, Puidule ja Metallile STARLOCK-kinnitusega universaalt\u00f6\u00f6riista saetera on m\u00f5eldud spetsiaalselt selliste materjalide nagu alumiiniumi, puidu, epoksiidi ja kuivkrohvplaadi saagimiseks. Bimetallist (BiM) tera laius on 85 mm. Teral on 18 hammast tolli kohta (TPI). Pakendis on 1 tera. STARLOCK-kinnitusega universaalt\u00f6\u00f6riista saetera. Sobib ka STARLOCK PLUS ja STARLOCK MAX -kinnitusega universaalt\u00f6\u00f6riistadele. STARLOCK on kiire, \u00fche [&hellip;]\" \/>\n<meta property=\"og:url\" content=\"https:\/\/motorock.eu\/et\/toode\/multitool-segment-saetera-85mm\/\" \/>\n<meta property=\"og:site_name\" content=\"Motorock\" \/>\n<meta property=\"article:modified_time\" content=\"2026-04-19T12:31:52+00:00\" \/>\n<meta property=\"og:image\" content=\"https:\/\/motorock.eu\/wp-content\/uploads\/2025\/09\/Motorock-og-image-min.jpg\" \/>\n\t<meta property=\"og:image:width\" content=\"1200\" \/>\n\t<meta property=\"og:image:height\" content=\"675\" \/>\n\t<meta property=\"og:image:type\" content=\"image\/jpeg\" \/>\n<meta name=\"twitter:card\" content=\"summary_large_image\" \/>\n<meta name=\"twitter:label1\" content=\"Est. reading time\" \/>\n\t<meta name=\"twitter:data1\" content=\"1 minut\" \/>\n<script type=\"application\/ld+json\" class=\"yoast-schema-graph\">{\"@context\":\"https:\\\/\\\/schema.org\",\"@graph\":[{\"@type\":\"WebPage\",\"@id\":\"https:\\\/\\\/motorock.eu\\\/et\\\/toode\\\/multitool-segment-saetera-85mm\\\/\",\"url\":\"https:\\\/\\\/motorock.eu\\\/et\\\/toode\\\/multitool-segment-saetera-85mm\\\/\",\"name\":\"MULTITOOL SEGMENT SAETERA 85mm | Motorock\",\"isPartOf\":{\"@id\":\"https:\\\/\\\/motorock.eu\\\/et\\\/#website\"},\"primaryImageOfPage\":{\"@id\":\"https:\\\/\\\/motorock.eu\\\/et\\\/toode\\\/multitool-segment-saetera-85mm\\\/#primaryimage\"},\"image\":{\"@id\":\"https:\\\/\\\/motorock.eu\\\/et\\\/toode\\\/multitool-segment-saetera-85mm\\\/#primaryimage\"},\"thumbnailUrl\":\"https:\\\/\\\/motorock.eu\\\/wp-content\\\/uploads\\\/2026\\\/04\\\/B-64799_C1C0-1.jpg\",\"datePublished\":\"2026-04-19T12:15:42+00:00\",\"dateModified\":\"2026-04-19T12:31:52+00:00\",\"breadcrumb\":{\"@id\":\"https:\\\/\\\/motorock.eu\\\/et\\\/toode\\\/multitool-segment-saetera-85mm\\\/#breadcrumb\"},\"inLanguage\":\"et\",\"potentialAction\":[{\"@type\":\"ReadAction\",\"target\":[\"https:\\\/\\\/motorock.eu\\\/et\\\/toode\\\/multitool-segment-saetera-85mm\\\/\"]}]},{\"@type\":\"ImageObject\",\"inLanguage\":\"et\",\"@id\":\"https:\\\/\\\/motorock.eu\\\/et\\\/toode\\\/multitool-segment-saetera-85mm\\\/#primaryimage\",\"url\":\"https:\\\/\\\/motorock.eu\\\/wp-content\\\/uploads\\\/2026\\\/04\\\/B-64799_C1C0-1.jpg\",\"contentUrl\":\"https:\\\/\\\/motorock.eu\\\/wp-content\\\/uploads\\\/2026\\\/04\\\/B-64799_C1C0-1.jpg\",\"width\":1000,\"height\":763},{\"@type\":\"BreadcrumbList\",\"@id\":\"https:\\\/\\\/motorock.eu\\\/et\\\/toode\\\/multitool-segment-saetera-85mm\\\/#breadcrumb\",\"itemListElement\":[{\"@type\":\"ListItem\",\"position\":1,\"name\":\"Koduleht\",\"item\":\"https:\\\/\\\/motorock.eu\\\/et\\\/pealeht\\\/\"},{\"@type\":\"ListItem\",\"position\":2,\"name\":\"Pood\",\"item\":\"https:\\\/\\\/motorock.eu\\\/et\\\/pood\\\/\"},{\"@type\":\"ListItem\",\"position\":3,\"name\":\"MULTITOOL SEGMENT SAETERA 85mm\"}]},{\"@type\":\"WebSite\",\"@id\":\"https:\\\/\\\/motorock.eu\\\/et\\\/#website\",\"url\":\"https:\\\/\\\/motorock.eu\\\/et\\\/\",\"name\":\"Motorock\",\"description\":\"Sinu elustiil, sinu teekond!\",\"publisher\":{\"@id\":\"https:\\\/\\\/motorock.eu\\\/et\\\/#organization\"},\"potentialAction\":[{\"@type\":\"SearchAction\",\"target\":{\"@type\":\"EntryPoint\",\"urlTemplate\":\"https:\\\/\\\/motorock.eu\\\/et\\\/?s={search_term_string}\"},\"query-input\":{\"@type\":\"PropertyValueSpecification\",\"valueRequired\":true,\"valueName\":\"search_term_string\"}}],\"inLanguage\":\"et\"},{\"@type\":\"Organization\",\"@id\":\"https:\\\/\\\/motorock.eu\\\/et\\\/#organization\",\"name\":\"Motorock\",\"url\":\"https:\\\/\\\/motorock.eu\\\/et\\\/\",\"logo\":{\"@type\":\"ImageObject\",\"inLanguage\":\"et\",\"@id\":\"https:\\\/\\\/motorock.eu\\\/et\\\/#\\\/schema\\\/logo\\\/image\\\/\",\"url\":\"https:\\\/\\\/motorock.eu\\\/wp-content\\\/uploads\\\/2025\\\/05\\\/Group.png\",\"contentUrl\":\"https:\\\/\\\/motorock.eu\\\/wp-content\\\/uploads\\\/2025\\\/05\\\/Group.png\",\"width\":2185,\"height\":677,\"caption\":\"Motorock\"},\"image\":{\"@id\":\"https:\\\/\\\/motorock.eu\\\/et\\\/#\\\/schema\\\/logo\\\/image\\\/\"}}]}<\/script>\n<!-- \/ Yoast SEO plugin. -->","yoast_head_json":{"title":"MULTITOOL SEGMENT SAETERA 85mm | Motorock","robots":{"index":"index","follow":"follow","max-snippet":"max-snippet:-1","max-image-preview":"max-image-preview:large","max-video-preview":"max-video-preview:-1"},"canonical":"https:\/\/motorock.eu\/et\/toode\/multitool-segment-saetera-85mm\/","og_locale":"et_EE","og_type":"article","og_title":"MULTITOOL SEGMENT SAETERA 85mm | Motorock","og_description":"TMA045; BIM, SL, Puidule ja Metallile STARLOCK-kinnitusega universaalt\u00f6\u00f6riista saetera on m\u00f5eldud spetsiaalselt selliste materjalide nagu alumiiniumi, puidu, epoksiidi ja kuivkrohvplaadi saagimiseks. Bimetallist (BiM) tera laius on 85 mm. Teral on 18 hammast tolli kohta (TPI). Pakendis on 1 tera. STARLOCK-kinnitusega universaalt\u00f6\u00f6riista saetera. Sobib ka STARLOCK PLUS ja STARLOCK MAX -kinnitusega universaalt\u00f6\u00f6riistadele. STARLOCK on kiire, \u00fche [&hellip;]","og_url":"https:\/\/motorock.eu\/et\/toode\/multitool-segment-saetera-85mm\/","og_site_name":"Motorock","article_modified_time":"2026-04-19T12:31:52+00:00","og_image":[{"width":1200,"height":675,"url":"https:\/\/motorock.eu\/wp-content\/uploads\/2025\/09\/Motorock-og-image-min.jpg","type":"image\/jpeg"}],"twitter_card":"summary_large_image","twitter_misc":{"Est. reading time":"1 minut"},"schema":{"@context":"https:\/\/schema.org","@graph":[{"@type":"WebPage","@id":"https:\/\/motorock.eu\/et\/toode\/multitool-segment-saetera-85mm\/","url":"https:\/\/motorock.eu\/et\/toode\/multitool-segment-saetera-85mm\/","name":"MULTITOOL SEGMENT SAETERA 85mm | Motorock","isPartOf":{"@id":"https:\/\/motorock.eu\/et\/#website"},"primaryImageOfPage":{"@id":"https:\/\/motorock.eu\/et\/toode\/multitool-segment-saetera-85mm\/#primaryimage"},"image":{"@id":"https:\/\/motorock.eu\/et\/toode\/multitool-segment-saetera-85mm\/#primaryimage"},"thumbnailUrl":"https:\/\/motorock.eu\/wp-content\/uploads\/2026\/04\/B-64799_C1C0-1.jpg","datePublished":"2026-04-19T12:15:42+00:00","dateModified":"2026-04-19T12:31:52+00:00","breadcrumb":{"@id":"https:\/\/motorock.eu\/et\/toode\/multitool-segment-saetera-85mm\/#breadcrumb"},"inLanguage":"et","potentialAction":[{"@type":"ReadAction","target":["https:\/\/motorock.eu\/et\/toode\/multitool-segment-saetera-85mm\/"]}]},{"@type":"ImageObject","inLanguage":"et","@id":"https:\/\/motorock.eu\/et\/toode\/multitool-segment-saetera-85mm\/#primaryimage","url":"https:\/\/motorock.eu\/wp-content\/uploads\/2026\/04\/B-64799_C1C0-1.jpg","contentUrl":"https:\/\/motorock.eu\/wp-content\/uploads\/2026\/04\/B-64799_C1C0-1.jpg","width":1000,"height":763},{"@type":"BreadcrumbList","@id":"https:\/\/motorock.eu\/et\/toode\/multitool-segment-saetera-85mm\/#breadcrumb","itemListElement":[{"@type":"ListItem","position":1,"name":"Koduleht","item":"https:\/\/motorock.eu\/et\/pealeht\/"},{"@type":"ListItem","position":2,"name":"Pood","item":"https:\/\/motorock.eu\/et\/pood\/"},{"@type":"ListItem","position":3,"name":"MULTITOOL SEGMENT SAETERA 85mm"}]},{"@type":"WebSite","@id":"https:\/\/motorock.eu\/et\/#website","url":"https:\/\/motorock.eu\/et\/","name":"Motorock","description":"Sinu elustiil, sinu teekond!","publisher":{"@id":"https:\/\/motorock.eu\/et\/#organization"},"potentialAction":[{"@type":"SearchAction","target":{"@type":"EntryPoint","urlTemplate":"https:\/\/motorock.eu\/et\/?s={search_term_string}"},"query-input":{"@type":"PropertyValueSpecification","valueRequired":true,"valueName":"search_term_string"}}],"inLanguage":"et"},{"@type":"Organization","@id":"https:\/\/motorock.eu\/et\/#organization","name":"Motorock","url":"https:\/\/motorock.eu\/et\/","logo":{"@type":"ImageObject","inLanguage":"et","@id":"https:\/\/motorock.eu\/et\/#\/schema\/logo\/image\/","url":"https:\/\/motorock.eu\/wp-content\/uploads\/2025\/05\/Group.png","contentUrl":"https:\/\/motorock.eu\/wp-content\/uploads\/2025\/05\/Group.png","width":2185,"height":677,"caption":"Motorock"},"image":{"@id":"https:\/\/motorock.eu\/et\/#\/schema\/logo\/image\/"}}]}},"_links":{"self":[{"href":"https:\/\/motorock.eu\/et\/wp-json\/wp\/v2\/product\/30113","targetHints":{"allow":["GET"]}}],"collection":[{"href":"https:\/\/motorock.eu\/et\/wp-json\/wp\/v2\/product"}],"about":[{"href":"https:\/\/motorock.eu\/et\/wp-json\/wp\/v2\/types\/product"}],"wp:featuredmedia":[{"embeddable":true,"href":"https:\/\/motorock.eu\/et\/wp-json\/wp\/v2\/media\/29927"}],"wp:attachment":[{"href":"https:\/\/motorock.eu\/et\/wp-json\/wp\/v2\/media?parent=30113"}],"wp:term":[{"taxonomy":"product_cat","embeddable":true,"href":"https:\/\/motorock.eu\/et\/wp-json\/wp\/v2\/product_cat?post=30113"},{"taxonomy":"product_tag","embeddable":true,"href":"https:\/\/motorock.eu\/et\/wp-json\/wp\/v2\/product_tag?post=30113"}],"curies":[{"name":"wp","href":"https:\/\/api.w.org\/{rel}","templated":true}]}}