{"id":30111,"date":"2026-04-19T15:15:44","date_gmt":"2026-04-19T12:15:44","guid":{"rendered":"https:\/\/motorock.eu\/product\/multitool-ristiloikamise-saetera-32mm-2\/"},"modified":"2026-04-19T15:31:52","modified_gmt":"2026-04-19T12:31:52","slug":"multitool-ristiloikamise-saetera-32mm-2","status":"publish","type":"product","link":"https:\/\/motorock.eu\/et\/toode\/multitool-ristiloikamise-saetera-32mm-2\/","title":{"rendered":"MULTITOOL RISTIL\u00d5IKAMISE SAETERA 32mm"},"content":{"rendered":"<p>TMA047; BIM, SL, Puidule ja Metallile  <\/p>\n<p>STARLOCK-kinnitusega universaalt\u00f6\u00f6riista ristil\u00f5ikamise saetera on m\u00f5eldud spetsiaalselt alumiiniumi, puidu, epoksiidi ja kuivkrohvplaadi l\u00f5ikamiseks. Bimetallist (BiM) tera laius on 32 mm ja t\u00f6\u00f6pikkus 50 mm. Teral on 20 hammast tolli kohta (TPI). Pakendis on 1 tera.   <\/p>\n<p>STARLOCK-kinnitusega universaalt\u00f6\u00f6riista ristil\u00f5ikamise saetera. Sobib ka STARLOCK PLUS ja STARLOCK MAX -kinnitusega universaalt\u00f6\u00f6riistadele. STARLOCK on kiire, \u00fche kl\u00f5psatusega terakinnitus. STARLOCK-terad on v\u00e4rvikoodiga, mis teeb nende eristamise lihtsaks. Tera on m\u00f5eldud sukelsaagimiseks. Valmistatud bimetallist (BiM). Materjal talub painutamist ning l\u00f5ikab k\u00f5vu materjale, ilma et terahambad n\u00fcrineksid. Sobib k\u00f5vade materjalide l\u00f5ikamiseks.       <\/p>\n<h3>Tehnilised andmed<\/h3>\n<p>Laius;32 mm<br \/>Tera t\u00fc\u00fcp;BiM<br \/>Hambaid tolli kohta;20<br \/>T\u00f6\u00f6pikkus;50 mm<br \/>Kogus pakendis;1<\/p>\n","protected":false},"excerpt":{"rendered":"<p>TMA047; BIM, SL, Puidule ja Metallile STARLOCK-kinnitusega universaalt\u00f6\u00f6riista ristil\u00f5ikamise saetera on m\u00f5eldud spetsiaalselt alumiiniumi, puidu, epoksiidi ja kuivkrohvplaadi l\u00f5ikamiseks. Bimetallist (BiM) tera laius on 32 mm ja t\u00f6\u00f6pikkus 50 mm. Teral on 20 hammast tolli kohta (TPI). Pakendis on 1 tera. STARLOCK-kinnitusega universaalt\u00f6\u00f6riista ristil\u00f5ikamise saetera. Sobib ka STARLOCK PLUS ja STARLOCK MAX -kinnitusega universaalt\u00f6\u00f6riistadele. STARLOCK [&hellip;]<\/p>\n","protected":false},"featured_media":29936,"template":"","meta":{"_acf_changed":false},"product_cat":[1205],"product_tag":[],"class_list":{"0":"post-30111","1":"product","2":"type-product","3":"status-publish","4":"has-post-thumbnail","6":"product_cat-tooriistad-ja-hooldus","7":"pa_brand-makita","9":"first","10":"instock","11":"taxable","12":"shipping-taxable","13":"purchasable","14":"product-type-simple","swatches":"rey-swatches","show_selected":""},"acf":[],"yoast_head":"<!-- This site is optimized with the Yoast SEO plugin v27.4 - https:\/\/yoast.com\/product\/yoast-seo-wordpress\/ -->\n<title>MULTITOOL RISTIL\u00d5IKAMISE SAETERA 32mm | Motorock<\/title>\n<meta name=\"robots\" content=\"index, follow, max-snippet:-1, max-image-preview:large, max-video-preview:-1\" \/>\n<link rel=\"canonical\" href=\"https:\/\/motorock.eu\/et\/toode\/multitool-ristiloikamise-saetera-32mm-2\/\" \/>\n<meta property=\"og:locale\" content=\"et_EE\" \/>\n<meta property=\"og:type\" content=\"article\" \/>\n<meta property=\"og:title\" content=\"MULTITOOL RISTIL\u00d5IKAMISE SAETERA 32mm | Motorock\" \/>\n<meta property=\"og:description\" content=\"TMA047; BIM, SL, Puidule ja Metallile STARLOCK-kinnitusega universaalt\u00f6\u00f6riista ristil\u00f5ikamise saetera on m\u00f5eldud spetsiaalselt alumiiniumi, puidu, epoksiidi ja kuivkrohvplaadi l\u00f5ikamiseks. Bimetallist (BiM) tera laius on 32 mm ja t\u00f6\u00f6pikkus 50 mm. Teral on 20 hammast tolli kohta (TPI). Pakendis on 1 tera. STARLOCK-kinnitusega universaalt\u00f6\u00f6riista ristil\u00f5ikamise saetera. Sobib ka STARLOCK PLUS ja STARLOCK MAX -kinnitusega universaalt\u00f6\u00f6riistadele. STARLOCK [&hellip;]\" \/>\n<meta property=\"og:url\" content=\"https:\/\/motorock.eu\/et\/toode\/multitool-ristiloikamise-saetera-32mm-2\/\" \/>\n<meta property=\"og:site_name\" content=\"Motorock\" \/>\n<meta property=\"article:modified_time\" content=\"2026-04-19T12:31:52+00:00\" \/>\n<meta property=\"og:image\" content=\"https:\/\/motorock.eu\/wp-content\/uploads\/2025\/09\/Motorock-og-image-min.jpg\" \/>\n\t<meta property=\"og:image:width\" content=\"1200\" \/>\n\t<meta property=\"og:image:height\" content=\"675\" \/>\n\t<meta property=\"og:image:type\" content=\"image\/jpeg\" \/>\n<meta name=\"twitter:card\" content=\"summary_large_image\" \/>\n<meta name=\"twitter:label1\" content=\"Est. reading time\" \/>\n\t<meta name=\"twitter:data1\" content=\"1 minut\" \/>\n<script type=\"application\/ld+json\" class=\"yoast-schema-graph\">{\"@context\":\"https:\\\/\\\/schema.org\",\"@graph\":[{\"@type\":\"WebPage\",\"@id\":\"https:\\\/\\\/motorock.eu\\\/et\\\/toode\\\/multitool-ristiloikamise-saetera-32mm-2\\\/\",\"url\":\"https:\\\/\\\/motorock.eu\\\/et\\\/toode\\\/multitool-ristiloikamise-saetera-32mm-2\\\/\",\"name\":\"MULTITOOL RISTIL\u00d5IKAMISE SAETERA 32mm | Motorock\",\"isPartOf\":{\"@id\":\"https:\\\/\\\/motorock.eu\\\/et\\\/#website\"},\"primaryImageOfPage\":{\"@id\":\"https:\\\/\\\/motorock.eu\\\/et\\\/toode\\\/multitool-ristiloikamise-saetera-32mm-2\\\/#primaryimage\"},\"image\":{\"@id\":\"https:\\\/\\\/motorock.eu\\\/et\\\/toode\\\/multitool-ristiloikamise-saetera-32mm-2\\\/#primaryimage\"},\"thumbnailUrl\":\"https:\\\/\\\/motorock.eu\\\/wp-content\\\/uploads\\\/2026\\\/04\\\/B-64814_C1C0-1.jpg\",\"datePublished\":\"2026-04-19T12:15:44+00:00\",\"dateModified\":\"2026-04-19T12:31:52+00:00\",\"breadcrumb\":{\"@id\":\"https:\\\/\\\/motorock.eu\\\/et\\\/toode\\\/multitool-ristiloikamise-saetera-32mm-2\\\/#breadcrumb\"},\"inLanguage\":\"et\",\"potentialAction\":[{\"@type\":\"ReadAction\",\"target\":[\"https:\\\/\\\/motorock.eu\\\/et\\\/toode\\\/multitool-ristiloikamise-saetera-32mm-2\\\/\"]}]},{\"@type\":\"ImageObject\",\"inLanguage\":\"et\",\"@id\":\"https:\\\/\\\/motorock.eu\\\/et\\\/toode\\\/multitool-ristiloikamise-saetera-32mm-2\\\/#primaryimage\",\"url\":\"https:\\\/\\\/motorock.eu\\\/wp-content\\\/uploads\\\/2026\\\/04\\\/B-64814_C1C0-1.jpg\",\"contentUrl\":\"https:\\\/\\\/motorock.eu\\\/wp-content\\\/uploads\\\/2026\\\/04\\\/B-64814_C1C0-1.jpg\",\"width\":1000,\"height\":369},{\"@type\":\"BreadcrumbList\",\"@id\":\"https:\\\/\\\/motorock.eu\\\/et\\\/toode\\\/multitool-ristiloikamise-saetera-32mm-2\\\/#breadcrumb\",\"itemListElement\":[{\"@type\":\"ListItem\",\"position\":1,\"name\":\"Koduleht\",\"item\":\"https:\\\/\\\/motorock.eu\\\/et\\\/pealeht\\\/\"},{\"@type\":\"ListItem\",\"position\":2,\"name\":\"Pood\",\"item\":\"https:\\\/\\\/motorock.eu\\\/et\\\/pood\\\/\"},{\"@type\":\"ListItem\",\"position\":3,\"name\":\"MULTITOOL RISTIL\u00d5IKAMISE SAETERA 32mm\"}]},{\"@type\":\"WebSite\",\"@id\":\"https:\\\/\\\/motorock.eu\\\/et\\\/#website\",\"url\":\"https:\\\/\\\/motorock.eu\\\/et\\\/\",\"name\":\"Motorock\",\"description\":\"Sinu elustiil, sinu teekond!\",\"publisher\":{\"@id\":\"https:\\\/\\\/motorock.eu\\\/et\\\/#organization\"},\"potentialAction\":[{\"@type\":\"SearchAction\",\"target\":{\"@type\":\"EntryPoint\",\"urlTemplate\":\"https:\\\/\\\/motorock.eu\\\/et\\\/?s={search_term_string}\"},\"query-input\":{\"@type\":\"PropertyValueSpecification\",\"valueRequired\":true,\"valueName\":\"search_term_string\"}}],\"inLanguage\":\"et\"},{\"@type\":\"Organization\",\"@id\":\"https:\\\/\\\/motorock.eu\\\/et\\\/#organization\",\"name\":\"Motorock\",\"url\":\"https:\\\/\\\/motorock.eu\\\/et\\\/\",\"logo\":{\"@type\":\"ImageObject\",\"inLanguage\":\"et\",\"@id\":\"https:\\\/\\\/motorock.eu\\\/et\\\/#\\\/schema\\\/logo\\\/image\\\/\",\"url\":\"https:\\\/\\\/motorock.eu\\\/wp-content\\\/uploads\\\/2025\\\/05\\\/Group.png\",\"contentUrl\":\"https:\\\/\\\/motorock.eu\\\/wp-content\\\/uploads\\\/2025\\\/05\\\/Group.png\",\"width\":2185,\"height\":677,\"caption\":\"Motorock\"},\"image\":{\"@id\":\"https:\\\/\\\/motorock.eu\\\/et\\\/#\\\/schema\\\/logo\\\/image\\\/\"}}]}<\/script>\n<!-- \/ Yoast SEO plugin. -->","yoast_head_json":{"title":"MULTITOOL RISTIL\u00d5IKAMISE SAETERA 32mm | Motorock","robots":{"index":"index","follow":"follow","max-snippet":"max-snippet:-1","max-image-preview":"max-image-preview:large","max-video-preview":"max-video-preview:-1"},"canonical":"https:\/\/motorock.eu\/et\/toode\/multitool-ristiloikamise-saetera-32mm-2\/","og_locale":"et_EE","og_type":"article","og_title":"MULTITOOL RISTIL\u00d5IKAMISE SAETERA 32mm | Motorock","og_description":"TMA047; BIM, SL, Puidule ja Metallile STARLOCK-kinnitusega universaalt\u00f6\u00f6riista ristil\u00f5ikamise saetera on m\u00f5eldud spetsiaalselt alumiiniumi, puidu, epoksiidi ja kuivkrohvplaadi l\u00f5ikamiseks. Bimetallist (BiM) tera laius on 32 mm ja t\u00f6\u00f6pikkus 50 mm. Teral on 20 hammast tolli kohta (TPI). Pakendis on 1 tera. STARLOCK-kinnitusega universaalt\u00f6\u00f6riista ristil\u00f5ikamise saetera. Sobib ka STARLOCK PLUS ja STARLOCK MAX -kinnitusega universaalt\u00f6\u00f6riistadele. STARLOCK [&hellip;]","og_url":"https:\/\/motorock.eu\/et\/toode\/multitool-ristiloikamise-saetera-32mm-2\/","og_site_name":"Motorock","article_modified_time":"2026-04-19T12:31:52+00:00","og_image":[{"width":1200,"height":675,"url":"https:\/\/motorock.eu\/wp-content\/uploads\/2025\/09\/Motorock-og-image-min.jpg","type":"image\/jpeg"}],"twitter_card":"summary_large_image","twitter_misc":{"Est. reading time":"1 minut"},"schema":{"@context":"https:\/\/schema.org","@graph":[{"@type":"WebPage","@id":"https:\/\/motorock.eu\/et\/toode\/multitool-ristiloikamise-saetera-32mm-2\/","url":"https:\/\/motorock.eu\/et\/toode\/multitool-ristiloikamise-saetera-32mm-2\/","name":"MULTITOOL RISTIL\u00d5IKAMISE SAETERA 32mm | Motorock","isPartOf":{"@id":"https:\/\/motorock.eu\/et\/#website"},"primaryImageOfPage":{"@id":"https:\/\/motorock.eu\/et\/toode\/multitool-ristiloikamise-saetera-32mm-2\/#primaryimage"},"image":{"@id":"https:\/\/motorock.eu\/et\/toode\/multitool-ristiloikamise-saetera-32mm-2\/#primaryimage"},"thumbnailUrl":"https:\/\/motorock.eu\/wp-content\/uploads\/2026\/04\/B-64814_C1C0-1.jpg","datePublished":"2026-04-19T12:15:44+00:00","dateModified":"2026-04-19T12:31:52+00:00","breadcrumb":{"@id":"https:\/\/motorock.eu\/et\/toode\/multitool-ristiloikamise-saetera-32mm-2\/#breadcrumb"},"inLanguage":"et","potentialAction":[{"@type":"ReadAction","target":["https:\/\/motorock.eu\/et\/toode\/multitool-ristiloikamise-saetera-32mm-2\/"]}]},{"@type":"ImageObject","inLanguage":"et","@id":"https:\/\/motorock.eu\/et\/toode\/multitool-ristiloikamise-saetera-32mm-2\/#primaryimage","url":"https:\/\/motorock.eu\/wp-content\/uploads\/2026\/04\/B-64814_C1C0-1.jpg","contentUrl":"https:\/\/motorock.eu\/wp-content\/uploads\/2026\/04\/B-64814_C1C0-1.jpg","width":1000,"height":369},{"@type":"BreadcrumbList","@id":"https:\/\/motorock.eu\/et\/toode\/multitool-ristiloikamise-saetera-32mm-2\/#breadcrumb","itemListElement":[{"@type":"ListItem","position":1,"name":"Koduleht","item":"https:\/\/motorock.eu\/et\/pealeht\/"},{"@type":"ListItem","position":2,"name":"Pood","item":"https:\/\/motorock.eu\/et\/pood\/"},{"@type":"ListItem","position":3,"name":"MULTITOOL RISTIL\u00d5IKAMISE SAETERA 32mm"}]},{"@type":"WebSite","@id":"https:\/\/motorock.eu\/et\/#website","url":"https:\/\/motorock.eu\/et\/","name":"Motorock","description":"Sinu elustiil, sinu teekond!","publisher":{"@id":"https:\/\/motorock.eu\/et\/#organization"},"potentialAction":[{"@type":"SearchAction","target":{"@type":"EntryPoint","urlTemplate":"https:\/\/motorock.eu\/et\/?s={search_term_string}"},"query-input":{"@type":"PropertyValueSpecification","valueRequired":true,"valueName":"search_term_string"}}],"inLanguage":"et"},{"@type":"Organization","@id":"https:\/\/motorock.eu\/et\/#organization","name":"Motorock","url":"https:\/\/motorock.eu\/et\/","logo":{"@type":"ImageObject","inLanguage":"et","@id":"https:\/\/motorock.eu\/et\/#\/schema\/logo\/image\/","url":"https:\/\/motorock.eu\/wp-content\/uploads\/2025\/05\/Group.png","contentUrl":"https:\/\/motorock.eu\/wp-content\/uploads\/2025\/05\/Group.png","width":2185,"height":677,"caption":"Motorock"},"image":{"@id":"https:\/\/motorock.eu\/et\/#\/schema\/logo\/image\/"}}]}},"_links":{"self":[{"href":"https:\/\/motorock.eu\/et\/wp-json\/wp\/v2\/product\/30111","targetHints":{"allow":["GET"]}}],"collection":[{"href":"https:\/\/motorock.eu\/et\/wp-json\/wp\/v2\/product"}],"about":[{"href":"https:\/\/motorock.eu\/et\/wp-json\/wp\/v2\/types\/product"}],"wp:featuredmedia":[{"embeddable":true,"href":"https:\/\/motorock.eu\/et\/wp-json\/wp\/v2\/media\/29936"}],"wp:attachment":[{"href":"https:\/\/motorock.eu\/et\/wp-json\/wp\/v2\/media?parent=30111"}],"wp:term":[{"taxonomy":"product_cat","embeddable":true,"href":"https:\/\/motorock.eu\/et\/wp-json\/wp\/v2\/product_cat?post=30111"},{"taxonomy":"product_tag","embeddable":true,"href":"https:\/\/motorock.eu\/et\/wp-json\/wp\/v2\/product_tag?post=30111"}],"curies":[{"name":"wp","href":"https:\/\/api.w.org\/{rel}","templated":true}]}}