{"id":30105,"date":"2026-04-19T15:15:58","date_gmt":"2026-04-19T12:15:58","guid":{"rendered":"https:\/\/motorock.eu\/product\/33-osaline-otsakute-kmpl-impact-black\/"},"modified":"2026-04-19T15:31:51","modified_gmt":"2026-04-19T12:31:51","slug":"33-osaline-otsakute-kmpl-impact-black","status":"publish","type":"product","link":"https:\/\/motorock.eu\/et\/toode\/33-osaline-otsakute-kmpl-impact-black\/","title":{"rendered":"33 OSALINE OTSAKUTE KMPL. IMPACT BLACK"},"content":{"rendered":"<p>Puuride ja otsakute komplekt IMPACT BLACK l\u00f6\u00f6kkruvikeerajatele. Komplektis on 6 HSS-G metallpuuri. 22 kruvikeeraja otsakut, 3 mutrikeeraja otsakut, 1 kruvijuhiku hoidik ja 1 otsakuhoidik. Kokku 33 -osaline komplekt, plastkarbis.   <\/p>\n<p>Seeria IMPACT BLACK on m\u00f5eldud kasutamiseks l\u00f6\u00f6kkruvikeerajatega. Seeria otsakud on valmistatud \u00fclima t\u00e4psusega ning haarduvad kruvipeaga optimaalselt. Seeria on valmistatud k\u00f5rglegeeritud S2 terasest ning t\u00e4nu kuumt\u00f6\u00f6tlusele on vaja standardotsakutega v\u00f5rreldes vastupidavamad ja tugevamad. Komplektis on 6 HSS-G kuuskantvarrega metallpuuri l\u00e4bim\u00f5\u00f5duga 2,5-5 mm, 16 kruvikeeraja otsakut pikkusega 25 mm (PH1, 3 x PH2, PH3, PZ1, 3 x PZ2, PZ3, T15, 2 x T20, 2 x T25, T30), 6 kruvikeeraja otsakut pikkusega 50 mm (PH2, PZ2, T15, T20, T25, T30), 1 magnetiga otsakuhoidik 60 mm, 1 otsakuhoidik pikkade kruvidega kasutamiseks 80 mm ja 3 mutrikeeraja otsakut l\u00e4bim\u00f5\u00f5duga 6-10 mm.   <\/p>\n<h3>Tehnilised andmed<\/h3>\n<p>Kogus pakendis;33<\/p>\n","protected":false},"excerpt":{"rendered":"<p>Puuride ja otsakute komplekt IMPACT BLACK l\u00f6\u00f6kkruvikeerajatele. Komplektis on 6 HSS-G metallpuuri. 22 kruvikeeraja otsakut, 3 mutrikeeraja otsakut, 1 kruvijuhiku hoidik ja 1 otsakuhoidik. Kokku 33 -osaline komplekt, plastkarbis. Seeria IMPACT BLACK on m\u00f5eldud kasutamiseks l\u00f6\u00f6kkruvikeerajatega. Seeria otsakud on valmistatud \u00fclima t\u00e4psusega ning haarduvad kruvipeaga optimaalselt. Seeria on valmistatud k\u00f5rglegeeritud S2 terasest ning t\u00e4nu kuumt\u00f6\u00f6tlusele [&hellip;]<\/p>\n","protected":false},"featured_media":29993,"template":"","meta":{"_acf_changed":false},"product_cat":[1205],"product_tag":[],"class_list":{"0":"post-30105","1":"product","2":"type-product","3":"status-publish","4":"has-post-thumbnail","6":"product_cat-tooriistad-ja-hooldus","7":"pa_brand-makita","9":"first","10":"instock","11":"taxable","12":"shipping-taxable","13":"purchasable","14":"product-type-simple","swatches":"rey-swatches","show_selected":""},"acf":[],"yoast_head":"<!-- This site is optimized with the Yoast SEO plugin v27.4 - https:\/\/yoast.com\/product\/yoast-seo-wordpress\/ -->\n<title>33 OSALINE OTSAKUTE KMPL. IMPACT BLACK | Motorock<\/title>\n<meta name=\"robots\" content=\"index, follow, max-snippet:-1, max-image-preview:large, max-video-preview:-1\" \/>\n<link rel=\"canonical\" href=\"https:\/\/motorock.eu\/et\/toode\/33-osaline-otsakute-kmpl-impact-black\/\" \/>\n<meta property=\"og:locale\" content=\"et_EE\" \/>\n<meta property=\"og:type\" content=\"article\" \/>\n<meta property=\"og:title\" content=\"33 OSALINE OTSAKUTE KMPL. IMPACT BLACK | Motorock\" \/>\n<meta property=\"og:description\" content=\"Puuride ja otsakute komplekt IMPACT BLACK l\u00f6\u00f6kkruvikeerajatele. Komplektis on 6 HSS-G metallpuuri. 22 kruvikeeraja otsakut, 3 mutrikeeraja otsakut, 1 kruvijuhiku hoidik ja 1 otsakuhoidik. Kokku 33 -osaline komplekt, plastkarbis. Seeria IMPACT BLACK on m\u00f5eldud kasutamiseks l\u00f6\u00f6kkruvikeerajatega. Seeria otsakud on valmistatud \u00fclima t\u00e4psusega ning haarduvad kruvipeaga optimaalselt. Seeria on valmistatud k\u00f5rglegeeritud S2 terasest ning t\u00e4nu kuumt\u00f6\u00f6tlusele [&hellip;]\" \/>\n<meta property=\"og:url\" content=\"https:\/\/motorock.eu\/et\/toode\/33-osaline-otsakute-kmpl-impact-black\/\" \/>\n<meta property=\"og:site_name\" content=\"Motorock\" \/>\n<meta property=\"article:modified_time\" content=\"2026-04-19T12:31:51+00:00\" \/>\n<meta property=\"og:image\" content=\"https:\/\/motorock.eu\/wp-content\/uploads\/2025\/09\/Motorock-og-image-min.jpg\" \/>\n\t<meta property=\"og:image:width\" content=\"1200\" \/>\n\t<meta property=\"og:image:height\" content=\"675\" \/>\n\t<meta property=\"og:image:type\" content=\"image\/jpeg\" \/>\n<meta name=\"twitter:card\" content=\"summary_large_image\" \/>\n<meta name=\"twitter:label1\" content=\"Est. reading time\" \/>\n\t<meta name=\"twitter:data1\" content=\"1 minut\" \/>\n<script type=\"application\/ld+json\" class=\"yoast-schema-graph\">{\"@context\":\"https:\\\/\\\/schema.org\",\"@graph\":[{\"@type\":\"WebPage\",\"@id\":\"https:\\\/\\\/motorock.eu\\\/et\\\/toode\\\/33-osaline-otsakute-kmpl-impact-black\\\/\",\"url\":\"https:\\\/\\\/motorock.eu\\\/et\\\/toode\\\/33-osaline-otsakute-kmpl-impact-black\\\/\",\"name\":\"33 OSALINE OTSAKUTE KMPL. IMPACT BLACK | Motorock\",\"isPartOf\":{\"@id\":\"https:\\\/\\\/motorock.eu\\\/et\\\/#website\"},\"primaryImageOfPage\":{\"@id\":\"https:\\\/\\\/motorock.eu\\\/et\\\/toode\\\/33-osaline-otsakute-kmpl-impact-black\\\/#primaryimage\"},\"image\":{\"@id\":\"https:\\\/\\\/motorock.eu\\\/et\\\/toode\\\/33-osaline-otsakute-kmpl-impact-black\\\/#primaryimage\"},\"thumbnailUrl\":\"https:\\\/\\\/motorock.eu\\\/wp-content\\\/uploads\\\/2026\\\/04\\\/B-66896_C1C0-1.jpg\",\"datePublished\":\"2026-04-19T12:15:58+00:00\",\"dateModified\":\"2026-04-19T12:31:51+00:00\",\"breadcrumb\":{\"@id\":\"https:\\\/\\\/motorock.eu\\\/et\\\/toode\\\/33-osaline-otsakute-kmpl-impact-black\\\/#breadcrumb\"},\"inLanguage\":\"et\",\"potentialAction\":[{\"@type\":\"ReadAction\",\"target\":[\"https:\\\/\\\/motorock.eu\\\/et\\\/toode\\\/33-osaline-otsakute-kmpl-impact-black\\\/\"]}]},{\"@type\":\"ImageObject\",\"inLanguage\":\"et\",\"@id\":\"https:\\\/\\\/motorock.eu\\\/et\\\/toode\\\/33-osaline-otsakute-kmpl-impact-black\\\/#primaryimage\",\"url\":\"https:\\\/\\\/motorock.eu\\\/wp-content\\\/uploads\\\/2026\\\/04\\\/B-66896_C1C0-1.jpg\",\"contentUrl\":\"https:\\\/\\\/motorock.eu\\\/wp-content\\\/uploads\\\/2026\\\/04\\\/B-66896_C1C0-1.jpg\",\"width\":1000,\"height\":737},{\"@type\":\"BreadcrumbList\",\"@id\":\"https:\\\/\\\/motorock.eu\\\/et\\\/toode\\\/33-osaline-otsakute-kmpl-impact-black\\\/#breadcrumb\",\"itemListElement\":[{\"@type\":\"ListItem\",\"position\":1,\"name\":\"Koduleht\",\"item\":\"https:\\\/\\\/motorock.eu\\\/et\\\/pealeht\\\/\"},{\"@type\":\"ListItem\",\"position\":2,\"name\":\"Pood\",\"item\":\"https:\\\/\\\/motorock.eu\\\/et\\\/pood\\\/\"},{\"@type\":\"ListItem\",\"position\":3,\"name\":\"33 OSALINE OTSAKUTE KMPL. IMPACT BLACK\"}]},{\"@type\":\"WebSite\",\"@id\":\"https:\\\/\\\/motorock.eu\\\/et\\\/#website\",\"url\":\"https:\\\/\\\/motorock.eu\\\/et\\\/\",\"name\":\"Motorock\",\"description\":\"Sinu elustiil, sinu teekond!\",\"publisher\":{\"@id\":\"https:\\\/\\\/motorock.eu\\\/et\\\/#organization\"},\"potentialAction\":[{\"@type\":\"SearchAction\",\"target\":{\"@type\":\"EntryPoint\",\"urlTemplate\":\"https:\\\/\\\/motorock.eu\\\/et\\\/?s={search_term_string}\"},\"query-input\":{\"@type\":\"PropertyValueSpecification\",\"valueRequired\":true,\"valueName\":\"search_term_string\"}}],\"inLanguage\":\"et\"},{\"@type\":\"Organization\",\"@id\":\"https:\\\/\\\/motorock.eu\\\/et\\\/#organization\",\"name\":\"Motorock\",\"url\":\"https:\\\/\\\/motorock.eu\\\/et\\\/\",\"logo\":{\"@type\":\"ImageObject\",\"inLanguage\":\"et\",\"@id\":\"https:\\\/\\\/motorock.eu\\\/et\\\/#\\\/schema\\\/logo\\\/image\\\/\",\"url\":\"https:\\\/\\\/motorock.eu\\\/wp-content\\\/uploads\\\/2025\\\/05\\\/Group.png\",\"contentUrl\":\"https:\\\/\\\/motorock.eu\\\/wp-content\\\/uploads\\\/2025\\\/05\\\/Group.png\",\"width\":2185,\"height\":677,\"caption\":\"Motorock\"},\"image\":{\"@id\":\"https:\\\/\\\/motorock.eu\\\/et\\\/#\\\/schema\\\/logo\\\/image\\\/\"}}]}<\/script>\n<!-- \/ Yoast SEO plugin. -->","yoast_head_json":{"title":"33 OSALINE OTSAKUTE KMPL. IMPACT BLACK | Motorock","robots":{"index":"index","follow":"follow","max-snippet":"max-snippet:-1","max-image-preview":"max-image-preview:large","max-video-preview":"max-video-preview:-1"},"canonical":"https:\/\/motorock.eu\/et\/toode\/33-osaline-otsakute-kmpl-impact-black\/","og_locale":"et_EE","og_type":"article","og_title":"33 OSALINE OTSAKUTE KMPL. IMPACT BLACK | Motorock","og_description":"Puuride ja otsakute komplekt IMPACT BLACK l\u00f6\u00f6kkruvikeerajatele. Komplektis on 6 HSS-G metallpuuri. 22 kruvikeeraja otsakut, 3 mutrikeeraja otsakut, 1 kruvijuhiku hoidik ja 1 otsakuhoidik. Kokku 33 -osaline komplekt, plastkarbis. Seeria IMPACT BLACK on m\u00f5eldud kasutamiseks l\u00f6\u00f6kkruvikeerajatega. Seeria otsakud on valmistatud \u00fclima t\u00e4psusega ning haarduvad kruvipeaga optimaalselt. Seeria on valmistatud k\u00f5rglegeeritud S2 terasest ning t\u00e4nu kuumt\u00f6\u00f6tlusele [&hellip;]","og_url":"https:\/\/motorock.eu\/et\/toode\/33-osaline-otsakute-kmpl-impact-black\/","og_site_name":"Motorock","article_modified_time":"2026-04-19T12:31:51+00:00","og_image":[{"width":1200,"height":675,"url":"https:\/\/motorock.eu\/wp-content\/uploads\/2025\/09\/Motorock-og-image-min.jpg","type":"image\/jpeg"}],"twitter_card":"summary_large_image","twitter_misc":{"Est. reading time":"1 minut"},"schema":{"@context":"https:\/\/schema.org","@graph":[{"@type":"WebPage","@id":"https:\/\/motorock.eu\/et\/toode\/33-osaline-otsakute-kmpl-impact-black\/","url":"https:\/\/motorock.eu\/et\/toode\/33-osaline-otsakute-kmpl-impact-black\/","name":"33 OSALINE OTSAKUTE KMPL. IMPACT BLACK | Motorock","isPartOf":{"@id":"https:\/\/motorock.eu\/et\/#website"},"primaryImageOfPage":{"@id":"https:\/\/motorock.eu\/et\/toode\/33-osaline-otsakute-kmpl-impact-black\/#primaryimage"},"image":{"@id":"https:\/\/motorock.eu\/et\/toode\/33-osaline-otsakute-kmpl-impact-black\/#primaryimage"},"thumbnailUrl":"https:\/\/motorock.eu\/wp-content\/uploads\/2026\/04\/B-66896_C1C0-1.jpg","datePublished":"2026-04-19T12:15:58+00:00","dateModified":"2026-04-19T12:31:51+00:00","breadcrumb":{"@id":"https:\/\/motorock.eu\/et\/toode\/33-osaline-otsakute-kmpl-impact-black\/#breadcrumb"},"inLanguage":"et","potentialAction":[{"@type":"ReadAction","target":["https:\/\/motorock.eu\/et\/toode\/33-osaline-otsakute-kmpl-impact-black\/"]}]},{"@type":"ImageObject","inLanguage":"et","@id":"https:\/\/motorock.eu\/et\/toode\/33-osaline-otsakute-kmpl-impact-black\/#primaryimage","url":"https:\/\/motorock.eu\/wp-content\/uploads\/2026\/04\/B-66896_C1C0-1.jpg","contentUrl":"https:\/\/motorock.eu\/wp-content\/uploads\/2026\/04\/B-66896_C1C0-1.jpg","width":1000,"height":737},{"@type":"BreadcrumbList","@id":"https:\/\/motorock.eu\/et\/toode\/33-osaline-otsakute-kmpl-impact-black\/#breadcrumb","itemListElement":[{"@type":"ListItem","position":1,"name":"Koduleht","item":"https:\/\/motorock.eu\/et\/pealeht\/"},{"@type":"ListItem","position":2,"name":"Pood","item":"https:\/\/motorock.eu\/et\/pood\/"},{"@type":"ListItem","position":3,"name":"33 OSALINE OTSAKUTE KMPL. IMPACT BLACK"}]},{"@type":"WebSite","@id":"https:\/\/motorock.eu\/et\/#website","url":"https:\/\/motorock.eu\/et\/","name":"Motorock","description":"Sinu elustiil, sinu teekond!","publisher":{"@id":"https:\/\/motorock.eu\/et\/#organization"},"potentialAction":[{"@type":"SearchAction","target":{"@type":"EntryPoint","urlTemplate":"https:\/\/motorock.eu\/et\/?s={search_term_string}"},"query-input":{"@type":"PropertyValueSpecification","valueRequired":true,"valueName":"search_term_string"}}],"inLanguage":"et"},{"@type":"Organization","@id":"https:\/\/motorock.eu\/et\/#organization","name":"Motorock","url":"https:\/\/motorock.eu\/et\/","logo":{"@type":"ImageObject","inLanguage":"et","@id":"https:\/\/motorock.eu\/et\/#\/schema\/logo\/image\/","url":"https:\/\/motorock.eu\/wp-content\/uploads\/2025\/05\/Group.png","contentUrl":"https:\/\/motorock.eu\/wp-content\/uploads\/2025\/05\/Group.png","width":2185,"height":677,"caption":"Motorock"},"image":{"@id":"https:\/\/motorock.eu\/et\/#\/schema\/logo\/image\/"}}]}},"_links":{"self":[{"href":"https:\/\/motorock.eu\/et\/wp-json\/wp\/v2\/product\/30105","targetHints":{"allow":["GET"]}}],"collection":[{"href":"https:\/\/motorock.eu\/et\/wp-json\/wp\/v2\/product"}],"about":[{"href":"https:\/\/motorock.eu\/et\/wp-json\/wp\/v2\/types\/product"}],"wp:featuredmedia":[{"embeddable":true,"href":"https:\/\/motorock.eu\/et\/wp-json\/wp\/v2\/media\/29993"}],"wp:attachment":[{"href":"https:\/\/motorock.eu\/et\/wp-json\/wp\/v2\/media?parent=30105"}],"wp:term":[{"taxonomy":"product_cat","embeddable":true,"href":"https:\/\/motorock.eu\/et\/wp-json\/wp\/v2\/product_cat?post=30105"},{"taxonomy":"product_tag","embeddable":true,"href":"https:\/\/motorock.eu\/et\/wp-json\/wp\/v2\/product_tag?post=30105"}],"curies":[{"name":"wp","href":"https:\/\/api.w.org\/{rel}","templated":true}]}}