{"id":30101,"date":"2026-04-19T15:16:17","date_gmt":"2026-04-19T12:16:17","guid":{"rendered":"https:\/\/motorock.eu\/product\/76-osaline-kasitooriista-komplekt\/"},"modified":"2026-04-19T15:31:51","modified_gmt":"2026-04-19T12:31:51","slug":"76-osaline-kasitooriista-komplekt","status":"publish","type":"product","link":"https:\/\/motorock.eu\/et\/toode\/76-osaline-kasitooriista-komplekt\/","title":{"rendered":"76-OSALINE K\u00c4SIT\u00d6\u00d6RIISTA KOMPLEKT"},"content":{"rendered":"<p>Kvaliteetses kandekohvris t\u00f6\u00f6riistakomplekt mida on mugav kaasa v\u00f5tta v\u00f5i garaa\u017eis kasutada.<\/p>\n<p>K\u00e4sit\u00f6\u00f6riistade komplekt. Komplektis on 30 kruvikeeraja otsakut, otsakuhoidik, 7 mutrikeeraja otsakut, 25 padrunit, 2 padruniadapterit, 2 universaalliigendit, 2 pikendusvarrast, narre, t\u00f6\u00f6mehenuga, haamer, 2 tangid ja 2 k\u00e4sikruvikeerajat. Kokku 76 -osaline komplekt, plastkarbis.  <\/p>\n<p>Komplektis on 30 kruvikeeraja otsakut pikkusega 25 mm (2 x PH1, 2 x PH2, 2 x PH3, SL3, SL4, SL5, SL5.5, SL6, T8, T9, T10, 2 x T15, T20, T25, T27, T30, T40, T8H, T9H, T10H, T15H, T20H, T25H, T27H, T30H, T40H), magnetiga otsakuhoidik 60 mm, 7 mutrikeeraja otsakut l\u00e4bim\u00f5\u00f5duga 5-11 mm, 14 x 3\/8&#8243; padrunit l\u00e4bim\u00f5\u00f5duga 8-21 mm, 5 x 1\/4&#8243; E-padrunit l\u00e4bim\u00f5\u00f5duga E4-E8 mm, 6 x 3\/8&#8243; E-padrunit l\u00e4bim\u00f5\u00f5duga E10-E18 mm, padruniadapter 3\/8&#8243; \u00fcleminek 1\/4&#8243;, padruniadapter 3\/8&#8243; \u00fcleminek 1\/2&#8243;, 3\/8&#8243; narre, 1\/4&#8243; kruvikeeraja \u00fcleminek 1\/4&#8243; otsakutele, universaalliigend 3\/8&#8243; \u00fcleminek 3\/8&#8243;, 2 pikendus 3\/8&#8243; \u00fcleminek 3\/8&#8243;, t\u00f6\u00f6mehenuga, haamer, universaaltangid, pika otsaga tangid, k\u00e4sikruvikeeraja ja kruvikeeraja p\u00f6\u00f6rdpide.<\/p>\n<h3>Tehnilised andmed<\/h3>\n<p>Kogus pakendis;76<\/p>\n","protected":false},"excerpt":{"rendered":"<p>76-OSALINE<\/p>\n","protected":false},"featured_media":30066,"template":"","meta":{"_acf_changed":false},"product_cat":[1205],"product_tag":[],"class_list":{"0":"post-30101","1":"product","2":"type-product","3":"status-publish","4":"has-post-thumbnail","6":"product_cat-tooriistad-ja-hooldus","7":"pa_brand-makita","9":"first","10":"instock","11":"taxable","12":"shipping-taxable","13":"purchasable","14":"product-type-simple","swatches":"rey-swatches","show_selected":""},"acf":[],"yoast_head":"<!-- This site is optimized with the Yoast SEO plugin v27.4 - https:\/\/yoast.com\/product\/yoast-seo-wordpress\/ -->\n<title>76-OSALINE K\u00c4SIT\u00d6\u00d6RIISTA KOMPLEKT | Motorock<\/title>\n<meta name=\"robots\" content=\"index, follow, max-snippet:-1, max-image-preview:large, max-video-preview:-1\" \/>\n<link rel=\"canonical\" href=\"https:\/\/motorock.eu\/et\/toode\/76-osaline-kasitooriista-komplekt\/\" \/>\n<meta property=\"og:locale\" content=\"et_EE\" \/>\n<meta property=\"og:type\" content=\"article\" \/>\n<meta property=\"og:title\" content=\"76-OSALINE K\u00c4SIT\u00d6\u00d6RIISTA KOMPLEKT | Motorock\" \/>\n<meta property=\"og:description\" content=\"76-OSALINE\" \/>\n<meta property=\"og:url\" content=\"https:\/\/motorock.eu\/et\/toode\/76-osaline-kasitooriista-komplekt\/\" \/>\n<meta property=\"og:site_name\" content=\"Motorock\" \/>\n<meta property=\"article:modified_time\" content=\"2026-04-19T12:31:51+00:00\" \/>\n<meta property=\"og:image\" content=\"https:\/\/motorock.eu\/wp-content\/uploads\/2025\/09\/Motorock-og-image-min.jpg\" \/>\n\t<meta property=\"og:image:width\" content=\"1200\" \/>\n\t<meta property=\"og:image:height\" content=\"675\" \/>\n\t<meta property=\"og:image:type\" content=\"image\/jpeg\" \/>\n<meta name=\"twitter:card\" content=\"summary_large_image\" \/>\n<meta name=\"twitter:label1\" content=\"Est. reading time\" \/>\n\t<meta name=\"twitter:data1\" content=\"1 minut\" \/>\n<script type=\"application\/ld+json\" class=\"yoast-schema-graph\">{\"@context\":\"https:\\\/\\\/schema.org\",\"@graph\":[{\"@type\":\"WebPage\",\"@id\":\"https:\\\/\\\/motorock.eu\\\/et\\\/toode\\\/76-osaline-kasitooriista-komplekt\\\/\",\"url\":\"https:\\\/\\\/motorock.eu\\\/et\\\/toode\\\/76-osaline-kasitooriista-komplekt\\\/\",\"name\":\"76-OSALINE K\u00c4SIT\u00d6\u00d6RIISTA KOMPLEKT | Motorock\",\"isPartOf\":{\"@id\":\"https:\\\/\\\/motorock.eu\\\/et\\\/#website\"},\"primaryImageOfPage\":{\"@id\":\"https:\\\/\\\/motorock.eu\\\/et\\\/toode\\\/76-osaline-kasitooriista-komplekt\\\/#primaryimage\"},\"image\":{\"@id\":\"https:\\\/\\\/motorock.eu\\\/et\\\/toode\\\/76-osaline-kasitooriista-komplekt\\\/#primaryimage\"},\"thumbnailUrl\":\"https:\\\/\\\/motorock.eu\\\/wp-content\\\/uploads\\\/2026\\\/04\\\/E-10899_C1C0-1.jpg\",\"datePublished\":\"2026-04-19T12:16:17+00:00\",\"dateModified\":\"2026-04-19T12:31:51+00:00\",\"breadcrumb\":{\"@id\":\"https:\\\/\\\/motorock.eu\\\/et\\\/toode\\\/76-osaline-kasitooriista-komplekt\\\/#breadcrumb\"},\"inLanguage\":\"et\",\"potentialAction\":[{\"@type\":\"ReadAction\",\"target\":[\"https:\\\/\\\/motorock.eu\\\/et\\\/toode\\\/76-osaline-kasitooriista-komplekt\\\/\"]}]},{\"@type\":\"ImageObject\",\"inLanguage\":\"et\",\"@id\":\"https:\\\/\\\/motorock.eu\\\/et\\\/toode\\\/76-osaline-kasitooriista-komplekt\\\/#primaryimage\",\"url\":\"https:\\\/\\\/motorock.eu\\\/wp-content\\\/uploads\\\/2026\\\/04\\\/E-10899_C1C0-1.jpg\",\"contentUrl\":\"https:\\\/\\\/motorock.eu\\\/wp-content\\\/uploads\\\/2026\\\/04\\\/E-10899_C1C0-1.jpg\",\"width\":858,\"height\":1000},{\"@type\":\"BreadcrumbList\",\"@id\":\"https:\\\/\\\/motorock.eu\\\/et\\\/toode\\\/76-osaline-kasitooriista-komplekt\\\/#breadcrumb\",\"itemListElement\":[{\"@type\":\"ListItem\",\"position\":1,\"name\":\"Koduleht\",\"item\":\"https:\\\/\\\/motorock.eu\\\/et\\\/pealeht\\\/\"},{\"@type\":\"ListItem\",\"position\":2,\"name\":\"Pood\",\"item\":\"https:\\\/\\\/motorock.eu\\\/et\\\/pood\\\/\"},{\"@type\":\"ListItem\",\"position\":3,\"name\":\"76-OSALINE K\u00c4SIT\u00d6\u00d6RIISTA KOMPLEKT\"}]},{\"@type\":\"WebSite\",\"@id\":\"https:\\\/\\\/motorock.eu\\\/et\\\/#website\",\"url\":\"https:\\\/\\\/motorock.eu\\\/et\\\/\",\"name\":\"Motorock\",\"description\":\"Sinu elustiil, sinu teekond!\",\"publisher\":{\"@id\":\"https:\\\/\\\/motorock.eu\\\/et\\\/#organization\"},\"potentialAction\":[{\"@type\":\"SearchAction\",\"target\":{\"@type\":\"EntryPoint\",\"urlTemplate\":\"https:\\\/\\\/motorock.eu\\\/et\\\/?s={search_term_string}\"},\"query-input\":{\"@type\":\"PropertyValueSpecification\",\"valueRequired\":true,\"valueName\":\"search_term_string\"}}],\"inLanguage\":\"et\"},{\"@type\":\"Organization\",\"@id\":\"https:\\\/\\\/motorock.eu\\\/et\\\/#organization\",\"name\":\"Motorock\",\"url\":\"https:\\\/\\\/motorock.eu\\\/et\\\/\",\"logo\":{\"@type\":\"ImageObject\",\"inLanguage\":\"et\",\"@id\":\"https:\\\/\\\/motorock.eu\\\/et\\\/#\\\/schema\\\/logo\\\/image\\\/\",\"url\":\"https:\\\/\\\/motorock.eu\\\/wp-content\\\/uploads\\\/2025\\\/05\\\/Group.png\",\"contentUrl\":\"https:\\\/\\\/motorock.eu\\\/wp-content\\\/uploads\\\/2025\\\/05\\\/Group.png\",\"width\":2185,\"height\":677,\"caption\":\"Motorock\"},\"image\":{\"@id\":\"https:\\\/\\\/motorock.eu\\\/et\\\/#\\\/schema\\\/logo\\\/image\\\/\"}}]}<\/script>\n<!-- \/ Yoast SEO plugin. -->","yoast_head_json":{"title":"76-OSALINE K\u00c4SIT\u00d6\u00d6RIISTA KOMPLEKT | Motorock","robots":{"index":"index","follow":"follow","max-snippet":"max-snippet:-1","max-image-preview":"max-image-preview:large","max-video-preview":"max-video-preview:-1"},"canonical":"https:\/\/motorock.eu\/et\/toode\/76-osaline-kasitooriista-komplekt\/","og_locale":"et_EE","og_type":"article","og_title":"76-OSALINE K\u00c4SIT\u00d6\u00d6RIISTA KOMPLEKT | Motorock","og_description":"76-OSALINE","og_url":"https:\/\/motorock.eu\/et\/toode\/76-osaline-kasitooriista-komplekt\/","og_site_name":"Motorock","article_modified_time":"2026-04-19T12:31:51+00:00","og_image":[{"width":1200,"height":675,"url":"https:\/\/motorock.eu\/wp-content\/uploads\/2025\/09\/Motorock-og-image-min.jpg","type":"image\/jpeg"}],"twitter_card":"summary_large_image","twitter_misc":{"Est. reading time":"1 minut"},"schema":{"@context":"https:\/\/schema.org","@graph":[{"@type":"WebPage","@id":"https:\/\/motorock.eu\/et\/toode\/76-osaline-kasitooriista-komplekt\/","url":"https:\/\/motorock.eu\/et\/toode\/76-osaline-kasitooriista-komplekt\/","name":"76-OSALINE K\u00c4SIT\u00d6\u00d6RIISTA KOMPLEKT | Motorock","isPartOf":{"@id":"https:\/\/motorock.eu\/et\/#website"},"primaryImageOfPage":{"@id":"https:\/\/motorock.eu\/et\/toode\/76-osaline-kasitooriista-komplekt\/#primaryimage"},"image":{"@id":"https:\/\/motorock.eu\/et\/toode\/76-osaline-kasitooriista-komplekt\/#primaryimage"},"thumbnailUrl":"https:\/\/motorock.eu\/wp-content\/uploads\/2026\/04\/E-10899_C1C0-1.jpg","datePublished":"2026-04-19T12:16:17+00:00","dateModified":"2026-04-19T12:31:51+00:00","breadcrumb":{"@id":"https:\/\/motorock.eu\/et\/toode\/76-osaline-kasitooriista-komplekt\/#breadcrumb"},"inLanguage":"et","potentialAction":[{"@type":"ReadAction","target":["https:\/\/motorock.eu\/et\/toode\/76-osaline-kasitooriista-komplekt\/"]}]},{"@type":"ImageObject","inLanguage":"et","@id":"https:\/\/motorock.eu\/et\/toode\/76-osaline-kasitooriista-komplekt\/#primaryimage","url":"https:\/\/motorock.eu\/wp-content\/uploads\/2026\/04\/E-10899_C1C0-1.jpg","contentUrl":"https:\/\/motorock.eu\/wp-content\/uploads\/2026\/04\/E-10899_C1C0-1.jpg","width":858,"height":1000},{"@type":"BreadcrumbList","@id":"https:\/\/motorock.eu\/et\/toode\/76-osaline-kasitooriista-komplekt\/#breadcrumb","itemListElement":[{"@type":"ListItem","position":1,"name":"Koduleht","item":"https:\/\/motorock.eu\/et\/pealeht\/"},{"@type":"ListItem","position":2,"name":"Pood","item":"https:\/\/motorock.eu\/et\/pood\/"},{"@type":"ListItem","position":3,"name":"76-OSALINE K\u00c4SIT\u00d6\u00d6RIISTA KOMPLEKT"}]},{"@type":"WebSite","@id":"https:\/\/motorock.eu\/et\/#website","url":"https:\/\/motorock.eu\/et\/","name":"Motorock","description":"Sinu elustiil, sinu teekond!","publisher":{"@id":"https:\/\/motorock.eu\/et\/#organization"},"potentialAction":[{"@type":"SearchAction","target":{"@type":"EntryPoint","urlTemplate":"https:\/\/motorock.eu\/et\/?s={search_term_string}"},"query-input":{"@type":"PropertyValueSpecification","valueRequired":true,"valueName":"search_term_string"}}],"inLanguage":"et"},{"@type":"Organization","@id":"https:\/\/motorock.eu\/et\/#organization","name":"Motorock","url":"https:\/\/motorock.eu\/et\/","logo":{"@type":"ImageObject","inLanguage":"et","@id":"https:\/\/motorock.eu\/et\/#\/schema\/logo\/image\/","url":"https:\/\/motorock.eu\/wp-content\/uploads\/2025\/05\/Group.png","contentUrl":"https:\/\/motorock.eu\/wp-content\/uploads\/2025\/05\/Group.png","width":2185,"height":677,"caption":"Motorock"},"image":{"@id":"https:\/\/motorock.eu\/et\/#\/schema\/logo\/image\/"}}]}},"_links":{"self":[{"href":"https:\/\/motorock.eu\/et\/wp-json\/wp\/v2\/product\/30101","targetHints":{"allow":["GET"]}}],"collection":[{"href":"https:\/\/motorock.eu\/et\/wp-json\/wp\/v2\/product"}],"about":[{"href":"https:\/\/motorock.eu\/et\/wp-json\/wp\/v2\/types\/product"}],"wp:featuredmedia":[{"embeddable":true,"href":"https:\/\/motorock.eu\/et\/wp-json\/wp\/v2\/media\/30066"}],"wp:attachment":[{"href":"https:\/\/motorock.eu\/et\/wp-json\/wp\/v2\/media?parent=30101"}],"wp:term":[{"taxonomy":"product_cat","embeddable":true,"href":"https:\/\/motorock.eu\/et\/wp-json\/wp\/v2\/product_cat?post=30101"},{"taxonomy":"product_tag","embeddable":true,"href":"https:\/\/motorock.eu\/et\/wp-json\/wp\/v2\/product_tag?post=30101"}],"curies":[{"name":"wp","href":"https:\/\/api.w.org\/{rel}","templated":true}]}}