{"id":30100,"date":"2026-04-19T15:16:04","date_gmt":"2026-04-19T12:16:04","guid":{"rendered":"https:\/\/motorock.eu\/product\/hss-co-metallist-puurikomplekt-6-tk-234568mm\/"},"modified":"2026-04-19T15:31:51","modified_gmt":"2026-04-19T12:31:51","slug":"hss-co-metallist-puurikomplekt-6-tk-234568mm","status":"publish","type":"product","link":"https:\/\/motorock.eu\/et\/toode\/hss-co-metallist-puurikomplekt-6-tk-234568mm\/","title":{"rendered":"HSS-CO metallist puurikomplekt 6 tk (2,3,4,5,6,8mm)"},"content":{"rendered":"<p>Puuride komplekt metalli ja roostevaba terase puurimiseks. Komplektis on 5% koobaltisisaldusega ja kaheharulise otsaga HSS-Co metallpuurid. Puuride l\u00e4bim\u00f5\u00f5t on 2-8 mm. Komplektis on 6 metallpuuri, plastkarbis.   <\/p>\n<p>5% koobaltisisaldusega HSS-G puurid metalli t\u00f6\u00f6tlemiseks. Koobalt lisab puuridele vastupidavust. Lihvitud pinnaviimistlusega puuri sooned tagavad kvaliteetse ja puhta puurimistulemuse. T\u00e4nu 135\u00b0 tipule alustab puur l\u00f5ikamist kiirelt ja j\u00e4tkab stabiilselt. Silindriline kinnitusots sobib enamiku trellidega.    <\/p>\n<h3>Tehnilised andmed<\/h3>\n<p>L\u00e4bim\u00f5\u00f5t (D);2,0 \/ 3,0 \/ 4,0 \/ 5,0 \/ 6,0 \/ 8,0 mm<br \/>Kogus pakendis;6<\/p>\n","protected":false},"excerpt":{"rendered":"<p>Roostevaba terase puurimiseks.<\/p>\n","protected":false},"featured_media":30016,"template":"","meta":{"_acf_changed":false},"product_cat":[1205],"product_tag":[],"class_list":{"0":"post-30100","1":"product","2":"type-product","3":"status-publish","4":"has-post-thumbnail","6":"product_cat-tooriistad-ja-hooldus","7":"pa_brand-makita","9":"first","10":"instock","11":"taxable","12":"shipping-taxable","13":"purchasable","14":"product-type-simple","swatches":"rey-swatches","show_selected":""},"acf":[],"yoast_head":"<!-- This site is optimized with the Yoast SEO plugin v27.4 - https:\/\/yoast.com\/product\/yoast-seo-wordpress\/ -->\n<title>HSS-CO metallist puurikomplekt 6 tk (2,3,4,5,6,8mm) | Motorock<\/title>\n<meta name=\"robots\" content=\"index, follow, max-snippet:-1, max-image-preview:large, max-video-preview:-1\" \/>\n<link rel=\"canonical\" href=\"https:\/\/motorock.eu\/et\/toode\/hss-co-metallist-puurikomplekt-6-tk-234568mm\/\" \/>\n<meta property=\"og:locale\" content=\"et_EE\" \/>\n<meta property=\"og:type\" content=\"article\" \/>\n<meta property=\"og:title\" content=\"HSS-CO metallist puurikomplekt 6 tk (2,3,4,5,6,8mm) | Motorock\" \/>\n<meta property=\"og:description\" content=\"Roostevaba terase puurimiseks.\" \/>\n<meta property=\"og:url\" content=\"https:\/\/motorock.eu\/et\/toode\/hss-co-metallist-puurikomplekt-6-tk-234568mm\/\" \/>\n<meta property=\"og:site_name\" content=\"Motorock\" \/>\n<meta property=\"article:modified_time\" content=\"2026-04-19T12:31:51+00:00\" \/>\n<meta property=\"og:image\" content=\"https:\/\/motorock.eu\/wp-content\/uploads\/2025\/09\/Motorock-og-image-min.jpg\" \/>\n\t<meta property=\"og:image:width\" content=\"1200\" \/>\n\t<meta property=\"og:image:height\" content=\"675\" \/>\n\t<meta property=\"og:image:type\" content=\"image\/jpeg\" \/>\n<meta name=\"twitter:card\" content=\"summary_large_image\" \/>\n<script type=\"application\/ld+json\" class=\"yoast-schema-graph\">{\"@context\":\"https:\\\/\\\/schema.org\",\"@graph\":[{\"@type\":\"WebPage\",\"@id\":\"https:\\\/\\\/motorock.eu\\\/et\\\/toode\\\/hss-co-metallist-puurikomplekt-6-tk-234568mm\\\/\",\"url\":\"https:\\\/\\\/motorock.eu\\\/et\\\/toode\\\/hss-co-metallist-puurikomplekt-6-tk-234568mm\\\/\",\"name\":\"HSS-CO metallist puurikomplekt 6 tk (2,3,4,5,6,8mm) | Motorock\",\"isPartOf\":{\"@id\":\"https:\\\/\\\/motorock.eu\\\/et\\\/#website\"},\"primaryImageOfPage\":{\"@id\":\"https:\\\/\\\/motorock.eu\\\/et\\\/toode\\\/hss-co-metallist-puurikomplekt-6-tk-234568mm\\\/#primaryimage\"},\"image\":{\"@id\":\"https:\\\/\\\/motorock.eu\\\/et\\\/toode\\\/hss-co-metallist-puurikomplekt-6-tk-234568mm\\\/#primaryimage\"},\"thumbnailUrl\":\"https:\\\/\\\/motorock.eu\\\/wp-content\\\/uploads\\\/2026\\\/04\\\/D-75758_C1C0-1.jpg\",\"datePublished\":\"2026-04-19T12:16:04+00:00\",\"dateModified\":\"2026-04-19T12:31:51+00:00\",\"breadcrumb\":{\"@id\":\"https:\\\/\\\/motorock.eu\\\/et\\\/toode\\\/hss-co-metallist-puurikomplekt-6-tk-234568mm\\\/#breadcrumb\"},\"inLanguage\":\"et\",\"potentialAction\":[{\"@type\":\"ReadAction\",\"target\":[\"https:\\\/\\\/motorock.eu\\\/et\\\/toode\\\/hss-co-metallist-puurikomplekt-6-tk-234568mm\\\/\"]}]},{\"@type\":\"ImageObject\",\"inLanguage\":\"et\",\"@id\":\"https:\\\/\\\/motorock.eu\\\/et\\\/toode\\\/hss-co-metallist-puurikomplekt-6-tk-234568mm\\\/#primaryimage\",\"url\":\"https:\\\/\\\/motorock.eu\\\/wp-content\\\/uploads\\\/2026\\\/04\\\/D-75758_C1C0-1.jpg\",\"contentUrl\":\"https:\\\/\\\/motorock.eu\\\/wp-content\\\/uploads\\\/2026\\\/04\\\/D-75758_C1C0-1.jpg\",\"width\":506,\"height\":1000},{\"@type\":\"BreadcrumbList\",\"@id\":\"https:\\\/\\\/motorock.eu\\\/et\\\/toode\\\/hss-co-metallist-puurikomplekt-6-tk-234568mm\\\/#breadcrumb\",\"itemListElement\":[{\"@type\":\"ListItem\",\"position\":1,\"name\":\"Koduleht\",\"item\":\"https:\\\/\\\/motorock.eu\\\/et\\\/pealeht\\\/\"},{\"@type\":\"ListItem\",\"position\":2,\"name\":\"Pood\",\"item\":\"https:\\\/\\\/motorock.eu\\\/et\\\/pood\\\/\"},{\"@type\":\"ListItem\",\"position\":3,\"name\":\"HSS-CO metallist puurikomplekt 6 tk (2,3,4,5,6,8mm)\"}]},{\"@type\":\"WebSite\",\"@id\":\"https:\\\/\\\/motorock.eu\\\/et\\\/#website\",\"url\":\"https:\\\/\\\/motorock.eu\\\/et\\\/\",\"name\":\"Motorock\",\"description\":\"Sinu elustiil, sinu teekond!\",\"publisher\":{\"@id\":\"https:\\\/\\\/motorock.eu\\\/et\\\/#organization\"},\"potentialAction\":[{\"@type\":\"SearchAction\",\"target\":{\"@type\":\"EntryPoint\",\"urlTemplate\":\"https:\\\/\\\/motorock.eu\\\/et\\\/?s={search_term_string}\"},\"query-input\":{\"@type\":\"PropertyValueSpecification\",\"valueRequired\":true,\"valueName\":\"search_term_string\"}}],\"inLanguage\":\"et\"},{\"@type\":\"Organization\",\"@id\":\"https:\\\/\\\/motorock.eu\\\/et\\\/#organization\",\"name\":\"Motorock\",\"url\":\"https:\\\/\\\/motorock.eu\\\/et\\\/\",\"logo\":{\"@type\":\"ImageObject\",\"inLanguage\":\"et\",\"@id\":\"https:\\\/\\\/motorock.eu\\\/et\\\/#\\\/schema\\\/logo\\\/image\\\/\",\"url\":\"https:\\\/\\\/motorock.eu\\\/wp-content\\\/uploads\\\/2025\\\/05\\\/Group.png\",\"contentUrl\":\"https:\\\/\\\/motorock.eu\\\/wp-content\\\/uploads\\\/2025\\\/05\\\/Group.png\",\"width\":2185,\"height\":677,\"caption\":\"Motorock\"},\"image\":{\"@id\":\"https:\\\/\\\/motorock.eu\\\/et\\\/#\\\/schema\\\/logo\\\/image\\\/\"}}]}<\/script>\n<!-- \/ Yoast SEO plugin. -->","yoast_head_json":{"title":"HSS-CO metallist puurikomplekt 6 tk (2,3,4,5,6,8mm) | Motorock","robots":{"index":"index","follow":"follow","max-snippet":"max-snippet:-1","max-image-preview":"max-image-preview:large","max-video-preview":"max-video-preview:-1"},"canonical":"https:\/\/motorock.eu\/et\/toode\/hss-co-metallist-puurikomplekt-6-tk-234568mm\/","og_locale":"et_EE","og_type":"article","og_title":"HSS-CO metallist puurikomplekt 6 tk (2,3,4,5,6,8mm) | Motorock","og_description":"Roostevaba terase puurimiseks.","og_url":"https:\/\/motorock.eu\/et\/toode\/hss-co-metallist-puurikomplekt-6-tk-234568mm\/","og_site_name":"Motorock","article_modified_time":"2026-04-19T12:31:51+00:00","og_image":[{"width":1200,"height":675,"url":"https:\/\/motorock.eu\/wp-content\/uploads\/2025\/09\/Motorock-og-image-min.jpg","type":"image\/jpeg"}],"twitter_card":"summary_large_image","schema":{"@context":"https:\/\/schema.org","@graph":[{"@type":"WebPage","@id":"https:\/\/motorock.eu\/et\/toode\/hss-co-metallist-puurikomplekt-6-tk-234568mm\/","url":"https:\/\/motorock.eu\/et\/toode\/hss-co-metallist-puurikomplekt-6-tk-234568mm\/","name":"HSS-CO metallist puurikomplekt 6 tk (2,3,4,5,6,8mm) | Motorock","isPartOf":{"@id":"https:\/\/motorock.eu\/et\/#website"},"primaryImageOfPage":{"@id":"https:\/\/motorock.eu\/et\/toode\/hss-co-metallist-puurikomplekt-6-tk-234568mm\/#primaryimage"},"image":{"@id":"https:\/\/motorock.eu\/et\/toode\/hss-co-metallist-puurikomplekt-6-tk-234568mm\/#primaryimage"},"thumbnailUrl":"https:\/\/motorock.eu\/wp-content\/uploads\/2026\/04\/D-75758_C1C0-1.jpg","datePublished":"2026-04-19T12:16:04+00:00","dateModified":"2026-04-19T12:31:51+00:00","breadcrumb":{"@id":"https:\/\/motorock.eu\/et\/toode\/hss-co-metallist-puurikomplekt-6-tk-234568mm\/#breadcrumb"},"inLanguage":"et","potentialAction":[{"@type":"ReadAction","target":["https:\/\/motorock.eu\/et\/toode\/hss-co-metallist-puurikomplekt-6-tk-234568mm\/"]}]},{"@type":"ImageObject","inLanguage":"et","@id":"https:\/\/motorock.eu\/et\/toode\/hss-co-metallist-puurikomplekt-6-tk-234568mm\/#primaryimage","url":"https:\/\/motorock.eu\/wp-content\/uploads\/2026\/04\/D-75758_C1C0-1.jpg","contentUrl":"https:\/\/motorock.eu\/wp-content\/uploads\/2026\/04\/D-75758_C1C0-1.jpg","width":506,"height":1000},{"@type":"BreadcrumbList","@id":"https:\/\/motorock.eu\/et\/toode\/hss-co-metallist-puurikomplekt-6-tk-234568mm\/#breadcrumb","itemListElement":[{"@type":"ListItem","position":1,"name":"Koduleht","item":"https:\/\/motorock.eu\/et\/pealeht\/"},{"@type":"ListItem","position":2,"name":"Pood","item":"https:\/\/motorock.eu\/et\/pood\/"},{"@type":"ListItem","position":3,"name":"HSS-CO metallist puurikomplekt 6 tk (2,3,4,5,6,8mm)"}]},{"@type":"WebSite","@id":"https:\/\/motorock.eu\/et\/#website","url":"https:\/\/motorock.eu\/et\/","name":"Motorock","description":"Sinu elustiil, sinu teekond!","publisher":{"@id":"https:\/\/motorock.eu\/et\/#organization"},"potentialAction":[{"@type":"SearchAction","target":{"@type":"EntryPoint","urlTemplate":"https:\/\/motorock.eu\/et\/?s={search_term_string}"},"query-input":{"@type":"PropertyValueSpecification","valueRequired":true,"valueName":"search_term_string"}}],"inLanguage":"et"},{"@type":"Organization","@id":"https:\/\/motorock.eu\/et\/#organization","name":"Motorock","url":"https:\/\/motorock.eu\/et\/","logo":{"@type":"ImageObject","inLanguage":"et","@id":"https:\/\/motorock.eu\/et\/#\/schema\/logo\/image\/","url":"https:\/\/motorock.eu\/wp-content\/uploads\/2025\/05\/Group.png","contentUrl":"https:\/\/motorock.eu\/wp-content\/uploads\/2025\/05\/Group.png","width":2185,"height":677,"caption":"Motorock"},"image":{"@id":"https:\/\/motorock.eu\/et\/#\/schema\/logo\/image\/"}}]}},"_links":{"self":[{"href":"https:\/\/motorock.eu\/et\/wp-json\/wp\/v2\/product\/30100","targetHints":{"allow":["GET"]}}],"collection":[{"href":"https:\/\/motorock.eu\/et\/wp-json\/wp\/v2\/product"}],"about":[{"href":"https:\/\/motorock.eu\/et\/wp-json\/wp\/v2\/types\/product"}],"wp:featuredmedia":[{"embeddable":true,"href":"https:\/\/motorock.eu\/et\/wp-json\/wp\/v2\/media\/30016"}],"wp:attachment":[{"href":"https:\/\/motorock.eu\/et\/wp-json\/wp\/v2\/media?parent=30100"}],"wp:term":[{"taxonomy":"product_cat","embeddable":true,"href":"https:\/\/motorock.eu\/et\/wp-json\/wp\/v2\/product_cat?post=30100"},{"taxonomy":"product_tag","embeddable":true,"href":"https:\/\/motorock.eu\/et\/wp-json\/wp\/v2\/product_tag?post=30100"}],"curies":[{"name":"wp","href":"https:\/\/api.w.org\/{rel}","templated":true}]}}