{"id":28654,"date":"2026-02-11T21:40:37","date_gmt":"2026-02-11T19:40:37","guid":{"rendered":"https:\/\/motorock.eu\/product\/isla-blue-jeans\/"},"modified":"2026-02-11T21:40:37","modified_gmt":"2026-02-11T19:40:37","slug":"isla-blue-jeans","status":"publish","type":"product","link":"https:\/\/motorock.eu\/et\/toode\/isla-blue-jeans\/","title":{"rendered":"Isla Blue Jeans"},"content":{"rendered":"<p><strong>Isla Blue Jeans<\/strong><\/p>\n<p>Need Isla teksad on k\u00f5rge v\u00f6\u00f6kohaga teksad, mis sobivad ideaalselt koos v\u00f6\u00f6koha reguleerimise rihmadega, nii et need istuvad jalgrattal olles mugavalt. D3O Ghost p\u00f5lve- ja puusakaitse on \u00f5huke ja paindlik ning seet\u00f5ttu on tunne, et sa ei kanna mingit soomust. <\/p>\n<p><strong>Omadused<\/strong><\/p>\n<ul>\n<li>Saadaval mustas ja sinises v\u00e4rvitoonis<\/li>\n<li>Nupp ja t\u00f5mblukk ees<\/li>\n<li>K\u00f5rge v\u00f6\u00f6koht koos v\u00f6\u00f6koha reguleerimisega<\/li>\n<li>Kaks s\u00fcgavat esi- ja tagataskut<\/li>\n<li>Stretch paneel reie sisek\u00fcljel \/ jalgevaheline osa liikumislihtsuse tagamiseks.<\/li>\n<li>Varustatud D3O\u00ae Ghost\u00e2\"\u00a2 Level 1 p\u00f5lve- ja puusapommi kaitsevarustusega.<\/li>\n<li>Reguleeritav p\u00f5lve soomus tasku<\/li>\n<li>P\u00f5lve t\u00f5mblukud lihtsaks peale- ja mahav\u00f5tmiseks<\/li>\n<li>Pakendatud korduvkasutatavasse riidekotti<\/li>\n<li>Soovitame l\u00fchikesi pahkluu saapaid, kui t\u00f5mbad selle pikaks, soovitame l\u00fchemat pikkust.<\/li>\n<\/ul>\n<p><strong>Suurus ja sobivus<\/strong><\/p>\n<p>Kui kannate teksap\u00fckste sees pikki saapaid, siis soovitame minna Regularist Petite&#8217;ile (l\u00fchikesele) ja Tallist Regularile (pikale). L\u00fchem sisek\u00fcljeosa sobib paremini saapa sisse ja ei tee liiga pikkade puhul pahkluu \u00fcmber haiget. <\/p>\n<ul>\n<li>Saadaval alates Suurbritannia suurusest 6-20<\/li>\n<li>Saadaval 3 jalapikkust (Petite 27&#8243;, Regular 30&#8243; ja Tall 33&#8243;).<\/li>\n<\/ul>\n<p><strong>Ehitus<\/strong><\/p>\n<ul>\n<li>Pealisriie: (85% puuvill, 13% pol\u00fcester, 2% elastaan).<\/li>\n<li>Sisemine vooder: 100% pol\u00fcester<\/li>\n<\/ul>\n<p><strong>Kaitse ja ohutus<\/strong><\/p>\n<ul>\n<li>Sertifitseeritud ja heakskiidetud r\u00f5ivas: Klassi AA EN17092-3:2020<\/li>\n<li>P\u00f5lvekaitse: D3O\u00ae Ghost\u00e2\"\u00a2 Level 1 EN1621:1:2012.<\/li>\n<li>Puusakaitse: D3O\u00ae Ghost\u00e2\"\u00a2 tase 1 EN1621:1:2012.<\/li>\n<\/ul>\n<p><strong>Hooldusjuhised<\/strong><\/p>\n<ul>\n<li>Saate Isla sobitada, kuna materjal venib kandmisel ja kui pesete neid, siis l\u00e4hevad nad iga kord tagasi vormi.<\/li>\n<li>Mustad teksad tuhmuvad alati esimese pesuga, p\u00e4rast seda peaks v\u00e4rv s\u00e4ilima kauem.<\/li>\n<li>V\u00f5tke kaitsmed v\u00e4lja ja peske seestpoolt v\u00e4lja jahedas pesu. <em>\u00c4rge<\/em> kuivatage pesumasinas. <\/li>\n<\/ul>\n<p><strong>Skaneerige t\u00e4ielikku kasutajaraamatut<\/strong><strong><\/strong><strong><\/strong><strong><\/strong><strong><\/strong><strong><\/strong><strong><\/strong><strong><\/strong><\/p>\n<p><strong><\/strong><\/p>\n<p><strong><\/strong><\/p>\n<p><strong><\/strong><\/p>\n<p><strong><\/strong><\/p>\n<p><strong><\/p>\n<figure style=\"box-sizing: border-box; display: block; outline: none !important; position: relative; margin: 0px 0px 1em; clear: both;\"><img decoding=\"async\" src=\"https:\/\/cdn.shopify.com\/s\/files\/1\/0320\/4343\/4029\/files\/2atRopGQ_UI-TROUSERS_CE_SATRA.png?v=1726835307\" width=\"155\" height=\"155\"><\/figure>\n<p><\/strong><\/p>\n<p><strong><\/strong><\/p>\n<p><strong><\/strong><\/p>\n<p><strong><\/strong><strong><\/strong><strong><\/strong><\/p>\n<p><strong><\/strong><strong><\/strong><strong><\/strong><strong><\/strong><strong><\/strong><strong><\/strong><strong><\/strong><strong><\/strong><strong><\/strong><strong><\/strong><strong><\/strong><strong><\/strong><strong><\/strong><strong><\/strong><strong><\/strong><strong><\/strong><strong><\/strong><strong><\/strong><strong><\/strong><\/p>\n","protected":false},"excerpt":{"rendered":"<p>Isla Blue Jeans Need Isla teksad on k\u00f5rge v\u00f6\u00f6kohaga teksad, mis sobivad ideaalselt koos v\u00f6\u00f6koha reguleerimise rihmadega, nii et need istuvad jalgrattal olles mugavalt. D3O Ghost p\u00f5lve- ja puusakaitse on \u00f5huke ja paindlik ning seet\u00f5ttu on tunne, et sa ei kanna mingit soomust. Omadused Saadaval mustas ja sinises v\u00e4rvitoonis Nupp ja t\u00f5mblukk ees K\u00f5rge v\u00f6\u00f6koht [&hellip;]<\/p>\n","protected":false},"featured_media":23274,"template":"","meta":{"_acf_changed":false},"product_cat":[1061],"product_tag":[],"class_list":{"0":"post-28654","1":"product","2":"type-product","3":"status-publish","4":"has-post-thumbnail","6":"product_cat-puksid-ja-teksad","7":"pa_brand-motogirl-et","9":"first","10":"instock","11":"taxable","12":"shipping-taxable","13":"purchasable","14":"product-type-variable","swatches":"rey-swatches","show_selected":""},"acf":[],"yoast_head":"<!-- This site is optimized with the Yoast SEO plugin v27.6 - https:\/\/yoast.com\/product\/yoast-seo-wordpress\/ -->\n<title>Isla Blue Jeans | Motorock<\/title>\n<meta name=\"robots\" content=\"index, follow, max-snippet:-1, max-image-preview:large, max-video-preview:-1\" \/>\n<link rel=\"canonical\" href=\"https:\/\/motorock.eu\/et\/toode\/isla-blue-jeans\/\" \/>\n<meta property=\"og:locale\" content=\"et_EE\" \/>\n<meta property=\"og:type\" content=\"article\" \/>\n<meta property=\"og:title\" content=\"Isla Blue Jeans | Motorock\" \/>\n<meta property=\"og:description\" content=\"Isla Blue Jeans Need Isla teksad on k\u00f5rge v\u00f6\u00f6kohaga teksad, mis sobivad ideaalselt koos v\u00f6\u00f6koha reguleerimise rihmadega, nii et need istuvad jalgrattal olles mugavalt. D3O Ghost p\u00f5lve- ja puusakaitse on \u00f5huke ja paindlik ning seet\u00f5ttu on tunne, et sa ei kanna mingit soomust. Omadused Saadaval mustas ja sinises v\u00e4rvitoonis Nupp ja t\u00f5mblukk ees K\u00f5rge v\u00f6\u00f6koht [&hellip;]\" \/>\n<meta property=\"og:url\" content=\"https:\/\/motorock.eu\/et\/toode\/isla-blue-jeans\/\" \/>\n<meta property=\"og:site_name\" content=\"Motorock\" \/>\n<meta property=\"og:image\" content=\"https:\/\/cdn.shopify.com\/s\/files\/1\/0320\/4343\/4029\/files\/2atRopGQ_UI-TROUSERS_CE_SATRA.png?v=1726835307\" \/>\n<meta name=\"twitter:card\" content=\"summary_large_image\" \/>\n<meta name=\"twitter:label1\" content=\"Est. reading time\" \/>\n\t<meta name=\"twitter:data1\" content=\"1 minut\" \/>\n<script type=\"application\/ld+json\" class=\"yoast-schema-graph\">{\"@context\":\"https:\\\/\\\/schema.org\",\"@graph\":[{\"@type\":\"WebPage\",\"@id\":\"https:\\\/\\\/motorock.eu\\\/et\\\/toode\\\/isla-blue-jeans\\\/\",\"url\":\"https:\\\/\\\/motorock.eu\\\/et\\\/toode\\\/isla-blue-jeans\\\/\",\"name\":\"Isla Blue Jeans | Motorock\",\"isPartOf\":{\"@id\":\"https:\\\/\\\/motorock.eu\\\/et\\\/#website\"},\"primaryImageOfPage\":{\"@id\":\"https:\\\/\\\/motorock.eu\\\/et\\\/toode\\\/isla-blue-jeans\\\/#primaryimage\"},\"image\":{\"@id\":\"https:\\\/\\\/motorock.eu\\\/et\\\/toode\\\/isla-blue-jeans\\\/#primaryimage\"},\"thumbnailUrl\":\"https:\\\/\\\/motorock.eu\\\/wp-content\\\/uploads\\\/2026\\\/02\\\/UKCA_MARKINGS_25-nv41j31n.png\",\"datePublished\":\"2026-02-11T19:40:37+00:00\",\"breadcrumb\":{\"@id\":\"https:\\\/\\\/motorock.eu\\\/et\\\/toode\\\/isla-blue-jeans\\\/#breadcrumb\"},\"inLanguage\":\"et\",\"potentialAction\":[{\"@type\":\"ReadAction\",\"target\":[\"https:\\\/\\\/motorock.eu\\\/et\\\/toode\\\/isla-blue-jeans\\\/\"]}]},{\"@type\":\"ImageObject\",\"inLanguage\":\"et\",\"@id\":\"https:\\\/\\\/motorock.eu\\\/et\\\/toode\\\/isla-blue-jeans\\\/#primaryimage\",\"url\":\"https:\\\/\\\/motorock.eu\\\/wp-content\\\/uploads\\\/2026\\\/02\\\/UKCA_MARKINGS_25-nv41j31n.png\",\"contentUrl\":\"https:\\\/\\\/motorock.eu\\\/wp-content\\\/uploads\\\/2026\\\/02\\\/UKCA_MARKINGS_25-nv41j31n.png\",\"width\":1080,\"height\":1080},{\"@type\":\"BreadcrumbList\",\"@id\":\"https:\\\/\\\/motorock.eu\\\/et\\\/toode\\\/isla-blue-jeans\\\/#breadcrumb\",\"itemListElement\":[{\"@type\":\"ListItem\",\"position\":1,\"name\":\"Koduleht\",\"item\":\"https:\\\/\\\/motorock.eu\\\/et\\\/\"},{\"@type\":\"ListItem\",\"position\":2,\"name\":\"Pood\",\"item\":\"https:\\\/\\\/motorock.eu\\\/et\\\/pood\\\/\"},{\"@type\":\"ListItem\",\"position\":3,\"name\":\"Isla Blue Jeans\"}]},{\"@type\":\"WebSite\",\"@id\":\"https:\\\/\\\/motorock.eu\\\/et\\\/#website\",\"url\":\"https:\\\/\\\/motorock.eu\\\/et\\\/\",\"name\":\"Motorock\",\"description\":\"Sinu elustiil, sinu teekond!\",\"publisher\":{\"@id\":\"https:\\\/\\\/motorock.eu\\\/et\\\/#organization\"},\"potentialAction\":[{\"@type\":\"SearchAction\",\"target\":{\"@type\":\"EntryPoint\",\"urlTemplate\":\"https:\\\/\\\/motorock.eu\\\/et\\\/?s={search_term_string}\"},\"query-input\":{\"@type\":\"PropertyValueSpecification\",\"valueRequired\":true,\"valueName\":\"search_term_string\"}}],\"inLanguage\":\"et\"},{\"@type\":\"Organization\",\"@id\":\"https:\\\/\\\/motorock.eu\\\/et\\\/#organization\",\"name\":\"Motorock\",\"url\":\"https:\\\/\\\/motorock.eu\\\/et\\\/\",\"logo\":{\"@type\":\"ImageObject\",\"inLanguage\":\"et\",\"@id\":\"https:\\\/\\\/motorock.eu\\\/et\\\/#\\\/schema\\\/logo\\\/image\\\/\",\"url\":\"https:\\\/\\\/motorock.eu\\\/wp-content\\\/uploads\\\/2025\\\/05\\\/Group.png\",\"contentUrl\":\"https:\\\/\\\/motorock.eu\\\/wp-content\\\/uploads\\\/2025\\\/05\\\/Group.png\",\"width\":2185,\"height\":677,\"caption\":\"Motorock\"},\"image\":{\"@id\":\"https:\\\/\\\/motorock.eu\\\/et\\\/#\\\/schema\\\/logo\\\/image\\\/\"}}]}<\/script>\n<!-- \/ Yoast SEO plugin. -->","yoast_head_json":{"title":"Isla Blue Jeans | Motorock","robots":{"index":"index","follow":"follow","max-snippet":"max-snippet:-1","max-image-preview":"max-image-preview:large","max-video-preview":"max-video-preview:-1"},"canonical":"https:\/\/motorock.eu\/et\/toode\/isla-blue-jeans\/","og_locale":"et_EE","og_type":"article","og_title":"Isla Blue Jeans | Motorock","og_description":"Isla Blue Jeans Need Isla teksad on k\u00f5rge v\u00f6\u00f6kohaga teksad, mis sobivad ideaalselt koos v\u00f6\u00f6koha reguleerimise rihmadega, nii et need istuvad jalgrattal olles mugavalt. D3O Ghost p\u00f5lve- ja puusakaitse on \u00f5huke ja paindlik ning seet\u00f5ttu on tunne, et sa ei kanna mingit soomust. Omadused Saadaval mustas ja sinises v\u00e4rvitoonis Nupp ja t\u00f5mblukk ees K\u00f5rge v\u00f6\u00f6koht [&hellip;]","og_url":"https:\/\/motorock.eu\/et\/toode\/isla-blue-jeans\/","og_site_name":"Motorock","og_image":[{"url":"https:\/\/cdn.shopify.com\/s\/files\/1\/0320\/4343\/4029\/files\/2atRopGQ_UI-TROUSERS_CE_SATRA.png?v=1726835307","type":"","width":"","height":""}],"twitter_card":"summary_large_image","twitter_misc":{"Est. reading time":"1 minut"},"schema":{"@context":"https:\/\/schema.org","@graph":[{"@type":"WebPage","@id":"https:\/\/motorock.eu\/et\/toode\/isla-blue-jeans\/","url":"https:\/\/motorock.eu\/et\/toode\/isla-blue-jeans\/","name":"Isla Blue Jeans | Motorock","isPartOf":{"@id":"https:\/\/motorock.eu\/et\/#website"},"primaryImageOfPage":{"@id":"https:\/\/motorock.eu\/et\/toode\/isla-blue-jeans\/#primaryimage"},"image":{"@id":"https:\/\/motorock.eu\/et\/toode\/isla-blue-jeans\/#primaryimage"},"thumbnailUrl":"https:\/\/motorock.eu\/wp-content\/uploads\/2026\/02\/UKCA_MARKINGS_25-nv41j31n.png","datePublished":"2026-02-11T19:40:37+00:00","breadcrumb":{"@id":"https:\/\/motorock.eu\/et\/toode\/isla-blue-jeans\/#breadcrumb"},"inLanguage":"et","potentialAction":[{"@type":"ReadAction","target":["https:\/\/motorock.eu\/et\/toode\/isla-blue-jeans\/"]}]},{"@type":"ImageObject","inLanguage":"et","@id":"https:\/\/motorock.eu\/et\/toode\/isla-blue-jeans\/#primaryimage","url":"https:\/\/motorock.eu\/wp-content\/uploads\/2026\/02\/UKCA_MARKINGS_25-nv41j31n.png","contentUrl":"https:\/\/motorock.eu\/wp-content\/uploads\/2026\/02\/UKCA_MARKINGS_25-nv41j31n.png","width":1080,"height":1080},{"@type":"BreadcrumbList","@id":"https:\/\/motorock.eu\/et\/toode\/isla-blue-jeans\/#breadcrumb","itemListElement":[{"@type":"ListItem","position":1,"name":"Koduleht","item":"https:\/\/motorock.eu\/et\/"},{"@type":"ListItem","position":2,"name":"Pood","item":"https:\/\/motorock.eu\/et\/pood\/"},{"@type":"ListItem","position":3,"name":"Isla Blue Jeans"}]},{"@type":"WebSite","@id":"https:\/\/motorock.eu\/et\/#website","url":"https:\/\/motorock.eu\/et\/","name":"Motorock","description":"Sinu elustiil, sinu teekond!","publisher":{"@id":"https:\/\/motorock.eu\/et\/#organization"},"potentialAction":[{"@type":"SearchAction","target":{"@type":"EntryPoint","urlTemplate":"https:\/\/motorock.eu\/et\/?s={search_term_string}"},"query-input":{"@type":"PropertyValueSpecification","valueRequired":true,"valueName":"search_term_string"}}],"inLanguage":"et"},{"@type":"Organization","@id":"https:\/\/motorock.eu\/et\/#organization","name":"Motorock","url":"https:\/\/motorock.eu\/et\/","logo":{"@type":"ImageObject","inLanguage":"et","@id":"https:\/\/motorock.eu\/et\/#\/schema\/logo\/image\/","url":"https:\/\/motorock.eu\/wp-content\/uploads\/2025\/05\/Group.png","contentUrl":"https:\/\/motorock.eu\/wp-content\/uploads\/2025\/05\/Group.png","width":2185,"height":677,"caption":"Motorock"},"image":{"@id":"https:\/\/motorock.eu\/et\/#\/schema\/logo\/image\/"}}]}},"_links":{"self":[{"href":"https:\/\/motorock.eu\/et\/wp-json\/wp\/v2\/product\/28654","targetHints":{"allow":["GET"]}}],"collection":[{"href":"https:\/\/motorock.eu\/et\/wp-json\/wp\/v2\/product"}],"about":[{"href":"https:\/\/motorock.eu\/et\/wp-json\/wp\/v2\/types\/product"}],"wp:featuredmedia":[{"embeddable":true,"href":"https:\/\/motorock.eu\/et\/wp-json\/wp\/v2\/media\/23274"}],"wp:attachment":[{"href":"https:\/\/motorock.eu\/et\/wp-json\/wp\/v2\/media?parent=28654"}],"wp:term":[{"taxonomy":"product_cat","embeddable":true,"href":"https:\/\/motorock.eu\/et\/wp-json\/wp\/v2\/product_cat?post=28654"},{"taxonomy":"product_tag","embeddable":true,"href":"https:\/\/motorock.eu\/et\/wp-json\/wp\/v2\/product_tag?post=28654"}],"curies":[{"name":"wp","href":"https:\/\/api.w.org\/{rel}","templated":true}]}}