{"id":28620,"date":"2026-02-11T21:42:55","date_gmt":"2026-02-11T19:42:55","guid":{"rendered":"https:\/\/motorock.eu\/product\/ellie-blue-jeans\/"},"modified":"2026-02-11T21:42:55","modified_gmt":"2026-02-11T19:42:55","slug":"ellie-blue-jeans","status":"publish","type":"product","link":"https:\/\/motorock.eu\/et\/toode\/ellie-blue-jeans\/","title":{"rendered":"Ellie Blue Jeans"},"content":{"rendered":"<p><strong>Ellie Blue Jeans<\/strong><\/p>\n<p>\u00dche kihiga teksad ideaalsed suvekuudeks!<\/p>\n<p><strong>Omadused<\/strong><\/p>\n<ul>\n<li>Venitatud teksad<\/li>\n<li>K\u00f5rge v\u00f6\u00f6kohaga v\u00f6\u00f6kohad<\/li>\n<li>Eesmine YKK lukuga t\u00f5mblukk ja nupuga sulgemine<\/li>\n<li>Esitaskud koos korraliku suurusega m\u00fcnditaskuiga<\/li>\n<li>Tikandiga detailidega seljataskud<\/li>\n<li>Elastne stretch-p\u00f5lveosa mugavuse tagamiseks<\/li>\n<li>Elastne veniv seljapaneel<\/li>\n<li>V\u00f6\u00f6koha reguleerimine seljal<\/li>\n<li>2. taseme p\u00f5lve- ja puusakaitsmed kaasa arvatud<\/li>\n<li>Reguleeritav p\u00f5lveliigese tasku<\/li>\n<li>Saadaval s\u00f6e must ja sinine<\/li>\n<\/ul>\n<p><strong>Suurus ja sobivus<\/strong><\/p>\n<p>3x erinevad s\u00e4\u00e4repikkused:<br \/>Petite\/Short - 28&#8243; sisek\u00fclje<br \/>Regular- 30&#8243; sisek\u00fclje<br \/>Tall - 32&#8243; sisek\u00fclje<\/p>\n<p>Saadaval suurustes UK suurus XXS-5X<\/p>\n<p><strong>Ehitus<\/strong><\/p>\n<p>V\u00e4liskihi: <br \/> Sisemine kiht: Pol\u00fcester<\/p>\n<p><strong>Kaitse ja ohutus<\/strong><\/p>\n<p>CE sertifitseeritud ja heakskiidetud \"AA\" r\u00f5ivas<br \/>CE Level 2 heakskiidetud puusa- ja p\u00f5lvekaitsmed on lisatud.<\/p>\n<p><strong>Skaneerige t\u00e4ielikku kasutajaraamatut<\/strong><\/p>\n<p><strong><\/strong><\/p>\n<p><strong><\/p>\n<figure><img decoding=\"async\" src=\"https:\/\/cdn.shopify.com\/s\/files\/1\/0320\/4343\/4029\/files\/g4D2SZ7a_UI-TROUSERS_UKCA_CE_SATRA.png?v=1726833818\" width=\"155\" height=\"155\"><\/figure>\n<p><\/strong><\/p>\n<p><strong><\/strong><\/p><\/p>\n","protected":false},"excerpt":{"rendered":"<p>Ellie Blue Jeans \u00dche kihiga teksad ideaalsed suvekuudeks! Omadused Venitatud teksad K\u00f5rge v\u00f6\u00f6kohaga v\u00f6\u00f6kohad Eesmine YKK lukuga t\u00f5mblukk ja nupuga sulgemine Esitaskud koos korraliku suurusega m\u00fcnditaskuiga Tikandiga detailidega seljataskud Elastne stretch-p\u00f5lveosa mugavuse tagamiseks Elastne veniv seljapaneel V\u00f6\u00f6koha reguleerimine seljal 2. taseme p\u00f5lve- ja puusakaitsmed kaasa arvatud Reguleeritav p\u00f5lveliigese tasku Saadaval s\u00f6e must ja sinine Suurus [&hellip;]<\/p>\n","protected":false},"featured_media":23725,"template":"","meta":{"_acf_changed":false},"product_cat":[1061],"product_tag":[],"class_list":{"0":"post-28620","1":"product","2":"type-product","3":"status-publish","4":"has-post-thumbnail","6":"product_cat-puksid-ja-teksad","7":"pa_brand-motogirl-et","9":"first","10":"instock","11":"taxable","12":"shipping-taxable","13":"purchasable","14":"product-type-variable","swatches":"rey-swatches","show_selected":""},"acf":[],"yoast_head":"<!-- This site is optimized with the Yoast SEO plugin v27.6 - https:\/\/yoast.com\/product\/yoast-seo-wordpress\/ -->\n<title>Ellie Blue Jeans | Motorock<\/title>\n<meta name=\"robots\" content=\"index, follow, max-snippet:-1, max-image-preview:large, max-video-preview:-1\" \/>\n<link rel=\"canonical\" href=\"https:\/\/motorock.eu\/et\/toode\/ellie-blue-jeans\/\" \/>\n<meta property=\"og:locale\" content=\"et_EE\" \/>\n<meta property=\"og:type\" content=\"article\" \/>\n<meta property=\"og:title\" content=\"Ellie Blue Jeans | Motorock\" \/>\n<meta property=\"og:description\" content=\"Ellie Blue Jeans \u00dche kihiga teksad ideaalsed suvekuudeks! Omadused Venitatud teksad K\u00f5rge v\u00f6\u00f6kohaga v\u00f6\u00f6kohad Eesmine YKK lukuga t\u00f5mblukk ja nupuga sulgemine Esitaskud koos korraliku suurusega m\u00fcnditaskuiga Tikandiga detailidega seljataskud Elastne stretch-p\u00f5lveosa mugavuse tagamiseks Elastne veniv seljapaneel V\u00f6\u00f6koha reguleerimine seljal 2. taseme p\u00f5lve- ja puusakaitsmed kaasa arvatud Reguleeritav p\u00f5lveliigese tasku Saadaval s\u00f6e must ja sinine Suurus [&hellip;]\" \/>\n<meta property=\"og:url\" content=\"https:\/\/motorock.eu\/et\/toode\/ellie-blue-jeans\/\" \/>\n<meta property=\"og:site_name\" content=\"Motorock\" \/>\n<meta property=\"og:image\" content=\"https:\/\/cdn.shopify.com\/s\/files\/1\/0320\/4343\/4029\/files\/g4D2SZ7a_UI-TROUSERS_UKCA_CE_SATRA.png?v=1726833818\" \/>\n<meta name=\"twitter:card\" content=\"summary_large_image\" \/>\n<meta name=\"twitter:label1\" content=\"Est. reading time\" \/>\n\t<meta name=\"twitter:data1\" content=\"1 minut\" \/>\n<script type=\"application\/ld+json\" class=\"yoast-schema-graph\">{\"@context\":\"https:\\\/\\\/schema.org\",\"@graph\":[{\"@type\":\"WebPage\",\"@id\":\"https:\\\/\\\/motorock.eu\\\/et\\\/toode\\\/ellie-blue-jeans\\\/\",\"url\":\"https:\\\/\\\/motorock.eu\\\/et\\\/toode\\\/ellie-blue-jeans\\\/\",\"name\":\"Ellie Blue Jeans | Motorock\",\"isPartOf\":{\"@id\":\"https:\\\/\\\/motorock.eu\\\/et\\\/#website\"},\"primaryImageOfPage\":{\"@id\":\"https:\\\/\\\/motorock.eu\\\/et\\\/toode\\\/ellie-blue-jeans\\\/#primaryimage\"},\"image\":{\"@id\":\"https:\\\/\\\/motorock.eu\\\/et\\\/toode\\\/ellie-blue-jeans\\\/#primaryimage\"},\"thumbnailUrl\":\"https:\\\/\\\/motorock.eu\\\/wp-content\\\/uploads\\\/2026\\\/02\\\/UKCA_MARKINGS_3-rg80yxmw.png\",\"datePublished\":\"2026-02-11T19:42:55+00:00\",\"breadcrumb\":{\"@id\":\"https:\\\/\\\/motorock.eu\\\/et\\\/toode\\\/ellie-blue-jeans\\\/#breadcrumb\"},\"inLanguage\":\"et\",\"potentialAction\":[{\"@type\":\"ReadAction\",\"target\":[\"https:\\\/\\\/motorock.eu\\\/et\\\/toode\\\/ellie-blue-jeans\\\/\"]}]},{\"@type\":\"ImageObject\",\"inLanguage\":\"et\",\"@id\":\"https:\\\/\\\/motorock.eu\\\/et\\\/toode\\\/ellie-blue-jeans\\\/#primaryimage\",\"url\":\"https:\\\/\\\/motorock.eu\\\/wp-content\\\/uploads\\\/2026\\\/02\\\/UKCA_MARKINGS_3-rg80yxmw.png\",\"contentUrl\":\"https:\\\/\\\/motorock.eu\\\/wp-content\\\/uploads\\\/2026\\\/02\\\/UKCA_MARKINGS_3-rg80yxmw.png\",\"width\":1080,\"height\":1080},{\"@type\":\"BreadcrumbList\",\"@id\":\"https:\\\/\\\/motorock.eu\\\/et\\\/toode\\\/ellie-blue-jeans\\\/#breadcrumb\",\"itemListElement\":[{\"@type\":\"ListItem\",\"position\":1,\"name\":\"Koduleht\",\"item\":\"https:\\\/\\\/motorock.eu\\\/et\\\/\"},{\"@type\":\"ListItem\",\"position\":2,\"name\":\"Pood\",\"item\":\"https:\\\/\\\/motorock.eu\\\/et\\\/pood\\\/\"},{\"@type\":\"ListItem\",\"position\":3,\"name\":\"Ellie Blue Jeans\"}]},{\"@type\":\"WebSite\",\"@id\":\"https:\\\/\\\/motorock.eu\\\/et\\\/#website\",\"url\":\"https:\\\/\\\/motorock.eu\\\/et\\\/\",\"name\":\"Motorock\",\"description\":\"Sinu elustiil, sinu teekond!\",\"publisher\":{\"@id\":\"https:\\\/\\\/motorock.eu\\\/et\\\/#organization\"},\"potentialAction\":[{\"@type\":\"SearchAction\",\"target\":{\"@type\":\"EntryPoint\",\"urlTemplate\":\"https:\\\/\\\/motorock.eu\\\/et\\\/?s={search_term_string}\"},\"query-input\":{\"@type\":\"PropertyValueSpecification\",\"valueRequired\":true,\"valueName\":\"search_term_string\"}}],\"inLanguage\":\"et\"},{\"@type\":\"Organization\",\"@id\":\"https:\\\/\\\/motorock.eu\\\/et\\\/#organization\",\"name\":\"Motorock\",\"url\":\"https:\\\/\\\/motorock.eu\\\/et\\\/\",\"logo\":{\"@type\":\"ImageObject\",\"inLanguage\":\"et\",\"@id\":\"https:\\\/\\\/motorock.eu\\\/et\\\/#\\\/schema\\\/logo\\\/image\\\/\",\"url\":\"https:\\\/\\\/motorock.eu\\\/wp-content\\\/uploads\\\/2025\\\/05\\\/Group.png\",\"contentUrl\":\"https:\\\/\\\/motorock.eu\\\/wp-content\\\/uploads\\\/2025\\\/05\\\/Group.png\",\"width\":2185,\"height\":677,\"caption\":\"Motorock\"},\"image\":{\"@id\":\"https:\\\/\\\/motorock.eu\\\/et\\\/#\\\/schema\\\/logo\\\/image\\\/\"}}]}<\/script>\n<!-- \/ Yoast SEO plugin. -->","yoast_head_json":{"title":"Ellie Blue Jeans | Motorock","robots":{"index":"index","follow":"follow","max-snippet":"max-snippet:-1","max-image-preview":"max-image-preview:large","max-video-preview":"max-video-preview:-1"},"canonical":"https:\/\/motorock.eu\/et\/toode\/ellie-blue-jeans\/","og_locale":"et_EE","og_type":"article","og_title":"Ellie Blue Jeans | Motorock","og_description":"Ellie Blue Jeans \u00dche kihiga teksad ideaalsed suvekuudeks! Omadused Venitatud teksad K\u00f5rge v\u00f6\u00f6kohaga v\u00f6\u00f6kohad Eesmine YKK lukuga t\u00f5mblukk ja nupuga sulgemine Esitaskud koos korraliku suurusega m\u00fcnditaskuiga Tikandiga detailidega seljataskud Elastne stretch-p\u00f5lveosa mugavuse tagamiseks Elastne veniv seljapaneel V\u00f6\u00f6koha reguleerimine seljal 2. taseme p\u00f5lve- ja puusakaitsmed kaasa arvatud Reguleeritav p\u00f5lveliigese tasku Saadaval s\u00f6e must ja sinine Suurus [&hellip;]","og_url":"https:\/\/motorock.eu\/et\/toode\/ellie-blue-jeans\/","og_site_name":"Motorock","og_image":[{"url":"https:\/\/cdn.shopify.com\/s\/files\/1\/0320\/4343\/4029\/files\/g4D2SZ7a_UI-TROUSERS_UKCA_CE_SATRA.png?v=1726833818","type":"","width":"","height":""}],"twitter_card":"summary_large_image","twitter_misc":{"Est. reading time":"1 minut"},"schema":{"@context":"https:\/\/schema.org","@graph":[{"@type":"WebPage","@id":"https:\/\/motorock.eu\/et\/toode\/ellie-blue-jeans\/","url":"https:\/\/motorock.eu\/et\/toode\/ellie-blue-jeans\/","name":"Ellie Blue Jeans | Motorock","isPartOf":{"@id":"https:\/\/motorock.eu\/et\/#website"},"primaryImageOfPage":{"@id":"https:\/\/motorock.eu\/et\/toode\/ellie-blue-jeans\/#primaryimage"},"image":{"@id":"https:\/\/motorock.eu\/et\/toode\/ellie-blue-jeans\/#primaryimage"},"thumbnailUrl":"https:\/\/motorock.eu\/wp-content\/uploads\/2026\/02\/UKCA_MARKINGS_3-rg80yxmw.png","datePublished":"2026-02-11T19:42:55+00:00","breadcrumb":{"@id":"https:\/\/motorock.eu\/et\/toode\/ellie-blue-jeans\/#breadcrumb"},"inLanguage":"et","potentialAction":[{"@type":"ReadAction","target":["https:\/\/motorock.eu\/et\/toode\/ellie-blue-jeans\/"]}]},{"@type":"ImageObject","inLanguage":"et","@id":"https:\/\/motorock.eu\/et\/toode\/ellie-blue-jeans\/#primaryimage","url":"https:\/\/motorock.eu\/wp-content\/uploads\/2026\/02\/UKCA_MARKINGS_3-rg80yxmw.png","contentUrl":"https:\/\/motorock.eu\/wp-content\/uploads\/2026\/02\/UKCA_MARKINGS_3-rg80yxmw.png","width":1080,"height":1080},{"@type":"BreadcrumbList","@id":"https:\/\/motorock.eu\/et\/toode\/ellie-blue-jeans\/#breadcrumb","itemListElement":[{"@type":"ListItem","position":1,"name":"Koduleht","item":"https:\/\/motorock.eu\/et\/"},{"@type":"ListItem","position":2,"name":"Pood","item":"https:\/\/motorock.eu\/et\/pood\/"},{"@type":"ListItem","position":3,"name":"Ellie Blue Jeans"}]},{"@type":"WebSite","@id":"https:\/\/motorock.eu\/et\/#website","url":"https:\/\/motorock.eu\/et\/","name":"Motorock","description":"Sinu elustiil, sinu teekond!","publisher":{"@id":"https:\/\/motorock.eu\/et\/#organization"},"potentialAction":[{"@type":"SearchAction","target":{"@type":"EntryPoint","urlTemplate":"https:\/\/motorock.eu\/et\/?s={search_term_string}"},"query-input":{"@type":"PropertyValueSpecification","valueRequired":true,"valueName":"search_term_string"}}],"inLanguage":"et"},{"@type":"Organization","@id":"https:\/\/motorock.eu\/et\/#organization","name":"Motorock","url":"https:\/\/motorock.eu\/et\/","logo":{"@type":"ImageObject","inLanguage":"et","@id":"https:\/\/motorock.eu\/et\/#\/schema\/logo\/image\/","url":"https:\/\/motorock.eu\/wp-content\/uploads\/2025\/05\/Group.png","contentUrl":"https:\/\/motorock.eu\/wp-content\/uploads\/2025\/05\/Group.png","width":2185,"height":677,"caption":"Motorock"},"image":{"@id":"https:\/\/motorock.eu\/et\/#\/schema\/logo\/image\/"}}]}},"_links":{"self":[{"href":"https:\/\/motorock.eu\/et\/wp-json\/wp\/v2\/product\/28620","targetHints":{"allow":["GET"]}}],"collection":[{"href":"https:\/\/motorock.eu\/et\/wp-json\/wp\/v2\/product"}],"about":[{"href":"https:\/\/motorock.eu\/et\/wp-json\/wp\/v2\/types\/product"}],"wp:featuredmedia":[{"embeddable":true,"href":"https:\/\/motorock.eu\/et\/wp-json\/wp\/v2\/media\/23725"}],"wp:attachment":[{"href":"https:\/\/motorock.eu\/et\/wp-json\/wp\/v2\/media?parent=28620"}],"wp:term":[{"taxonomy":"product_cat","embeddable":true,"href":"https:\/\/motorock.eu\/et\/wp-json\/wp\/v2\/product_cat?post=28620"},{"taxonomy":"product_tag","embeddable":true,"href":"https:\/\/motorock.eu\/et\/wp-json\/wp\/v2\/product_tag?post=28620"}],"curies":[{"name":"wp","href":"https:\/\/api.w.org\/{rel}","templated":true}]}}