{"id":28605,"date":"2026-02-11T21:43:17","date_gmt":"2026-02-11T19:43:17","guid":{"rendered":"https:\/\/motorock.eu\/product\/daisy-blue-dungaree\/"},"modified":"2026-02-11T21:43:17","modified_gmt":"2026-02-11T19:43:17","slug":"daisy-blue-dungaree","status":"publish","type":"product","link":"https:\/\/motorock.eu\/et\/toode\/daisy-blue-dungaree\/","title":{"rendered":"Daisy Blue Dungaree"},"content":{"rendered":"<p><strong>Daisy Blue Dungaree<\/strong><\/p>\n<p>S\u00f5ida kogu suve meie \u00fche kihi, kergetes ja kaitsvates Daisy p\u00fcksir\u00f5ivastes!<\/p>\n<p>Saadaval 3 jalapikkust - Petite, Regular, Tall.<\/p>\n<p><strong>Omadused<\/strong><\/p>\n<ul>\n<li>UKCA &amp; CE sertifitseeritud ja heakskiidetud AA-kategooria r\u00f5ivastus<\/li>\n<li>CE Level 2 p\u00f5lve ja puusa kaitse lisatud<\/li>\n<li>Reguleeritavad p\u00f5lveliigese taskud<\/li>\n<li>Reguleeritavad traksid<\/li>\n<li>V\u00f6\u00f6paelad<\/li>\n<li>K\u00fclgmine t\u00f5mblukk<\/li>\n<li>Zip-tasku ees<\/li>\n<li>S\u00fcgavad esi- ja tagataskud<\/li>\n<li>Niiskust transportiv v\u00f5rkvooder<\/li>\n<li>MotoGirl kaubam\u00e4rgiga plaaster seljal<\/li>\n<\/ul>\n<p><strong>Suurus ja sobivus<\/strong><\/p>\n<p>10 Suurused saadaval XXS - 5XL<\/p>\n<p><strong>Ehitus<\/strong><br \/>V\u00e4liskiht: <br \/> Sisevooder: Puuvill \/ elastaan \/ pol\u00fcester Sisemine vooder: Puuvill \/ elastaan \/ pol\u00fcester: V\u00f5rk<\/p>\n<p><strong>Kaitse ja ohutus<\/strong><\/p>\n<p>Sertifitseeritud ja heakskiidetud r\u00f5ivas: Klass AA EN 17092-3:2020<br \/>P\u00f5lve- ja puusakaitse: Tase 2 EN1621-1:2012<\/p>\n<p><strong>Skaneerige t\u00e4ielikku kasutajaraamatut<\/strong><\/p>\n<p><strong><\/strong><strong><\/strong><strong><\/strong><\/p>\n<p><strong><\/p>\n<figure><img decoding=\"async\" src=\"https:\/\/cdn.shopify.com\/s\/files\/1\/0320\/4343\/4029\/files\/g4D2SZ7a_UI-TROUSERS_UKCA_CE_SATRA.png?v=1726833818\" width=\"155\" height=\"155\"><\/figure>\n<p><\/strong><\/p>\n<p><strong><\/strong><strong><\/strong><strong><\/strong><strong><br \/><\/strong><\/p><\/p>\n","protected":false},"excerpt":{"rendered":"<p>Daisy Blue Dungaree S\u00f5ida kogu suve meie \u00fche kihi, kergetes ja kaitsvates Daisy p\u00fcksir\u00f5ivastes! Saadaval 3 jalapikkust - Petite, Regular, Tall. Omadused UKCA &amp; CE sertifitseeritud ja heakskiidetud AA-kategooria r\u00f5ivastus CE Level 2 p\u00f5lve ja puusa kaitse lisatud Reguleeritavad p\u00f5lveliigese taskud Reguleeritavad traksid V\u00f6\u00f6paelad K\u00fclgmine t\u00f5mblukk Zip-tasku ees S\u00fcgavad esi- ja tagataskud Niiskust transportiv v\u00f5rkvooder [&hellip;]<\/p>\n","protected":false},"featured_media":23855,"template":"","meta":{"_acf_changed":false},"product_cat":[1061,1067],"product_tag":[],"class_list":{"0":"post-28605","1":"product","2":"type-product","3":"status-publish","4":"has-post-thumbnail","6":"product_cat-puksid-ja-teksad","7":"product_cat-puksid-ja-teksad-2","8":"pa_brand-motogirl-et","10":"first","11":"instock","12":"taxable","13":"shipping-taxable","14":"purchasable","15":"product-type-variable","swatches":"rey-swatches","show_selected":""},"acf":[],"yoast_head":"<!-- This site is optimized with the Yoast SEO plugin v27.6 - https:\/\/yoast.com\/product\/yoast-seo-wordpress\/ -->\n<title>Daisy Blue Dungaree | Motorock<\/title>\n<meta name=\"robots\" content=\"index, follow, max-snippet:-1, max-image-preview:large, max-video-preview:-1\" \/>\n<link rel=\"canonical\" href=\"https:\/\/motorock.eu\/et\/toode\/daisy-blue-dungaree\/\" \/>\n<meta property=\"og:locale\" content=\"et_EE\" \/>\n<meta property=\"og:type\" content=\"article\" \/>\n<meta property=\"og:title\" content=\"Daisy Blue Dungaree | Motorock\" \/>\n<meta property=\"og:description\" content=\"Daisy Blue Dungaree S\u00f5ida kogu suve meie \u00fche kihi, kergetes ja kaitsvates Daisy p\u00fcksir\u00f5ivastes! Saadaval 3 jalapikkust - Petite, Regular, Tall. Omadused UKCA &amp; CE sertifitseeritud ja heakskiidetud AA-kategooria r\u00f5ivastus CE Level 2 p\u00f5lve ja puusa kaitse lisatud Reguleeritavad p\u00f5lveliigese taskud Reguleeritavad traksid V\u00f6\u00f6paelad K\u00fclgmine t\u00f5mblukk Zip-tasku ees S\u00fcgavad esi- ja tagataskud Niiskust transportiv v\u00f5rkvooder [&hellip;]\" \/>\n<meta property=\"og:url\" content=\"https:\/\/motorock.eu\/et\/toode\/daisy-blue-dungaree\/\" \/>\n<meta property=\"og:site_name\" content=\"Motorock\" \/>\n<meta property=\"og:image\" content=\"https:\/\/cdn.shopify.com\/s\/files\/1\/0320\/4343\/4029\/files\/g4D2SZ7a_UI-TROUSERS_UKCA_CE_SATRA.png?v=1726833818\" \/>\n<meta name=\"twitter:card\" content=\"summary_large_image\" \/>\n<meta name=\"twitter:label1\" content=\"Est. reading time\" \/>\n\t<meta name=\"twitter:data1\" content=\"1 minut\" \/>\n<script type=\"application\/ld+json\" class=\"yoast-schema-graph\">{\"@context\":\"https:\\\/\\\/schema.org\",\"@graph\":[{\"@type\":\"WebPage\",\"@id\":\"https:\\\/\\\/motorock.eu\\\/et\\\/toode\\\/daisy-blue-dungaree\\\/\",\"url\":\"https:\\\/\\\/motorock.eu\\\/et\\\/toode\\\/daisy-blue-dungaree\\\/\",\"name\":\"Daisy Blue Dungaree | Motorock\",\"isPartOf\":{\"@id\":\"https:\\\/\\\/motorock.eu\\\/et\\\/#website\"},\"primaryImageOfPage\":{\"@id\":\"https:\\\/\\\/motorock.eu\\\/et\\\/toode\\\/daisy-blue-dungaree\\\/#primaryimage\"},\"image\":{\"@id\":\"https:\\\/\\\/motorock.eu\\\/et\\\/toode\\\/daisy-blue-dungaree\\\/#primaryimage\"},\"thumbnailUrl\":\"https:\\\/\\\/motorock.eu\\\/wp-content\\\/uploads\\\/2026\\\/02\\\/DaisyBlue_UKCACE-r10zmo4n.png\",\"datePublished\":\"2026-02-11T19:43:17+00:00\",\"breadcrumb\":{\"@id\":\"https:\\\/\\\/motorock.eu\\\/et\\\/toode\\\/daisy-blue-dungaree\\\/#breadcrumb\"},\"inLanguage\":\"et\",\"potentialAction\":[{\"@type\":\"ReadAction\",\"target\":[\"https:\\\/\\\/motorock.eu\\\/et\\\/toode\\\/daisy-blue-dungaree\\\/\"]}]},{\"@type\":\"ImageObject\",\"inLanguage\":\"et\",\"@id\":\"https:\\\/\\\/motorock.eu\\\/et\\\/toode\\\/daisy-blue-dungaree\\\/#primaryimage\",\"url\":\"https:\\\/\\\/motorock.eu\\\/wp-content\\\/uploads\\\/2026\\\/02\\\/DaisyBlue_UKCACE-r10zmo4n.png\",\"contentUrl\":\"https:\\\/\\\/motorock.eu\\\/wp-content\\\/uploads\\\/2026\\\/02\\\/DaisyBlue_UKCACE-r10zmo4n.png\",\"width\":1080,\"height\":1080},{\"@type\":\"BreadcrumbList\",\"@id\":\"https:\\\/\\\/motorock.eu\\\/et\\\/toode\\\/daisy-blue-dungaree\\\/#breadcrumb\",\"itemListElement\":[{\"@type\":\"ListItem\",\"position\":1,\"name\":\"Koduleht\",\"item\":\"https:\\\/\\\/motorock.eu\\\/et\\\/\"},{\"@type\":\"ListItem\",\"position\":2,\"name\":\"Pood\",\"item\":\"https:\\\/\\\/motorock.eu\\\/et\\\/pood\\\/\"},{\"@type\":\"ListItem\",\"position\":3,\"name\":\"Daisy Blue Dungaree\"}]},{\"@type\":\"WebSite\",\"@id\":\"https:\\\/\\\/motorock.eu\\\/et\\\/#website\",\"url\":\"https:\\\/\\\/motorock.eu\\\/et\\\/\",\"name\":\"Motorock\",\"description\":\"Sinu elustiil, sinu teekond!\",\"publisher\":{\"@id\":\"https:\\\/\\\/motorock.eu\\\/et\\\/#organization\"},\"potentialAction\":[{\"@type\":\"SearchAction\",\"target\":{\"@type\":\"EntryPoint\",\"urlTemplate\":\"https:\\\/\\\/motorock.eu\\\/et\\\/?s={search_term_string}\"},\"query-input\":{\"@type\":\"PropertyValueSpecification\",\"valueRequired\":true,\"valueName\":\"search_term_string\"}}],\"inLanguage\":\"et\"},{\"@type\":\"Organization\",\"@id\":\"https:\\\/\\\/motorock.eu\\\/et\\\/#organization\",\"name\":\"Motorock\",\"url\":\"https:\\\/\\\/motorock.eu\\\/et\\\/\",\"logo\":{\"@type\":\"ImageObject\",\"inLanguage\":\"et\",\"@id\":\"https:\\\/\\\/motorock.eu\\\/et\\\/#\\\/schema\\\/logo\\\/image\\\/\",\"url\":\"https:\\\/\\\/motorock.eu\\\/wp-content\\\/uploads\\\/2025\\\/05\\\/Group.png\",\"contentUrl\":\"https:\\\/\\\/motorock.eu\\\/wp-content\\\/uploads\\\/2025\\\/05\\\/Group.png\",\"width\":2185,\"height\":677,\"caption\":\"Motorock\"},\"image\":{\"@id\":\"https:\\\/\\\/motorock.eu\\\/et\\\/#\\\/schema\\\/logo\\\/image\\\/\"}}]}<\/script>\n<!-- \/ Yoast SEO plugin. -->","yoast_head_json":{"title":"Daisy Blue Dungaree | Motorock","robots":{"index":"index","follow":"follow","max-snippet":"max-snippet:-1","max-image-preview":"max-image-preview:large","max-video-preview":"max-video-preview:-1"},"canonical":"https:\/\/motorock.eu\/et\/toode\/daisy-blue-dungaree\/","og_locale":"et_EE","og_type":"article","og_title":"Daisy Blue Dungaree | Motorock","og_description":"Daisy Blue Dungaree S\u00f5ida kogu suve meie \u00fche kihi, kergetes ja kaitsvates Daisy p\u00fcksir\u00f5ivastes! Saadaval 3 jalapikkust - Petite, Regular, Tall. Omadused UKCA &amp; CE sertifitseeritud ja heakskiidetud AA-kategooria r\u00f5ivastus CE Level 2 p\u00f5lve ja puusa kaitse lisatud Reguleeritavad p\u00f5lveliigese taskud Reguleeritavad traksid V\u00f6\u00f6paelad K\u00fclgmine t\u00f5mblukk Zip-tasku ees S\u00fcgavad esi- ja tagataskud Niiskust transportiv v\u00f5rkvooder [&hellip;]","og_url":"https:\/\/motorock.eu\/et\/toode\/daisy-blue-dungaree\/","og_site_name":"Motorock","og_image":[{"url":"https:\/\/cdn.shopify.com\/s\/files\/1\/0320\/4343\/4029\/files\/g4D2SZ7a_UI-TROUSERS_UKCA_CE_SATRA.png?v=1726833818","type":"","width":"","height":""}],"twitter_card":"summary_large_image","twitter_misc":{"Est. reading time":"1 minut"},"schema":{"@context":"https:\/\/schema.org","@graph":[{"@type":"WebPage","@id":"https:\/\/motorock.eu\/et\/toode\/daisy-blue-dungaree\/","url":"https:\/\/motorock.eu\/et\/toode\/daisy-blue-dungaree\/","name":"Daisy Blue Dungaree | Motorock","isPartOf":{"@id":"https:\/\/motorock.eu\/et\/#website"},"primaryImageOfPage":{"@id":"https:\/\/motorock.eu\/et\/toode\/daisy-blue-dungaree\/#primaryimage"},"image":{"@id":"https:\/\/motorock.eu\/et\/toode\/daisy-blue-dungaree\/#primaryimage"},"thumbnailUrl":"https:\/\/motorock.eu\/wp-content\/uploads\/2026\/02\/DaisyBlue_UKCACE-r10zmo4n.png","datePublished":"2026-02-11T19:43:17+00:00","breadcrumb":{"@id":"https:\/\/motorock.eu\/et\/toode\/daisy-blue-dungaree\/#breadcrumb"},"inLanguage":"et","potentialAction":[{"@type":"ReadAction","target":["https:\/\/motorock.eu\/et\/toode\/daisy-blue-dungaree\/"]}]},{"@type":"ImageObject","inLanguage":"et","@id":"https:\/\/motorock.eu\/et\/toode\/daisy-blue-dungaree\/#primaryimage","url":"https:\/\/motorock.eu\/wp-content\/uploads\/2026\/02\/DaisyBlue_UKCACE-r10zmo4n.png","contentUrl":"https:\/\/motorock.eu\/wp-content\/uploads\/2026\/02\/DaisyBlue_UKCACE-r10zmo4n.png","width":1080,"height":1080},{"@type":"BreadcrumbList","@id":"https:\/\/motorock.eu\/et\/toode\/daisy-blue-dungaree\/#breadcrumb","itemListElement":[{"@type":"ListItem","position":1,"name":"Koduleht","item":"https:\/\/motorock.eu\/et\/"},{"@type":"ListItem","position":2,"name":"Pood","item":"https:\/\/motorock.eu\/et\/pood\/"},{"@type":"ListItem","position":3,"name":"Daisy Blue Dungaree"}]},{"@type":"WebSite","@id":"https:\/\/motorock.eu\/et\/#website","url":"https:\/\/motorock.eu\/et\/","name":"Motorock","description":"Sinu elustiil, sinu teekond!","publisher":{"@id":"https:\/\/motorock.eu\/et\/#organization"},"potentialAction":[{"@type":"SearchAction","target":{"@type":"EntryPoint","urlTemplate":"https:\/\/motorock.eu\/et\/?s={search_term_string}"},"query-input":{"@type":"PropertyValueSpecification","valueRequired":true,"valueName":"search_term_string"}}],"inLanguage":"et"},{"@type":"Organization","@id":"https:\/\/motorock.eu\/et\/#organization","name":"Motorock","url":"https:\/\/motorock.eu\/et\/","logo":{"@type":"ImageObject","inLanguage":"et","@id":"https:\/\/motorock.eu\/et\/#\/schema\/logo\/image\/","url":"https:\/\/motorock.eu\/wp-content\/uploads\/2025\/05\/Group.png","contentUrl":"https:\/\/motorock.eu\/wp-content\/uploads\/2025\/05\/Group.png","width":2185,"height":677,"caption":"Motorock"},"image":{"@id":"https:\/\/motorock.eu\/et\/#\/schema\/logo\/image\/"}}]}},"_links":{"self":[{"href":"https:\/\/motorock.eu\/et\/wp-json\/wp\/v2\/product\/28605","targetHints":{"allow":["GET"]}}],"collection":[{"href":"https:\/\/motorock.eu\/et\/wp-json\/wp\/v2\/product"}],"about":[{"href":"https:\/\/motorock.eu\/et\/wp-json\/wp\/v2\/types\/product"}],"wp:featuredmedia":[{"embeddable":true,"href":"https:\/\/motorock.eu\/et\/wp-json\/wp\/v2\/media\/23855"}],"wp:attachment":[{"href":"https:\/\/motorock.eu\/et\/wp-json\/wp\/v2\/media?parent=28605"}],"wp:term":[{"taxonomy":"product_cat","embeddable":true,"href":"https:\/\/motorock.eu\/et\/wp-json\/wp\/v2\/product_cat?post=28605"},{"taxonomy":"product_tag","embeddable":true,"href":"https:\/\/motorock.eu\/et\/wp-json\/wp\/v2\/product_tag?post=28605"}],"curies":[{"name":"wp","href":"https:\/\/api.w.org\/{rel}","templated":true}]}}