{"id":28486,"date":"2026-02-11T21:55:37","date_gmt":"2026-02-11T19:55:37","guid":{"rendered":"https:\/\/motorock.eu\/product\/malaguti-xam-ainult-off-road\/"},"modified":"2026-03-09T16:43:15","modified_gmt":"2026-03-09T14:43:15","slug":"malaguti-xam-ainult-off-road","status":"publish","type":"product","link":"https:\/\/motorock.eu\/et\/toode\/malaguti-xam-ainult-off-road\/","title":{"rendered":"Malaguti XAM Ainult off-road"},"content":{"rendered":"<section class=\"section\">\n<div class=\"section-title\">\n<h3>Mootor<\/h3>\n<\/div>\n<div class=\"sub-sections\">\n<div class=\"sub-section\">\n<h5>Engine Type<\/h5>\n<ul>\n<li>P\u00fcsimagnetiga s\u00fcnkroonmootor<\/li>\n<\/ul>\n<\/div>\n<div class=\"sub-section\">\n<h5>Nominaalne v\u00f5imsus<\/h5>\n<ul>\n<li>5 kW @ 2500 p\/min<\/li>\n<\/ul>\n<\/div>\n<div class=\"sub-section\">\n<h5>Tippv\u00f5imsus<\/h5>\n<ul>\n<li>11 kW @ 1780 p\/min<\/li>\n<\/ul>\n<\/div>\n<div class=\"sub-section\">\n<h5>Nominaalne p\u00f6\u00f6rdemoment<\/h5>\n<ul>\n<li>21 Nm @ 2500 p\/min<\/li>\n<\/ul>\n<\/div>\n<div class=\"sub-section\">\n<h5>Tippmomendi tippv\u00e4\u00e4rtus<\/h5>\n<ul>\n<li>58 Nm<\/li>\n<\/ul>\n<\/div>\n<div class=\"sub-section\">\n<h5>S\u00f5idure\u017eiimid<\/h5>\n<ul>\n<li>4<\/li>\n<\/ul>\n<\/div>\n<div class=\"sub-section\">\n<h5>Range<\/h5>\n<ul>\n<li>Trail\/Enduro: 1-2 h*<\/li>\n<\/ul>\n<\/div>\n<div class=\"sub-section\">\n<h5>Tippkiirus<\/h5>\n<ul>\n<li>~80 km\/h (50 mph)*<\/li>\n<\/ul>\n<\/div>\n<div class=\"sub-section\">\n<h5>Aku<\/h5>\n<ul>\n<li>74 V \/ 2.590 Wh<\/li>\n<\/ul>\n<\/div>\n<div class=\"sub-section\">\n<h5>Laadimine<\/h5>\n<ul>\n<li>2-3 h<\/li>\n<\/ul>\n<\/div>\n<\/div>\n<\/section>\n<section class=\"section\">\n<div class=\"section-title\">\n<h3>Chassis<\/h3>\n<\/div>\n<div class=\"sub-sections\">\n<div class=\"sub-section\">\n<h5>Pidurid<\/h5>\n<ul>\n<li>H\u00fcdraulilised 4-kolbilised pidurisadulad, \u00d8 200 mm<\/li>\n<\/ul>\n<\/div>\n<div class=\"sub-section\">\n<h5>Eesmine vedrustus<\/h5>\n<ul>\n<li>\u00dcmberp\u00f6\u00f6ratud amortisaator 200 mm<\/li>\n<\/ul>\n<\/div>\n<div class=\"sub-section\">\n<h5>Tagumine vedrustus<\/h5>\n<ul>\n<li>Mono\u0161okkide amortisaator 185 mm<\/li>\n<\/ul>\n<\/div>\n<div class=\"sub-section\">\n<h5>Front Tire<\/h5>\n<ul>\n<li>CST CM721 70\/100-19<\/li>\n<\/ul>\n<\/div>\n<div class=\"sub-section\">\n<h5>Rear Tire<\/h5>\n<ul>\n<li>CST CM722 90\/100-18<\/li>\n<\/ul>\n<\/div>\n<\/div>\n<\/section>\n<section class=\"section\">\n<div class=\"section-title\">\n<h3>M\u00f5\u00f5tmed ja massid<\/h3>\n<\/div>\n<div class=\"sub-sections\">\n<div class=\"sub-section\">\n<h5>Aku<\/h5>\n<ul>\n<li>15 kg<\/li>\n<\/ul>\n<\/div>\n<div class=\"sub-section\">\n<h5>Mass t\u00f6\u00f6korras (ilma akuta)<\/h5>\n<ul>\n<li>68 kg<\/li>\n<\/ul>\n<\/div>\n<div class=\"sub-section\">\n<h5>Lubatud maksimaalne kaal<\/h5>\n<ul>\n<li>154 kg<\/li>\n<\/ul>\n<\/div>\n<div class=\"sub-section\">\n<h5>Length<\/h5>\n<ul>\n<li>1.950 mm<\/li>\n<\/ul>\n<\/div>\n<div class=\"sub-section\">\n<h5>Width<\/h5>\n<ul>\n<li>770 mm<\/li>\n<\/ul>\n<\/div>\n<div class=\"sub-section\">\n<h5>Height<\/h5>\n<ul>\n<li>1,080 mm<\/li>\n<\/ul>\n<\/div>\n<div class=\"sub-section\">\n<h5>Istme k\u00f5rgus<\/h5>\n<ul>\n<li>860 mm<\/li>\n<\/ul>\n<\/div>\n<div class=\"sub-section\">\n<h5>Rattap\u00f5hi<\/h5>\n<ul>\n<li>1.330 mm<\/li>\n<\/ul>\n<\/div>\n<div class=\"sub-section\">\n<h5>Maapinna kliirens<\/h5>\n<ul>\n<li>320 mm<\/li>\n<\/ul>\n<\/div>\n<\/div>\n<\/section>\n","protected":false},"excerpt":{"rendered":"<h2>\u00d5RNALT K\u00d5RVA \u00c4\u00c4RES METSIK S\u00dcDAMES<\/h2>\n<p>XAM Off-road viib teid kohtadesse, kuhu te sisep\u00f5lemismootoriga kunagi ei j\u00f5uaks. Pikk vedrustusvedrustus ja madal m\u00fcratase on v\u00f5tmet\u00e4htsusega. Vaikne olemine pole kunagi olnud p\u00f5nevam.  <\/p>\n<p><span class=\"NormalTextRun SCXW149117108 BCX0\">Malaguti esimene elektriline maasturimudel. <\/span><span class=\"NormalTextRun SCXW149117108 BCX0\">T<\/span><span class=\"NormalTextRun SCXW149117108 BCX0\">ta XAM <\/span><span class=\"NormalTextRun SCXW149117108 BCX0\">kontseptsioon <\/span><span class=\"NormalTextRun SCXW149117108 BCX0\">sulgeb l\u00f5he jalgratta ja mootorratta vahel.<\/span><\/p>\n","protected":false},"featured_media":25789,"template":"","meta":{"_acf_changed":false},"product_cat":[1178],"product_tag":[],"class_list":{"0":"post-28486","1":"product","2":"type-product","3":"status-publish","4":"has-post-thumbnail","6":"product_cat-malaguti","7":"product_shipping_class-motorcycles","8":"pa_brand-malaguti","10":"first","11":"instock","12":"taxable","13":"shipping-taxable","14":"purchasable","15":"product-type-simple","swatches":"rey-swatches","show_selected":""},"acf":[],"yoast_head":"<!-- This site is optimized with the Yoast SEO plugin v27.6 - https:\/\/yoast.com\/product\/yoast-seo-wordpress\/ -->\n<title>Malaguti XAM Ainult off-road | Motorock<\/title>\n<meta name=\"robots\" content=\"index, follow, max-snippet:-1, max-image-preview:large, max-video-preview:-1\" \/>\n<link rel=\"canonical\" href=\"https:\/\/motorock.eu\/et\/toode\/malaguti-xam-ainult-off-road\/\" \/>\n<meta property=\"og:locale\" content=\"et_EE\" \/>\n<meta property=\"og:type\" content=\"article\" \/>\n<meta property=\"og:title\" content=\"Malaguti XAM Ainult off-road | Motorock\" \/>\n<meta property=\"og:description\" content=\"\u00d5RNALT K\u00d5RVA \u00c4\u00c4RES METSIK S\u00dcDAMES XAM Off-road viib teid kohtadesse, kuhu te sisep\u00f5lemismootoriga kunagi ei j\u00f5uaks. Pikk vedrustusvedrustus ja madal m\u00fcratase on v\u00f5tmet\u00e4htsusega. Vaikne olemine pole kunagi olnud p\u00f5nevam.  Malaguti esimene elektriline maasturimudel. Tta XAM kontseptsioon sulgeb l\u00f5he jalgratta ja mootorratta vahel.\" \/>\n<meta property=\"og:url\" content=\"https:\/\/motorock.eu\/et\/toode\/malaguti-xam-ainult-off-road\/\" \/>\n<meta property=\"og:site_name\" content=\"Motorock\" \/>\n<meta property=\"article:modified_time\" content=\"2026-03-09T14:43:15+00:00\" \/>\n<meta property=\"og:image\" content=\"https:\/\/motorock.eu\/wp-content\/uploads\/2026\/02\/Malaguti_XAM_2022_side-right.jpg\" \/>\n\t<meta property=\"og:image:width\" content=\"2048\" \/>\n\t<meta property=\"og:image:height\" content=\"1365\" \/>\n\t<meta property=\"og:image:type\" content=\"image\/jpeg\" \/>\n<meta name=\"twitter:card\" content=\"summary_large_image\" \/>\n<meta name=\"twitter:label1\" content=\"Est. reading time\" \/>\n\t<meta name=\"twitter:data1\" content=\"1 minut\" \/>\n<script type=\"application\/ld+json\" class=\"yoast-schema-graph\">{\"@context\":\"https:\\\/\\\/schema.org\",\"@graph\":[{\"@type\":\"WebPage\",\"@id\":\"https:\\\/\\\/motorock.eu\\\/et\\\/toode\\\/malaguti-xam-ainult-off-road\\\/\",\"url\":\"https:\\\/\\\/motorock.eu\\\/et\\\/toode\\\/malaguti-xam-ainult-off-road\\\/\",\"name\":\"Malaguti XAM Ainult off-road | Motorock\",\"isPartOf\":{\"@id\":\"https:\\\/\\\/motorock.eu\\\/et\\\/#website\"},\"primaryImageOfPage\":{\"@id\":\"https:\\\/\\\/motorock.eu\\\/et\\\/toode\\\/malaguti-xam-ainult-off-road\\\/#primaryimage\"},\"image\":{\"@id\":\"https:\\\/\\\/motorock.eu\\\/et\\\/toode\\\/malaguti-xam-ainult-off-road\\\/#primaryimage\"},\"thumbnailUrl\":\"https:\\\/\\\/motorock.eu\\\/wp-content\\\/uploads\\\/2026\\\/02\\\/Malaguti_XAM_2022_side-right.jpg\",\"datePublished\":\"2026-02-11T19:55:37+00:00\",\"dateModified\":\"2026-03-09T14:43:15+00:00\",\"breadcrumb\":{\"@id\":\"https:\\\/\\\/motorock.eu\\\/et\\\/toode\\\/malaguti-xam-ainult-off-road\\\/#breadcrumb\"},\"inLanguage\":\"et\",\"potentialAction\":[{\"@type\":\"ReadAction\",\"target\":[\"https:\\\/\\\/motorock.eu\\\/et\\\/toode\\\/malaguti-xam-ainult-off-road\\\/\"]}]},{\"@type\":\"ImageObject\",\"inLanguage\":\"et\",\"@id\":\"https:\\\/\\\/motorock.eu\\\/et\\\/toode\\\/malaguti-xam-ainult-off-road\\\/#primaryimage\",\"url\":\"https:\\\/\\\/motorock.eu\\\/wp-content\\\/uploads\\\/2026\\\/02\\\/Malaguti_XAM_2022_side-right.jpg\",\"contentUrl\":\"https:\\\/\\\/motorock.eu\\\/wp-content\\\/uploads\\\/2026\\\/02\\\/Malaguti_XAM_2022_side-right.jpg\",\"width\":2048,\"height\":1365,\"caption\":\"Malaguti XAM Off-road Only\"},{\"@type\":\"BreadcrumbList\",\"@id\":\"https:\\\/\\\/motorock.eu\\\/et\\\/toode\\\/malaguti-xam-ainult-off-road\\\/#breadcrumb\",\"itemListElement\":[{\"@type\":\"ListItem\",\"position\":1,\"name\":\"Koduleht\",\"item\":\"https:\\\/\\\/motorock.eu\\\/et\\\/\"},{\"@type\":\"ListItem\",\"position\":2,\"name\":\"Pood\",\"item\":\"https:\\\/\\\/motorock.eu\\\/et\\\/pood\\\/\"},{\"@type\":\"ListItem\",\"position\":3,\"name\":\"Malaguti XAM Ainult off-road\"}]},{\"@type\":\"WebSite\",\"@id\":\"https:\\\/\\\/motorock.eu\\\/et\\\/#website\",\"url\":\"https:\\\/\\\/motorock.eu\\\/et\\\/\",\"name\":\"Motorock\",\"description\":\"Sinu elustiil, sinu teekond!\",\"publisher\":{\"@id\":\"https:\\\/\\\/motorock.eu\\\/et\\\/#organization\"},\"potentialAction\":[{\"@type\":\"SearchAction\",\"target\":{\"@type\":\"EntryPoint\",\"urlTemplate\":\"https:\\\/\\\/motorock.eu\\\/et\\\/?s={search_term_string}\"},\"query-input\":{\"@type\":\"PropertyValueSpecification\",\"valueRequired\":true,\"valueName\":\"search_term_string\"}}],\"inLanguage\":\"et\"},{\"@type\":\"Organization\",\"@id\":\"https:\\\/\\\/motorock.eu\\\/et\\\/#organization\",\"name\":\"Motorock\",\"url\":\"https:\\\/\\\/motorock.eu\\\/et\\\/\",\"logo\":{\"@type\":\"ImageObject\",\"inLanguage\":\"et\",\"@id\":\"https:\\\/\\\/motorock.eu\\\/et\\\/#\\\/schema\\\/logo\\\/image\\\/\",\"url\":\"https:\\\/\\\/motorock.eu\\\/wp-content\\\/uploads\\\/2025\\\/05\\\/Group.png\",\"contentUrl\":\"https:\\\/\\\/motorock.eu\\\/wp-content\\\/uploads\\\/2025\\\/05\\\/Group.png\",\"width\":2185,\"height\":677,\"caption\":\"Motorock\"},\"image\":{\"@id\":\"https:\\\/\\\/motorock.eu\\\/et\\\/#\\\/schema\\\/logo\\\/image\\\/\"}}]}<\/script>\n<!-- \/ Yoast SEO plugin. -->","yoast_head_json":{"title":"Malaguti XAM Ainult off-road | Motorock","robots":{"index":"index","follow":"follow","max-snippet":"max-snippet:-1","max-image-preview":"max-image-preview:large","max-video-preview":"max-video-preview:-1"},"canonical":"https:\/\/motorock.eu\/et\/toode\/malaguti-xam-ainult-off-road\/","og_locale":"et_EE","og_type":"article","og_title":"Malaguti XAM Ainult off-road | Motorock","og_description":"\u00d5RNALT K\u00d5RVA \u00c4\u00c4RES METSIK S\u00dcDAMES XAM Off-road viib teid kohtadesse, kuhu te sisep\u00f5lemismootoriga kunagi ei j\u00f5uaks. Pikk vedrustusvedrustus ja madal m\u00fcratase on v\u00f5tmet\u00e4htsusega. Vaikne olemine pole kunagi olnud p\u00f5nevam.  Malaguti esimene elektriline maasturimudel. Tta XAM kontseptsioon sulgeb l\u00f5he jalgratta ja mootorratta vahel.","og_url":"https:\/\/motorock.eu\/et\/toode\/malaguti-xam-ainult-off-road\/","og_site_name":"Motorock","article_modified_time":"2026-03-09T14:43:15+00:00","og_image":[{"width":2048,"height":1365,"url":"https:\/\/motorock.eu\/wp-content\/uploads\/2026\/02\/Malaguti_XAM_2022_side-right.jpg","type":"image\/jpeg"}],"twitter_card":"summary_large_image","twitter_misc":{"Est. reading time":"1 minut"},"schema":{"@context":"https:\/\/schema.org","@graph":[{"@type":"WebPage","@id":"https:\/\/motorock.eu\/et\/toode\/malaguti-xam-ainult-off-road\/","url":"https:\/\/motorock.eu\/et\/toode\/malaguti-xam-ainult-off-road\/","name":"Malaguti XAM Ainult off-road | Motorock","isPartOf":{"@id":"https:\/\/motorock.eu\/et\/#website"},"primaryImageOfPage":{"@id":"https:\/\/motorock.eu\/et\/toode\/malaguti-xam-ainult-off-road\/#primaryimage"},"image":{"@id":"https:\/\/motorock.eu\/et\/toode\/malaguti-xam-ainult-off-road\/#primaryimage"},"thumbnailUrl":"https:\/\/motorock.eu\/wp-content\/uploads\/2026\/02\/Malaguti_XAM_2022_side-right.jpg","datePublished":"2026-02-11T19:55:37+00:00","dateModified":"2026-03-09T14:43:15+00:00","breadcrumb":{"@id":"https:\/\/motorock.eu\/et\/toode\/malaguti-xam-ainult-off-road\/#breadcrumb"},"inLanguage":"et","potentialAction":[{"@type":"ReadAction","target":["https:\/\/motorock.eu\/et\/toode\/malaguti-xam-ainult-off-road\/"]}]},{"@type":"ImageObject","inLanguage":"et","@id":"https:\/\/motorock.eu\/et\/toode\/malaguti-xam-ainult-off-road\/#primaryimage","url":"https:\/\/motorock.eu\/wp-content\/uploads\/2026\/02\/Malaguti_XAM_2022_side-right.jpg","contentUrl":"https:\/\/motorock.eu\/wp-content\/uploads\/2026\/02\/Malaguti_XAM_2022_side-right.jpg","width":2048,"height":1365,"caption":"Malaguti XAM Off-road Only"},{"@type":"BreadcrumbList","@id":"https:\/\/motorock.eu\/et\/toode\/malaguti-xam-ainult-off-road\/#breadcrumb","itemListElement":[{"@type":"ListItem","position":1,"name":"Koduleht","item":"https:\/\/motorock.eu\/et\/"},{"@type":"ListItem","position":2,"name":"Pood","item":"https:\/\/motorock.eu\/et\/pood\/"},{"@type":"ListItem","position":3,"name":"Malaguti XAM Ainult off-road"}]},{"@type":"WebSite","@id":"https:\/\/motorock.eu\/et\/#website","url":"https:\/\/motorock.eu\/et\/","name":"Motorock","description":"Sinu elustiil, sinu teekond!","publisher":{"@id":"https:\/\/motorock.eu\/et\/#organization"},"potentialAction":[{"@type":"SearchAction","target":{"@type":"EntryPoint","urlTemplate":"https:\/\/motorock.eu\/et\/?s={search_term_string}"},"query-input":{"@type":"PropertyValueSpecification","valueRequired":true,"valueName":"search_term_string"}}],"inLanguage":"et"},{"@type":"Organization","@id":"https:\/\/motorock.eu\/et\/#organization","name":"Motorock","url":"https:\/\/motorock.eu\/et\/","logo":{"@type":"ImageObject","inLanguage":"et","@id":"https:\/\/motorock.eu\/et\/#\/schema\/logo\/image\/","url":"https:\/\/motorock.eu\/wp-content\/uploads\/2025\/05\/Group.png","contentUrl":"https:\/\/motorock.eu\/wp-content\/uploads\/2025\/05\/Group.png","width":2185,"height":677,"caption":"Motorock"},"image":{"@id":"https:\/\/motorock.eu\/et\/#\/schema\/logo\/image\/"}}]}},"_links":{"self":[{"href":"https:\/\/motorock.eu\/et\/wp-json\/wp\/v2\/product\/28486","targetHints":{"allow":["GET"]}}],"collection":[{"href":"https:\/\/motorock.eu\/et\/wp-json\/wp\/v2\/product"}],"about":[{"href":"https:\/\/motorock.eu\/et\/wp-json\/wp\/v2\/types\/product"}],"wp:featuredmedia":[{"embeddable":true,"href":"https:\/\/motorock.eu\/et\/wp-json\/wp\/v2\/media\/25789"}],"wp:attachment":[{"href":"https:\/\/motorock.eu\/et\/wp-json\/wp\/v2\/media?parent=28486"}],"wp:term":[{"taxonomy":"product_cat","embeddable":true,"href":"https:\/\/motorock.eu\/et\/wp-json\/wp\/v2\/product_cat?post=28486"},{"taxonomy":"product_tag","embeddable":true,"href":"https:\/\/motorock.eu\/et\/wp-json\/wp\/v2\/product_tag?post=28486"}],"curies":[{"name":"wp","href":"https:\/\/api.w.org\/{rel}","templated":true}]}}