{"id":28332,"date":"2026-02-11T21:48:19","date_gmt":"2026-02-11T19:48:19","guid":{"rendered":"https:\/\/motorock.eu\/product\/3d-t-sark-must\/"},"modified":"2026-02-11T21:48:19","modified_gmt":"2026-02-11T19:48:19","slug":"3d-t-sark-must","status":"publish","type":"product","link":"https:\/\/motorock.eu\/et\/toode\/3d-t-sark-must\/","title":{"rendered":"3D T-s\u00e4rk (must)"},"content":{"rendered":"<p><strong>3D T-s\u00e4rk (must)<\/strong><\/p>\n<p><strong>T-s\u00e4rke ei saa kunagi liiga palju olla!<\/strong><\/p>\n<p>Naeluta oma l\u00f5dvestunud v\u00e4limus \u00fche meie uue Motogirl Logo Embossed T-s\u00e4rgiga, mis on saadaval 10 v\u00e4rvitoonis!&nbsp; &nbsp;<\/p>\n<p>(must, s\u00f6ehall, valge, liiv, oliivroheline, tume tedret\u00e4hniline, kreemjas, pastelsinine, roheline ja roosa)<\/p>\n<p>Olenemata sellest, kas olete puhkusel v\u00f5i teedel v\u00e4ljakutse esitamas, oleme kindlad, et iga\u00fchele leidub sobivat v\u00e4rvi.<\/p>\n<ul>\n<li>\u00dcmar kaelus \/ Crew<\/li>\n<li>Peenike br\u00e4nding<\/li>\n<li>Saadaval alates XS - 2XL<\/li>\n<\/ul>\n<p><strong>Koostis<\/strong><\/p>\n<p>100% puuvillane (250GSM)<\/p>\n","protected":false},"excerpt":{"rendered":"<p>3D T-s\u00e4rk (must) T-s\u00e4rke ei saa kunagi liiga palju olla! Naeluta oma l\u00f5dvestunud v\u00e4limus \u00fche meie uue Motogirl Logo Embossed T-s\u00e4rgiga, mis on saadaval 10 v\u00e4rvitoonis!&nbsp; &nbsp; (must, s\u00f6ehall, valge, liiv, oliivroheline, tume tedret\u00e4hniline, kreemjas, pastelsinine, roheline ja roosa) Olenemata sellest, kas olete puhkusel v\u00f5i teedel v\u00e4ljakutse esitamas, oleme kindlad, et iga\u00fchele leidub sobivat v\u00e4rvi. [&hellip;]<\/p>\n","protected":false},"featured_media":24282,"template":"","meta":{"_acf_changed":false},"product_cat":[1081],"product_tag":[],"class_list":{"0":"post-28332","1":"product","2":"type-product","3":"status-publish","4":"has-post-thumbnail","6":"product_cat-t-sargid-ja-trikood","7":"pa_brand-motogirl-et","9":"first","10":"instock","11":"taxable","12":"shipping-taxable","13":"purchasable","14":"product-type-variable","swatches":"rey-swatches","show_selected":""},"acf":[],"yoast_head":"<!-- This site is optimized with the Yoast SEO plugin v27.6 - https:\/\/yoast.com\/product\/yoast-seo-wordpress\/ -->\n<title>3D T-s\u00e4rk (must) | Motorock<\/title>\n<meta name=\"robots\" content=\"index, follow, max-snippet:-1, max-image-preview:large, max-video-preview:-1\" \/>\n<link rel=\"canonical\" href=\"https:\/\/motorock.eu\/et\/toode\/3d-t-sark-must\/\" \/>\n<meta property=\"og:locale\" content=\"et_EE\" \/>\n<meta property=\"og:type\" content=\"article\" \/>\n<meta property=\"og:title\" content=\"3D T-s\u00e4rk (must) | Motorock\" \/>\n<meta property=\"og:description\" content=\"3D T-s\u00e4rk (must) T-s\u00e4rke ei saa kunagi liiga palju olla! Naeluta oma l\u00f5dvestunud v\u00e4limus \u00fche meie uue Motogirl Logo Embossed T-s\u00e4rgiga, mis on saadaval 10 v\u00e4rvitoonis!&nbsp; &nbsp; (must, s\u00f6ehall, valge, liiv, oliivroheline, tume tedret\u00e4hniline, kreemjas, pastelsinine, roheline ja roosa) Olenemata sellest, kas olete puhkusel v\u00f5i teedel v\u00e4ljakutse esitamas, oleme kindlad, et iga\u00fchele leidub sobivat v\u00e4rvi. [&hellip;]\" \/>\n<meta property=\"og:url\" content=\"https:\/\/motorock.eu\/et\/toode\/3d-t-sark-must\/\" \/>\n<meta property=\"og:site_name\" content=\"Motorock\" \/>\n<meta property=\"og:image\" content=\"https:\/\/motorock.eu\/wp-content\/uploads\/2025\/09\/Motorock-og-image-min.jpg\" \/>\n\t<meta property=\"og:image:width\" content=\"1200\" \/>\n\t<meta property=\"og:image:height\" content=\"675\" \/>\n\t<meta property=\"og:image:type\" content=\"image\/jpeg\" \/>\n<meta name=\"twitter:card\" content=\"summary_large_image\" \/>\n<script type=\"application\/ld+json\" class=\"yoast-schema-graph\">{\"@context\":\"https:\\\/\\\/schema.org\",\"@graph\":[{\"@type\":\"WebPage\",\"@id\":\"https:\\\/\\\/motorock.eu\\\/et\\\/toode\\\/3d-t-sark-must\\\/\",\"url\":\"https:\\\/\\\/motorock.eu\\\/et\\\/toode\\\/3d-t-sark-must\\\/\",\"name\":\"3D T-s\u00e4rk (must) | Motorock\",\"isPartOf\":{\"@id\":\"https:\\\/\\\/motorock.eu\\\/et\\\/#website\"},\"primaryImageOfPage\":{\"@id\":\"https:\\\/\\\/motorock.eu\\\/et\\\/toode\\\/3d-t-sark-must\\\/#primaryimage\"},\"image\":{\"@id\":\"https:\\\/\\\/motorock.eu\\\/et\\\/toode\\\/3d-t-sark-must\\\/#primaryimage\"},\"thumbnailUrl\":\"https:\\\/\\\/motorock.eu\\\/wp-content\\\/uploads\\\/2026\\\/02\\\/ChatGPT_Image_Dec_17_2025_09_45_08_PM-rev1dv4n.png\",\"datePublished\":\"2026-02-11T19:48:19+00:00\",\"breadcrumb\":{\"@id\":\"https:\\\/\\\/motorock.eu\\\/et\\\/toode\\\/3d-t-sark-must\\\/#breadcrumb\"},\"inLanguage\":\"et\",\"potentialAction\":[{\"@type\":\"ReadAction\",\"target\":[\"https:\\\/\\\/motorock.eu\\\/et\\\/toode\\\/3d-t-sark-must\\\/\"]}]},{\"@type\":\"ImageObject\",\"inLanguage\":\"et\",\"@id\":\"https:\\\/\\\/motorock.eu\\\/et\\\/toode\\\/3d-t-sark-must\\\/#primaryimage\",\"url\":\"https:\\\/\\\/motorock.eu\\\/wp-content\\\/uploads\\\/2026\\\/02\\\/ChatGPT_Image_Dec_17_2025_09_45_08_PM-rev1dv4n.png\",\"contentUrl\":\"https:\\\/\\\/motorock.eu\\\/wp-content\\\/uploads\\\/2026\\\/02\\\/ChatGPT_Image_Dec_17_2025_09_45_08_PM-rev1dv4n.png\",\"width\":1024,\"height\":1536},{\"@type\":\"BreadcrumbList\",\"@id\":\"https:\\\/\\\/motorock.eu\\\/et\\\/toode\\\/3d-t-sark-must\\\/#breadcrumb\",\"itemListElement\":[{\"@type\":\"ListItem\",\"position\":1,\"name\":\"Koduleht\",\"item\":\"https:\\\/\\\/motorock.eu\\\/et\\\/\"},{\"@type\":\"ListItem\",\"position\":2,\"name\":\"Pood\",\"item\":\"https:\\\/\\\/motorock.eu\\\/et\\\/pood\\\/\"},{\"@type\":\"ListItem\",\"position\":3,\"name\":\"3D T-s\u00e4rk (must)\"}]},{\"@type\":\"WebSite\",\"@id\":\"https:\\\/\\\/motorock.eu\\\/et\\\/#website\",\"url\":\"https:\\\/\\\/motorock.eu\\\/et\\\/\",\"name\":\"Motorock\",\"description\":\"Sinu elustiil, sinu teekond!\",\"publisher\":{\"@id\":\"https:\\\/\\\/motorock.eu\\\/et\\\/#organization\"},\"potentialAction\":[{\"@type\":\"SearchAction\",\"target\":{\"@type\":\"EntryPoint\",\"urlTemplate\":\"https:\\\/\\\/motorock.eu\\\/et\\\/?s={search_term_string}\"},\"query-input\":{\"@type\":\"PropertyValueSpecification\",\"valueRequired\":true,\"valueName\":\"search_term_string\"}}],\"inLanguage\":\"et\"},{\"@type\":\"Organization\",\"@id\":\"https:\\\/\\\/motorock.eu\\\/et\\\/#organization\",\"name\":\"Motorock\",\"url\":\"https:\\\/\\\/motorock.eu\\\/et\\\/\",\"logo\":{\"@type\":\"ImageObject\",\"inLanguage\":\"et\",\"@id\":\"https:\\\/\\\/motorock.eu\\\/et\\\/#\\\/schema\\\/logo\\\/image\\\/\",\"url\":\"https:\\\/\\\/motorock.eu\\\/wp-content\\\/uploads\\\/2025\\\/05\\\/Group.png\",\"contentUrl\":\"https:\\\/\\\/motorock.eu\\\/wp-content\\\/uploads\\\/2025\\\/05\\\/Group.png\",\"width\":2185,\"height\":677,\"caption\":\"Motorock\"},\"image\":{\"@id\":\"https:\\\/\\\/motorock.eu\\\/et\\\/#\\\/schema\\\/logo\\\/image\\\/\"}}]}<\/script>\n<!-- \/ Yoast SEO plugin. -->","yoast_head_json":{"title":"3D T-s\u00e4rk (must) | Motorock","robots":{"index":"index","follow":"follow","max-snippet":"max-snippet:-1","max-image-preview":"max-image-preview:large","max-video-preview":"max-video-preview:-1"},"canonical":"https:\/\/motorock.eu\/et\/toode\/3d-t-sark-must\/","og_locale":"et_EE","og_type":"article","og_title":"3D T-s\u00e4rk (must) | Motorock","og_description":"3D T-s\u00e4rk (must) T-s\u00e4rke ei saa kunagi liiga palju olla! Naeluta oma l\u00f5dvestunud v\u00e4limus \u00fche meie uue Motogirl Logo Embossed T-s\u00e4rgiga, mis on saadaval 10 v\u00e4rvitoonis!&nbsp; &nbsp; (must, s\u00f6ehall, valge, liiv, oliivroheline, tume tedret\u00e4hniline, kreemjas, pastelsinine, roheline ja roosa) Olenemata sellest, kas olete puhkusel v\u00f5i teedel v\u00e4ljakutse esitamas, oleme kindlad, et iga\u00fchele leidub sobivat v\u00e4rvi. [&hellip;]","og_url":"https:\/\/motorock.eu\/et\/toode\/3d-t-sark-must\/","og_site_name":"Motorock","og_image":[{"width":1200,"height":675,"url":"https:\/\/motorock.eu\/wp-content\/uploads\/2025\/09\/Motorock-og-image-min.jpg","type":"image\/jpeg"}],"twitter_card":"summary_large_image","schema":{"@context":"https:\/\/schema.org","@graph":[{"@type":"WebPage","@id":"https:\/\/motorock.eu\/et\/toode\/3d-t-sark-must\/","url":"https:\/\/motorock.eu\/et\/toode\/3d-t-sark-must\/","name":"3D T-s\u00e4rk (must) | Motorock","isPartOf":{"@id":"https:\/\/motorock.eu\/et\/#website"},"primaryImageOfPage":{"@id":"https:\/\/motorock.eu\/et\/toode\/3d-t-sark-must\/#primaryimage"},"image":{"@id":"https:\/\/motorock.eu\/et\/toode\/3d-t-sark-must\/#primaryimage"},"thumbnailUrl":"https:\/\/motorock.eu\/wp-content\/uploads\/2026\/02\/ChatGPT_Image_Dec_17_2025_09_45_08_PM-rev1dv4n.png","datePublished":"2026-02-11T19:48:19+00:00","breadcrumb":{"@id":"https:\/\/motorock.eu\/et\/toode\/3d-t-sark-must\/#breadcrumb"},"inLanguage":"et","potentialAction":[{"@type":"ReadAction","target":["https:\/\/motorock.eu\/et\/toode\/3d-t-sark-must\/"]}]},{"@type":"ImageObject","inLanguage":"et","@id":"https:\/\/motorock.eu\/et\/toode\/3d-t-sark-must\/#primaryimage","url":"https:\/\/motorock.eu\/wp-content\/uploads\/2026\/02\/ChatGPT_Image_Dec_17_2025_09_45_08_PM-rev1dv4n.png","contentUrl":"https:\/\/motorock.eu\/wp-content\/uploads\/2026\/02\/ChatGPT_Image_Dec_17_2025_09_45_08_PM-rev1dv4n.png","width":1024,"height":1536},{"@type":"BreadcrumbList","@id":"https:\/\/motorock.eu\/et\/toode\/3d-t-sark-must\/#breadcrumb","itemListElement":[{"@type":"ListItem","position":1,"name":"Koduleht","item":"https:\/\/motorock.eu\/et\/"},{"@type":"ListItem","position":2,"name":"Pood","item":"https:\/\/motorock.eu\/et\/pood\/"},{"@type":"ListItem","position":3,"name":"3D T-s\u00e4rk (must)"}]},{"@type":"WebSite","@id":"https:\/\/motorock.eu\/et\/#website","url":"https:\/\/motorock.eu\/et\/","name":"Motorock","description":"Sinu elustiil, sinu teekond!","publisher":{"@id":"https:\/\/motorock.eu\/et\/#organization"},"potentialAction":[{"@type":"SearchAction","target":{"@type":"EntryPoint","urlTemplate":"https:\/\/motorock.eu\/et\/?s={search_term_string}"},"query-input":{"@type":"PropertyValueSpecification","valueRequired":true,"valueName":"search_term_string"}}],"inLanguage":"et"},{"@type":"Organization","@id":"https:\/\/motorock.eu\/et\/#organization","name":"Motorock","url":"https:\/\/motorock.eu\/et\/","logo":{"@type":"ImageObject","inLanguage":"et","@id":"https:\/\/motorock.eu\/et\/#\/schema\/logo\/image\/","url":"https:\/\/motorock.eu\/wp-content\/uploads\/2025\/05\/Group.png","contentUrl":"https:\/\/motorock.eu\/wp-content\/uploads\/2025\/05\/Group.png","width":2185,"height":677,"caption":"Motorock"},"image":{"@id":"https:\/\/motorock.eu\/et\/#\/schema\/logo\/image\/"}}]}},"_links":{"self":[{"href":"https:\/\/motorock.eu\/et\/wp-json\/wp\/v2\/product\/28332","targetHints":{"allow":["GET"]}}],"collection":[{"href":"https:\/\/motorock.eu\/et\/wp-json\/wp\/v2\/product"}],"about":[{"href":"https:\/\/motorock.eu\/et\/wp-json\/wp\/v2\/types\/product"}],"wp:featuredmedia":[{"embeddable":true,"href":"https:\/\/motorock.eu\/et\/wp-json\/wp\/v2\/media\/24282"}],"wp:attachment":[{"href":"https:\/\/motorock.eu\/et\/wp-json\/wp\/v2\/media?parent=28332"}],"wp:term":[{"taxonomy":"product_cat","embeddable":true,"href":"https:\/\/motorock.eu\/et\/wp-json\/wp\/v2\/product_cat?post=28332"},{"taxonomy":"product_tag","embeddable":true,"href":"https:\/\/motorock.eu\/et\/wp-json\/wp\/v2\/product_tag?post=28332"}],"curies":[{"name":"wp","href":"https:\/\/api.w.org\/{rel}","templated":true}]}}