{"id":27219,"date":"2026-02-11T21:30:19","date_gmt":"2026-02-11T19:30:19","guid":{"rendered":"https:\/\/motorock.eu\/product\/boss-dyn-01-mootorratta-teksad-meeste-slim-fit-cordura-ja-balistex\/"},"modified":"2026-02-11T21:30:19","modified_gmt":"2026-02-11T19:30:19","slug":"boss-dyn-01-mootorratta-teksad-meeste-slim-fit-cordura-ja-balistex","status":"publish","type":"product","link":"https:\/\/motorock.eu\/et\/toode\/boss-dyn-01-mootorratta-teksad-meeste-slim-fit-cordura-ja-balistex\/","title":{"rendered":"BOSS DYN 01 - mootorratta teksad Meeste Slim-Fit Cordura\u00ae ja BALISTEX"},"content":{"rendered":"<p>Kas eelistate s\u00f5ita mootorratastega, kuid teile ei meeldi kanda raskeid ja mahukaid mootorratturi p\u00fckse? Me m\u00f5istame teie muret ja oleme selle mootorratturite dilemma lahendanud meie BOSS DYN 01 teksap\u00fckstega. Need teksad on valmistatud eriti venivast CORDURA-kangast koos \u00e4\u00e4rmiselt vastupidava power-stretch Balistex-voodriga (15 korda tugevam kui teras) k\u00f5rge riskiga h\u00f5\u00f5rdumis- ja l\u00f6\u00f6gitsoonides ja vastavad AAA+ kaitsetasemele. See on k\u00f5rgeim antud hinnang, mis t\u00e4hendab, et teksad on testitud nii, et nad pakuvad libisemiskaitset 92 meetri v\u00f5i 6,7 sekundi jooksul k\u00f5nniteel. Ainulaadne k\u00e4sitsi valmistatud vananemine, lihtne ja puhas v\u00e4limus, millel puuduvad v\u00e4lised \u00f5mblused ees, \u00fcletab h\u00f5lpsasti k\u00f5ik teised t\u00e4nap\u00e4eval saadaolevad stiilsed teksad. BOSS DYN 01 teksade parim omadus - on nende vastupidavus. Need on loodud kestma, \u00fchendades kvaliteedi ajatu stiiliga, mida saab kanda ja armastada aastaid. Kas need teksad on just sinu jaoks ideaalsed? Kui oled meiega n\u00f5us, siis tule vaatama meie varusid Pando Moto veebipoes v\u00f5i Pando jaem\u00fc\u00fcgipoes. BOSS DYN 01 teksad on m\u00fc\u00fcgil, seega haara kvaliteetne toode parima hinnaga juba t\u00e4na.         <\/p>\n","protected":false},"excerpt":{"rendered":"<p>Kas eelistate s\u00f5ita mootorratastega, kuid teile ei meeldi kanda raskeid ja mahukaid mootorratturi p\u00fckse? Me m\u00f5istame teie muret ja oleme selle mootorratturite dilemma lahendanud meie BOSS DYN 01 teksap\u00fckstega. Need teksad on valmistatud eriti venivast CORDURA-kangast koos \u00e4\u00e4rmiselt vastupidava power-stretch Balistex-voodriga (15 korda tugevam kui teras) k\u00f5rge riskiga h\u00f5\u00f5rdumis- ja l\u00f6\u00f6gitsoonides ja vastavad AAA+ kaitsetasemele. [&hellip;]<\/p>\n","protected":false},"featured_media":21376,"template":"","meta":{"_acf_changed":false},"product_cat":[1067],"product_tag":[],"class_list":{"0":"post-27219","1":"product","2":"type-product","3":"status-publish","4":"has-post-thumbnail","6":"product_cat-puksid-ja-teksad-2","7":"pa_brand-pando","9":"first","10":"instock","11":"taxable","12":"shipping-taxable","13":"purchasable","14":"product-type-variable","swatches":"rey-swatches","show_selected":""},"acf":[],"yoast_head":"<!-- This site is optimized with the Yoast SEO plugin v27.4 - https:\/\/yoast.com\/product\/yoast-seo-wordpress\/ -->\n<title>BOSS DYN 01 - mootorratta teksad Meeste Slim-Fit Cordura\u00ae ja BALISTEX | Motorock<\/title>\n<meta name=\"robots\" content=\"index, follow, max-snippet:-1, max-image-preview:large, max-video-preview:-1\" \/>\n<link rel=\"canonical\" href=\"https:\/\/motorock.eu\/et\/toode\/boss-dyn-01-mootorratta-teksad-meeste-slim-fit-cordura-ja-balistex\/\" \/>\n<meta property=\"og:locale\" content=\"et_EE\" \/>\n<meta property=\"og:type\" content=\"article\" \/>\n<meta property=\"og:title\" content=\"BOSS DYN 01 - mootorratta teksad Meeste Slim-Fit Cordura\u00ae ja BALISTEX | Motorock\" \/>\n<meta property=\"og:description\" content=\"Kas eelistate s\u00f5ita mootorratastega, kuid teile ei meeldi kanda raskeid ja mahukaid mootorratturi p\u00fckse? Me m\u00f5istame teie muret ja oleme selle mootorratturite dilemma lahendanud meie BOSS DYN 01 teksap\u00fckstega. Need teksad on valmistatud eriti venivast CORDURA-kangast koos \u00e4\u00e4rmiselt vastupidava power-stretch Balistex-voodriga (15 korda tugevam kui teras) k\u00f5rge riskiga h\u00f5\u00f5rdumis- ja l\u00f6\u00f6gitsoonides ja vastavad AAA+ kaitsetasemele. [&hellip;]\" \/>\n<meta property=\"og:url\" content=\"https:\/\/motorock.eu\/et\/toode\/boss-dyn-01-mootorratta-teksad-meeste-slim-fit-cordura-ja-balistex\/\" \/>\n<meta property=\"og:site_name\" content=\"Motorock\" \/>\n<meta property=\"og:image\" content=\"https:\/\/motorock.eu\/wp-content\/uploads\/2025\/09\/Motorock-og-image-min.jpg\" \/>\n\t<meta property=\"og:image:width\" content=\"1200\" \/>\n\t<meta property=\"og:image:height\" content=\"675\" \/>\n\t<meta property=\"og:image:type\" content=\"image\/jpeg\" \/>\n<meta name=\"twitter:card\" content=\"summary_large_image\" \/>\n<meta name=\"twitter:label1\" content=\"Est. reading time\" \/>\n\t<meta name=\"twitter:data1\" content=\"1 minut\" \/>\n<script type=\"application\/ld+json\" class=\"yoast-schema-graph\">{\"@context\":\"https:\\\/\\\/schema.org\",\"@graph\":[{\"@type\":\"WebPage\",\"@id\":\"https:\\\/\\\/motorock.eu\\\/et\\\/toode\\\/boss-dyn-01-mootorratta-teksad-meeste-slim-fit-cordura-ja-balistex\\\/\",\"url\":\"https:\\\/\\\/motorock.eu\\\/et\\\/toode\\\/boss-dyn-01-mootorratta-teksad-meeste-slim-fit-cordura-ja-balistex\\\/\",\"name\":\"BOSS DYN 01 - mootorratta teksad Meeste Slim-Fit Cordura\u00ae ja BALISTEX | Motorock\",\"isPartOf\":{\"@id\":\"https:\\\/\\\/motorock.eu\\\/et\\\/#website\"},\"primaryImageOfPage\":{\"@id\":\"https:\\\/\\\/motorock.eu\\\/et\\\/toode\\\/boss-dyn-01-mootorratta-teksad-meeste-slim-fit-cordura-ja-balistex\\\/#primaryimage\"},\"image\":{\"@id\":\"https:\\\/\\\/motorock.eu\\\/et\\\/toode\\\/boss-dyn-01-mootorratta-teksad-meeste-slim-fit-cordura-ja-balistex\\\/#primaryimage\"},\"thumbnailUrl\":\"https:\\\/\\\/motorock.eu\\\/wp-content\\\/uploads\\\/2026\\\/02\\\/Boss-Dyn-01-5-2.jpg\",\"datePublished\":\"2026-02-11T19:30:19+00:00\",\"breadcrumb\":{\"@id\":\"https:\\\/\\\/motorock.eu\\\/et\\\/toode\\\/boss-dyn-01-mootorratta-teksad-meeste-slim-fit-cordura-ja-balistex\\\/#breadcrumb\"},\"inLanguage\":\"et\",\"potentialAction\":[{\"@type\":\"ReadAction\",\"target\":[\"https:\\\/\\\/motorock.eu\\\/et\\\/toode\\\/boss-dyn-01-mootorratta-teksad-meeste-slim-fit-cordura-ja-balistex\\\/\"]}]},{\"@type\":\"ImageObject\",\"inLanguage\":\"et\",\"@id\":\"https:\\\/\\\/motorock.eu\\\/et\\\/toode\\\/boss-dyn-01-mootorratta-teksad-meeste-slim-fit-cordura-ja-balistex\\\/#primaryimage\",\"url\":\"https:\\\/\\\/motorock.eu\\\/wp-content\\\/uploads\\\/2026\\\/02\\\/Boss-Dyn-01-5-2.jpg\",\"contentUrl\":\"https:\\\/\\\/motorock.eu\\\/wp-content\\\/uploads\\\/2026\\\/02\\\/Boss-Dyn-01-5-2.jpg\",\"width\":1000,\"height\":1500},{\"@type\":\"BreadcrumbList\",\"@id\":\"https:\\\/\\\/motorock.eu\\\/et\\\/toode\\\/boss-dyn-01-mootorratta-teksad-meeste-slim-fit-cordura-ja-balistex\\\/#breadcrumb\",\"itemListElement\":[{\"@type\":\"ListItem\",\"position\":1,\"name\":\"Koduleht\",\"item\":\"https:\\\/\\\/motorock.eu\\\/et\\\/pealeht\\\/\"},{\"@type\":\"ListItem\",\"position\":2,\"name\":\"Pood\",\"item\":\"https:\\\/\\\/motorock.eu\\\/et\\\/pood\\\/\"},{\"@type\":\"ListItem\",\"position\":3,\"name\":\"BOSS DYN 01 &#8211; mootorratta teksad Meeste Slim-Fit Cordura\u00ae ja BALISTEX\"}]},{\"@type\":\"WebSite\",\"@id\":\"https:\\\/\\\/motorock.eu\\\/et\\\/#website\",\"url\":\"https:\\\/\\\/motorock.eu\\\/et\\\/\",\"name\":\"Motorock\",\"description\":\"Sinu elustiil, sinu teekond!\",\"publisher\":{\"@id\":\"https:\\\/\\\/motorock.eu\\\/et\\\/#organization\"},\"potentialAction\":[{\"@type\":\"SearchAction\",\"target\":{\"@type\":\"EntryPoint\",\"urlTemplate\":\"https:\\\/\\\/motorock.eu\\\/et\\\/?s={search_term_string}\"},\"query-input\":{\"@type\":\"PropertyValueSpecification\",\"valueRequired\":true,\"valueName\":\"search_term_string\"}}],\"inLanguage\":\"et\"},{\"@type\":\"Organization\",\"@id\":\"https:\\\/\\\/motorock.eu\\\/et\\\/#organization\",\"name\":\"Motorock\",\"url\":\"https:\\\/\\\/motorock.eu\\\/et\\\/\",\"logo\":{\"@type\":\"ImageObject\",\"inLanguage\":\"et\",\"@id\":\"https:\\\/\\\/motorock.eu\\\/et\\\/#\\\/schema\\\/logo\\\/image\\\/\",\"url\":\"https:\\\/\\\/motorock.eu\\\/wp-content\\\/uploads\\\/2025\\\/05\\\/Group.png\",\"contentUrl\":\"https:\\\/\\\/motorock.eu\\\/wp-content\\\/uploads\\\/2025\\\/05\\\/Group.png\",\"width\":2185,\"height\":677,\"caption\":\"Motorock\"},\"image\":{\"@id\":\"https:\\\/\\\/motorock.eu\\\/et\\\/#\\\/schema\\\/logo\\\/image\\\/\"}}]}<\/script>\n<!-- \/ Yoast SEO plugin. -->","yoast_head_json":{"title":"BOSS DYN 01 - mootorratta teksad Meeste Slim-Fit Cordura\u00ae ja BALISTEX | Motorock","robots":{"index":"index","follow":"follow","max-snippet":"max-snippet:-1","max-image-preview":"max-image-preview:large","max-video-preview":"max-video-preview:-1"},"canonical":"https:\/\/motorock.eu\/et\/toode\/boss-dyn-01-mootorratta-teksad-meeste-slim-fit-cordura-ja-balistex\/","og_locale":"et_EE","og_type":"article","og_title":"BOSS DYN 01 - mootorratta teksad Meeste Slim-Fit Cordura\u00ae ja BALISTEX | Motorock","og_description":"Kas eelistate s\u00f5ita mootorratastega, kuid teile ei meeldi kanda raskeid ja mahukaid mootorratturi p\u00fckse? Me m\u00f5istame teie muret ja oleme selle mootorratturite dilemma lahendanud meie BOSS DYN 01 teksap\u00fckstega. Need teksad on valmistatud eriti venivast CORDURA-kangast koos \u00e4\u00e4rmiselt vastupidava power-stretch Balistex-voodriga (15 korda tugevam kui teras) k\u00f5rge riskiga h\u00f5\u00f5rdumis- ja l\u00f6\u00f6gitsoonides ja vastavad AAA+ kaitsetasemele. [&hellip;]","og_url":"https:\/\/motorock.eu\/et\/toode\/boss-dyn-01-mootorratta-teksad-meeste-slim-fit-cordura-ja-balistex\/","og_site_name":"Motorock","og_image":[{"width":1200,"height":675,"url":"https:\/\/motorock.eu\/wp-content\/uploads\/2025\/09\/Motorock-og-image-min.jpg","type":"image\/jpeg"}],"twitter_card":"summary_large_image","twitter_misc":{"Est. reading time":"1 minut"},"schema":{"@context":"https:\/\/schema.org","@graph":[{"@type":"WebPage","@id":"https:\/\/motorock.eu\/et\/toode\/boss-dyn-01-mootorratta-teksad-meeste-slim-fit-cordura-ja-balistex\/","url":"https:\/\/motorock.eu\/et\/toode\/boss-dyn-01-mootorratta-teksad-meeste-slim-fit-cordura-ja-balistex\/","name":"BOSS DYN 01 - mootorratta teksad Meeste Slim-Fit Cordura\u00ae ja BALISTEX | Motorock","isPartOf":{"@id":"https:\/\/motorock.eu\/et\/#website"},"primaryImageOfPage":{"@id":"https:\/\/motorock.eu\/et\/toode\/boss-dyn-01-mootorratta-teksad-meeste-slim-fit-cordura-ja-balistex\/#primaryimage"},"image":{"@id":"https:\/\/motorock.eu\/et\/toode\/boss-dyn-01-mootorratta-teksad-meeste-slim-fit-cordura-ja-balistex\/#primaryimage"},"thumbnailUrl":"https:\/\/motorock.eu\/wp-content\/uploads\/2026\/02\/Boss-Dyn-01-5-2.jpg","datePublished":"2026-02-11T19:30:19+00:00","breadcrumb":{"@id":"https:\/\/motorock.eu\/et\/toode\/boss-dyn-01-mootorratta-teksad-meeste-slim-fit-cordura-ja-balistex\/#breadcrumb"},"inLanguage":"et","potentialAction":[{"@type":"ReadAction","target":["https:\/\/motorock.eu\/et\/toode\/boss-dyn-01-mootorratta-teksad-meeste-slim-fit-cordura-ja-balistex\/"]}]},{"@type":"ImageObject","inLanguage":"et","@id":"https:\/\/motorock.eu\/et\/toode\/boss-dyn-01-mootorratta-teksad-meeste-slim-fit-cordura-ja-balistex\/#primaryimage","url":"https:\/\/motorock.eu\/wp-content\/uploads\/2026\/02\/Boss-Dyn-01-5-2.jpg","contentUrl":"https:\/\/motorock.eu\/wp-content\/uploads\/2026\/02\/Boss-Dyn-01-5-2.jpg","width":1000,"height":1500},{"@type":"BreadcrumbList","@id":"https:\/\/motorock.eu\/et\/toode\/boss-dyn-01-mootorratta-teksad-meeste-slim-fit-cordura-ja-balistex\/#breadcrumb","itemListElement":[{"@type":"ListItem","position":1,"name":"Koduleht","item":"https:\/\/motorock.eu\/et\/pealeht\/"},{"@type":"ListItem","position":2,"name":"Pood","item":"https:\/\/motorock.eu\/et\/pood\/"},{"@type":"ListItem","position":3,"name":"BOSS DYN 01 &#8211; mootorratta teksad Meeste Slim-Fit Cordura\u00ae ja BALISTEX"}]},{"@type":"WebSite","@id":"https:\/\/motorock.eu\/et\/#website","url":"https:\/\/motorock.eu\/et\/","name":"Motorock","description":"Sinu elustiil, sinu teekond!","publisher":{"@id":"https:\/\/motorock.eu\/et\/#organization"},"potentialAction":[{"@type":"SearchAction","target":{"@type":"EntryPoint","urlTemplate":"https:\/\/motorock.eu\/et\/?s={search_term_string}"},"query-input":{"@type":"PropertyValueSpecification","valueRequired":true,"valueName":"search_term_string"}}],"inLanguage":"et"},{"@type":"Organization","@id":"https:\/\/motorock.eu\/et\/#organization","name":"Motorock","url":"https:\/\/motorock.eu\/et\/","logo":{"@type":"ImageObject","inLanguage":"et","@id":"https:\/\/motorock.eu\/et\/#\/schema\/logo\/image\/","url":"https:\/\/motorock.eu\/wp-content\/uploads\/2025\/05\/Group.png","contentUrl":"https:\/\/motorock.eu\/wp-content\/uploads\/2025\/05\/Group.png","width":2185,"height":677,"caption":"Motorock"},"image":{"@id":"https:\/\/motorock.eu\/et\/#\/schema\/logo\/image\/"}}]}},"_links":{"self":[{"href":"https:\/\/motorock.eu\/et\/wp-json\/wp\/v2\/product\/27219","targetHints":{"allow":["GET"]}}],"collection":[{"href":"https:\/\/motorock.eu\/et\/wp-json\/wp\/v2\/product"}],"about":[{"href":"https:\/\/motorock.eu\/et\/wp-json\/wp\/v2\/types\/product"}],"wp:featuredmedia":[{"embeddable":true,"href":"https:\/\/motorock.eu\/et\/wp-json\/wp\/v2\/media\/21376"}],"wp:attachment":[{"href":"https:\/\/motorock.eu\/et\/wp-json\/wp\/v2\/media?parent=27219"}],"wp:term":[{"taxonomy":"product_cat","embeddable":true,"href":"https:\/\/motorock.eu\/et\/wp-json\/wp\/v2\/product_cat?post=27219"},{"taxonomy":"product_tag","embeddable":true,"href":"https:\/\/motorock.eu\/et\/wp-json\/wp\/v2\/product_tag?post=27219"}],"curies":[{"name":"wp","href":"https:\/\/api.w.org\/{rel}","templated":true}]}}