{"id":26977,"date":"2026-02-11T21:34:26","date_gmt":"2026-02-11T19:34:26","guid":{"rendered":"https:\/\/motorock.eu\/product\/valerie-must-nahkjakk\/"},"modified":"2026-02-11T21:34:26","modified_gmt":"2026-02-11T19:34:26","slug":"valerie-must-nahkjakk","status":"publish","type":"product","link":"https:\/\/motorock.eu\/et\/toode\/valerie-must-nahkjakk\/","title":{"rendered":"Valerie must nahkjakk"},"content":{"rendered":"<p><strong>Valerie must nahkjakk<\/strong><\/p>\n<p>K\u00e4sitsi vahatatud lehmanahast poolaniliinnahast jope on disainitud nii, et see oleks sobilik, mugav ja praktiline igap\u00e4evaseks ratsutamiseks. Minimaalne markeering, kasutage jope jalgrattal v\u00f5i ilma. Saadaval teistes v\u00e4rvides.  <\/p>\n<p><strong>Omadused<\/strong><\/p>\n<ul>\n<li>CE &amp; UKCA sertifitseeritud ja heakskiidetud r\u00f5ivad - AA-reitinguga<\/li>\n<li>CE Level 2, testitud ja heakskiidetud \u00f5la-, k\u00fc\u00fcnarnuki ja seljakaitsmed on kaasas.<\/li>\n<li>Suurendatud esi- ja sisemiste t\u00f5mblukuga taskute pikkust ja suurust, et tagada kasutusmugavus.<\/li>\n<li>Pikem seljaosa, millel on reguleerimiseks t\u00f5mblukud, et tagada hea istuvus.<\/li>\n<li>Eemaldatav sisemine vooder hoiab teid soojana<\/li>\n<\/ul>\n<p><strong>Suurus ja sobivus<\/strong><\/p>\n<p>10 Suurused saadaval XXS - 5XL<\/p>\n<p><strong><\/strong>Me m\u00fc\u00fcme oma nahkjakke koos seljakaitsmetega, sest nii tihti n\u00e4eme, et naised ostavad endale sobiva jaki ja siis ei ole ruumi seljakaitsme jaoks. M\u00f5nikord v\u00f5tavad daamid isegi seljakaitsme v\u00e4lja ja langetavad suuruse&#8230; EI SOOVITATA! Jope paigaldamisel avage tagumised t\u00f5mblukud, see h\u00f5lbustab eesmise t\u00f5mbluku sulgemist, kui saate jalgrattale, sulgege tagumised t\u00f5mblukud, et jope oleks kenasti istuv, et tagada, et tagant ei j\u00e4\u00e4ks l\u00fcnki ja v\u00e4ltida t\u00f5mblust. Ma soovitan, kui te UK10\/12, siis valida Medium suurus jope.<\/p>\n<p><strong>Konstruktsioon<\/strong><br \/>V\u00e4liskuju: 100% ehtne lehmanahk \/ poolaniinnahk 1,2mm<br \/>Sisevooder \/ t\u00e4idis: 100% pol\u00fcester.<\/p>\n<p><strong>Hooldusjuhised<\/strong><br \/>Professional Leather cleaner only<\/p>\n<p><strong><br \/><\/strong><strong>Kaitse ja ohutus<\/strong><br \/>Sertifitseeritud ja heakskiidetud r\u00f5ivad: AA EN17092-3:2020<\/p>\n<p>\u00d5lgade kaitse: EN1621-1:2012<\/p>\n<p>Elv\u00f5lvekaitsed: Tase 2 EN1621-1:2012<\/p>\n<p>Selja kaitse: Tase 2 EN1621-1:2014<\/p>\n<p><strong>Skaneerige t\u00e4ielikku kasutajaraamatut<\/strong><\/p>\n<figure><img decoding=\"async\" src=\"https:\/\/cdn.shopify.com\/s\/files\/1\/0320\/4343\/4029\/files\/57Zsboi7_UI-JACKETS_UKCA_CE_SATRA.png?v=1726829254\" width=\"155\" height=\"155\"><\/figure>\n","protected":false},"excerpt":{"rendered":"<p>Valerie must nahkjakk K\u00e4sitsi vahatatud lehmanahast poolaniliinnahast jope on disainitud nii, et see oleks sobilik, mugav ja praktiline igap\u00e4evaseks ratsutamiseks. Minimaalne markeering, kasutage jope jalgrattal v\u00f5i ilma. Saadaval teistes v\u00e4rvides. Omadused CE &amp; UKCA sertifitseeritud ja heakskiidetud r\u00f5ivad - AA-reitinguga CE Level 2, testitud ja heakskiidetud \u00f5la-, k\u00fc\u00fcnarnuki ja seljakaitsmed on kaasas. Suurendatud esi- ja [&hellip;]<\/p>\n","protected":false},"featured_media":22517,"template":"","meta":{"_acf_changed":false},"product_cat":[1007],"product_tag":[],"class_list":{"0":"post-26977","1":"product","2":"type-product","3":"status-publish","4":"has-post-thumbnail","6":"product_cat-jakid-ja-tagid","7":"pa_brand-motogirl-et","9":"first","10":"instock","11":"taxable","12":"shipping-taxable","13":"purchasable","14":"product-type-variable","swatches":"rey-swatches","show_selected":""},"acf":[],"yoast_head":"<!-- This site is optimized with the Yoast SEO plugin v27.6 - https:\/\/yoast.com\/product\/yoast-seo-wordpress\/ -->\n<title>Valerie must nahkjakk | Motorock<\/title>\n<meta name=\"robots\" content=\"index, follow, max-snippet:-1, max-image-preview:large, max-video-preview:-1\" \/>\n<link rel=\"canonical\" href=\"https:\/\/motorock.eu\/et\/toode\/valerie-must-nahkjakk\/\" \/>\n<meta property=\"og:locale\" content=\"et_EE\" \/>\n<meta property=\"og:type\" content=\"article\" \/>\n<meta property=\"og:title\" content=\"Valerie must nahkjakk | Motorock\" \/>\n<meta property=\"og:description\" content=\"Valerie must nahkjakk K\u00e4sitsi vahatatud lehmanahast poolaniliinnahast jope on disainitud nii, et see oleks sobilik, mugav ja praktiline igap\u00e4evaseks ratsutamiseks. Minimaalne markeering, kasutage jope jalgrattal v\u00f5i ilma. Saadaval teistes v\u00e4rvides. Omadused CE &amp; UKCA sertifitseeritud ja heakskiidetud r\u00f5ivad - AA-reitinguga CE Level 2, testitud ja heakskiidetud \u00f5la-, k\u00fc\u00fcnarnuki ja seljakaitsmed on kaasas. Suurendatud esi- ja [&hellip;]\" \/>\n<meta property=\"og:url\" content=\"https:\/\/motorock.eu\/et\/toode\/valerie-must-nahkjakk\/\" \/>\n<meta property=\"og:site_name\" content=\"Motorock\" \/>\n<meta property=\"og:image\" content=\"https:\/\/cdn.shopify.com\/s\/files\/1\/0320\/4343\/4029\/files\/57Zsboi7_UI-JACKETS_UKCA_CE_SATRA.png?v=1726829254\" \/>\n<meta name=\"twitter:card\" content=\"summary_large_image\" \/>\n<meta name=\"twitter:label1\" content=\"Est. reading time\" \/>\n\t<meta name=\"twitter:data1\" content=\"1 minut\" \/>\n<script type=\"application\/ld+json\" class=\"yoast-schema-graph\">{\"@context\":\"https:\\\/\\\/schema.org\",\"@graph\":[{\"@type\":\"WebPage\",\"@id\":\"https:\\\/\\\/motorock.eu\\\/et\\\/toode\\\/valerie-must-nahkjakk\\\/\",\"url\":\"https:\\\/\\\/motorock.eu\\\/et\\\/toode\\\/valerie-must-nahkjakk\\\/\",\"name\":\"Valerie must nahkjakk | Motorock\",\"isPartOf\":{\"@id\":\"https:\\\/\\\/motorock.eu\\\/et\\\/#website\"},\"primaryImageOfPage\":{\"@id\":\"https:\\\/\\\/motorock.eu\\\/et\\\/toode\\\/valerie-must-nahkjakk\\\/#primaryimage\"},\"image\":{\"@id\":\"https:\\\/\\\/motorock.eu\\\/et\\\/toode\\\/valerie-must-nahkjakk\\\/#primaryimage\"},\"thumbnailUrl\":\"https:\\\/\\\/motorock.eu\\\/wp-content\\\/uploads\\\/2026\\\/02\\\/BLACKAA-0nyo4y3w.png\",\"datePublished\":\"2026-02-11T19:34:26+00:00\",\"breadcrumb\":{\"@id\":\"https:\\\/\\\/motorock.eu\\\/et\\\/toode\\\/valerie-must-nahkjakk\\\/#breadcrumb\"},\"inLanguage\":\"et\",\"potentialAction\":[{\"@type\":\"ReadAction\",\"target\":[\"https:\\\/\\\/motorock.eu\\\/et\\\/toode\\\/valerie-must-nahkjakk\\\/\"]}]},{\"@type\":\"ImageObject\",\"inLanguage\":\"et\",\"@id\":\"https:\\\/\\\/motorock.eu\\\/et\\\/toode\\\/valerie-must-nahkjakk\\\/#primaryimage\",\"url\":\"https:\\\/\\\/motorock.eu\\\/wp-content\\\/uploads\\\/2026\\\/02\\\/BLACKAA-0nyo4y3w.png\",\"contentUrl\":\"https:\\\/\\\/motorock.eu\\\/wp-content\\\/uploads\\\/2026\\\/02\\\/BLACKAA-0nyo4y3w.png\",\"width\":1960,\"height\":1771},{\"@type\":\"BreadcrumbList\",\"@id\":\"https:\\\/\\\/motorock.eu\\\/et\\\/toode\\\/valerie-must-nahkjakk\\\/#breadcrumb\",\"itemListElement\":[{\"@type\":\"ListItem\",\"position\":1,\"name\":\"Koduleht\",\"item\":\"https:\\\/\\\/motorock.eu\\\/et\\\/\"},{\"@type\":\"ListItem\",\"position\":2,\"name\":\"Pood\",\"item\":\"https:\\\/\\\/motorock.eu\\\/et\\\/pood\\\/\"},{\"@type\":\"ListItem\",\"position\":3,\"name\":\"Valerie must nahkjakk\"}]},{\"@type\":\"WebSite\",\"@id\":\"https:\\\/\\\/motorock.eu\\\/et\\\/#website\",\"url\":\"https:\\\/\\\/motorock.eu\\\/et\\\/\",\"name\":\"Motorock\",\"description\":\"Sinu elustiil, sinu teekond!\",\"publisher\":{\"@id\":\"https:\\\/\\\/motorock.eu\\\/et\\\/#organization\"},\"potentialAction\":[{\"@type\":\"SearchAction\",\"target\":{\"@type\":\"EntryPoint\",\"urlTemplate\":\"https:\\\/\\\/motorock.eu\\\/et\\\/?s={search_term_string}\"},\"query-input\":{\"@type\":\"PropertyValueSpecification\",\"valueRequired\":true,\"valueName\":\"search_term_string\"}}],\"inLanguage\":\"et\"},{\"@type\":\"Organization\",\"@id\":\"https:\\\/\\\/motorock.eu\\\/et\\\/#organization\",\"name\":\"Motorock\",\"url\":\"https:\\\/\\\/motorock.eu\\\/et\\\/\",\"logo\":{\"@type\":\"ImageObject\",\"inLanguage\":\"et\",\"@id\":\"https:\\\/\\\/motorock.eu\\\/et\\\/#\\\/schema\\\/logo\\\/image\\\/\",\"url\":\"https:\\\/\\\/motorock.eu\\\/wp-content\\\/uploads\\\/2025\\\/05\\\/Group.png\",\"contentUrl\":\"https:\\\/\\\/motorock.eu\\\/wp-content\\\/uploads\\\/2025\\\/05\\\/Group.png\",\"width\":2185,\"height\":677,\"caption\":\"Motorock\"},\"image\":{\"@id\":\"https:\\\/\\\/motorock.eu\\\/et\\\/#\\\/schema\\\/logo\\\/image\\\/\"}}]}<\/script>\n<!-- \/ Yoast SEO plugin. -->","yoast_head_json":{"title":"Valerie must nahkjakk | Motorock","robots":{"index":"index","follow":"follow","max-snippet":"max-snippet:-1","max-image-preview":"max-image-preview:large","max-video-preview":"max-video-preview:-1"},"canonical":"https:\/\/motorock.eu\/et\/toode\/valerie-must-nahkjakk\/","og_locale":"et_EE","og_type":"article","og_title":"Valerie must nahkjakk | Motorock","og_description":"Valerie must nahkjakk K\u00e4sitsi vahatatud lehmanahast poolaniliinnahast jope on disainitud nii, et see oleks sobilik, mugav ja praktiline igap\u00e4evaseks ratsutamiseks. Minimaalne markeering, kasutage jope jalgrattal v\u00f5i ilma. Saadaval teistes v\u00e4rvides. Omadused CE &amp; UKCA sertifitseeritud ja heakskiidetud r\u00f5ivad - AA-reitinguga CE Level 2, testitud ja heakskiidetud \u00f5la-, k\u00fc\u00fcnarnuki ja seljakaitsmed on kaasas. Suurendatud esi- ja [&hellip;]","og_url":"https:\/\/motorock.eu\/et\/toode\/valerie-must-nahkjakk\/","og_site_name":"Motorock","og_image":[{"url":"https:\/\/cdn.shopify.com\/s\/files\/1\/0320\/4343\/4029\/files\/57Zsboi7_UI-JACKETS_UKCA_CE_SATRA.png?v=1726829254","type":"","width":"","height":""}],"twitter_card":"summary_large_image","twitter_misc":{"Est. reading time":"1 minut"},"schema":{"@context":"https:\/\/schema.org","@graph":[{"@type":"WebPage","@id":"https:\/\/motorock.eu\/et\/toode\/valerie-must-nahkjakk\/","url":"https:\/\/motorock.eu\/et\/toode\/valerie-must-nahkjakk\/","name":"Valerie must nahkjakk | Motorock","isPartOf":{"@id":"https:\/\/motorock.eu\/et\/#website"},"primaryImageOfPage":{"@id":"https:\/\/motorock.eu\/et\/toode\/valerie-must-nahkjakk\/#primaryimage"},"image":{"@id":"https:\/\/motorock.eu\/et\/toode\/valerie-must-nahkjakk\/#primaryimage"},"thumbnailUrl":"https:\/\/motorock.eu\/wp-content\/uploads\/2026\/02\/BLACKAA-0nyo4y3w.png","datePublished":"2026-02-11T19:34:26+00:00","breadcrumb":{"@id":"https:\/\/motorock.eu\/et\/toode\/valerie-must-nahkjakk\/#breadcrumb"},"inLanguage":"et","potentialAction":[{"@type":"ReadAction","target":["https:\/\/motorock.eu\/et\/toode\/valerie-must-nahkjakk\/"]}]},{"@type":"ImageObject","inLanguage":"et","@id":"https:\/\/motorock.eu\/et\/toode\/valerie-must-nahkjakk\/#primaryimage","url":"https:\/\/motorock.eu\/wp-content\/uploads\/2026\/02\/BLACKAA-0nyo4y3w.png","contentUrl":"https:\/\/motorock.eu\/wp-content\/uploads\/2026\/02\/BLACKAA-0nyo4y3w.png","width":1960,"height":1771},{"@type":"BreadcrumbList","@id":"https:\/\/motorock.eu\/et\/toode\/valerie-must-nahkjakk\/#breadcrumb","itemListElement":[{"@type":"ListItem","position":1,"name":"Koduleht","item":"https:\/\/motorock.eu\/et\/"},{"@type":"ListItem","position":2,"name":"Pood","item":"https:\/\/motorock.eu\/et\/pood\/"},{"@type":"ListItem","position":3,"name":"Valerie must nahkjakk"}]},{"@type":"WebSite","@id":"https:\/\/motorock.eu\/et\/#website","url":"https:\/\/motorock.eu\/et\/","name":"Motorock","description":"Sinu elustiil, sinu teekond!","publisher":{"@id":"https:\/\/motorock.eu\/et\/#organization"},"potentialAction":[{"@type":"SearchAction","target":{"@type":"EntryPoint","urlTemplate":"https:\/\/motorock.eu\/et\/?s={search_term_string}"},"query-input":{"@type":"PropertyValueSpecification","valueRequired":true,"valueName":"search_term_string"}}],"inLanguage":"et"},{"@type":"Organization","@id":"https:\/\/motorock.eu\/et\/#organization","name":"Motorock","url":"https:\/\/motorock.eu\/et\/","logo":{"@type":"ImageObject","inLanguage":"et","@id":"https:\/\/motorock.eu\/et\/#\/schema\/logo\/image\/","url":"https:\/\/motorock.eu\/wp-content\/uploads\/2025\/05\/Group.png","contentUrl":"https:\/\/motorock.eu\/wp-content\/uploads\/2025\/05\/Group.png","width":2185,"height":677,"caption":"Motorock"},"image":{"@id":"https:\/\/motorock.eu\/et\/#\/schema\/logo\/image\/"}}]}},"_links":{"self":[{"href":"https:\/\/motorock.eu\/et\/wp-json\/wp\/v2\/product\/26977","targetHints":{"allow":["GET"]}}],"collection":[{"href":"https:\/\/motorock.eu\/et\/wp-json\/wp\/v2\/product"}],"about":[{"href":"https:\/\/motorock.eu\/et\/wp-json\/wp\/v2\/types\/product"}],"wp:featuredmedia":[{"embeddable":true,"href":"https:\/\/motorock.eu\/et\/wp-json\/wp\/v2\/media\/22517"}],"wp:attachment":[{"href":"https:\/\/motorock.eu\/et\/wp-json\/wp\/v2\/media?parent=26977"}],"wp:term":[{"taxonomy":"product_cat","embeddable":true,"href":"https:\/\/motorock.eu\/et\/wp-json\/wp\/v2\/product_cat?post=26977"},{"taxonomy":"product_tag","embeddable":true,"href":"https:\/\/motorock.eu\/et\/wp-json\/wp\/v2\/product_tag?post=26977"}],"curies":[{"name":"wp","href":"https:\/\/api.w.org\/{rel}","templated":true}]}}