{"id":26470,"date":"2026-02-11T21:28:37","date_gmt":"2026-02-11T19:28:37","guid":{"rendered":"https:\/\/motorock.eu\/product\/commando-uh-black-meeste-kerge-mootorratta-jakk\/"},"modified":"2026-02-11T21:28:37","modified_gmt":"2026-02-11T19:28:37","slug":"commando-uh-black-meeste-kerge-mootorratta-jakk","status":"publish","type":"product","link":"https:\/\/motorock.eu\/et\/toode\/commando-uh-black-meeste-kerge-mootorratta-jakk\/","title":{"rendered":"COMMANDO UH BLACK meeste kerge mootorratta jakk"},"content":{"rendered":"<p>K\u00f5rgetasemeline kaitse ka k\u00f5ige kuumematel suvep\u00e4evadel. CORDURA\u00ae v\u00f5rk on t\u00e4iuslikult integreeritud rindkere ja varruka sisek\u00fclje piirkonda, mis tagab optimaalse \u00f5huvoolu, et v\u00e4ltida higistamist. \u00c4\u00e4rmiselt vastupidav power-stretch BALISTEX\u00ae kangas istub ideaalselt ja tagab maksimaalse ohutuse, v\u00f5imaldades samal ajal piiramatut liikumist mootorratta s\u00f5idu ajal. Bi-stretch-kangas hoiab vaatamata teie keha liikumisele soomuspadjad paigal. Meeste alusjope on koos D3O\u00ae LP2 CE taseme 2 k\u00fc\u00fcnarnuki- ja \u00f5lgade soomuskaitsega. Teil on ka v\u00f5imalus lisada Quatroflex CE Level 2 seljaparmor, mis tuleb eraldi, kui otsite lisakaitset. COMMANDO UH BLACKi kerge jope on t\u00e4ielikult CE-kinnitatud - toimivusaste AAA vastavalt standardile EN 17092-2:2020. Oluline on mainida, et see jope on universaalne, sest seda v\u00f5ib kanda \u00fcksi, kerge T-s\u00e4rgi peal v\u00f5i mis tahes muu jope all, peamise kaitsekihina. COMMANDO UH BLACK aluskihti saab osta nii Pando jaem\u00fc\u00fcgipoest kui ka Pando veebipoest. Valmistu soojaks hooajaks juba t\u00e4na.         <\/p>\n","protected":false},"excerpt":{"rendered":"<p>K\u00f5rgetasemeline kaitse ka k\u00f5ige kuumematel suvep\u00e4evadel. CORDURA\u00ae v\u00f5rk on t\u00e4iuslikult integreeritud rindkere ja varruka sisek\u00fclje piirkonda, mis tagab optimaalse \u00f5huvoolu, et v\u00e4ltida higistamist. \u00c4\u00e4rmiselt vastupidav power-stretch BALISTEX\u00ae kangas istub ideaalselt ja tagab maksimaalse ohutuse, v\u00f5imaldades samal ajal piiramatut liikumist mootorratta s\u00f5idu ajal. Bi-stretch-kangas hoiab vaatamata teie keha liikumisele soomuspadjad paigal. Meeste alusjope on koos D3O\u00ae [&hellip;]<\/p>\n","protected":false},"featured_media":20682,"template":"","meta":{"_acf_changed":false},"product_cat":[1022],"product_tag":[],"class_list":{"0":"post-26470","1":"product","2":"type-product","3":"status-publish","4":"has-post-thumbnail","6":"product_cat-t-sargid-ja-sargid","7":"pa_brand-pando","9":"first","10":"instock","11":"taxable","12":"shipping-taxable","13":"purchasable","14":"product-type-variable","swatches":"rey-swatches","show_selected":""},"acf":[],"yoast_head":"<!-- This site is optimized with the Yoast SEO plugin v27.6 - https:\/\/yoast.com\/product\/yoast-seo-wordpress\/ -->\n<title>COMMANDO UH BLACK meeste kerge mootorratta jakk | Motorock<\/title>\n<meta name=\"robots\" content=\"index, follow, max-snippet:-1, max-image-preview:large, max-video-preview:-1\" \/>\n<link rel=\"canonical\" href=\"https:\/\/motorock.eu\/et\/toode\/commando-uh-black-meeste-kerge-mootorratta-jakk\/\" \/>\n<meta property=\"og:locale\" content=\"et_EE\" \/>\n<meta property=\"og:type\" content=\"article\" \/>\n<meta property=\"og:title\" content=\"COMMANDO UH BLACK meeste kerge mootorratta jakk | Motorock\" \/>\n<meta property=\"og:description\" content=\"K\u00f5rgetasemeline kaitse ka k\u00f5ige kuumematel suvep\u00e4evadel. CORDURA\u00ae v\u00f5rk on t\u00e4iuslikult integreeritud rindkere ja varruka sisek\u00fclje piirkonda, mis tagab optimaalse \u00f5huvoolu, et v\u00e4ltida higistamist. \u00c4\u00e4rmiselt vastupidav power-stretch BALISTEX\u00ae kangas istub ideaalselt ja tagab maksimaalse ohutuse, v\u00f5imaldades samal ajal piiramatut liikumist mootorratta s\u00f5idu ajal. Bi-stretch-kangas hoiab vaatamata teie keha liikumisele soomuspadjad paigal. Meeste alusjope on koos D3O\u00ae [&hellip;]\" \/>\n<meta property=\"og:url\" content=\"https:\/\/motorock.eu\/et\/toode\/commando-uh-black-meeste-kerge-mootorratta-jakk\/\" \/>\n<meta property=\"og:site_name\" content=\"Motorock\" \/>\n<meta property=\"og:image\" content=\"https:\/\/motorock.eu\/wp-content\/uploads\/2025\/09\/Motorock-og-image-min.jpg\" \/>\n\t<meta property=\"og:image:width\" content=\"1200\" \/>\n\t<meta property=\"og:image:height\" content=\"675\" \/>\n\t<meta property=\"og:image:type\" content=\"image\/jpeg\" \/>\n<meta name=\"twitter:card\" content=\"summary_large_image\" \/>\n<meta name=\"twitter:label1\" content=\"Est. reading time\" \/>\n\t<meta name=\"twitter:data1\" content=\"1 minut\" \/>\n<script type=\"application\/ld+json\" class=\"yoast-schema-graph\">{\"@context\":\"https:\\\/\\\/schema.org\",\"@graph\":[{\"@type\":\"WebPage\",\"@id\":\"https:\\\/\\\/motorock.eu\\\/et\\\/toode\\\/commando-uh-black-meeste-kerge-mootorratta-jakk\\\/\",\"url\":\"https:\\\/\\\/motorock.eu\\\/et\\\/toode\\\/commando-uh-black-meeste-kerge-mootorratta-jakk\\\/\",\"name\":\"COMMANDO UH BLACK meeste kerge mootorratta jakk | Motorock\",\"isPartOf\":{\"@id\":\"https:\\\/\\\/motorock.eu\\\/et\\\/#website\"},\"primaryImageOfPage\":{\"@id\":\"https:\\\/\\\/motorock.eu\\\/et\\\/toode\\\/commando-uh-black-meeste-kerge-mootorratta-jakk\\\/#primaryimage\"},\"image\":{\"@id\":\"https:\\\/\\\/motorock.eu\\\/et\\\/toode\\\/commando-uh-black-meeste-kerge-mootorratta-jakk\\\/#primaryimage\"},\"thumbnailUrl\":\"https:\\\/\\\/motorock.eu\\\/wp-content\\\/uploads\\\/2026\\\/02\\\/Commando-UH-black-4-2.jpg\",\"datePublished\":\"2026-02-11T19:28:37+00:00\",\"breadcrumb\":{\"@id\":\"https:\\\/\\\/motorock.eu\\\/et\\\/toode\\\/commando-uh-black-meeste-kerge-mootorratta-jakk\\\/#breadcrumb\"},\"inLanguage\":\"et\",\"potentialAction\":[{\"@type\":\"ReadAction\",\"target\":[\"https:\\\/\\\/motorock.eu\\\/et\\\/toode\\\/commando-uh-black-meeste-kerge-mootorratta-jakk\\\/\"]}]},{\"@type\":\"ImageObject\",\"inLanguage\":\"et\",\"@id\":\"https:\\\/\\\/motorock.eu\\\/et\\\/toode\\\/commando-uh-black-meeste-kerge-mootorratta-jakk\\\/#primaryimage\",\"url\":\"https:\\\/\\\/motorock.eu\\\/wp-content\\\/uploads\\\/2026\\\/02\\\/Commando-UH-black-4-2.jpg\",\"contentUrl\":\"https:\\\/\\\/motorock.eu\\\/wp-content\\\/uploads\\\/2026\\\/02\\\/Commando-UH-black-4-2.jpg\",\"width\":1000,\"height\":1500},{\"@type\":\"BreadcrumbList\",\"@id\":\"https:\\\/\\\/motorock.eu\\\/et\\\/toode\\\/commando-uh-black-meeste-kerge-mootorratta-jakk\\\/#breadcrumb\",\"itemListElement\":[{\"@type\":\"ListItem\",\"position\":1,\"name\":\"Koduleht\",\"item\":\"https:\\\/\\\/motorock.eu\\\/et\\\/\"},{\"@type\":\"ListItem\",\"position\":2,\"name\":\"Pood\",\"item\":\"https:\\\/\\\/motorock.eu\\\/et\\\/pood\\\/\"},{\"@type\":\"ListItem\",\"position\":3,\"name\":\"COMMANDO UH BLACK meeste kerge mootorratta jakk\"}]},{\"@type\":\"WebSite\",\"@id\":\"https:\\\/\\\/motorock.eu\\\/et\\\/#website\",\"url\":\"https:\\\/\\\/motorock.eu\\\/et\\\/\",\"name\":\"Motorock\",\"description\":\"Sinu elustiil, sinu teekond!\",\"publisher\":{\"@id\":\"https:\\\/\\\/motorock.eu\\\/et\\\/#organization\"},\"potentialAction\":[{\"@type\":\"SearchAction\",\"target\":{\"@type\":\"EntryPoint\",\"urlTemplate\":\"https:\\\/\\\/motorock.eu\\\/et\\\/?s={search_term_string}\"},\"query-input\":{\"@type\":\"PropertyValueSpecification\",\"valueRequired\":true,\"valueName\":\"search_term_string\"}}],\"inLanguage\":\"et\"},{\"@type\":\"Organization\",\"@id\":\"https:\\\/\\\/motorock.eu\\\/et\\\/#organization\",\"name\":\"Motorock\",\"url\":\"https:\\\/\\\/motorock.eu\\\/et\\\/\",\"logo\":{\"@type\":\"ImageObject\",\"inLanguage\":\"et\",\"@id\":\"https:\\\/\\\/motorock.eu\\\/et\\\/#\\\/schema\\\/logo\\\/image\\\/\",\"url\":\"https:\\\/\\\/motorock.eu\\\/wp-content\\\/uploads\\\/2025\\\/05\\\/Group.png\",\"contentUrl\":\"https:\\\/\\\/motorock.eu\\\/wp-content\\\/uploads\\\/2025\\\/05\\\/Group.png\",\"width\":2185,\"height\":677,\"caption\":\"Motorock\"},\"image\":{\"@id\":\"https:\\\/\\\/motorock.eu\\\/et\\\/#\\\/schema\\\/logo\\\/image\\\/\"}}]}<\/script>\n<!-- \/ Yoast SEO plugin. -->","yoast_head_json":{"title":"COMMANDO UH BLACK meeste kerge mootorratta jakk | Motorock","robots":{"index":"index","follow":"follow","max-snippet":"max-snippet:-1","max-image-preview":"max-image-preview:large","max-video-preview":"max-video-preview:-1"},"canonical":"https:\/\/motorock.eu\/et\/toode\/commando-uh-black-meeste-kerge-mootorratta-jakk\/","og_locale":"et_EE","og_type":"article","og_title":"COMMANDO UH BLACK meeste kerge mootorratta jakk | Motorock","og_description":"K\u00f5rgetasemeline kaitse ka k\u00f5ige kuumematel suvep\u00e4evadel. CORDURA\u00ae v\u00f5rk on t\u00e4iuslikult integreeritud rindkere ja varruka sisek\u00fclje piirkonda, mis tagab optimaalse \u00f5huvoolu, et v\u00e4ltida higistamist. \u00c4\u00e4rmiselt vastupidav power-stretch BALISTEX\u00ae kangas istub ideaalselt ja tagab maksimaalse ohutuse, v\u00f5imaldades samal ajal piiramatut liikumist mootorratta s\u00f5idu ajal. Bi-stretch-kangas hoiab vaatamata teie keha liikumisele soomuspadjad paigal. Meeste alusjope on koos D3O\u00ae [&hellip;]","og_url":"https:\/\/motorock.eu\/et\/toode\/commando-uh-black-meeste-kerge-mootorratta-jakk\/","og_site_name":"Motorock","og_image":[{"width":1200,"height":675,"url":"https:\/\/motorock.eu\/wp-content\/uploads\/2025\/09\/Motorock-og-image-min.jpg","type":"image\/jpeg"}],"twitter_card":"summary_large_image","twitter_misc":{"Est. reading time":"1 minut"},"schema":{"@context":"https:\/\/schema.org","@graph":[{"@type":"WebPage","@id":"https:\/\/motorock.eu\/et\/toode\/commando-uh-black-meeste-kerge-mootorratta-jakk\/","url":"https:\/\/motorock.eu\/et\/toode\/commando-uh-black-meeste-kerge-mootorratta-jakk\/","name":"COMMANDO UH BLACK meeste kerge mootorratta jakk | Motorock","isPartOf":{"@id":"https:\/\/motorock.eu\/et\/#website"},"primaryImageOfPage":{"@id":"https:\/\/motorock.eu\/et\/toode\/commando-uh-black-meeste-kerge-mootorratta-jakk\/#primaryimage"},"image":{"@id":"https:\/\/motorock.eu\/et\/toode\/commando-uh-black-meeste-kerge-mootorratta-jakk\/#primaryimage"},"thumbnailUrl":"https:\/\/motorock.eu\/wp-content\/uploads\/2026\/02\/Commando-UH-black-4-2.jpg","datePublished":"2026-02-11T19:28:37+00:00","breadcrumb":{"@id":"https:\/\/motorock.eu\/et\/toode\/commando-uh-black-meeste-kerge-mootorratta-jakk\/#breadcrumb"},"inLanguage":"et","potentialAction":[{"@type":"ReadAction","target":["https:\/\/motorock.eu\/et\/toode\/commando-uh-black-meeste-kerge-mootorratta-jakk\/"]}]},{"@type":"ImageObject","inLanguage":"et","@id":"https:\/\/motorock.eu\/et\/toode\/commando-uh-black-meeste-kerge-mootorratta-jakk\/#primaryimage","url":"https:\/\/motorock.eu\/wp-content\/uploads\/2026\/02\/Commando-UH-black-4-2.jpg","contentUrl":"https:\/\/motorock.eu\/wp-content\/uploads\/2026\/02\/Commando-UH-black-4-2.jpg","width":1000,"height":1500},{"@type":"BreadcrumbList","@id":"https:\/\/motorock.eu\/et\/toode\/commando-uh-black-meeste-kerge-mootorratta-jakk\/#breadcrumb","itemListElement":[{"@type":"ListItem","position":1,"name":"Koduleht","item":"https:\/\/motorock.eu\/et\/"},{"@type":"ListItem","position":2,"name":"Pood","item":"https:\/\/motorock.eu\/et\/pood\/"},{"@type":"ListItem","position":3,"name":"COMMANDO UH BLACK meeste kerge mootorratta jakk"}]},{"@type":"WebSite","@id":"https:\/\/motorock.eu\/et\/#website","url":"https:\/\/motorock.eu\/et\/","name":"Motorock","description":"Sinu elustiil, sinu teekond!","publisher":{"@id":"https:\/\/motorock.eu\/et\/#organization"},"potentialAction":[{"@type":"SearchAction","target":{"@type":"EntryPoint","urlTemplate":"https:\/\/motorock.eu\/et\/?s={search_term_string}"},"query-input":{"@type":"PropertyValueSpecification","valueRequired":true,"valueName":"search_term_string"}}],"inLanguage":"et"},{"@type":"Organization","@id":"https:\/\/motorock.eu\/et\/#organization","name":"Motorock","url":"https:\/\/motorock.eu\/et\/","logo":{"@type":"ImageObject","inLanguage":"et","@id":"https:\/\/motorock.eu\/et\/#\/schema\/logo\/image\/","url":"https:\/\/motorock.eu\/wp-content\/uploads\/2025\/05\/Group.png","contentUrl":"https:\/\/motorock.eu\/wp-content\/uploads\/2025\/05\/Group.png","width":2185,"height":677,"caption":"Motorock"},"image":{"@id":"https:\/\/motorock.eu\/et\/#\/schema\/logo\/image\/"}}]}},"_links":{"self":[{"href":"https:\/\/motorock.eu\/et\/wp-json\/wp\/v2\/product\/26470","targetHints":{"allow":["GET"]}}],"collection":[{"href":"https:\/\/motorock.eu\/et\/wp-json\/wp\/v2\/product"}],"about":[{"href":"https:\/\/motorock.eu\/et\/wp-json\/wp\/v2\/types\/product"}],"wp:featuredmedia":[{"embeddable":true,"href":"https:\/\/motorock.eu\/et\/wp-json\/wp\/v2\/media\/20682"}],"wp:attachment":[{"href":"https:\/\/motorock.eu\/et\/wp-json\/wp\/v2\/media?parent=26470"}],"wp:term":[{"taxonomy":"product_cat","embeddable":true,"href":"https:\/\/motorock.eu\/et\/wp-json\/wp\/v2\/product_cat?post=26470"},{"taxonomy":"product_tag","embeddable":true,"href":"https:\/\/motorock.eu\/et\/wp-json\/wp\/v2\/product_tag?post=26470"}],"curies":[{"name":"wp","href":"https:\/\/api.w.org\/{rel}","templated":true}]}}