{"id":26203,"date":"2026-02-11T21:25:18","date_gmt":"2026-02-11T19:25:18","guid":{"rendered":"https:\/\/motorock.eu\/product\/bobhead-reaper-varjud\/"},"modified":"2026-02-11T21:25:18","modified_gmt":"2026-02-11T19:25:18","slug":"bobhead-reaper-varjud","status":"publish","type":"product","link":"https:\/\/motorock.eu\/et\/toode\/bobhead-reaper-varjud\/","title":{"rendered":"BOBHEAD Reaper varjud"},"content":{"rendered":"<p>BOBHEAD Reaper - Shades. T\u00e4pselt see, mida te tahaksite klassikalistelt mustadelt p\u00e4ikeseprillidelt. Matt must viimistlus, tumedad Polaroid-linsid koos OG BOBHEADi 3D-l\u00e4ikiva koljuga k\u00e4epidemetel, mis tagavad meie poolt nii h\u00e4sti teostatud detailid.  <\/p>\n","protected":false},"excerpt":{"rendered":"<p>BOBHEAD Reaper - Shades. T\u00e4pselt see, mida te tahaksite klassikalistelt mustadelt p\u00e4ikeseprillidelt. Matt must viimistlus, tumedad Polaroid-linsid koos OG BOBHEADi 3D-l\u00e4ikiva koljuga k\u00e4epidemetel, mis tagavad meie poolt nii h\u00e4sti teostatud detailid.<\/p>\n","protected":false},"featured_media":19438,"template":"","meta":{"_acf_changed":false},"product_cat":[1009],"product_tag":[],"class_list":{"0":"post-26203","1":"product","2":"type-product","3":"status-publish","4":"has-post-thumbnail","6":"product_cat-prillid-prillid","7":"pa_brand-bobhead","9":"first","10":"instock","11":"taxable","12":"shipping-taxable","13":"purchasable","14":"product-type-simple","swatches":"rey-swatches","show_selected":""},"acf":[],"yoast_head":"<!-- This site is optimized with the Yoast SEO plugin v27.6 - https:\/\/yoast.com\/product\/yoast-seo-wordpress\/ -->\n<title>BOBHEAD Reaper varjud | Motorock<\/title>\n<meta name=\"robots\" content=\"index, follow, max-snippet:-1, max-image-preview:large, max-video-preview:-1\" \/>\n<link rel=\"canonical\" href=\"https:\/\/motorock.eu\/et\/toode\/bobhead-reaper-varjud\/\" \/>\n<meta property=\"og:locale\" content=\"et_EE\" \/>\n<meta property=\"og:type\" content=\"article\" \/>\n<meta property=\"og:title\" content=\"BOBHEAD Reaper varjud | Motorock\" \/>\n<meta property=\"og:description\" content=\"BOBHEAD Reaper - Shades. T\u00e4pselt see, mida te tahaksite klassikalistelt mustadelt p\u00e4ikeseprillidelt. Matt must viimistlus, tumedad Polaroid-linsid koos OG BOBHEADi 3D-l\u00e4ikiva koljuga k\u00e4epidemetel, mis tagavad meie poolt nii h\u00e4sti teostatud detailid.\" \/>\n<meta property=\"og:url\" content=\"https:\/\/motorock.eu\/et\/toode\/bobhead-reaper-varjud\/\" \/>\n<meta property=\"og:site_name\" content=\"Motorock\" \/>\n<meta property=\"og:image\" content=\"https:\/\/motorock.eu\/wp-content\/uploads\/2026\/02\/Reaper-Shades-1.jpg\" \/>\n\t<meta property=\"og:image:width\" content=\"567\" \/>\n\t<meta property=\"og:image:height\" content=\"567\" \/>\n\t<meta property=\"og:image:type\" content=\"image\/jpeg\" \/>\n<meta name=\"twitter:card\" content=\"summary_large_image\" \/>\n<script type=\"application\/ld+json\" class=\"yoast-schema-graph\">{\"@context\":\"https:\\\/\\\/schema.org\",\"@graph\":[{\"@type\":\"WebPage\",\"@id\":\"https:\\\/\\\/motorock.eu\\\/et\\\/toode\\\/bobhead-reaper-varjud\\\/\",\"url\":\"https:\\\/\\\/motorock.eu\\\/et\\\/toode\\\/bobhead-reaper-varjud\\\/\",\"name\":\"BOBHEAD Reaper varjud | Motorock\",\"isPartOf\":{\"@id\":\"https:\\\/\\\/motorock.eu\\\/et\\\/#website\"},\"primaryImageOfPage\":{\"@id\":\"https:\\\/\\\/motorock.eu\\\/et\\\/toode\\\/bobhead-reaper-varjud\\\/#primaryimage\"},\"image\":{\"@id\":\"https:\\\/\\\/motorock.eu\\\/et\\\/toode\\\/bobhead-reaper-varjud\\\/#primaryimage\"},\"thumbnailUrl\":\"https:\\\/\\\/motorock.eu\\\/wp-content\\\/uploads\\\/2026\\\/02\\\/Reaper-Shades-1.jpg\",\"datePublished\":\"2026-02-11T19:25:18+00:00\",\"breadcrumb\":{\"@id\":\"https:\\\/\\\/motorock.eu\\\/et\\\/toode\\\/bobhead-reaper-varjud\\\/#breadcrumb\"},\"inLanguage\":\"et\",\"potentialAction\":[{\"@type\":\"ReadAction\",\"target\":[\"https:\\\/\\\/motorock.eu\\\/et\\\/toode\\\/bobhead-reaper-varjud\\\/\"]}]},{\"@type\":\"ImageObject\",\"inLanguage\":\"et\",\"@id\":\"https:\\\/\\\/motorock.eu\\\/et\\\/toode\\\/bobhead-reaper-varjud\\\/#primaryimage\",\"url\":\"https:\\\/\\\/motorock.eu\\\/wp-content\\\/uploads\\\/2026\\\/02\\\/Reaper-Shades-1.jpg\",\"contentUrl\":\"https:\\\/\\\/motorock.eu\\\/wp-content\\\/uploads\\\/2026\\\/02\\\/Reaper-Shades-1.jpg\",\"width\":567,\"height\":567},{\"@type\":\"BreadcrumbList\",\"@id\":\"https:\\\/\\\/motorock.eu\\\/et\\\/toode\\\/bobhead-reaper-varjud\\\/#breadcrumb\",\"itemListElement\":[{\"@type\":\"ListItem\",\"position\":1,\"name\":\"Koduleht\",\"item\":\"https:\\\/\\\/motorock.eu\\\/et\\\/\"},{\"@type\":\"ListItem\",\"position\":2,\"name\":\"Pood\",\"item\":\"https:\\\/\\\/motorock.eu\\\/et\\\/pood\\\/\"},{\"@type\":\"ListItem\",\"position\":3,\"name\":\"BOBHEAD Reaper varjud\"}]},{\"@type\":\"WebSite\",\"@id\":\"https:\\\/\\\/motorock.eu\\\/et\\\/#website\",\"url\":\"https:\\\/\\\/motorock.eu\\\/et\\\/\",\"name\":\"Motorock\",\"description\":\"Sinu elustiil, sinu teekond!\",\"publisher\":{\"@id\":\"https:\\\/\\\/motorock.eu\\\/et\\\/#organization\"},\"potentialAction\":[{\"@type\":\"SearchAction\",\"target\":{\"@type\":\"EntryPoint\",\"urlTemplate\":\"https:\\\/\\\/motorock.eu\\\/et\\\/?s={search_term_string}\"},\"query-input\":{\"@type\":\"PropertyValueSpecification\",\"valueRequired\":true,\"valueName\":\"search_term_string\"}}],\"inLanguage\":\"et\"},{\"@type\":\"Organization\",\"@id\":\"https:\\\/\\\/motorock.eu\\\/et\\\/#organization\",\"name\":\"Motorock\",\"url\":\"https:\\\/\\\/motorock.eu\\\/et\\\/\",\"logo\":{\"@type\":\"ImageObject\",\"inLanguage\":\"et\",\"@id\":\"https:\\\/\\\/motorock.eu\\\/et\\\/#\\\/schema\\\/logo\\\/image\\\/\",\"url\":\"https:\\\/\\\/motorock.eu\\\/wp-content\\\/uploads\\\/2025\\\/05\\\/Group.png\",\"contentUrl\":\"https:\\\/\\\/motorock.eu\\\/wp-content\\\/uploads\\\/2025\\\/05\\\/Group.png\",\"width\":2185,\"height\":677,\"caption\":\"Motorock\"},\"image\":{\"@id\":\"https:\\\/\\\/motorock.eu\\\/et\\\/#\\\/schema\\\/logo\\\/image\\\/\"}}]}<\/script>\n<!-- \/ Yoast SEO plugin. -->","yoast_head_json":{"title":"BOBHEAD Reaper varjud | Motorock","robots":{"index":"index","follow":"follow","max-snippet":"max-snippet:-1","max-image-preview":"max-image-preview:large","max-video-preview":"max-video-preview:-1"},"canonical":"https:\/\/motorock.eu\/et\/toode\/bobhead-reaper-varjud\/","og_locale":"et_EE","og_type":"article","og_title":"BOBHEAD Reaper varjud | Motorock","og_description":"BOBHEAD Reaper - Shades. T\u00e4pselt see, mida te tahaksite klassikalistelt mustadelt p\u00e4ikeseprillidelt. Matt must viimistlus, tumedad Polaroid-linsid koos OG BOBHEADi 3D-l\u00e4ikiva koljuga k\u00e4epidemetel, mis tagavad meie poolt nii h\u00e4sti teostatud detailid.","og_url":"https:\/\/motorock.eu\/et\/toode\/bobhead-reaper-varjud\/","og_site_name":"Motorock","og_image":[{"width":567,"height":567,"url":"https:\/\/motorock.eu\/wp-content\/uploads\/2026\/02\/Reaper-Shades-1.jpg","type":"image\/jpeg"}],"twitter_card":"summary_large_image","schema":{"@context":"https:\/\/schema.org","@graph":[{"@type":"WebPage","@id":"https:\/\/motorock.eu\/et\/toode\/bobhead-reaper-varjud\/","url":"https:\/\/motorock.eu\/et\/toode\/bobhead-reaper-varjud\/","name":"BOBHEAD Reaper varjud | Motorock","isPartOf":{"@id":"https:\/\/motorock.eu\/et\/#website"},"primaryImageOfPage":{"@id":"https:\/\/motorock.eu\/et\/toode\/bobhead-reaper-varjud\/#primaryimage"},"image":{"@id":"https:\/\/motorock.eu\/et\/toode\/bobhead-reaper-varjud\/#primaryimage"},"thumbnailUrl":"https:\/\/motorock.eu\/wp-content\/uploads\/2026\/02\/Reaper-Shades-1.jpg","datePublished":"2026-02-11T19:25:18+00:00","breadcrumb":{"@id":"https:\/\/motorock.eu\/et\/toode\/bobhead-reaper-varjud\/#breadcrumb"},"inLanguage":"et","potentialAction":[{"@type":"ReadAction","target":["https:\/\/motorock.eu\/et\/toode\/bobhead-reaper-varjud\/"]}]},{"@type":"ImageObject","inLanguage":"et","@id":"https:\/\/motorock.eu\/et\/toode\/bobhead-reaper-varjud\/#primaryimage","url":"https:\/\/motorock.eu\/wp-content\/uploads\/2026\/02\/Reaper-Shades-1.jpg","contentUrl":"https:\/\/motorock.eu\/wp-content\/uploads\/2026\/02\/Reaper-Shades-1.jpg","width":567,"height":567},{"@type":"BreadcrumbList","@id":"https:\/\/motorock.eu\/et\/toode\/bobhead-reaper-varjud\/#breadcrumb","itemListElement":[{"@type":"ListItem","position":1,"name":"Koduleht","item":"https:\/\/motorock.eu\/et\/"},{"@type":"ListItem","position":2,"name":"Pood","item":"https:\/\/motorock.eu\/et\/pood\/"},{"@type":"ListItem","position":3,"name":"BOBHEAD Reaper varjud"}]},{"@type":"WebSite","@id":"https:\/\/motorock.eu\/et\/#website","url":"https:\/\/motorock.eu\/et\/","name":"Motorock","description":"Sinu elustiil, sinu teekond!","publisher":{"@id":"https:\/\/motorock.eu\/et\/#organization"},"potentialAction":[{"@type":"SearchAction","target":{"@type":"EntryPoint","urlTemplate":"https:\/\/motorock.eu\/et\/?s={search_term_string}"},"query-input":{"@type":"PropertyValueSpecification","valueRequired":true,"valueName":"search_term_string"}}],"inLanguage":"et"},{"@type":"Organization","@id":"https:\/\/motorock.eu\/et\/#organization","name":"Motorock","url":"https:\/\/motorock.eu\/et\/","logo":{"@type":"ImageObject","inLanguage":"et","@id":"https:\/\/motorock.eu\/et\/#\/schema\/logo\/image\/","url":"https:\/\/motorock.eu\/wp-content\/uploads\/2025\/05\/Group.png","contentUrl":"https:\/\/motorock.eu\/wp-content\/uploads\/2025\/05\/Group.png","width":2185,"height":677,"caption":"Motorock"},"image":{"@id":"https:\/\/motorock.eu\/et\/#\/schema\/logo\/image\/"}}]}},"_links":{"self":[{"href":"https:\/\/motorock.eu\/et\/wp-json\/wp\/v2\/product\/26203","targetHints":{"allow":["GET"]}}],"collection":[{"href":"https:\/\/motorock.eu\/et\/wp-json\/wp\/v2\/product"}],"about":[{"href":"https:\/\/motorock.eu\/et\/wp-json\/wp\/v2\/types\/product"}],"wp:featuredmedia":[{"embeddable":true,"href":"https:\/\/motorock.eu\/et\/wp-json\/wp\/v2\/media\/19438"}],"wp:attachment":[{"href":"https:\/\/motorock.eu\/et\/wp-json\/wp\/v2\/media?parent=26203"}],"wp:term":[{"taxonomy":"product_cat","embeddable":true,"href":"https:\/\/motorock.eu\/et\/wp-json\/wp\/v2\/product_cat?post=26203"},{"taxonomy":"product_tag","embeddable":true,"href":"https:\/\/motorock.eu\/et\/wp-json\/wp\/v2\/product_tag?post=26203"}],"curies":[{"name":"wp","href":"https:\/\/api.w.org\/{rel}","templated":true}]}}