{"id":1388,"date":"2025-05-20T17:21:13","date_gmt":"2025-05-20T14:21:13","guid":{"rendered":"https:\/\/motorock.eu\/terms-conditions\/"},"modified":"2025-10-02T11:30:21","modified_gmt":"2025-10-02T08:30:21","slug":"tingimused","status":"publish","type":"page","link":"https:\/\/motorock.eu\/et\/tingimused\/","title":{"rendered":"M\u00fc\u00fcgitingimused"},"content":{"rendered":"\t\t<div data-elementor-type=\"wp-page\" data-elementor-id=\"1388\" class=\"elementor elementor-1388 elementor-36\" data-elementor-post-type=\"page\">\n\t\t\t\t\t\t<section class=\"elementor-section elementor-top-section elementor-element elementor-element-38f6974 mobile-full-rows elementor-section-boxed elementor-section-height-default elementor-section-height-default\" data-id=\"38f6974\" data-element_type=\"section\" data-e-type=\"section\">\n\t\t\t\t\t\t<div class=\"elementor-container elementor-column-gap-default\">\n\t\t\t\t\t<div class=\"elementor-column elementor-col-100 elementor-top-column elementor-element elementor-element-ba9ddaa\" data-id=\"ba9ddaa\" data-element_type=\"column\" data-e-type=\"column\">\n\t\t\t<div class=\"elementor-column-wrap--ba9ddaa elementor-widget-wrap elementor-element-populated\">\n\t\t\t\t\t\t<div class=\"elementor-element elementor-element-9075262 elementor-widget elementor-widget-text-editor\" data-id=\"9075262\" data-element_type=\"widget\" data-e-type=\"widget\" data-widget_type=\"text-editor.default\">\n\t\t\t\t<div class=\"elementor-widget-container\">\n\t\t\t\t\t\t\t\t\t<p><b>M\u00fc\u00fcgitingimused\u00a0<\/b>Veebipoe motorock.ee (edaspidi Veebipood) omanik on Motomonopol O\u00dc (registrikood 17332522), asukohaga M\u00f5\u00f5lu k\u00fcla, Hundi, R\u00f5uge vald, V\u00f5ru maakond, 66259, Eesti.<b><br \/><\/b><\/p><h3><b>M\u00fc\u00fcgilepingu, toote- ja hinnateabe kehtivus<\/b><\/h3><p>M\u00fc\u00fcgitingimused kehtivad veebipoest kaupade ostmisel.<\/p><p>Veebipoes m\u00fc\u00fcdavate toodete hinnad on m\u00e4rgitud toodete k\u00f5rval. Hinnale lisandub k\u00e4ttetoimetamistasu. K\u00f5ik hinnad on eurodes.<\/p><p>Tarnetasu s\u00f5ltub ostja asukohast ja valitud tarneviisist. Tarnetasu kuvatakse ostjale tellimuse vormistamise ajal.<\/p><p>Tooteinfo on veebipoes toote k\u00f5rval.<\/p><h3><b>Tellimuse esitamine<\/b><\/h3><p>Toote tellimiseks tuleb soovitud tooted lisada ostukorvi. Tellimuse vormistamiseks tuleb t\u00e4ita n\u00f5utud v\u00e4ljad ja valida sobiv k\u00e4ttetoimetamisviis. Seej\u00e4rel kuvatakse kogusumma, mille saab turvaliselt tasuda j\u00e4rgmiste makseviiside abil:<\/p><ul><li aria-level=\"1\">Eesti pangamaksed<\/li><li aria-level=\"1\">Soome pangamaksed<\/li><li aria-level=\"1\">L\u00e4ti pangamaksed<\/li><li aria-level=\"1\">Leedu pangamaksed<\/li><li aria-level=\"1\">Visa\/Mastercardi kaardimaksed<\/li><\/ul><p>T\u00e4psemad makseviisi valikud on saadaval makseteenuse pakkuja Montonio Finance UAB veebisaidil:\u00a0<a href=\"https:\/\/translate.google.com\/website?sl=en&amp;tl=fi&amp;hl=en&amp;client=webapp&amp;u=https:\/\/montonio.com\/et\/maksed\/\">https:\/\/montonio.com\/et\/maksed\/<\/a><\/p><p><b>NB!\u00a0<\/b>Pangalingi kaudu makstes tuleb kindlasti p\u00e4rast makse sooritamist panga lehel kl\u00f5psata nupul \u201eTagasi kaupmehe juurde\u201c.<\/p><p>Makseid t\u00f6\u00f6tleb Montonio Finance UAB. Maksed tehakse v\u00e4ljaspool veebipoodi turvalises keskkonnas \u2013 pangalingi kasutamisel panga turvalises keskkonnas ja krediitkaardi kasutamisel Montonio turvalises keskkonnas. M\u00fc\u00fcjal puudub juurdep\u00e4\u00e4s kliendi panga- ega krediitkaardiandmetele. Leping j\u00f5ustub alates tasumisele kuuluva summa laekumisest veebipoe pangakontole.<\/p><p>Veebipoe omanik on isikuandmete vastutav t\u00f6\u00f6tleja ja edastab vajalikud isikuandmed volitatud t\u00f6\u00f6tleja Maksekeskus AS-ile maksete t\u00f6\u00f6tlemiseks.<\/p><p>Kui tellitud toodet ei ole v\u00f5imalik tarnida selle laoseisu puudumise v\u00f5i muul p\u00f5hjusel, teavitatakse ostjat sellest esimesel v\u00f5imalusel ning tasutud summa (sh k\u00e4ttetoimetamiskulud) tagastatakse viivitamata, kuid mitte hiljem kui 14 p\u00e4eva jooksul teate saatmisest.<\/p><h3><b>Kohaletoimetamine<\/b><\/h3><p>Tooteid saadetakse k\u00f5ikidesse Euroopa Liidu liikmesriikidesse.<\/p><p>Ostjal on j\u00e4rgmised k\u00e4ttetoimetamisv\u00f5imalused:<\/p><ul><li aria-level=\"1\">Omniva pakiautomaat<\/li><li aria-level=\"1\">Omniva kuller<\/li><\/ul><p>Saatmiskulud kannab ostja ja need kuvatakse tarneviisi k\u00f5rval.<\/p><p>Eesti piires j\u00f5uavad saadetised ostja m\u00e4\u00e4ratud sihtkohta tavaliselt 3\u20137 t\u00f6\u00f6p\u00e4eva jooksul alates m\u00fc\u00fcgilepingu s\u00f5lmimisest. V\u00e4ljaspool Eestit v\u00f5tab kohaletoimetamine aega 10\u201314 kalendrip\u00e4eva.<\/p><p>Erandjuhtudel on Veebipoel \u00f5igus toode kohale toimetada kuni 45 kalendrip\u00e4eva jooksul.<\/p><p>Kui Veebipood on ostjat veebisaidil v\u00f5i tellimuse kinnituses teavitanud tarneprobleemidest v\u00f5i \u00fcle 30 kalendrip\u00e4eva kestvast viivitusest, kohaldatakse Veebipoe m\u00e4\u00e4ratud t\u00e4htaega.<\/p><h3><b>Taganemis\u00f5igus<\/b><\/h3><p>P\u00e4rast tellimuse k\u00e4ttesaamist on ostjal \u00f5igus veebipoe vahendusel s\u00f5lmitud lepingust 14 p\u00e4eva jooksul taganeda.<\/p><p>Taganemis\u00f5igus ei kehti, kui ostja on juriidiline isik.<\/p><p>14-p\u00e4evase tagastus\u00f5iguse kasutamiseks v\u00f5ib toodet kasutada ainult viisil, mis on vajalik toote olemuse, omaduste ja toimimise kontrollimiseks \u2013 nagu see oleks lubatud f\u00fc\u00fcsilises poes.<\/p><p>Kui toodet on kasutatud muul otstarbel kui on vaja selle olemuse, omaduste v\u00f5i toimimise kindlakstegemiseks v\u00f5i sellel on kasutamise v\u00f5i kulumise m\u00e4rke, on Veebipoel \u00f5igus v\u00e4hendada tagastatavat summat vastavalt toote v\u00e4\u00e4rtuse v\u00e4henemisele.<\/p><p>Toote tagastamiseks tuleb esitada taganemisavaldus. Vormi leiab [siit] ja see tuleb saata aadressile\u00a0<b>tagastus@motorock.ee\u00a0<\/b>hiljemalt 14 p\u00e4eva jooksul alates kauba k\u00e4ttesaamisest.<\/p><p>Kauba tagastamise kulud kannab ostja, v\u00e4lja arvatud juhul, kui tagastamise p\u00f5hjuseks on see, et kohale toimetatud asi ei vasta tellimusele (nt vale v\u00f5i defektne toode).<\/p><p>Ostja peab toote tagastama 14 p\u00e4eva jooksul alates taganemisavalduse esitamisest v\u00f5i esitama t\u00f5endi, et on selle aja jooksul kullerile \u00fcle andnud.<\/p><p>Tagastatud kauba k\u00e4ttesaamisel tagastab Veebipood ostjale k\u00f5ik lepingu alusel saadud tasud viivitamata, kuid mitte hiljem kui 14 p\u00e4eva jooksul alates taganemisteate k\u00e4ttesaamisest.<\/p><p>Veebipood v\u00f5ib tagasimakset edasi l\u00fckata kuni toote tagastamiseni v\u00f5i kuni ostja on esitanud tagastamise kohta t\u00f5endi, olenevalt sellest, kumb toimub varem.<\/p><p>Kui ostja on s\u00f5naselgelt valinud Veebipoe pakutavast k\u00f5ige odavamast tavap\u00e4rasest k\u00e4ttetoimetamise viisist erineva k\u00e4ttetoimetamise viisi, ei ole Veebipood kohustatud \u00fclem\u00e4\u00e4rast k\u00e4ttetoimetamise kulu tagastama.<\/p><p>Veebipoel on \u00f5igus m\u00fc\u00fcgitehingust taganeda ja n\u00f5uda kauba tagastamist, kui hind oli eksimuse t\u00f5ttu oluliselt alla turuv\u00e4\u00e4rtuse.<\/p><h3><b>Kaebuste esitamise \u00f5igus<\/b><\/h3><p>Veebipood vastutab toote mis tahes mittevastavuse v\u00f5i defekti eest, mis oli olemas kauba \u00fcleandmise ajal ning ilmneb kahe aasta jooksul alates kauba \u00fcleandmisest. Esimese aasta jooksul eeldatakse, et defekt oli olemas kauba \u00fcleandmise ajal, kui veebipood ei t\u00f5enda vastupidist.<\/p><p>Ostja peab veebipoodi defektist teatama kahe kuu jooksul alates selle avastamisest, saates e-kirja aadressile\u00a0<b>garantii@motorock.ee\u00a0<\/b>.<\/p><p>Veebipood ei vastuta puuduste eest, mis ilmnevad p\u00e4rast toote \u00fcleandmist ostjale.<\/p><p>Kui veebipoest ostetud tootel on defekt, mille eest veebipood vastutab, parandab v\u00f5i asendab veebipood defektse toote. Kui toodet ei ole v\u00f5imalik parandada ega asendada, tagastab veebipood ostjale k\u00f5ik m\u00fc\u00fcgilepinguga seotud tasud.<\/p><p>Veebipood vastab tarbijate kaebustele kirjalikult v\u00f5i kirjalikku taasesitamist v\u00f5imaldavas vormis 15 p\u00e4eva jooksul.<\/p><h3><b>Otseturundus ja isikuandmete t\u00f6\u00f6tlemine<\/b><\/h3><p>Veebipood kasutab ostja sisestatud isikuandmeid ainult tellimuse t\u00f6\u00f6tlemiseks ja kauba kohaletoimetamiseks. Veebipood edastab isikuandmeid transporditeenuse pakkujatele ainult ulatuses, mis on vajalik kauba kohaletoimetamiseks.<\/p><p>Veebipood saadab ostjale uudiskirju ja pakkumisi tema e-posti aadressile ainult juhul, kui ostja on selleks selges\u00f5nalise n\u00f5usoleku andnud, sisestades veebilehel oma e-posti aadressi ja andes n\u00f5usoleku otseturunduse saamiseks.<\/p><p>Ostja saab uudiskirjadest ja reklaammeilidest igal ajal loobuda, teavitades sellest veebipoodi e-posti teel v\u00f5i j\u00e4rgides igas reklaammeilis sisalduvaid juhiseid.<\/p><h3><b>Vaidluste lahendamine<\/b><\/h3><p>Kui ostjal on veebipoe kohta kaebusi, tuleks need saata aadressile\u00a0<b>pood@motorock.ee\u00a0<\/b>.<\/p><p>Kui ostja ja Veebipood ei suuda vaidlust kokkuleppe teel lahendada, on ostjal v\u00f5imalik p\u00f6\u00f6rduda Tarbijavaidluste komisjoni poole.<\/p><p>Menetluse ja kaebuse esitamise kohta saate lugeda [siit]. Tarbijavaidluste komisjonil on \u00f5igus lahendada ostja ja Veebipoe vahel s\u00f5lmitud lepingutest tulenevaid vaidlusi. Kaebuse l\u00e4bivaatamine komisjonis on tasuta.<\/p><p>Ostja v\u00f5ib p\u00f6\u00f6rduda ka Euroopa Liidu veebip\u00f5hise vaidluste lahendamise platvormi poole.<\/p>\t\t\t\t\t\t\t\t<\/div>\n\t\t\t\t<\/div>\n\t\t\t\t\t<\/div>\n\t\t<\/div>\n\t\t\t\t\t<\/div>\n\t\t<\/section>\n\t\t\t\t<\/div>\n\t\t","protected":false},"excerpt":{"rendered":"<p>M\u00fc\u00fcgitingimused\u00a0Veebipoe motorock.ee (edaspidi Veebipood) omanik on Motomonopol O\u00dc (registrikood 17332522), asukohaga M\u00f5\u00f5lu k\u00fcla, Hundi, R\u00f5uge vald, V\u00f5ru maakond, 66259, Eesti. M\u00fc\u00fcgilepingu, toote- ja hinnateabe kehtivus M\u00fc\u00fcgitingimused kehtivad veebipoest kaupade ostmisel. Veebipoes m\u00fc\u00fcdavate toodete hinnad on m\u00e4rgitud toodete k\u00f5rval. Hinnale lisandub k\u00e4ttetoimetamistasu. K\u00f5ik hinnad on eurodes. Tarnetasu s\u00f5ltub ostja asukohast ja valitud tarneviisist. Tarnetasu kuvatakse ostjale [&hellip;]<\/p>\n","protected":false},"author":1,"featured_media":0,"parent":0,"menu_order":0,"comment_status":"closed","ping_status":"closed","template":"template-builder.php","meta":{"_acf_changed":false,"footnotes":""},"class_list":["post-1388","page","type-page","status-publish","hentry"],"acf":[],"yoast_head":"<!-- This site is optimized with the Yoast SEO plugin v27.6 - https:\/\/yoast.com\/product\/yoast-seo-wordpress\/ -->\n<title>M\u00fc\u00fcgitingimused | Motorock<\/title>\n<meta name=\"robots\" content=\"index, follow, max-snippet:-1, max-image-preview:large, max-video-preview:-1\" \/>\n<link rel=\"canonical\" href=\"https:\/\/motorock.eu\/et\/tingimused\/\" \/>\n<meta property=\"og:locale\" content=\"et_EE\" \/>\n<meta property=\"og:type\" content=\"article\" \/>\n<meta property=\"og:title\" content=\"M\u00fc\u00fcgitingimused | Motorock\" \/>\n<meta property=\"og:description\" content=\"M\u00fc\u00fcgitingimused\u00a0Veebipoe motorock.ee (edaspidi Veebipood) omanik on Motomonopol O\u00dc (registrikood 17332522), asukohaga M\u00f5\u00f5lu k\u00fcla, Hundi, R\u00f5uge vald, V\u00f5ru maakond, 66259, Eesti. M\u00fc\u00fcgilepingu, toote- ja hinnateabe kehtivus M\u00fc\u00fcgitingimused kehtivad veebipoest kaupade ostmisel. Veebipoes m\u00fc\u00fcdavate toodete hinnad on m\u00e4rgitud toodete k\u00f5rval. Hinnale lisandub k\u00e4ttetoimetamistasu. K\u00f5ik hinnad on eurodes. Tarnetasu s\u00f5ltub ostja asukohast ja valitud tarneviisist. Tarnetasu kuvatakse ostjale [&hellip;]\" \/>\n<meta property=\"og:url\" content=\"https:\/\/motorock.eu\/et\/tingimused\/\" \/>\n<meta property=\"og:site_name\" content=\"Motorock\" \/>\n<meta property=\"article:modified_time\" content=\"2025-10-02T08:30:21+00:00\" \/>\n<meta property=\"og:image\" content=\"https:\/\/motorock.eu\/wp-content\/uploads\/2025\/09\/Motorock-og-image-min.jpg\" \/>\n\t<meta property=\"og:image:width\" content=\"1200\" \/>\n\t<meta property=\"og:image:height\" content=\"675\" \/>\n\t<meta property=\"og:image:type\" content=\"image\/jpeg\" \/>\n<meta name=\"twitter:card\" content=\"summary_large_image\" \/>\n<meta name=\"twitter:label1\" content=\"Est. reading time\" \/>\n\t<meta name=\"twitter:data1\" content=\"5 minutit\" \/>\n<script type=\"application\/ld+json\" class=\"yoast-schema-graph\">{\"@context\":\"https:\\\/\\\/schema.org\",\"@graph\":[{\"@type\":\"WebPage\",\"@id\":\"https:\\\/\\\/motorock.eu\\\/et\\\/tingimused\\\/\",\"url\":\"https:\\\/\\\/motorock.eu\\\/et\\\/tingimused\\\/\",\"name\":\"M\u00fc\u00fcgitingimused | Motorock\",\"isPartOf\":{\"@id\":\"https:\\\/\\\/motorock.eu\\\/et\\\/#website\"},\"datePublished\":\"2025-05-20T14:21:13+00:00\",\"dateModified\":\"2025-10-02T08:30:21+00:00\",\"breadcrumb\":{\"@id\":\"https:\\\/\\\/motorock.eu\\\/et\\\/tingimused\\\/#breadcrumb\"},\"inLanguage\":\"et\",\"potentialAction\":[{\"@type\":\"ReadAction\",\"target\":[\"https:\\\/\\\/motorock.eu\\\/et\\\/tingimused\\\/\"]}]},{\"@type\":\"BreadcrumbList\",\"@id\":\"https:\\\/\\\/motorock.eu\\\/et\\\/tingimused\\\/#breadcrumb\",\"itemListElement\":[{\"@type\":\"ListItem\",\"position\":1,\"name\":\"Koduleht\",\"item\":\"https:\\\/\\\/motorock.eu\\\/et\\\/\"},{\"@type\":\"ListItem\",\"position\":2,\"name\":\"M\u00fc\u00fcgitingimused\"}]},{\"@type\":\"WebSite\",\"@id\":\"https:\\\/\\\/motorock.eu\\\/et\\\/#website\",\"url\":\"https:\\\/\\\/motorock.eu\\\/et\\\/\",\"name\":\"Motorock\",\"description\":\"Sinu elustiil, sinu teekond!\",\"publisher\":{\"@id\":\"https:\\\/\\\/motorock.eu\\\/et\\\/#organization\"},\"potentialAction\":[{\"@type\":\"SearchAction\",\"target\":{\"@type\":\"EntryPoint\",\"urlTemplate\":\"https:\\\/\\\/motorock.eu\\\/et\\\/?s={search_term_string}\"},\"query-input\":{\"@type\":\"PropertyValueSpecification\",\"valueRequired\":true,\"valueName\":\"search_term_string\"}}],\"inLanguage\":\"et\"},{\"@type\":\"Organization\",\"@id\":\"https:\\\/\\\/motorock.eu\\\/et\\\/#organization\",\"name\":\"Motorock\",\"url\":\"https:\\\/\\\/motorock.eu\\\/et\\\/\",\"logo\":{\"@type\":\"ImageObject\",\"inLanguage\":\"et\",\"@id\":\"https:\\\/\\\/motorock.eu\\\/et\\\/#\\\/schema\\\/logo\\\/image\\\/\",\"url\":\"https:\\\/\\\/motorock.eu\\\/wp-content\\\/uploads\\\/2025\\\/05\\\/Group.png\",\"contentUrl\":\"https:\\\/\\\/motorock.eu\\\/wp-content\\\/uploads\\\/2025\\\/05\\\/Group.png\",\"width\":2185,\"height\":677,\"caption\":\"Motorock\"},\"image\":{\"@id\":\"https:\\\/\\\/motorock.eu\\\/et\\\/#\\\/schema\\\/logo\\\/image\\\/\"}}]}<\/script>\n<!-- \/ Yoast SEO plugin. -->","yoast_head_json":{"title":"M\u00fc\u00fcgitingimused | Motorock","robots":{"index":"index","follow":"follow","max-snippet":"max-snippet:-1","max-image-preview":"max-image-preview:large","max-video-preview":"max-video-preview:-1"},"canonical":"https:\/\/motorock.eu\/et\/tingimused\/","og_locale":"et_EE","og_type":"article","og_title":"M\u00fc\u00fcgitingimused | Motorock","og_description":"M\u00fc\u00fcgitingimused\u00a0Veebipoe motorock.ee (edaspidi Veebipood) omanik on Motomonopol O\u00dc (registrikood 17332522), asukohaga M\u00f5\u00f5lu k\u00fcla, Hundi, R\u00f5uge vald, V\u00f5ru maakond, 66259, Eesti. M\u00fc\u00fcgilepingu, toote- ja hinnateabe kehtivus M\u00fc\u00fcgitingimused kehtivad veebipoest kaupade ostmisel. Veebipoes m\u00fc\u00fcdavate toodete hinnad on m\u00e4rgitud toodete k\u00f5rval. Hinnale lisandub k\u00e4ttetoimetamistasu. K\u00f5ik hinnad on eurodes. Tarnetasu s\u00f5ltub ostja asukohast ja valitud tarneviisist. Tarnetasu kuvatakse ostjale [&hellip;]","og_url":"https:\/\/motorock.eu\/et\/tingimused\/","og_site_name":"Motorock","article_modified_time":"2025-10-02T08:30:21+00:00","og_image":[{"width":1200,"height":675,"url":"https:\/\/motorock.eu\/wp-content\/uploads\/2025\/09\/Motorock-og-image-min.jpg","type":"image\/jpeg"}],"twitter_card":"summary_large_image","twitter_misc":{"Est. reading time":"5 minutit"},"schema":{"@context":"https:\/\/schema.org","@graph":[{"@type":"WebPage","@id":"https:\/\/motorock.eu\/et\/tingimused\/","url":"https:\/\/motorock.eu\/et\/tingimused\/","name":"M\u00fc\u00fcgitingimused | Motorock","isPartOf":{"@id":"https:\/\/motorock.eu\/et\/#website"},"datePublished":"2025-05-20T14:21:13+00:00","dateModified":"2025-10-02T08:30:21+00:00","breadcrumb":{"@id":"https:\/\/motorock.eu\/et\/tingimused\/#breadcrumb"},"inLanguage":"et","potentialAction":[{"@type":"ReadAction","target":["https:\/\/motorock.eu\/et\/tingimused\/"]}]},{"@type":"BreadcrumbList","@id":"https:\/\/motorock.eu\/et\/tingimused\/#breadcrumb","itemListElement":[{"@type":"ListItem","position":1,"name":"Koduleht","item":"https:\/\/motorock.eu\/et\/"},{"@type":"ListItem","position":2,"name":"M\u00fc\u00fcgitingimused"}]},{"@type":"WebSite","@id":"https:\/\/motorock.eu\/et\/#website","url":"https:\/\/motorock.eu\/et\/","name":"Motorock","description":"Sinu elustiil, sinu teekond!","publisher":{"@id":"https:\/\/motorock.eu\/et\/#organization"},"potentialAction":[{"@type":"SearchAction","target":{"@type":"EntryPoint","urlTemplate":"https:\/\/motorock.eu\/et\/?s={search_term_string}"},"query-input":{"@type":"PropertyValueSpecification","valueRequired":true,"valueName":"search_term_string"}}],"inLanguage":"et"},{"@type":"Organization","@id":"https:\/\/motorock.eu\/et\/#organization","name":"Motorock","url":"https:\/\/motorock.eu\/et\/","logo":{"@type":"ImageObject","inLanguage":"et","@id":"https:\/\/motorock.eu\/et\/#\/schema\/logo\/image\/","url":"https:\/\/motorock.eu\/wp-content\/uploads\/2025\/05\/Group.png","contentUrl":"https:\/\/motorock.eu\/wp-content\/uploads\/2025\/05\/Group.png","width":2185,"height":677,"caption":"Motorock"},"image":{"@id":"https:\/\/motorock.eu\/et\/#\/schema\/logo\/image\/"}}]}},"_links":{"self":[{"href":"https:\/\/motorock.eu\/et\/wp-json\/wp\/v2\/pages\/1388","targetHints":{"allow":["GET"]}}],"collection":[{"href":"https:\/\/motorock.eu\/et\/wp-json\/wp\/v2\/pages"}],"about":[{"href":"https:\/\/motorock.eu\/et\/wp-json\/wp\/v2\/types\/page"}],"author":[{"embeddable":true,"href":"https:\/\/motorock.eu\/et\/wp-json\/wp\/v2\/users\/1"}],"replies":[{"embeddable":true,"href":"https:\/\/motorock.eu\/et\/wp-json\/wp\/v2\/comments?post=1388"}],"version-history":[{"count":26,"href":"https:\/\/motorock.eu\/et\/wp-json\/wp\/v2\/pages\/1388\/revisions"}],"predecessor-version":[{"id":13386,"href":"https:\/\/motorock.eu\/et\/wp-json\/wp\/v2\/pages\/1388\/revisions\/13386"}],"wp:attachment":[{"href":"https:\/\/motorock.eu\/et\/wp-json\/wp\/v2\/media?parent=1388"}],"curies":[{"name":"wp","href":"https:\/\/api.w.org\/{rel}","templated":true}]}}