{"id":1386,"date":"2025-07-21T13:29:38","date_gmt":"2025-07-21T10:29:38","guid":{"rendered":"https:\/\/motorock.eu\/?page_id=1386"},"modified":"2026-02-12T18:17:26","modified_gmt":"2026-02-12T16:17:26","slug":"tagastamine","status":"publish","type":"page","link":"https:\/\/motorock.eu\/et\/tagastamine\/","title":{"rendered":"Tagastamine ja \u00fcmbervahetamine"},"content":{"rendered":"\n<h2 class=\"wp-block-heading\">Taganemis\u00f5igus<\/h2>\n\n<p>Teil on \u00f5igus k\u00e4esolevast lepingust taganeda 14 p\u00e4eva jooksul ilma p\u00f5hjendusi esitamata.<\/p>\n\n<p id=\"block-2c858709-2684-4eb7-9435-12442b98c4b3\">Taganemisperiood l\u00f5peb 14 p\u00e4eva p\u00e4rast seda, kui teie v\u00f5i teie poolt m\u00e4\u00e4ratud kolmas isik, kes ei ole vedaja, on ostetud kaubad f\u00fc\u00fcsiliselt enda valdusesse v\u00f5tnud.<\/p>\n\n<p id=\"block-c7b823da-634c-4e90-9f71-7a2d255b3751\">Taganemis\u00f5iguse kasutamiseks teavitage <a href=\"mailto:tagastus@motorock.ee\">meid<\/a> aadressil tagastus@motorock.ee oma otsusest lepingust taganeda, esitades selleks \u00fchem\u00f5ttelise avalduse. Te v\u00f5ite, kuid ei ole kohustatud kasutama lisatud <a href=\"http:\/\/motorock.ee\/wp-content\/uploads\/2024\/02\/Tagastusleht.pdf\">taganemisvormi<\/a>. <\/p>\n\n<p>Taganemis\u00f5iguse kasutamise t\u00e4htajast kinnipidamiseks piisab, kui teade taganemis\u00f5iguse kasutamise kohta saadetakse enne taganemisperioodi l\u00f5ppu.<\/p>\n\n<h2 class=\"wp-block-heading\">Tagasiv\u00f5tmise tagaj\u00e4rjed<\/h2>\n\n<p>Kui te taganete k\u00e4esolevast lepingust, tagastame teile k\u00f5ik teie poolt saadud maksed, sealhulgas tarnekulud (v\u00e4lja arvatud lisatasud, mis tulenevad teie valitud tarneviisist, mis ei ole meie poolt pakutav k\u00f5ige odavam standardne tarneviis), kohe, kuid mitte hiljem kui 14 p\u00e4eva p\u00e4rast seda p\u00e4eva, mil me saime teada teie otsusest lepingust taganeda. Me tagastame raha, kasutades sama makseviisi, mida kasutasite makse tegemiseks, v\u00e4lja arvatud juhul, kui olete selges\u00f5naliselt n\u00f5ustunud teistsuguse makseviisi kasutamisega; igal juhul ei v\u00f5eta teile sellise tagastamise eest teenustasu ega muid tasusid. <\/p>\n\n<p id=\"block-0b84d707-01b1-4ceb-928c-615f7fe2c1d1\">Me v\u00f5ime keelduda tagastamisest, kuni oleme saanud lepingu eseme k\u00e4tte v\u00f5i kuni te olete esitanud t\u00f5endid selle kohta, et olete eseme tagastanud, olenevalt sellest, kumb neist on varasem.<\/p>\n\n<p id=\"block-455ee1c6-f15f-46ce-9e1a-2fac976a9342\">Te tagastate v\u00f5i annate kauba meile tagasi ilma p\u00f5hjendamatu viivituseta, kuid mitte hiljem kui 14 p\u00e4eva p\u00e4rast seda p\u00e4eva, mil te teatate meile oma lepingust taganemisest. T\u00e4htaeg loetakse j\u00e4rgituks, kui te tagastate lepinguga h\u00f5lmatud kauba enne 14-p\u00e4evase t\u00e4htaja l\u00f5ppu. <\/p>\n\n<p id=\"block-35b2d94c-7716-43c2-97bf-fb0977f1d18a\">Eseme tagastamisega seotud otsesed kulud peate kandma teie.<\/p>\n\n<p>Telli uudiskiri<\/p>\n\n<p><\/p>\n","protected":false},"excerpt":{"rendered":"<p>Taganemis\u00f5igus Teil on \u00f5igus k\u00e4esolevast lepingust taganeda 14 p\u00e4eva jooksul ilma p\u00f5hjendusi esitamata. Taganemisperiood l\u00f5peb 14 p\u00e4eva p\u00e4rast seda, kui teie v\u00f5i teie poolt m\u00e4\u00e4ratud kolmas isik, kes ei ole vedaja, on ostetud kaubad f\u00fc\u00fcsiliselt enda valdusesse v\u00f5tnud. Taganemis\u00f5iguse kasutamiseks teavitage meid aadressil tagastus@motorock.ee oma otsusest lepingust taganeda, esitades selleks \u00fchem\u00f5ttelise avalduse. Te v\u00f5ite, kuid [&hellip;]<\/p>\n","protected":false},"author":1,"featured_media":0,"parent":0,"menu_order":0,"comment_status":"closed","ping_status":"closed","template":"","meta":{"_acf_changed":false,"footnotes":""},"class_list":["post-1386","page","type-page","status-publish","hentry"],"acf":[],"yoast_head":"<!-- This site is optimized with the Yoast SEO plugin v27.6 - https:\/\/yoast.com\/product\/yoast-seo-wordpress\/ -->\n<title>Tagastamine ja \u00fcmbervahetamine | Motorock<\/title>\n<meta name=\"robots\" content=\"index, follow, max-snippet:-1, max-image-preview:large, max-video-preview:-1\" \/>\n<link rel=\"canonical\" href=\"https:\/\/motorock.eu\/et\/tagastamine\/\" \/>\n<meta property=\"og:locale\" content=\"et_EE\" \/>\n<meta property=\"og:type\" content=\"article\" \/>\n<meta property=\"og:title\" content=\"Tagastamine ja \u00fcmbervahetamine | Motorock\" \/>\n<meta property=\"og:description\" content=\"Taganemis\u00f5igus Teil on \u00f5igus k\u00e4esolevast lepingust taganeda 14 p\u00e4eva jooksul ilma p\u00f5hjendusi esitamata. Taganemisperiood l\u00f5peb 14 p\u00e4eva p\u00e4rast seda, kui teie v\u00f5i teie poolt m\u00e4\u00e4ratud kolmas isik, kes ei ole vedaja, on ostetud kaubad f\u00fc\u00fcsiliselt enda valdusesse v\u00f5tnud. Taganemis\u00f5iguse kasutamiseks teavitage meid aadressil tagastus@motorock.ee oma otsusest lepingust taganeda, esitades selleks \u00fchem\u00f5ttelise avalduse. Te v\u00f5ite, kuid [&hellip;]\" \/>\n<meta property=\"og:url\" content=\"https:\/\/motorock.eu\/et\/tagastamine\/\" \/>\n<meta property=\"og:site_name\" content=\"Motorock\" \/>\n<meta property=\"article:modified_time\" content=\"2026-02-12T16:17:26+00:00\" \/>\n<meta property=\"og:image\" content=\"https:\/\/motorock.eu\/wp-content\/uploads\/2025\/09\/Motorock-og-image-min.jpg\" \/>\n\t<meta property=\"og:image:width\" content=\"1200\" \/>\n\t<meta property=\"og:image:height\" content=\"675\" \/>\n\t<meta property=\"og:image:type\" content=\"image\/jpeg\" \/>\n<meta name=\"twitter:card\" content=\"summary_large_image\" \/>\n<meta name=\"twitter:label1\" content=\"Est. reading time\" \/>\n\t<meta name=\"twitter:data1\" content=\"1 minut\" \/>\n<script type=\"application\/ld+json\" class=\"yoast-schema-graph\">{\"@context\":\"https:\\\/\\\/schema.org\",\"@graph\":[{\"@type\":\"WebPage\",\"@id\":\"https:\\\/\\\/motorock.eu\\\/et\\\/tagastamine\\\/\",\"url\":\"https:\\\/\\\/motorock.eu\\\/et\\\/tagastamine\\\/\",\"name\":\"Tagastamine ja \u00fcmbervahetamine | Motorock\",\"isPartOf\":{\"@id\":\"https:\\\/\\\/motorock.eu\\\/et\\\/#website\"},\"datePublished\":\"2025-07-21T10:29:38+00:00\",\"dateModified\":\"2026-02-12T16:17:26+00:00\",\"breadcrumb\":{\"@id\":\"https:\\\/\\\/motorock.eu\\\/et\\\/tagastamine\\\/#breadcrumb\"},\"inLanguage\":\"et\",\"potentialAction\":[{\"@type\":\"ReadAction\",\"target\":[\"https:\\\/\\\/motorock.eu\\\/et\\\/tagastamine\\\/\"]}]},{\"@type\":\"BreadcrumbList\",\"@id\":\"https:\\\/\\\/motorock.eu\\\/et\\\/tagastamine\\\/#breadcrumb\",\"itemListElement\":[{\"@type\":\"ListItem\",\"position\":1,\"name\":\"Koduleht\",\"item\":\"https:\\\/\\\/motorock.eu\\\/et\\\/\"},{\"@type\":\"ListItem\",\"position\":2,\"name\":\"Tagastamine ja \u00fcmbervahetamine\"}]},{\"@type\":\"WebSite\",\"@id\":\"https:\\\/\\\/motorock.eu\\\/et\\\/#website\",\"url\":\"https:\\\/\\\/motorock.eu\\\/et\\\/\",\"name\":\"Motorock\",\"description\":\"Sinu elustiil, sinu teekond!\",\"publisher\":{\"@id\":\"https:\\\/\\\/motorock.eu\\\/et\\\/#organization\"},\"potentialAction\":[{\"@type\":\"SearchAction\",\"target\":{\"@type\":\"EntryPoint\",\"urlTemplate\":\"https:\\\/\\\/motorock.eu\\\/et\\\/?s={search_term_string}\"},\"query-input\":{\"@type\":\"PropertyValueSpecification\",\"valueRequired\":true,\"valueName\":\"search_term_string\"}}],\"inLanguage\":\"et\"},{\"@type\":\"Organization\",\"@id\":\"https:\\\/\\\/motorock.eu\\\/et\\\/#organization\",\"name\":\"Motorock\",\"url\":\"https:\\\/\\\/motorock.eu\\\/et\\\/\",\"logo\":{\"@type\":\"ImageObject\",\"inLanguage\":\"et\",\"@id\":\"https:\\\/\\\/motorock.eu\\\/et\\\/#\\\/schema\\\/logo\\\/image\\\/\",\"url\":\"https:\\\/\\\/motorock.eu\\\/wp-content\\\/uploads\\\/2025\\\/05\\\/Group.png\",\"contentUrl\":\"https:\\\/\\\/motorock.eu\\\/wp-content\\\/uploads\\\/2025\\\/05\\\/Group.png\",\"width\":2185,\"height\":677,\"caption\":\"Motorock\"},\"image\":{\"@id\":\"https:\\\/\\\/motorock.eu\\\/et\\\/#\\\/schema\\\/logo\\\/image\\\/\"}}]}<\/script>\n<!-- \/ Yoast SEO plugin. -->","yoast_head_json":{"title":"Tagastamine ja \u00fcmbervahetamine | Motorock","robots":{"index":"index","follow":"follow","max-snippet":"max-snippet:-1","max-image-preview":"max-image-preview:large","max-video-preview":"max-video-preview:-1"},"canonical":"https:\/\/motorock.eu\/et\/tagastamine\/","og_locale":"et_EE","og_type":"article","og_title":"Tagastamine ja \u00fcmbervahetamine | Motorock","og_description":"Taganemis\u00f5igus Teil on \u00f5igus k\u00e4esolevast lepingust taganeda 14 p\u00e4eva jooksul ilma p\u00f5hjendusi esitamata. Taganemisperiood l\u00f5peb 14 p\u00e4eva p\u00e4rast seda, kui teie v\u00f5i teie poolt m\u00e4\u00e4ratud kolmas isik, kes ei ole vedaja, on ostetud kaubad f\u00fc\u00fcsiliselt enda valdusesse v\u00f5tnud. Taganemis\u00f5iguse kasutamiseks teavitage meid aadressil tagastus@motorock.ee oma otsusest lepingust taganeda, esitades selleks \u00fchem\u00f5ttelise avalduse. Te v\u00f5ite, kuid [&hellip;]","og_url":"https:\/\/motorock.eu\/et\/tagastamine\/","og_site_name":"Motorock","article_modified_time":"2026-02-12T16:17:26+00:00","og_image":[{"width":1200,"height":675,"url":"https:\/\/motorock.eu\/wp-content\/uploads\/2025\/09\/Motorock-og-image-min.jpg","type":"image\/jpeg"}],"twitter_card":"summary_large_image","twitter_misc":{"Est. reading time":"1 minut"},"schema":{"@context":"https:\/\/schema.org","@graph":[{"@type":"WebPage","@id":"https:\/\/motorock.eu\/et\/tagastamine\/","url":"https:\/\/motorock.eu\/et\/tagastamine\/","name":"Tagastamine ja \u00fcmbervahetamine | Motorock","isPartOf":{"@id":"https:\/\/motorock.eu\/et\/#website"},"datePublished":"2025-07-21T10:29:38+00:00","dateModified":"2026-02-12T16:17:26+00:00","breadcrumb":{"@id":"https:\/\/motorock.eu\/et\/tagastamine\/#breadcrumb"},"inLanguage":"et","potentialAction":[{"@type":"ReadAction","target":["https:\/\/motorock.eu\/et\/tagastamine\/"]}]},{"@type":"BreadcrumbList","@id":"https:\/\/motorock.eu\/et\/tagastamine\/#breadcrumb","itemListElement":[{"@type":"ListItem","position":1,"name":"Koduleht","item":"https:\/\/motorock.eu\/et\/"},{"@type":"ListItem","position":2,"name":"Tagastamine ja \u00fcmbervahetamine"}]},{"@type":"WebSite","@id":"https:\/\/motorock.eu\/et\/#website","url":"https:\/\/motorock.eu\/et\/","name":"Motorock","description":"Sinu elustiil, sinu teekond!","publisher":{"@id":"https:\/\/motorock.eu\/et\/#organization"},"potentialAction":[{"@type":"SearchAction","target":{"@type":"EntryPoint","urlTemplate":"https:\/\/motorock.eu\/et\/?s={search_term_string}"},"query-input":{"@type":"PropertyValueSpecification","valueRequired":true,"valueName":"search_term_string"}}],"inLanguage":"et"},{"@type":"Organization","@id":"https:\/\/motorock.eu\/et\/#organization","name":"Motorock","url":"https:\/\/motorock.eu\/et\/","logo":{"@type":"ImageObject","inLanguage":"et","@id":"https:\/\/motorock.eu\/et\/#\/schema\/logo\/image\/","url":"https:\/\/motorock.eu\/wp-content\/uploads\/2025\/05\/Group.png","contentUrl":"https:\/\/motorock.eu\/wp-content\/uploads\/2025\/05\/Group.png","width":2185,"height":677,"caption":"Motorock"},"image":{"@id":"https:\/\/motorock.eu\/et\/#\/schema\/logo\/image\/"}}]}},"_links":{"self":[{"href":"https:\/\/motorock.eu\/et\/wp-json\/wp\/v2\/pages\/1386","targetHints":{"allow":["GET"]}}],"collection":[{"href":"https:\/\/motorock.eu\/et\/wp-json\/wp\/v2\/pages"}],"about":[{"href":"https:\/\/motorock.eu\/et\/wp-json\/wp\/v2\/types\/page"}],"author":[{"embeddable":true,"href":"https:\/\/motorock.eu\/et\/wp-json\/wp\/v2\/users\/1"}],"replies":[{"embeddable":true,"href":"https:\/\/motorock.eu\/et\/wp-json\/wp\/v2\/comments?post=1386"}],"version-history":[{"count":5,"href":"https:\/\/motorock.eu\/et\/wp-json\/wp\/v2\/pages\/1386\/revisions"}],"predecessor-version":[{"id":26007,"href":"https:\/\/motorock.eu\/et\/wp-json\/wp\/v2\/pages\/1386\/revisions\/26007"}],"wp:attachment":[{"href":"https:\/\/motorock.eu\/et\/wp-json\/wp\/v2\/media?parent=1386"}],"curies":[{"name":"wp","href":"https:\/\/api.w.org\/{rel}","templated":true}]}}