{"id":1384,"date":"2025-05-23T07:19:25","date_gmt":"2025-05-23T04:19:25","guid":{"rendered":"https:\/\/motorock.eu\/?page_id=1384"},"modified":"2025-10-02T11:32:55","modified_gmt":"2025-10-02T08:32:55","slug":"privaatsuspoliitika","status":"publish","type":"page","link":"https:\/\/motorock.eu\/et\/privaatsuspoliitika\/","title":{"rendered":"Privaatsuspoliitika"},"content":{"rendered":"\n<h2 class=\"wp-block-heading\">\u00dclds\u00e4tted<\/h2>\n\n\n\n<p>K\u00e4esolev privaatsuspoliitika reguleerib veebipoe motorock.ee (edaspidi Veebipood) isikuandmete kogumist, t\u00f6\u00f6tlemist ja s\u00e4ilitamist k\u00e4sitlevaid p\u00f5him\u00f5tteid. Isikuandmeid kogub t\u00f6\u00f6tleb ja s\u00e4ilitab isikuandmete vastutav t\u00f6\u00f6tleja Motomonopol O\u00dc (registrikood 17332522), asukohaga Tamsalu mnt 6, Vajangu k\u00fcla, 46002 Tapa vald, L\u00e4\u00e4ne-Viru maakond. Telefon +372 555 58 555 ja e-post pood@motorock.ee<\/p>\n\n\n\n<p>Andmesubjekt privaatsuspoliitika t\u00e4henduses on klient v\u00f5i muu f\u00fc\u00fcsiline isik, kelle isikuandmeid andmet\u00f6\u00f6tleja t\u00f6\u00f6tleb.<\/p>\n\n\n\n<p>Klient privaatsuspoliitika t\u00e4henduses on iga\u00fcks, kes ostab andmet\u00f6\u00f6tleja kodulehelt kaupu v\u00f5i teenuseid.<\/p>\n\n\n\n<p>Andmet\u00f6\u00f6tleja j\u00e4rgib \u00f5igusaktides s\u00e4testatud andmete t\u00f6\u00f6tlemise p\u00f5him\u00f5tteid, muuhulgas t\u00f6\u00f6tleb andmet\u00f6\u00f6tleja isikuandmeid seaduslikult, \u00f5iglaselt ja turvaliselt. Andmet\u00f6\u00f6tleja on v\u00f5imeline kinnitama, et isikuandmeid on t\u00f6\u00f6deldud vastavalt \u00f5igusaktides s\u00e4testatule.<\/p>\n\n\n\n<h2 class=\"wp-block-heading\">Milliseid isikuandmeid t\u00f6\u00f6deldakse<\/h2>\n\n\n\n<ul class=\"wp-block-list\">\n<li>nimi, telefoninumber ja e-posti aadress;<\/li>\n\n\n\n<li>kauba kohaletoimetamise aadress;<\/li>\n\n\n\n<li>pangakonto number;<\/li>\n\n\n\n<li>kaupade ja teenuste maksumus ja maksetega seotud andmed (ostuajalugu);<\/li>\n\n\n\n<li>klienditoe andmed;<\/li>\n\n\n\n<li>veebilehe ja turunduskanalite (reklaamid, otsepostitus) k\u00fclastusstatistika;<\/li>\n\n\n\n<li>IP aadress<\/li>\n<\/ul>\n\n\n\n<p>Lisaks eeltoodule on andmet\u00f6\u00f6tlejal \u00f5igus koguda kliendi kohta andmeid, mis on k\u00e4ttesaadavad avalikes registrites.<\/p>\n\n\n\n<p>Isikuandmed, mida andmet\u00f6\u00f6tleja kogub, t\u00f6\u00f6tleb ja s\u00e4ilitab, on kogutud elektrooniliselt, peamiselt kodulehe ja e-posti vahendusel, kuid lisaks ka kontakt\u00fcritustel nagu demop\u00e4eva, messid jms.<\/p>\n\n\n\n<p>Oma isikuandmete jagamisega annab andmesubjekt andmet\u00f6\u00f6tlejale \u00f5iguse koguda, korraldada, kasutada ja hallata privaatsuspoliitikas m\u00e4\u00e4ratletud eesm\u00e4rgil isikuandmeid, mida andmesubjekt otse v\u00f5i kaudselt kodulehel kaupu v\u00f5i teenuseid ostes andmet\u00f6\u00f6tlejale jagab.<\/p>\n\n\n\n<p>Andmesubjekt vastutab selle eest, et tema poolt esitatud andmed oleksid t\u00e4psed, \u00f5iged ja terviklikud. Teadlikult valeandmete esitamist peetakse privaatsuspoliitika rikkumiseks. Andmesubjekt on kohustatud andmet\u00f6\u00f6tlejat viivitamatult teavitama esitatud andmete muutumisest.<\/p>\n\n\n\n<p>Andmet\u00f6\u00f6tleja ei vastuta andmesubjekti poolt valeandmete esitamisest p\u00f5hjustatud kahju eest andmesubjektile v\u00f5i kolmandatele osapooltele.<\/p>\n\n\n\n<h2 class=\"wp-block-heading\">Mis eesm\u00e4rgil isikuandmeid t\u00f6\u00f6deldakse<\/h2>\n\n\n\n<p>Isikuandmeid kasutatakse kliendi tellimuste haldamiseks ja kauba kohaletoimetamiseks.<\/p>\n\n\n\n<p>Ostuajaloo andmeid (ostu kuup\u00e4ev, kaup, kogus, kliendi andmed) kasutatakse ostetud kaupade ja teenuste \u00fclevaate koostamiseks, kliendieelistuste anal\u00fc\u00fcsimiseks ning tarbijavaidluste lahendamise eesm\u00e4rgil.<\/p>\n\n\n\n<p>Pangakonto numbrit kasutatakse kliendile maksete tagastamiseks.<\/p>\n\n\n\n<p>Isikuandmeid nagu e-post, telefoni nr, kliendi nimi, t\u00f6\u00f6deldakse selleks, et lahendada kaupade ja teenuste osutamise seonduvaid k\u00fcsimusi (klienditugi). E-posti kasutatakse lisaks arvete saatmiseks ning telefoni numbrit kasutatakse pakiautomaati j\u00f5udnud kauba kohta teavituse saatmiseks kauba tellijale.<\/p>\n\n\n\n<p>Veebipoe kasutaja IP-aadressi v\u00f5i teisi v\u00f5rguidentifikaatoreid t\u00f6\u00f6deldakse veebipoe kui info\u00fchiskonna teenuse osutamiseks ning veebikasutusstatistika tegemiseks.<\/p>\n\n\n\n<p>Veebilehe ja turunduskanalite statistikat kogutakse ja t\u00f6\u00f6deldakse veebipoe kasutajakogemuse parandamiseks, tootesortimendi osas otsuste langetamise ning klientidele sobivamate pakkumiste tegemise eesm\u00e4rgil.<\/p>\n\n\n\n<h2 class=\"wp-block-heading\">K\u00fcpsiste kasutamine veebilehel<\/h2>\n\n\n\n<p>K\u00fclastades veebilehte motorock.ee, v\u00f5idakse teie tuvastamiseks kasutada mitmesuguseid tehnoloogiaid, mille abil saame oma kasutajate kohta lisateavet. See v\u00f5ib toimuda otse v\u00f5i kolmanda osapoole tehnoloogia kaudu. N\u00e4iteks v\u00f5ib olla tegemist k\u00fcpsiste kasutamisega.<\/p>\n\n\n\n<p>K\u00fcpsiseid on kahte t\u00fc\u00fcpi. Esimene neist salvestab tekstifaili pikema aja jooksul ja sellel on aegumist\u00e4htaeg. Selle k\u00fcpsise eesm\u00e4rk on n\u00e4iteks anda teile teada, mida uut on tehtud p\u00e4rast teie viimatist k\u00fclastust.<\/p>\n\n\n\n<p>Teist t\u00fc\u00fcpi k\u00fcpsist nimetatakse seansik\u00fcpsiseks ja sellele aegumist\u00e4htaega pole. Selle puhul salvestatakse tekstifail ajutiselt ajal, kui meie saiti k\u00fclastate. See aitab meil meeles pidada n\u00e4iteks seda, millist keelt soovite kasutada. Tekstifail kustutatakse kohe p\u00e4rast brauseri sulgemist.<\/p>\n\n\n\n<p>K\u00fcpsised aitavad:<\/p>\n\n\n\n<ul class=\"wp-block-list\">\n<li>Toimida veebilehel teie ootustele vastavalt, n\u00e4iteks v\u00e4ltida vajadust \u00fche sessiooni jooksul mitu korda sisse logida.<\/li>\n\n\n\n<li>M\u00e4letada teie seadistusi ja muuta lehe sisu teie jaoks personaalsemaks, et infot kiiremini leida.<\/li>\n\n\n\n<li>Parandada motorock.ee veebilehe kiirust ja turvalisust.<\/li>\n\n\n\n<li>et veebilehe sisu sotsiaalmeedias h\u00f5lpsamini jagada (Facebook).<\/li>\n\n\n\n<li>Plaanida veebilehe parandusi ja arendusi.<\/li>\n<\/ul>\n\n\n\n<p>Kolmandate poolte funktsioonid:<\/p>\n\n\n\n<p>N\u00e4iteks Facebook ja Google v\u00f5ivad kasutada oma k\u00fcpsiseid v\u00f5i muid meetodeid, et koguda teavet meie veebilehe sisu kohta, millel olete kl\u00f5psanud. Nad kasutavad sedalaadi teavet selleks, et pakkuda kasutusstatistika anal\u00fc\u00fcse ja reklaame teid huvitavatel teemadel.<\/p>\n\n\n\n<p>Neile k\u00fcpsistele me ei p\u00e4\u00e4se ligi ega kontrolli neid. Kolmandate osapoolte k\u00fcpsiste kasutamine kuulub paigaldajate privaatsuspoliitika alla. Selleks soovitame teil eraldi tutvuda k\u00f5igi kolmandate poolte privaatsuspoliitikaga.<\/p>\n\n\n\n<p>Facebooki k\u00fcpsiste tingimustega saate tutvuda siin:<\/p>\n\n\n\n<figure class=\"wp-block-embed\"><div class=\"wp-block-embed__wrapper\">\nhttps:\/\/www.facebook.com\/policies\/cookies\n<\/div><\/figure>\n\n\n\n<p>Google\u2019i k\u00fcpsiste tingimustega saate tutvuda siin:<\/p>\n\n\n\n<figure class=\"wp-block-embed\"><div class=\"wp-block-embed__wrapper\">\nhttps:\/\/www.google.com\/policies\/technologies\/cookies\n<\/div><\/figure>\n\n\n\n<p>MailChimp (uudiskirjad) k\u00fcpsiste tingimustega saate tutvuda siin:<\/p>\n\n\n\n<p><a href=\"https:\/\/mailchimp.com\/legal\/\">https:\/\/mailchimp.com\/legal\/<\/a>&nbsp; ja siin:&nbsp;<a href=\"https:\/\/mailchimp.com\/legal\/privacy\/\">https:\/\/mailchimp.com\/legal\/privacy\/<\/a>&nbsp;<\/p>\n\n\n\n<p>Hotjar k\u00fcpsiste tingimustega saate tutvuda siin:<\/p>\n\n\n\n<figure class=\"wp-block-embed\"><div class=\"wp-block-embed__wrapper\">\nhttps:\/\/www.hotjar.com\/legal\/compliance\/gdpr-commitment\n<\/div><\/figure>\n\n\n\n<h2 class=\"wp-block-heading\">\u00d5iguslik alus<\/h2>\n\n\n\n<p>Isikuandmete t\u00f6\u00f6tlemine toimub kliendiga s\u00f5lmitud lepingu t\u00e4itmise eesm\u00e4rgil (kliendi tellimuste haldamine, kohaletoimetamine, kauba ja maksete tagastamine).<\/p>\n\n\n\n<p>Isikuandmete t\u00f6\u00f6tlemine toimub seadusj\u00e4rgse kohustuse t\u00e4itmiseks (nt raamatupidamine).<\/p>\n\n\n\n<p>Isikuandmete t\u00f6\u00f6tlemine on vajalik vastutava t\u00f6\u00f6tleja \u00f5igustatud huvi t\u00f5ttu, mis seisneb v\u00f5imalike tarbijavaidluste lahendamise eesm\u00e4rgil ostuajaloo andmete kogumises.<\/p>\n\n\n\n<h2 class=\"wp-block-heading\">Vastuv\u00f5tjad, kellele isikuandmed edastatakse<\/h2>\n\n\n\n<p>Isikuandmed edastatakse veebipoe klienditoele ostude ja ostuajaloo haldamiseks ja kliendiprobleemide lahendamiseks.&nbsp;<\/p>\n\n\n\n<p>Nimi, telefoninumber ja e-posti aadress edastatakse kliendi poolt valitud transporditeenuse pakkujale. Kui tegemist on kulleriga kohale toimetatava kaubaga, siis edastatakse lisaks kontaktandmetele ka kliendi aadress.<\/p>\n\n\n\n<p>Kui veebipoe raamatupidamine toimub teenusepakkuja poolt, siis edastatakse isikuandmed teenusepakkujale raamatupidamistoimingute tegemiseks.<\/p>\n\n\n\n<p>Isikuandmeid v\u00f5idakse edastada infotehnoloogia teenuste pakkujatele, kui see on vajalik veebipoe funktsionaalsuse v\u00f5i andmemajutuse tagamiseks.<\/p>\n\n\n\n<h2 class=\"wp-block-heading\">Turvalisus ja andmetele ligip\u00e4\u00e4s<\/h2>\n\n\n\n<p>Isikuandmeid hoitakse Elkdata O\u00dc serverites, mis asuvad Euroopa Liidu liikmesriigi v\u00f5i Euroopa Liidu majanduspiirkonnaga liitunud riikide territooriumil. Andmeid v\u00f5idakse edastada riikidesse, mille andmekaitse taset on Euroopa Komisjon hinnanud piisavaks v\u00f5i kolmanda riigi ettev\u00f5ttele, mille osas on kohaldatud isikuandmete kaitse \u00fcldm\u00e4\u00e4ruse artiklis 46 v\u00f5i 47 v\u00f5i 49 l\u00f5ikes 1 nimetatud kaitsemeedet.<\/p>\n\n\n\n<p>Juurdep\u00e4\u00e4s isikuandmetele on veebipoe t\u00f6\u00f6tajatel, kes saavad isikuandmetega tutvuda selleks, et lahendada veebipoe kasutamisega seonduvaid tehnilisi k\u00fcsimusi ning osutada klienditoe teenust.<\/p>\n\n\n\n<p>Veebipood rakendab asjakohaseid f\u00fc\u00fcsilisi, organisatsioonilisi ja infotehnilisi turvameetmeid, et kaitsta isikuandmeid juhusliku v\u00f5i ebaseadusliku h\u00e4vitamise, kaotsimineku, muutmise v\u00f5i loata juurdep\u00e4\u00e4su ja avalikustamise eest, milleks on:&nbsp;<\/p>\n\n\n\n<ul class=\"wp-block-list\">\n<li>andmevahetus e-poega toimub kr\u00fcpteeritud \u00fchenduse kaudu (TSL),<\/li>\n\n\n\n<li>kliendi paroole hoitakse kr\u00fcpteeritult,&nbsp;<\/li>\n\n\n\n<li>e-kirjade saatmisel on kasutusel standardne kr\u00fcpteerimine,&nbsp;<\/li>\n\n\n\n<li>e-poe serverite kaitseks on rakendatud tulem\u00fc\u00fcri ja asjakohast viiruset\u00f5rjet, luuakse regulaarseid varukoopiaid<\/li>\n<\/ul>\n\n\n\n<p>Isikuandmete edastamine veebipoe volitatud t\u00f6\u00f6tlejatest vastuv\u00f5tjatele (nt transporditeenuse pakkuja ja andmemajutus) toimub veebipoe ja volitatud t\u00f6\u00f6tlejatega s\u00f5lmitud lepingute alusel.<\/p>\n\n\n\n<p>Volitatud t\u00f6\u00f6tlejaid on kohustatud tagama isikuandmete t\u00f6\u00f6tlemisel asjakohased kaitsemeetmed koosk\u00f5las isikuandmete kaitse \u00fcldm\u00e4\u00e4ruse artikliga 28.<\/p>\n\n\n\n<h2 class=\"wp-block-heading\">Isikuandmetega tutvumine ja parandamine<\/h2>\n\n\n\n<p>Isikuandmetega saab tutvuda ja teha parandusi veebipoe kasutajaprofiilis v\u00f5i klienditoe vahendusel. Kui ost on sooritatud ilma kasutajakontota, siis saab tutvuda isikuandmetega klinditoe vahendusel. Kui isikuandmetega tutvumise taotlus on esitatud elektrooniliselt, esitatakse ka teave \u00fcldkasutatavate elektrooniliste vahendite kaudu.<\/p>\n\n\n\n<h2 class=\"wp-block-heading\">N\u00f5usoleku tagasiv\u00f5tmine<\/h2>\n\n\n\n<p>Kui isikundmete t\u00f6\u00f6tlemine toimub kliendi n\u00f5usoleku alusel, siis on kliendil \u00f5igus n\u00f5usolek tagasi v\u00f5tta kliendikonto seadete all v\u00f5i teavitades sellest kliendituge e-posti teel.<\/p>\n\n\n\n<h2 class=\"wp-block-heading\">S\u00e4ilitamine<\/h2>\n\n\n\n<p>Veebipoe kliendikonto sulgemisel kustutatakse isikuandmed, va isikuandmed (ostuajaloo andmed), mida on vaja s\u00e4ilitada raamatupidamise jaoks v\u00f5i tarbijavaidluste lahendamiseks.<\/p>\n\n\n\n<p>Maksetega ja tarbijavaidlustega seotud vaidluste korral s\u00e4ilitatakse isikuandmed kuni n\u00f5ude t\u00e4itmiseni v\u00f5i aegumist\u00e4htaja l\u00f5puni.<\/p>\n\n\n\n<p>Raamatupidamise algdokumentides sisalduvaid isikuandmeid s\u00e4ilitatakse seitse aastat.<\/p>\n\n\n\n<h2 class=\"wp-block-heading\">Piiramine<\/h2>\n\n\n\n<p>Kliendil on \u00f5igus taotleda oma isikuandmete t\u00f6\u00f6tlemise piiramist, kui andmed on eba\u00f5iged v\u00f5i pole t\u00e4ielikud v\u00f5i kui tema isikuandmeid t\u00f6\u00f6deldakse ebaseaduslikult.<\/p>\n\n\n\n<h2 class=\"wp-block-heading\">Vastuv\u00e4ited<\/h2>\n\n\n\n<p>Kliendil on \u00f5igus esitada vastuv\u00e4iteid seoses tema isikuandmete t\u00f6\u00f6tlemisega, kui tal on alust arvata, et tema isikuandmete t\u00f6\u00f6tlemiseks puudub seaduslik alus.<\/p>\n\n\n\n<h2 class=\"wp-block-heading\">Kustutamine<\/h2>\n\n\n\n<p>Isikuandmete kustutamiseks tuleb v\u00f5tta \u00fchendust klienditoega e-posti teel. Kustutamistaotlusele vastatakse mitte hiljem kui kuu aja jooksul ning t\u00e4psustakse andmete kustutamise perioodi.<\/p>\n\n\n\n<p>Vastuses taotlusele tuuakse ka v\u00e4lja need isikuandmed, mida ei kustuta ning see, millisel \u00f5iguslikul alusel ja p\u00f5hjusel neid ei kustutata.&nbsp;<\/p>\n\n\n\n<h2 class=\"wp-block-heading\">\u00dclekandmine<\/h2>\n\n\n\n<p>E-posti teel esitatud isikuandmete \u00fclekandmise taotlusele vastatakse hiljemalt kuu aja jooksul.<\/p>\n\n\n\n<p>Klienditugi tuvastab isikusamasuse ja teavitab isikuandmetest, mis kuuluvad \u00fclekandmisele.<\/p>\n\n\n\n<h2 class=\"wp-block-heading\">Otseturustusteated<\/h2>\n\n\n\n<p>E-kirja aadressi ja telefoninumbrit kasutatakse otseturundusteadete saatmiseks, kui klient on andnud vastava n\u00f5usoleku. Kui klient ei soovi saada otseturustusteateid, siis tuleb valida e-kirja jaluses vastav viide v\u00f5i v\u00f5tta \u00fchendust klienditoega.<\/p>\n\n\n\n<h2 class=\"wp-block-heading\">Vaidluste lahendamine<\/h2>\n\n\n\n<p>Isikuandmete t\u00f6\u00f6tlemisega seotud vaidluste lahendamine toimub klienditoe vahendusel<a href=\"mailto:pood@motorock.ee\">pood@motorock.ee<\/a>. J\u00e4relevalveasutus on Eesti Andmekaitse Inspektsioon (<a href=\"mailto:info@aki.ee\">info@aki.ee<\/a>).<\/p>\n","protected":false},"excerpt":{"rendered":"<p>\u00dclds\u00e4tted K\u00e4esolev privaatsuspoliitika reguleerib veebipoe motorock.ee (edaspidi Veebipood) isikuandmete kogumist, t\u00f6\u00f6tlemist ja s\u00e4ilitamist k\u00e4sitlevaid p\u00f5him\u00f5tteid. Isikuandmeid kogub t\u00f6\u00f6tleb ja s\u00e4ilitab isikuandmete vastutav t\u00f6\u00f6tleja Motomonopol O\u00dc (registrikood 17332522), asukohaga Tamsalu mnt 6, Vajangu k\u00fcla, 46002 Tapa vald, L\u00e4\u00e4ne-Viru maakond. Telefon +372 555 58 555 ja e-post pood@motorock.ee Andmesubjekt privaatsuspoliitika t\u00e4henduses on klient v\u00f5i muu f\u00fc\u00fcsiline isik, [&hellip;]<\/p>\n","protected":false},"author":1,"featured_media":0,"parent":0,"menu_order":0,"comment_status":"closed","ping_status":"closed","template":"","meta":{"_acf_changed":false,"footnotes":""},"class_list":["post-1384","page","type-page","status-publish","hentry"],"acf":[],"yoast_head":"<!-- This site is optimized with the Yoast SEO plugin v27.6 - https:\/\/yoast.com\/product\/yoast-seo-wordpress\/ -->\n<title>Privaatsuspoliitika | Motorock<\/title>\n<meta name=\"robots\" content=\"index, follow, max-snippet:-1, max-image-preview:large, max-video-preview:-1\" \/>\n<link rel=\"canonical\" href=\"https:\/\/motorock.eu\/et\/privaatsuspoliitika\/\" \/>\n<meta property=\"og:locale\" content=\"et_EE\" \/>\n<meta property=\"og:type\" content=\"article\" \/>\n<meta property=\"og:title\" content=\"Privaatsuspoliitika | Motorock\" \/>\n<meta property=\"og:description\" content=\"\u00dclds\u00e4tted K\u00e4esolev privaatsuspoliitika reguleerib veebipoe motorock.ee (edaspidi Veebipood) isikuandmete kogumist, t\u00f6\u00f6tlemist ja s\u00e4ilitamist k\u00e4sitlevaid p\u00f5him\u00f5tteid. Isikuandmeid kogub t\u00f6\u00f6tleb ja s\u00e4ilitab isikuandmete vastutav t\u00f6\u00f6tleja Motomonopol O\u00dc (registrikood 17332522), asukohaga Tamsalu mnt 6, Vajangu k\u00fcla, 46002 Tapa vald, L\u00e4\u00e4ne-Viru maakond. Telefon +372 555 58 555 ja e-post pood@motorock.ee Andmesubjekt privaatsuspoliitika t\u00e4henduses on klient v\u00f5i muu f\u00fc\u00fcsiline isik, [&hellip;]\" \/>\n<meta property=\"og:url\" content=\"https:\/\/motorock.eu\/et\/privaatsuspoliitika\/\" \/>\n<meta property=\"og:site_name\" content=\"Motorock\" \/>\n<meta property=\"article:modified_time\" content=\"2025-10-02T08:32:55+00:00\" \/>\n<meta property=\"og:image\" content=\"https:\/\/motorock.eu\/wp-content\/uploads\/2025\/09\/Motorock-og-image-min.jpg\" \/>\n\t<meta property=\"og:image:width\" content=\"1200\" \/>\n\t<meta property=\"og:image:height\" content=\"675\" \/>\n\t<meta property=\"og:image:type\" content=\"image\/jpeg\" \/>\n<meta name=\"twitter:card\" content=\"summary_large_image\" \/>\n<meta name=\"twitter:label1\" content=\"Est. reading time\" \/>\n\t<meta name=\"twitter:data1\" content=\"7 minutit\" \/>\n<script type=\"application\/ld+json\" class=\"yoast-schema-graph\">{\"@context\":\"https:\\\/\\\/schema.org\",\"@graph\":[{\"@type\":\"WebPage\",\"@id\":\"https:\\\/\\\/motorock.eu\\\/et\\\/privaatsuspoliitika\\\/\",\"url\":\"https:\\\/\\\/motorock.eu\\\/et\\\/privaatsuspoliitika\\\/\",\"name\":\"Privaatsuspoliitika | Motorock\",\"isPartOf\":{\"@id\":\"https:\\\/\\\/motorock.eu\\\/et\\\/#website\"},\"datePublished\":\"2025-05-23T04:19:25+00:00\",\"dateModified\":\"2025-10-02T08:32:55+00:00\",\"breadcrumb\":{\"@id\":\"https:\\\/\\\/motorock.eu\\\/et\\\/privaatsuspoliitika\\\/#breadcrumb\"},\"inLanguage\":\"et\",\"potentialAction\":[{\"@type\":\"ReadAction\",\"target\":[\"https:\\\/\\\/motorock.eu\\\/et\\\/privaatsuspoliitika\\\/\"]}]},{\"@type\":\"BreadcrumbList\",\"@id\":\"https:\\\/\\\/motorock.eu\\\/et\\\/privaatsuspoliitika\\\/#breadcrumb\",\"itemListElement\":[{\"@type\":\"ListItem\",\"position\":1,\"name\":\"Koduleht\",\"item\":\"https:\\\/\\\/motorock.eu\\\/et\\\/\"},{\"@type\":\"ListItem\",\"position\":2,\"name\":\"Privaatsuspoliitika\"}]},{\"@type\":\"WebSite\",\"@id\":\"https:\\\/\\\/motorock.eu\\\/et\\\/#website\",\"url\":\"https:\\\/\\\/motorock.eu\\\/et\\\/\",\"name\":\"Motorock\",\"description\":\"Sinu elustiil, sinu teekond!\",\"publisher\":{\"@id\":\"https:\\\/\\\/motorock.eu\\\/et\\\/#organization\"},\"potentialAction\":[{\"@type\":\"SearchAction\",\"target\":{\"@type\":\"EntryPoint\",\"urlTemplate\":\"https:\\\/\\\/motorock.eu\\\/et\\\/?s={search_term_string}\"},\"query-input\":{\"@type\":\"PropertyValueSpecification\",\"valueRequired\":true,\"valueName\":\"search_term_string\"}}],\"inLanguage\":\"et\"},{\"@type\":\"Organization\",\"@id\":\"https:\\\/\\\/motorock.eu\\\/et\\\/#organization\",\"name\":\"Motorock\",\"url\":\"https:\\\/\\\/motorock.eu\\\/et\\\/\",\"logo\":{\"@type\":\"ImageObject\",\"inLanguage\":\"et\",\"@id\":\"https:\\\/\\\/motorock.eu\\\/et\\\/#\\\/schema\\\/logo\\\/image\\\/\",\"url\":\"https:\\\/\\\/motorock.eu\\\/wp-content\\\/uploads\\\/2025\\\/05\\\/Group.png\",\"contentUrl\":\"https:\\\/\\\/motorock.eu\\\/wp-content\\\/uploads\\\/2025\\\/05\\\/Group.png\",\"width\":2185,\"height\":677,\"caption\":\"Motorock\"},\"image\":{\"@id\":\"https:\\\/\\\/motorock.eu\\\/et\\\/#\\\/schema\\\/logo\\\/image\\\/\"}}]}<\/script>\n<!-- \/ Yoast SEO plugin. -->","yoast_head_json":{"title":"Privaatsuspoliitika | Motorock","robots":{"index":"index","follow":"follow","max-snippet":"max-snippet:-1","max-image-preview":"max-image-preview:large","max-video-preview":"max-video-preview:-1"},"canonical":"https:\/\/motorock.eu\/et\/privaatsuspoliitika\/","og_locale":"et_EE","og_type":"article","og_title":"Privaatsuspoliitika | Motorock","og_description":"\u00dclds\u00e4tted K\u00e4esolev privaatsuspoliitika reguleerib veebipoe motorock.ee (edaspidi Veebipood) isikuandmete kogumist, t\u00f6\u00f6tlemist ja s\u00e4ilitamist k\u00e4sitlevaid p\u00f5him\u00f5tteid. Isikuandmeid kogub t\u00f6\u00f6tleb ja s\u00e4ilitab isikuandmete vastutav t\u00f6\u00f6tleja Motomonopol O\u00dc (registrikood 17332522), asukohaga Tamsalu mnt 6, Vajangu k\u00fcla, 46002 Tapa vald, L\u00e4\u00e4ne-Viru maakond. Telefon +372 555 58 555 ja e-post pood@motorock.ee Andmesubjekt privaatsuspoliitika t\u00e4henduses on klient v\u00f5i muu f\u00fc\u00fcsiline isik, [&hellip;]","og_url":"https:\/\/motorock.eu\/et\/privaatsuspoliitika\/","og_site_name":"Motorock","article_modified_time":"2025-10-02T08:32:55+00:00","og_image":[{"width":1200,"height":675,"url":"https:\/\/motorock.eu\/wp-content\/uploads\/2025\/09\/Motorock-og-image-min.jpg","type":"image\/jpeg"}],"twitter_card":"summary_large_image","twitter_misc":{"Est. reading time":"7 minutit"},"schema":{"@context":"https:\/\/schema.org","@graph":[{"@type":"WebPage","@id":"https:\/\/motorock.eu\/et\/privaatsuspoliitika\/","url":"https:\/\/motorock.eu\/et\/privaatsuspoliitika\/","name":"Privaatsuspoliitika | Motorock","isPartOf":{"@id":"https:\/\/motorock.eu\/et\/#website"},"datePublished":"2025-05-23T04:19:25+00:00","dateModified":"2025-10-02T08:32:55+00:00","breadcrumb":{"@id":"https:\/\/motorock.eu\/et\/privaatsuspoliitika\/#breadcrumb"},"inLanguage":"et","potentialAction":[{"@type":"ReadAction","target":["https:\/\/motorock.eu\/et\/privaatsuspoliitika\/"]}]},{"@type":"BreadcrumbList","@id":"https:\/\/motorock.eu\/et\/privaatsuspoliitika\/#breadcrumb","itemListElement":[{"@type":"ListItem","position":1,"name":"Koduleht","item":"https:\/\/motorock.eu\/et\/"},{"@type":"ListItem","position":2,"name":"Privaatsuspoliitika"}]},{"@type":"WebSite","@id":"https:\/\/motorock.eu\/et\/#website","url":"https:\/\/motorock.eu\/et\/","name":"Motorock","description":"Sinu elustiil, sinu teekond!","publisher":{"@id":"https:\/\/motorock.eu\/et\/#organization"},"potentialAction":[{"@type":"SearchAction","target":{"@type":"EntryPoint","urlTemplate":"https:\/\/motorock.eu\/et\/?s={search_term_string}"},"query-input":{"@type":"PropertyValueSpecification","valueRequired":true,"valueName":"search_term_string"}}],"inLanguage":"et"},{"@type":"Organization","@id":"https:\/\/motorock.eu\/et\/#organization","name":"Motorock","url":"https:\/\/motorock.eu\/et\/","logo":{"@type":"ImageObject","inLanguage":"et","@id":"https:\/\/motorock.eu\/et\/#\/schema\/logo\/image\/","url":"https:\/\/motorock.eu\/wp-content\/uploads\/2025\/05\/Group.png","contentUrl":"https:\/\/motorock.eu\/wp-content\/uploads\/2025\/05\/Group.png","width":2185,"height":677,"caption":"Motorock"},"image":{"@id":"https:\/\/motorock.eu\/et\/#\/schema\/logo\/image\/"}}]}},"_links":{"self":[{"href":"https:\/\/motorock.eu\/et\/wp-json\/wp\/v2\/pages\/1384","targetHints":{"allow":["GET"]}}],"collection":[{"href":"https:\/\/motorock.eu\/et\/wp-json\/wp\/v2\/pages"}],"about":[{"href":"https:\/\/motorock.eu\/et\/wp-json\/wp\/v2\/types\/page"}],"author":[{"embeddable":true,"href":"https:\/\/motorock.eu\/et\/wp-json\/wp\/v2\/users\/1"}],"replies":[{"embeddable":true,"href":"https:\/\/motorock.eu\/et\/wp-json\/wp\/v2\/comments?post=1384"}],"version-history":[{"count":3,"href":"https:\/\/motorock.eu\/et\/wp-json\/wp\/v2\/pages\/1384\/revisions"}],"predecessor-version":[{"id":13388,"href":"https:\/\/motorock.eu\/et\/wp-json\/wp\/v2\/pages\/1384\/revisions\/13388"}],"wp:attachment":[{"href":"https:\/\/motorock.eu\/et\/wp-json\/wp\/v2\/media?parent=1384"}],"curies":[{"name":"wp","href":"https:\/\/api.w.org\/{rel}","templated":true}]}}