{"id":1370,"date":"2025-05-21T04:31:53","date_gmt":"2025-05-21T01:31:53","guid":{"rendered":"https:\/\/motorock.eu\/about\/"},"modified":"2026-03-24T15:11:55","modified_gmt":"2026-03-24T13:11:55","slug":"meist","status":"publish","type":"page","link":"https:\/\/motorock.eu\/et\/meist\/","title":{"rendered":"Meist"},"content":{"rendered":"\t\t<div data-elementor-type=\"wp-page\" data-elementor-id=\"1370\" class=\"elementor elementor-1370 elementor-38\" data-elementor-post-type=\"page\">\n\t\t\t\t<div class=\"e-con-top elementor-element elementor-element-fda4536 e-flex e-con-boxed e-con e-parent\" data-id=\"fda4536\" data-element_type=\"container\" data-e-type=\"container\" data-settings=\"{&quot;background_background&quot;:&quot;classic&quot;}\">\n\t\t\t\t\t<div class=\"e-con-inner\">\n\t\t\t\t<div class=\"elementor-element elementor-element-af65734 elementor-widget elementor-widget-text-editor\" data-id=\"af65734\" data-element_type=\"widget\" data-e-type=\"widget\" data-widget_type=\"text-editor.default\">\n\t\t\t\t<div class=\"elementor-widget-container\">\n\t\t\t\t\t\t\t\t\t<h1 class=\"bde-heading-35-103 bde-heading\">MotoRock<\/h1><p>On koht, kus stiil kohtub seiklusega!<br>Tahame olla vabade ja enesekindlate number \u00fcks valik.<\/p>\t\t\t\t\t\t\t\t<\/div>\n\t\t\t\t<\/div>\n\t\t\t\t\t<\/div>\n\t\t\t\t<\/div>\n\t\t<div class=\"e-con-top elementor-element elementor-element-4a38579 e-con-full e-flex e-con e-parent\" data-id=\"4a38579\" data-element_type=\"container\" data-e-type=\"container\">\n\t\t<div class=\"elementor-element elementor-element-92f1d94 e-con-full e-flex e-con e-child\" data-id=\"92f1d94\" data-element_type=\"container\" data-e-type=\"container\">\n\t\t\t\t<div class=\"elementor-element elementor-element-64df3fd elementor-widget elementor-widget-text-editor\" data-id=\"64df3fd\" data-element_type=\"widget\" data-e-type=\"widget\" data-widget_type=\"text-editor.default\">\n\t\t\t\t<div class=\"elementor-widget-container\">\n\t\t\t\t\t\t\t\t\t<h4 class=\"toptitle\">Motorock<\/h4>\n<h2>Kuidas k\u00f5ik algas?<\/h2>\n<div>Asi sai alguse lihtsalt Tarmo m\u00f5ttest, et oleks t\u00e4isealiseks saavale t\u00fctrele \u00fchte lahedat tsiklit vaja ning sattus veebis kolades <a title=\"Kl\u00f5psake , et avada uues aknas v\u00f5i vahekaardil https:\/\/muttmotorcycles.com\/\" href=\"https:\/\/muttmotorcycles.com\/\">MUTT Motorcycles<\/a> peale. Kuna Tarmo ei ole \u00fcldse kade inimene, siis m\u00f5tles, et \u00e4kki on siin maanurgas veel neid, kellele sellised s\u00f5iduriistad huvi v\u00f5iks pakkuda. <\/div>\n<div>&nbsp;<\/div>\n<div>Ettev\u00f5tliku inimesena uuris ta tootjate k\u00e4est maad, et kas neil Maarjamaal juba edasim\u00fc\u00fcgi \u00f5igusega partner on v\u00f5i mitte. Et seltsis oleks segasem, h\u00f5ikas Tarmo Facebooki nimelisel k\u00fclaplatsil k\u00f5va h\u00e4\u00e4lega v\u00e4lja, et otsib partnereid. Paar hullu andis endast m\u00e4rku ka.  <\/div>\n<div>&nbsp;<\/div>\n<div>Tehtud ja tehtud, t\u00f5ime siia esimesed 4 ratast ja hakkasime esindama kaubam\u00e4rki.<\/div>\t\t\t\t\t\t\t\t<\/div>\n\t\t\t\t<\/div>\n\t\t\t\t<\/div>\n\t\t<div class=\"elementor-element elementor-element-937cc89 e-con-full e-flex e-con e-child\" data-id=\"937cc89\" data-element_type=\"container\" data-e-type=\"container\">\n\t\t\t\t<div class=\"elementor-element elementor-element-0547ecd elementor-widget elementor-widget-image\" data-id=\"0547ecd\" data-element_type=\"widget\" data-e-type=\"widget\" data-widget_type=\"image.default\">\n\t\t\t\t<div class=\"elementor-widget-container\">\n\t\t\t\t\t\t\t\t\t\t\t\t\t\t\t<img fetchpriority=\"high\" decoding=\"async\" width=\"768\" height=\"1024\" src=\"https:\/\/motorock.eu\/wp-content\/uploads\/2025\/07\/tarmo_istub_tsikli_seljas-768x1024.jpg\" class=\"attachment-large size-large wp-image-1329\" alt=\"Motorock\" srcset=\"https:\/\/motorock.eu\/wp-content\/uploads\/2025\/07\/tarmo_istub_tsikli_seljas-768x1024.jpg 768w, https:\/\/motorock.eu\/wp-content\/uploads\/2025\/07\/tarmo_istub_tsikli_seljas-600x800.jpg 600w, https:\/\/motorock.eu\/wp-content\/uploads\/2025\/07\/tarmo_istub_tsikli_seljas-225x300.jpg 225w, https:\/\/motorock.eu\/wp-content\/uploads\/2025\/07\/tarmo_istub_tsikli_seljas-1152x1536.jpg 1152w, https:\/\/motorock.eu\/wp-content\/uploads\/2025\/07\/tarmo_istub_tsikli_seljas.jpg 1536w\" sizes=\"(max-width: 768px) 100vw, 768px\" \/>\t\t\t\t\t\t\t\t\t\t\t\t\t\t\t<\/div>\n\t\t\t\t<\/div>\n\t\t\t\t<\/div>\n\t\t\t\t<\/div>\n\t\t<div class=\"e-con-top elementor-element elementor-element-a9c9a1e e-con-full e-flex e-con e-parent\" data-id=\"a9c9a1e\" data-element_type=\"container\" data-e-type=\"container\">\n\t\t<div class=\"elementor-element elementor-element-446c035 e-con-full e-flex e-con e-child\" data-id=\"446c035\" data-element_type=\"container\" data-e-type=\"container\">\n\t\t\t\t<div class=\"elementor-element elementor-element-a7b8dfc elementor-widget elementor-widget-image\" data-id=\"a7b8dfc\" data-element_type=\"widget\" data-e-type=\"widget\" data-widget_type=\"image.default\">\n\t\t\t\t<div class=\"elementor-widget-container\">\n\t\t\t\t\t\t\t\t\t\t\t\t\t\t\t<img decoding=\"async\" width=\"1024\" height=\"768\" src=\"https:\/\/motorock.eu\/wp-content\/uploads\/2025\/07\/Rouge-testipaev-1024x768.jpg\" class=\"attachment-large size-large wp-image-1331\" alt=\"Motorock\" srcset=\"https:\/\/motorock.eu\/wp-content\/uploads\/2025\/07\/Rouge-testipaev-1024x768.jpg 1024w, https:\/\/motorock.eu\/wp-content\/uploads\/2025\/07\/Rouge-testipaev-600x450.jpg 600w, https:\/\/motorock.eu\/wp-content\/uploads\/2025\/07\/Rouge-testipaev-300x225.jpg 300w, https:\/\/motorock.eu\/wp-content\/uploads\/2025\/07\/Rouge-testipaev-768x576.jpg 768w, https:\/\/motorock.eu\/wp-content\/uploads\/2025\/07\/Rouge-testipaev.jpg 1290w\" sizes=\"(max-width: 1024px) 100vw, 1024px\" \/>\t\t\t\t\t\t\t\t\t\t\t\t\t\t\t<\/div>\n\t\t\t\t<\/div>\n\t\t\t\t<\/div>\n\t\t<div class=\"elementor-element elementor-element-042e43f e-con-full e-flex e-con e-child\" data-id=\"042e43f\" data-element_type=\"container\" data-e-type=\"container\">\n\t\t\t\t<div class=\"elementor-element elementor-element-beb582a elementor-widget elementor-widget-text-editor\" data-id=\"beb582a\" data-element_type=\"widget\" data-e-type=\"widget\" data-widget_type=\"text-editor.default\">\n\t\t\t\t<div class=\"elementor-widget-container\">\n\t\t\t\t\t\t\t\t\t<h4 class=\"toptitle\">Motorock<\/h4><h2 class=\"bde-heading-35-138 bde-heading\"><strong>Miks MotoRock?<\/strong><\/h2><div><div>Me v\u00f5ime inimestena olla v\u00e4ga erinevad. Elada linnas v\u00f5i maal, teha oma igap\u00e4evat\u00f6\u00f6d kellu ja haamri, hiire ja klaviatuuri abil v\u00f5i \u00f5lin\u00e4pu kombel garaa\u017eis. \u00dcks on selge! Juba maast madalast ei ole keegi meist tsiklitest \u00fcksk\u00f5ikselt m\u00f6\u00f6da saanud minna ja rokkmuusika paneb enamikul meist ka jala alati tatsuma.   <\/div><div> <\/div><div>M\u00f5istagi pole ju asi tegelikult muusikas. Rokk on elustiil! See elustiil esindab vabadust, enesekindlust, seiklust ja massist eristumist.  <\/div><\/div>\t\t\t\t\t\t\t\t<\/div>\n\t\t\t\t<\/div>\n\t\t\t\t<\/div>\n\t\t\t\t<\/div>\n\t\t<div class=\"e-con-top elementor-element elementor-element-7691d99 e-con-full e-flex e-con e-parent\" data-id=\"7691d99\" data-element_type=\"container\" data-e-type=\"container\">\n\t\t\t\t<div class=\"elementor-element elementor-element-fb8d694 elementor-widget elementor-widget-video\" data-id=\"fb8d694\" data-element_type=\"widget\" data-e-type=\"widget\" data-settings=\"{&quot;youtube_url&quot;:&quot;https:\\\/\\\/www.youtube.com\\\/watch?v=Vs8ay3faq5Y&quot;,&quot;show_image_overlay&quot;:&quot;yes&quot;,&quot;image_overlay&quot;:{&quot;url&quot;:&quot;https:\\\/\\\/motorock.eu\\\/wp-content\\\/uploads\\\/2025\\\/07\\\/muttMoto-min.jpg&quot;,&quot;id&quot;:1333,&quot;size&quot;:&quot;&quot;,&quot;alt&quot;:&quot;muttMoto&quot;,&quot;source&quot;:&quot;library&quot;},&quot;video_type&quot;:&quot;youtube&quot;,&quot;controls&quot;:&quot;yes&quot;}\" data-widget_type=\"video.default\">\n\t\t\t\t<div class=\"elementor-widget-container\">\n\t\t\t\t\t\t\t<div class=\"elementor-wrapper elementor-open-inline\">\n\t\t\t<div class=\"elementor-video\"><\/div>\t\t\t\t<div class=\"elementor-custom-embed-image-overlay\" style=\"background-image: url(https:\/\/motorock.eu\/wp-content\/uploads\/2025\/07\/muttMoto-min.jpg);\">\n\t\t\t\t\t\t\t\t\t\t\t\t\t\t\t\t<div class=\"elementor-custom-embed-play\" role=\"button\" aria-label=\"Play Video about muttMoto\" tabindex=\"0\">\n\t\t\t\t\t\t\t<svg aria-hidden=\"true\" class=\"e-font-icon-svg e-eicon-play\" viewBox=\"0 0 1000 1000\" xmlns=\"http:\/\/www.w3.org\/2000\/svg\"><path d=\"M838 162C746 71 633 25 500 25 371 25 258 71 163 162 71 254 25 367 25 500 25 633 71 746 163 837 254 929 367 979 500 979 633 979 746 933 838 837 929 746 975 633 975 500 975 367 929 254 838 162M808 192C892 279 933 379 933 500 933 621 892 725 808 808 725 892 621 938 500 938 379 938 279 896 196 808 113 725 67 621 67 500 67 379 108 279 196 192 279 108 383 62 500 62 621 62 721 108 808 192M438 392V642L642 517 438 392Z\"><\/path><\/svg>\t\t\t\t\t\t<\/div>\n\t\t\t\t\t\t\t\t\t<\/div>\n\t\t\t\t\t<\/div>\n\t\t\t\t\t\t<\/div>\n\t\t\t\t<\/div>\n\t\t\t\t<\/div>\n\t\t<div class=\"e-con-top elementor-element elementor-element-d98c647 e-flex e-con-boxed e-con e-parent\" data-id=\"d98c647\" data-element_type=\"container\" data-e-type=\"container\">\n\t\t\t\t\t<div class=\"e-con-inner\">\n\t\t\t\t<div class=\"elementor-element elementor-element-283f5eb elementor-widget elementor-widget-heading\" data-id=\"283f5eb\" data-element_type=\"widget\" data-e-type=\"widget\" data-widget_type=\"heading.default\">\n\t\t\t\t<div class=\"elementor-widget-container\">\n\t\t\t\t\t<h2 class=\"elementor-heading-title elementor-size-default\">Miks sa peaksid MotoRockist ostma?<\/h2>\t\t\t\t<\/div>\n\t\t\t\t<\/div>\n\t\t\t\t<div class=\"elementor-element elementor-element-fc26ea7 elementor-widget elementor-widget-text-editor\" data-id=\"fc26ea7\" data-element_type=\"widget\" data-e-type=\"widget\" data-widget_type=\"text-editor.default\">\n\t\t\t\t<div class=\"elementor-widget-container\">\n\t\t\t\t\t\t\t\t\t<p>Erinevalt enamikest t\u00e4na turul toimetavatest motopoodidest,<br>mis m\u00fc\u00fcvad (meie arvates) suhteliselt ilmetut ja \u00fchesugust kraami, me tahaks pakkuda midagi lahedat.<\/p><p><strong>AGA LISAKS SELLELE: <\/strong><\/p>\t\t\t\t\t\t\t\t<\/div>\n\t\t\t\t<\/div>\n\t\t\t\t\t<\/div>\n\t\t\t\t<\/div>\n\t\t<div class=\"e-con-top elementor-element elementor-element-21136b0 e-grid e-con-boxed e-con e-parent\" data-id=\"21136b0\" data-element_type=\"container\" data-e-type=\"container\">\n\t\t\t\t\t<div class=\"e-con-inner\">\n\t\t\t\t<div class=\"elementor-element elementor-element-1a15541 elementor-view-default elementor-position-block-start elementor-mobile-position-block-start elementor-widget elementor-widget-icon-box\" data-id=\"1a15541\" data-element_type=\"widget\" data-e-type=\"widget\" data-widget_type=\"icon-box.default\">\n\t\t\t\t<div class=\"elementor-widget-container\">\n\t\t\t\t\t\t\t<div class=\"elementor-icon-box-wrapper\">\n\n\t\t\t\t\t\t<div class=\"elementor-icon-box-icon\">\n\t\t\t\t<span  class=\"elementor-icon\">\n\t\t\t\t<svg aria-hidden=\"true\" class=\"e-font-icon-svg e-fas-shopping-cart\" viewBox=\"0 0 576 512\" xmlns=\"http:\/\/www.w3.org\/2000\/svg\"><path d=\"M528.12 301.319l47.273-208C578.806 78.301 567.391 64 551.99 64H159.208l-9.166-44.81C147.758 8.021 137.93 0 126.529 0H24C10.745 0 0 10.745 0 24v16c0 13.255 10.745 24 24 24h69.883l70.248 343.435C147.325 417.1 136 435.222 136 456c0 30.928 25.072 56 56 56s56-25.072 56-56c0-15.674-6.447-29.835-16.824-40h209.647C430.447 426.165 424 440.326 424 456c0 30.928 25.072 56 56 56s56-25.072 56-56c0-22.172-12.888-41.332-31.579-50.405l5.517-24.276c3.413-15.018-8.002-29.319-23.403-29.319H218.117l-6.545-32h293.145c11.206 0 20.92-7.754 23.403-18.681z\"><\/path><\/svg>\t\t\t\t<\/span>\n\t\t\t<\/div>\n\t\t\t\n\t\t\t\t\t\t<div class=\"elementor-icon-box-content\">\n\n\t\t\t\t\t\t\t\t\t<h3 class=\"elementor-icon-box-title\">\n\t\t\t\t\t\t<span  >\n\t\t\t\t\t\t\tKiire kohaletoimetamine<\/br> Rahvusvaheline kohaletoimetamine\t\t\t\t\t\t<\/span>\n\t\t\t\t\t<\/h3>\n\t\t\t\t\n\t\t\t\t\n\t\t\t<\/div>\n\t\t\t\n\t\t<\/div>\n\t\t\t\t\t\t<\/div>\n\t\t\t\t<\/div>\n\t\t\t\t<div class=\"elementor-element elementor-element-85650f1 elementor-view-default elementor-position-block-start elementor-mobile-position-block-start elementor-widget elementor-widget-icon-box\" data-id=\"85650f1\" data-element_type=\"widget\" data-e-type=\"widget\" data-widget_type=\"icon-box.default\">\n\t\t\t\t<div class=\"elementor-widget-container\">\n\t\t\t\t\t\t\t<div class=\"elementor-icon-box-wrapper\">\n\n\t\t\t\t\t\t<div class=\"elementor-icon-box-icon\">\n\t\t\t\t<span  class=\"elementor-icon\">\n\t\t\t\t<svg aria-hidden=\"true\" class=\"e-font-icon-svg e-fas-truck\" viewBox=\"0 0 640 512\" xmlns=\"http:\/\/www.w3.org\/2000\/svg\"><path d=\"M624 352h-16V243.9c0-12.7-5.1-24.9-14.1-33.9L494 110.1c-9-9-21.2-14.1-33.9-14.1H416V48c0-26.5-21.5-48-48-48H48C21.5 0 0 21.5 0 48v320c0 26.5 21.5 48 48 48h16c0 53 43 96 96 96s96-43 96-96h128c0 53 43 96 96 96s96-43 96-96h48c8.8 0 16-7.2 16-16v-32c0-8.8-7.2-16-16-16zM160 464c-26.5 0-48-21.5-48-48s21.5-48 48-48 48 21.5 48 48-21.5 48-48 48zm320 0c-26.5 0-48-21.5-48-48s21.5-48 48-48 48 21.5 48 48-21.5 48-48 48zm80-208H416V144h44.1l99.9 99.9V256z\"><\/path><\/svg>\t\t\t\t<\/span>\n\t\t\t<\/div>\n\t\t\t\n\t\t\t\t\t\t<div class=\"elementor-icon-box-content\">\n\n\t\t\t\t\t\t\t\t\t<h3 class=\"elementor-icon-box-title\">\n\t\t\t\t\t\t<span  >\n\t\t\t\t\t\t\t14-p\u00e4evane tagastus\u00f5igus<\/br>\t\t\t\t\t\t<\/span>\n\t\t\t\t\t<\/h3>\n\t\t\t\t\n\t\t\t\t\n\t\t\t<\/div>\n\t\t\t\n\t\t<\/div>\n\t\t\t\t\t\t<\/div>\n\t\t\t\t<\/div>\n\t\t\t\t<div class=\"elementor-element elementor-element-8e2a559 elementor-view-default elementor-position-block-start elementor-mobile-position-block-start elementor-widget elementor-widget-icon-box\" data-id=\"8e2a559\" data-element_type=\"widget\" data-e-type=\"widget\" data-widget_type=\"icon-box.default\">\n\t\t\t\t<div class=\"elementor-widget-container\">\n\t\t\t\t\t\t\t<div class=\"elementor-icon-box-wrapper\">\n\n\t\t\t\t\t\t<div class=\"elementor-icon-box-icon\">\n\t\t\t\t<span  class=\"elementor-icon\">\n\t\t\t\t<svg aria-hidden=\"true\" class=\"e-font-icon-svg e-fas-handshake\" viewBox=\"0 0 640 512\" xmlns=\"http:\/\/www.w3.org\/2000\/svg\"><path d=\"M434.7 64h-85.9c-8 0-15.7 3-21.6 8.4l-98.3 90c-.1.1-.2.3-.3.4-16.6 15.6-16.3 40.5-2.1 56 12.7 13.9 39.4 17.6 56.1 2.7.1-.1.3-.1.4-.2l79.9-73.2c6.5-5.9 16.7-5.5 22.6 1 6 6.5 5.5 16.6-1 22.6l-26.1 23.9L504 313.8c2.9 2.4 5.5 5 7.9 7.7V128l-54.6-54.6c-5.9-6-14.1-9.4-22.6-9.4zM544 128.2v223.9c0 17.7 14.3 32 32 32h64V128.2h-96zm48 223.9c-8.8 0-16-7.2-16-16s7.2-16 16-16 16 7.2 16 16-7.2 16-16 16zM0 384h64c17.7 0 32-14.3 32-32V128.2H0V384zm48-63.9c8.8 0 16 7.2 16 16s-7.2 16-16 16-16-7.2-16-16c0-8.9 7.2-16 16-16zm435.9 18.6L334.6 217.5l-30 27.5c-29.7 27.1-75.2 24.5-101.7-4.4-26.9-29.4-24.8-74.9 4.4-101.7L289.1 64h-83.8c-8.5 0-16.6 3.4-22.6 9.4L128 128v223.9h18.3l90.5 81.9c27.4 22.3 67.7 18.1 90-9.3l.2-.2 17.9 15.5c15.9 13 39.4 10.5 52.3-5.4l31.4-38.6 5.4 4.4c13.7 11.1 33.9 9.1 45-4.7l9.5-11.7c11.2-13.8 9.1-33.9-4.6-45.1z\"><\/path><\/svg>\t\t\t\t<\/span>\n\t\t\t<\/div>\n\t\t\t\n\t\t\t\t\t\t<div class=\"elementor-icon-box-content\">\n\n\t\t\t\t\t\t\t\t\t<h3 class=\"elementor-icon-box-title\">\n\t\t\t\t\t\t<span  >\n\t\t\t\t\t\t\tGaranteeritud<\/br> kvaliteediga tooted\t\t\t\t\t\t<\/span>\n\t\t\t\t\t<\/h3>\n\t\t\t\t\n\t\t\t\t\n\t\t\t<\/div>\n\t\t\t\n\t\t<\/div>\n\t\t\t\t\t\t<\/div>\n\t\t\t\t<\/div>\n\t\t\t\t\t<\/div>\n\t\t\t\t<\/div>\n\t\t\t\t<\/div>\n\t\t","protected":false},"excerpt":{"rendered":"<p>MotoRock On koht, kus stiil kohtub seiklusega!Tahame olla vabade ja enesekindlate number \u00fcks valik. Motorock Kuidas k\u00f5ik algas? Asi sai alguse lihtsalt Tarmo m\u00f5ttest, et oleks t\u00e4isealiseks saavale t\u00fctrele \u00fchte lahedat tsiklit vaja ning sattus veebis kolades MUTT Motorcycles peale. Kuna Tarmo ei ole \u00fcldse kade inimene, siis m\u00f5tles, et \u00e4kki on siin maanurgas veel [&hellip;]<\/p>\n","protected":false},"author":1,"featured_media":0,"parent":0,"menu_order":0,"comment_status":"closed","ping_status":"closed","template":"template-builder.php","meta":{"_acf_changed":false,"footnotes":""},"class_list":["post-1370","page","type-page","status-publish","hentry"],"acf":[],"yoast_head":"<!-- This site is optimized with the Yoast SEO plugin v27.6 - https:\/\/yoast.com\/product\/yoast-seo-wordpress\/ -->\n<title>Meist | Motorock<\/title>\n<meta name=\"description\" content=\"Mootorrattakauplus, mis pakub lahedaid ja unikaalseid varustusi ja tarvikuid - mitte sama maitsetut kraami, mida leiad k\u00f5ikjalt mujalt. Eristuge massist ja valige vabadus, me anname h\u00e4\u00e4le enesekindlusele ja erilisusele.\" \/>\n<meta name=\"robots\" content=\"index, follow, max-snippet:-1, max-image-preview:large, max-video-preview:-1\" \/>\n<link rel=\"canonical\" href=\"https:\/\/motorock.eu\/et\/meist\/\" \/>\n<meta property=\"og:locale\" content=\"et_EE\" \/>\n<meta property=\"og:type\" content=\"article\" \/>\n<meta property=\"og:title\" content=\"Meist | Motorock\" \/>\n<meta property=\"og:description\" content=\"Mootorrattakauplus, mis pakub lahedaid ja unikaalseid varustusi ja tarvikuid - mitte sama maitsetut kraami, mida leiad k\u00f5ikjalt mujalt. Eristuge massist ja valige vabadus, me anname h\u00e4\u00e4le enesekindlusele ja erilisusele.\" \/>\n<meta property=\"og:url\" content=\"https:\/\/motorock.eu\/et\/meist\/\" \/>\n<meta property=\"og:site_name\" content=\"Motorock\" \/>\n<meta property=\"article:modified_time\" content=\"2026-03-24T13:11:55+00:00\" \/>\n<meta property=\"og:image\" content=\"https:\/\/motorock.eu\/wp-content\/uploads\/2025\/07\/tarmo_istub_tsikli_seljas.jpg\" \/>\n\t<meta property=\"og:image:width\" content=\"1536\" \/>\n\t<meta property=\"og:image:height\" content=\"2048\" \/>\n\t<meta property=\"og:image:type\" content=\"image\/jpeg\" \/>\n<meta name=\"twitter:card\" content=\"summary_large_image\" \/>\n<meta name=\"twitter:label1\" content=\"Est. reading time\" \/>\n\t<meta name=\"twitter:data1\" content=\"2 minutit\" \/>\n<script type=\"application\/ld+json\" class=\"yoast-schema-graph\">{\"@context\":\"https:\\\/\\\/schema.org\",\"@graph\":[{\"@type\":\"WebPage\",\"@id\":\"https:\\\/\\\/motorock.eu\\\/et\\\/meist\\\/\",\"url\":\"https:\\\/\\\/motorock.eu\\\/et\\\/meist\\\/\",\"name\":\"Meist | Motorock\",\"isPartOf\":{\"@id\":\"https:\\\/\\\/motorock.eu\\\/et\\\/#website\"},\"primaryImageOfPage\":{\"@id\":\"https:\\\/\\\/motorock.eu\\\/et\\\/meist\\\/#primaryimage\"},\"image\":{\"@id\":\"https:\\\/\\\/motorock.eu\\\/et\\\/meist\\\/#primaryimage\"},\"thumbnailUrl\":\"https:\\\/\\\/motorock.eu\\\/wp-content\\\/uploads\\\/2025\\\/07\\\/tarmo_istub_tsikli_seljas-768x1024.jpg\",\"datePublished\":\"2025-05-21T01:31:53+00:00\",\"dateModified\":\"2026-03-24T13:11:55+00:00\",\"description\":\"Mootorrattakauplus, mis pakub lahedaid ja unikaalseid varustusi ja tarvikuid - mitte sama maitsetut kraami, mida leiad k\u00f5ikjalt mujalt. Eristuge massist ja valige vabadus, me anname h\u00e4\u00e4le enesekindlusele ja erilisusele.\",\"breadcrumb\":{\"@id\":\"https:\\\/\\\/motorock.eu\\\/et\\\/meist\\\/#breadcrumb\"},\"inLanguage\":\"et\",\"potentialAction\":[{\"@type\":\"ReadAction\",\"target\":[\"https:\\\/\\\/motorock.eu\\\/et\\\/meist\\\/\"]}]},{\"@type\":\"ImageObject\",\"inLanguage\":\"et\",\"@id\":\"https:\\\/\\\/motorock.eu\\\/et\\\/meist\\\/#primaryimage\",\"url\":\"https:\\\/\\\/motorock.eu\\\/wp-content\\\/uploads\\\/2025\\\/07\\\/tarmo_istub_tsikli_seljas-768x1024.jpg\",\"contentUrl\":\"https:\\\/\\\/motorock.eu\\\/wp-content\\\/uploads\\\/2025\\\/07\\\/tarmo_istub_tsikli_seljas-768x1024.jpg\"},{\"@type\":\"BreadcrumbList\",\"@id\":\"https:\\\/\\\/motorock.eu\\\/et\\\/meist\\\/#breadcrumb\",\"itemListElement\":[{\"@type\":\"ListItem\",\"position\":1,\"name\":\"Koduleht\",\"item\":\"https:\\\/\\\/motorock.eu\\\/et\\\/\"},{\"@type\":\"ListItem\",\"position\":2,\"name\":\"Meist\"}]},{\"@type\":\"WebSite\",\"@id\":\"https:\\\/\\\/motorock.eu\\\/et\\\/#website\",\"url\":\"https:\\\/\\\/motorock.eu\\\/et\\\/\",\"name\":\"Motorock\",\"description\":\"Sinu elustiil, sinu teekond!\",\"publisher\":{\"@id\":\"https:\\\/\\\/motorock.eu\\\/et\\\/#organization\"},\"potentialAction\":[{\"@type\":\"SearchAction\",\"target\":{\"@type\":\"EntryPoint\",\"urlTemplate\":\"https:\\\/\\\/motorock.eu\\\/et\\\/?s={search_term_string}\"},\"query-input\":{\"@type\":\"PropertyValueSpecification\",\"valueRequired\":true,\"valueName\":\"search_term_string\"}}],\"inLanguage\":\"et\"},{\"@type\":\"Organization\",\"@id\":\"https:\\\/\\\/motorock.eu\\\/et\\\/#organization\",\"name\":\"Motorock\",\"url\":\"https:\\\/\\\/motorock.eu\\\/et\\\/\",\"logo\":{\"@type\":\"ImageObject\",\"inLanguage\":\"et\",\"@id\":\"https:\\\/\\\/motorock.eu\\\/et\\\/#\\\/schema\\\/logo\\\/image\\\/\",\"url\":\"https:\\\/\\\/motorock.eu\\\/wp-content\\\/uploads\\\/2025\\\/05\\\/Group.png\",\"contentUrl\":\"https:\\\/\\\/motorock.eu\\\/wp-content\\\/uploads\\\/2025\\\/05\\\/Group.png\",\"width\":2185,\"height\":677,\"caption\":\"Motorock\"},\"image\":{\"@id\":\"https:\\\/\\\/motorock.eu\\\/et\\\/#\\\/schema\\\/logo\\\/image\\\/\"}}]}<\/script>\n<!-- \/ Yoast SEO plugin. -->","yoast_head_json":{"title":"Meist | Motorock","description":"Mootorrattakauplus, mis pakub lahedaid ja unikaalseid varustusi ja tarvikuid - mitte sama maitsetut kraami, mida leiad k\u00f5ikjalt mujalt. Eristuge massist ja valige vabadus, me anname h\u00e4\u00e4le enesekindlusele ja erilisusele.","robots":{"index":"index","follow":"follow","max-snippet":"max-snippet:-1","max-image-preview":"max-image-preview:large","max-video-preview":"max-video-preview:-1"},"canonical":"https:\/\/motorock.eu\/et\/meist\/","og_locale":"et_EE","og_type":"article","og_title":"Meist | Motorock","og_description":"Mootorrattakauplus, mis pakub lahedaid ja unikaalseid varustusi ja tarvikuid - mitte sama maitsetut kraami, mida leiad k\u00f5ikjalt mujalt. Eristuge massist ja valige vabadus, me anname h\u00e4\u00e4le enesekindlusele ja erilisusele.","og_url":"https:\/\/motorock.eu\/et\/meist\/","og_site_name":"Motorock","article_modified_time":"2026-03-24T13:11:55+00:00","og_image":[{"width":1536,"height":2048,"url":"https:\/\/motorock.eu\/wp-content\/uploads\/2025\/07\/tarmo_istub_tsikli_seljas.jpg","type":"image\/jpeg"}],"twitter_card":"summary_large_image","twitter_misc":{"Est. reading time":"2 minutit"},"schema":{"@context":"https:\/\/schema.org","@graph":[{"@type":"WebPage","@id":"https:\/\/motorock.eu\/et\/meist\/","url":"https:\/\/motorock.eu\/et\/meist\/","name":"Meist | Motorock","isPartOf":{"@id":"https:\/\/motorock.eu\/et\/#website"},"primaryImageOfPage":{"@id":"https:\/\/motorock.eu\/et\/meist\/#primaryimage"},"image":{"@id":"https:\/\/motorock.eu\/et\/meist\/#primaryimage"},"thumbnailUrl":"https:\/\/motorock.eu\/wp-content\/uploads\/2025\/07\/tarmo_istub_tsikli_seljas-768x1024.jpg","datePublished":"2025-05-21T01:31:53+00:00","dateModified":"2026-03-24T13:11:55+00:00","description":"Mootorrattakauplus, mis pakub lahedaid ja unikaalseid varustusi ja tarvikuid - mitte sama maitsetut kraami, mida leiad k\u00f5ikjalt mujalt. Eristuge massist ja valige vabadus, me anname h\u00e4\u00e4le enesekindlusele ja erilisusele.","breadcrumb":{"@id":"https:\/\/motorock.eu\/et\/meist\/#breadcrumb"},"inLanguage":"et","potentialAction":[{"@type":"ReadAction","target":["https:\/\/motorock.eu\/et\/meist\/"]}]},{"@type":"ImageObject","inLanguage":"et","@id":"https:\/\/motorock.eu\/et\/meist\/#primaryimage","url":"https:\/\/motorock.eu\/wp-content\/uploads\/2025\/07\/tarmo_istub_tsikli_seljas-768x1024.jpg","contentUrl":"https:\/\/motorock.eu\/wp-content\/uploads\/2025\/07\/tarmo_istub_tsikli_seljas-768x1024.jpg"},{"@type":"BreadcrumbList","@id":"https:\/\/motorock.eu\/et\/meist\/#breadcrumb","itemListElement":[{"@type":"ListItem","position":1,"name":"Koduleht","item":"https:\/\/motorock.eu\/et\/"},{"@type":"ListItem","position":2,"name":"Meist"}]},{"@type":"WebSite","@id":"https:\/\/motorock.eu\/et\/#website","url":"https:\/\/motorock.eu\/et\/","name":"Motorock","description":"Sinu elustiil, sinu teekond!","publisher":{"@id":"https:\/\/motorock.eu\/et\/#organization"},"potentialAction":[{"@type":"SearchAction","target":{"@type":"EntryPoint","urlTemplate":"https:\/\/motorock.eu\/et\/?s={search_term_string}"},"query-input":{"@type":"PropertyValueSpecification","valueRequired":true,"valueName":"search_term_string"}}],"inLanguage":"et"},{"@type":"Organization","@id":"https:\/\/motorock.eu\/et\/#organization","name":"Motorock","url":"https:\/\/motorock.eu\/et\/","logo":{"@type":"ImageObject","inLanguage":"et","@id":"https:\/\/motorock.eu\/et\/#\/schema\/logo\/image\/","url":"https:\/\/motorock.eu\/wp-content\/uploads\/2025\/05\/Group.png","contentUrl":"https:\/\/motorock.eu\/wp-content\/uploads\/2025\/05\/Group.png","width":2185,"height":677,"caption":"Motorock"},"image":{"@id":"https:\/\/motorock.eu\/et\/#\/schema\/logo\/image\/"}}]}},"_links":{"self":[{"href":"https:\/\/motorock.eu\/et\/wp-json\/wp\/v2\/pages\/1370","targetHints":{"allow":["GET"]}}],"collection":[{"href":"https:\/\/motorock.eu\/et\/wp-json\/wp\/v2\/pages"}],"about":[{"href":"https:\/\/motorock.eu\/et\/wp-json\/wp\/v2\/types\/page"}],"author":[{"embeddable":true,"href":"https:\/\/motorock.eu\/et\/wp-json\/wp\/v2\/users\/1"}],"replies":[{"embeddable":true,"href":"https:\/\/motorock.eu\/et\/wp-json\/wp\/v2\/comments?post=1370"}],"version-history":[{"count":18,"href":"https:\/\/motorock.eu\/et\/wp-json\/wp\/v2\/pages\/1370\/revisions"}],"predecessor-version":[{"id":29414,"href":"https:\/\/motorock.eu\/et\/wp-json\/wp\/v2\/pages\/1370\/revisions\/29414"}],"wp:attachment":[{"href":"https:\/\/motorock.eu\/et\/wp-json\/wp\/v2\/media?parent=1370"}],"curies":[{"name":"wp","href":"https:\/\/api.w.org\/{rel}","templated":true}]}}